{"id":145,"date":"2016-10-28T15:13:47","date_gmt":"2016-10-28T19:13:47","guid":{"rendered":"http:\/\/english2016.mjhs.org\/?page_id=145"},"modified":"2023-10-02T11:39:22","modified_gmt":"2023-10-02T15:39:22","slug":"sitemap","status":"publish","type":"page","link":"https:\/\/www.mjhs.org\/es\/sitemap\/","title":{"rendered":"Sitemap"},"content":{"rendered":"<ul><li><a href=\"https:\/\/www.mjhs.org\/es\/\">MJHS<\/a><\/li>\n<li><a href=\"https:\/\/www.mjhs.org\/es\/profesionales-de-la-salud\/\">Profesionales de la salud<\/a>\n<ul class='children'>\n\t<li><a href=\"https:\/\/www.mjhs.org\/es\/profesionales-de-la-salud\/atenci%C3%B3n-en-el-hogar\/\">Solicitar una evaluaci\u00f3n para Atenci\u00f3n en el hogar<\/a><\/li>\n\t<li><a href=\"https:\/\/www.mjhs.org\/es\/profesionales-de-la-salud\/remisiones-a-cuidados-de-hospicio-de-mjhs\/\">Remisiones a atenci\u00f3n de hospicio de MJHS<\/a><\/li>\n<\/ul>\n<\/li>\n<li><a href=\"https:\/\/www.mjhs.org\/es\/acerca-de-mjhs\/\">Acerca de MJHS<\/a>\n<ul class='children'>\n\t<li><a href=\"https:\/\/www.mjhs.org\/es\/acerca-de-mjhs\/nuestra-historia\/\">Nuestra historia<\/a><\/li>\n\t<li><a href=\"https:\/\/www.mjhs.org\/es\/acerca-de-mjhs\/done-y-apoye-a-mjhs\/\">Done y apoye a MJHS<\/a><\/li>\n\t<li><a href=\"https:\/\/www.mjhs.org\/es\/acerca-de-mjhs\/nuestra-misi%C3%B3n\/\">Misi\u00f3n<\/a><\/li>\n\t<li><a href=\"https:\/\/www.mjhs.org\/es\/acerca-de-mjhs\/career-opportunities\/\">Oportunidades laborales<\/a><\/li>\n\t<li><a href=\"https:\/\/www.mjhs.org\/es\/acerca-de-mjhs\/cuidados-en-el-hogar-de-mjhs\/\">Atenci\u00f3n de cuidado en el hogar de MJHS<\/a><\/li>\n\t<li><a href=\"https:\/\/www.mjhs.org\/es\/acerca-de-mjhs\/cuidados-paliativos-de-mjhs\/\">Cuidados paliativos de MJHS<\/a><\/li>\n\t<li><a href=\"https:\/\/www.mjhs.org\/es\/acerca-de-mjhs\/cuidados-de-hospicio-de-mjhs\/\">Cuidados de hospicio de MJHS<\/a><\/li>\n\t<li><a href=\"https:\/\/www.mjhs.org\/es\/acerca-de-mjhs\/mjhs-isabella-center\/\">MJHS Isabella Center for Rehabilitation and Nursing Care<\/a>\n\t<ul class='children'>\n\t\t<li><a href=\"https:\/\/www.mjhs.org\/es\/acerca-de-mjhs\/mjhs-isabella-center\/asistencia-con-respirador\/\">Asistencia con respirador<\/a><\/li>\n\t\t<li><a href=\"https:\/\/www.mjhs.org\/es\/acerca-de-mjhs\/mjhs-isabella-center\/servicios\/\">Servicios<\/a><\/li>\n\t\t<li><a href=\"https:\/\/www.mjhs.org\/es\/acerca-de-mjhs\/mjhs-isabella-center\/frequently-asked-questions\/\">Preguntas frecuentes sobre Isabella<\/a><\/li>\n\t\t<li><a href=\"https:\/\/www.mjhs.org\/es\/acerca-de-mjhs\/mjhs-isabella-center\/isabella-house\/\">Isabella House<\/a><\/li>\n\t\t<li><a href=\"https:\/\/www.mjhs.org\/es\/acerca-de-mjhs\/mjhs-isabella-center\/programas-comunitarios\/\">Programas comunitarios<\/a>\n\t\t<ul class='children'>\n\t\t\t<li><a href=\"https:\/\/www.mjhs.org\/es\/acerca-de-mjhs\/mjhs-isabella-center\/programas-comunitarios\/programas-para-los-j%C3%B3venes\/\">Programas para los j\u00f3venes<\/a><\/li>\n\t\t\t<li><a href=\"https:\/\/www.mjhs.org\/es\/acerca-de-mjhs\/mjhs-isabella-center\/programas-comunitarios\/norc\/\">Programas de servicios de apoyo de NORC<\/a><\/li>\n\t\t\t<li><a href=\"https:\/\/www.mjhs.org\/es\/acerca-de-mjhs\/mjhs-isabella-center\/programas-comunitarios\/programas-para-j%C3%B3venes-adultos\/\">Programas para j\u00f3venes adultos<\/a><\/li>\n\t\t\t<li><a href=\"https:\/\/www.mjhs.org\/es\/acerca-de-mjhs\/mjhs-isabella-center\/programas-comunitarios\/umpsi\/\">Asociaci\u00f3n para la Independencia de los Adultos Mayores de Upper Manhattan (UMPSI)<\/a><\/li>\n\t\t\t<li><a href=\"https:\/\/www.mjhs.org\/es\/acerca-de-mjhs\/mjhs-isabella-center\/programas-comunitarios\/programa-skill-spring-para-j%C3%B3venes-adultos\/\">Programa SkillSpring para J\u00f3venes Adultos<\/a><\/li>\n\t\t<\/ul>\n<\/li>\n\t\t<li><a href=\"https:\/\/www.mjhs.org\/es\/acerca-de-mjhs\/mjhs-isabella-center\/divulgaciones-de-isabella\/\">Divulgaciones de Isabella<\/a><\/li>\n\t<\/ul>\n<\/li>\n\t<li><a href=\"https:\/\/www.mjhs.org\/es\/acerca-de-mjhs\/menorah-center-for-rehabilitation-and-nursing-care\/\">MJHS Menorah Center for Rehabilitation and Nursing Care<\/a>\n\t<ul class='children'>\n\t\t<li><a href=\"https:\/\/www.mjhs.org\/es\/acerca-de-mjhs\/menorah-center-for-rehabilitation-and-nursing-care\/divulgaciones-de-menorah\/\">Divulgaciones de Menorah<\/a><\/li>\n\t\t<li><a href=\"https:\/\/www.mjhs.org\/es\/acerca-de-mjhs\/menorah-center-for-rehabilitation-and-nursing-care\/el-centro-de-hospicio-mollie-and-jack-zicklin-de-mjhs\/\">El MJHS Mollie and Jack Zicklin Hospice<\/a><\/li>\n\t\t<li><a href=\"https:\/\/www.mjhs.org\/es\/acerca-de-mjhs\/menorah-center-for-rehabilitation-and-nursing-care\/la-memory-care-residence-de-mjhs\/\">La MJHS Memory Care Residence<\/a><\/li>\n\t\t<li><a href=\"https:\/\/www.mjhs.org\/es\/acerca-de-mjhs\/menorah-center-for-rehabilitation-and-nursing-care\/servicios\/\">Servicios<\/a><\/li>\n\t<\/ul>\n<\/li>\n\t<li><a href=\"https:\/\/www.mjhs.org\/es\/acerca-de-mjhs\/elderplan-homefirst\/\">Cobertura de Medicare y Medicaid<\/a><\/li>\n\t<li><a href=\"https:\/\/www.mjhs.org\/es\/acerca-de-mjhs\/comun%C3%ADquese-con-mjhs\/\">Comun\u00edquese con MJHS<\/a><\/li>\n\t<li><a href=\"https:\/\/www.mjhs.org\/es\/acerca-de-mjhs\/newsroom\/\">Noticias de MJHS<\/a><\/li>\n\t<li><a href=\"https:\/\/www.mjhs.org\/es\/acerca-de-mjhs\/trabajo-voluntario\/\">Oportunidades de voluntariado con MJHS<\/a>\n\t<ul class='children'>\n\t\t<li><a href=\"https:\/\/www.mjhs.org\/es\/acerca-de-mjhs\/trabajo-voluntario\/mjhs-isabella-center\/\">Trabajo voluntario<\/a><\/li>\n\t<\/ul>\n<\/li>\n<\/ul>\n<\/li>\n<li><a href=\"https:\/\/www.mjhs.org\/es\/atenci%C3%B3n-en-el-hogar\/\">Atenci\u00f3n en el hogar<\/a>\n<ul class='children'>\n\t<li><a href=\"https:\/\/www.mjhs.org\/es\/atenci%C3%B3n-en-el-hogar\/ayuda-del-hospital-a-casa\/\">Ayuda del hospital a casa<\/a><\/li>\n\t<li><a href=\"https:\/\/www.mjhs.org\/es\/atenci%C3%B3n-en-el-hogar\/rehabilitaci%C3%B3n-domiciliaria-a-corto-plazo\/\">Rehabilitaci\u00f3n domiciliaria a corto plazo<\/a>\n\t<ul class='children'>\n\t\t<li><a href=\"https:\/\/www.mjhs.org\/es\/atenci%C3%B3n-en-el-hogar\/rehabilitaci%C3%B3n-domiciliaria-a-corto-plazo\/apoyo-a-la-sustituci%C3%B3n-articular\/\">Apoyo a la sustituci\u00f3n articular<\/a><\/li>\n\t<\/ul>\n<\/li>\n\t<li><a href=\"https:\/\/www.mjhs.org\/es\/atenci%C3%B3n-en-el-hogar\/atenci%C3%B3n-de-enfermer%C3%ADa-especializada\/\">Atenci\u00f3n de enfermer\u00eda especializada<\/a>\n\t<ul class='children'>\n\t\t<li><a href=\"https:\/\/www.mjhs.org\/es\/atenci%C3%B3n-en-el-hogar\/atenci%C3%B3n-de-enfermer%C3%ADa-especializada\/servicios-de-asistencia-social-y-apoyo\/\">Servicios de asistencia social y apoyo<\/a><\/li>\n\t<\/ul>\n<\/li>\n\t<li><a href=\"https:\/\/www.mjhs.org\/es\/atenci%C3%B3n-en-el-hogar\/apoyo-de-telesalud\/\">Apoyo de telesalud<\/a><\/li>\n\t<li><a href=\"https:\/\/www.mjhs.org\/es\/atenci%C3%B3n-en-el-hogar\/enfermedades-espec%C3%ADficas\/\">Experiencia en enfermedades espec\u00edficas<\/a>\n\t<ul class='children'>\n\t\t<li><a href=\"https:\/\/www.mjhs.org\/es\/atenci%C3%B3n-en-el-hogar\/enfermedades-espec%C3%ADficas\/insuficiencia-card%C3%ADaca-congestiva\/\">Insuficiencia card\u00edaca congestiva<\/a><\/li>\n\t\t<li><a href=\"https:\/\/www.mjhs.org\/es\/atenci%C3%B3n-en-el-hogar\/enfermedades-espec%C3%ADficas\/enfermedad-pulmonar-obstructiva-cr%C3%B3nica\/\">Enfermedad pulmonar obstructiva cr\u00f3nica<\/a><\/li>\n\t\t<li><a href=\"https:\/\/www.mjhs.org\/es\/atenci%C3%B3n-en-el-hogar\/enfermedades-espec%C3%ADficas\/apoyo-para-el-control-de-la-diabetes\/\">Apoyo para el control de la diabetes<\/a><\/li>\n\t<\/ul>\n<\/li>\n<\/ul>\n<\/li>\n<li><a href=\"https:\/\/www.mjhs.org\/es\/rehabilitaci%C3%B3n-a-corto-plazo\/\">Rehabilitaci\u00f3n a corto plazo<\/a>\n<ul class='children'>\n\t<li><a href=\"https:\/\/www.mjhs.org\/es\/rehabilitaci%C3%B3n-a-corto-plazo\/fisioterapia\/\">Fisioterapia<\/a><\/li>\n\t<li><a href=\"https:\/\/www.mjhs.org\/es\/rehabilitaci%C3%B3n-a-corto-plazo\/terapia-ocupacional\/\">Terapia ocupacional<\/a><\/li>\n\t<li><a href=\"https:\/\/www.mjhs.org\/es\/rehabilitaci%C3%B3n-a-corto-plazo\/terapia-del-habla\/\">Terapia del habla<\/a><\/li>\n<\/ul>\n<\/li>\n<li><a href=\"https:\/\/www.mjhs.org\/es\/atenci%C3%B3n-a-largo-plazo\/\">Atenci\u00f3n a largo plazo<\/a>\n<ul class='children'>\n\t<li><a href=\"https:\/\/www.mjhs.org\/es\/atenci%C3%B3n-a-largo-plazo\/actividades-de-la-vida-diaria\/\">Actividades de la vida diaria<\/a><\/li>\n\t<li><a href=\"https:\/\/www.mjhs.org\/es\/atenci%C3%B3n-a-largo-plazo\/administraci%C3%B3n-de-medicamentos\/\">Administraci\u00f3n de medicamentos<\/a><\/li>\n\t<li><a href=\"https:\/\/www.mjhs.org\/es\/atenci%C3%B3n-a-largo-plazo\/cuidados-a-largo-plazo-en-el-hogar\/\">Atenci\u00f3n a largo plazo en el hogar<\/a><\/li>\n<\/ul>\n<\/li>\n<li><a href=\"https:\/\/www.mjhs.org\/es\/centros-de-rehabilitaci%C3%B3n-y-enfermer%C3%ADa\/\">Centros de Rehabilitaci\u00f3n y Enfermer\u00eda<\/a>\n<ul class='children'>\n\t<li><a href=\"https:\/\/www.mjhs.org\/es\/centros-de-rehabilitaci%C3%B3n-y-enfermer%C3%ADa\/atenci%C3%B3n-a-largo-plazo\/\">Atenci\u00f3n a largo plazo<\/a>\n\t<ul class='children'>\n\t\t<li><a href=\"https:\/\/www.mjhs.org\/es\/centros-de-rehabilitaci%C3%B3n-y-enfermer%C3%ADa\/atenci%C3%B3n-a-largo-plazo\/atenci%C3%B3n-integral\/\">Atenci\u00f3n integral<\/a><\/li>\n\t\t<li><a href=\"https:\/\/www.mjhs.org\/es\/centros-de-rehabilitaci%C3%B3n-y-enfermer%C3%ADa\/atenci%C3%B3n-a-largo-plazo\/atenci%C3%B3n-para-la-memoria\/\">Atenci\u00f3n para la memoria<\/a><\/li>\n\t<\/ul>\n<\/li>\n\t<li><a href=\"https:\/\/www.mjhs.org\/es\/centros-de-rehabilitaci%C3%B3n-y-enfermer%C3%ADa\/rehabilitaci%C3%B3n-como-paciente-internado\/\">Rehabilitaci\u00f3n como paciente internado<\/a><\/li>\n\t<li><a href=\"https:\/\/www.mjhs.org\/es\/centros-de-rehabilitaci%C3%B3n-y-enfermer%C3%ADa\/atenci%C3%B3n-al-final-de-la-vida\/\">Atenci\u00f3n al final de la vida<\/a>\n\t<ul class='children'>\n\t\t<li><a href=\"https:\/\/www.mjhs.org\/es\/centros-de-rehabilitaci%C3%B3n-y-enfermer%C3%ADa\/atenci%C3%B3n-al-final-de-la-vida\/cuidados-de-hospicio-pedi%C3%A1tricos-en-mjhs\/\">Atenci\u00f3n de hospicio pedi\u00e1trica en MJHS<\/a><\/li>\n\t<\/ul>\n<\/li>\n<\/ul>\n<\/li>\n<li><a href=\"https:\/\/www.mjhs.org\/es\/cuidados-paliativos-y-de-hospicio\/\">Cuidados paliativos y de hospicio<\/a>\n<ul class='children'>\n\t<li><a href=\"https:\/\/www.mjhs.org\/es\/cuidados-paliativos-y-de-hospicio\/atenci%C3%B3n-donde-se-necesite\/\">Atenci\u00f3n donde se necesite<\/a><\/li>\n\t<li><a href=\"https:\/\/www.mjhs.org\/es\/cuidados-paliativos-y-de-hospicio\/cuidado-de-relevo\/\">Cuidado de relevo<\/a><\/li>\n\t<li><a href=\"https:\/\/www.mjhs.org\/es\/cuidados-paliativos-y-de-hospicio\/plan-de-atenci%C3%B3n-personalizado\/\">Plan de atenci\u00f3n personalizado<\/a><\/li>\n\t<li><a href=\"https:\/\/www.mjhs.org\/es\/cuidados-paliativos-y-de-hospicio\/atenci%C3%B3n-culturalmente-sensible\/\">Atenci\u00f3n culturalmente sensible<\/a>\n\t<ul class='children'>\n\t\t<li><a href=\"https:\/\/www.mjhs.org\/es\/cuidados-paliativos-y-de-hospicio\/atenci%C3%B3n-culturalmente-sensible\/the-mjhs-veteran-liaison-program\/\">Programa de Coordinadores de Veteranos de MJHS<\/a><\/li>\n\t<\/ul>\n<\/li>\n\t<li><a href=\"https:\/\/www.mjhs.org\/es\/cuidados-paliativos-y-de-hospicio\/terapia-de-arte-creativo\/\">Terapia de arte creativo<\/a><\/li>\n\t<li><a href=\"https:\/\/www.mjhs.org\/es\/cuidados-paliativos-y-de-hospicio\/comit%C3%A9-de-revisi%C3%B3n-%C3%A9tica\/\">Comit\u00e9 de revisi\u00f3n \u00e9tica<\/a><\/li>\n\t<li><a href=\"https:\/\/www.mjhs.org\/es\/cuidados-paliativos-y-de-hospicio\/equipo-de-expertos\/\">Equipo de expertos<\/a><\/li>\n\t<li><a href=\"https:\/\/www.mjhs.org\/es\/cuidados-paliativos-y-de-hospicio\/planificaci%C3%B3n-de-atenci%C3%B3n-avanzada\/\">Planificaci\u00f3n de atenci\u00f3n avanzada<\/a><\/li>\n\t<li><a href=\"https:\/\/www.mjhs.org\/es\/cuidados-paliativos-y-de-hospicio\/apoyo-espiritual\/\">Apoyo espiritual<\/a><\/li>\n\t<li><a href=\"https:\/\/www.mjhs.org\/es\/cuidados-paliativos-y-de-hospicio\/cuidados-de-hospicio-pedi%C3%A1trico\/\">Cuidados de hospicio pedi\u00e1trico<\/a><\/li>\n\t<li><a href=\"https:\/\/www.mjhs.org\/es\/cuidados-paliativos-y-de-hospicio\/apoyo-al-duelo\/\">Apoyo al duelo<\/a><\/li>\n<\/ul>\n<\/li>\n<li><a href=\"https:\/\/www.mjhs.org\/es\/health-plans\/\">Health Plans<\/a><\/li>\n<li><a href=\"https:\/\/www.mjhs.org\/es\/recursos-para-cuidadores\/\">Recursos para cuidadores<\/a><\/li>\n<li><a href=\"https:\/\/www.mjhs.org\/es\/covid-19\/\">COVID-19: Actualizaciones del sistema de salud de MJHS<\/a>\n<ul class='children'>\n\t<li><a href=\"https:\/\/www.mjhs.org\/es\/covid-19\/menorah-covid-19-update\/\">Actualizaci\u00f3n del COVID-19 de Menorah Center<\/a><\/li>\n\t<li><a href=\"https:\/\/www.mjhs.org\/es\/covid-19\/isabella-covid-19-update\/\">Actualizaci\u00f3n del COVID-19 de Isabella Center<\/a>\n\t<ul class='children'>\n\t\t<li><a href=\"https:\/\/www.mjhs.org\/es\/covid-19\/isabella-covid-19-update\/pandemic-response-plan-pep\/\">Plan de respuesta a la pandemia (PEP) de Isabella Center<\/a><\/li>\n\t<\/ul>\n<\/li>\n\t<li><a href=\"https:\/\/www.mjhs.org\/es\/covid-19\/home-care-covid-19-update\/\">Actualizaci\u00f3n del COVID-19 de la atenci\u00f3n en el hogar de MJHS<\/a><\/li>\n\t<li><a href=\"https:\/\/www.mjhs.org\/es\/covid-19\/mjhs-hospice-covid-19-update\/\">Estimado(a) paciente de hospicio de MJHS:<\/a><\/li>\n\t<li><a href=\"https:\/\/www.mjhs.org\/es\/covid-19\/elderplan-homefirst-covid\/\">Estimado(a) miembro de Elderplan\/HomeFirst:<\/a><\/li>\n\t<li><a href=\"https:\/\/www.mjhs.org\/es\/covid-19\/support-the-emergency-response-fund\/\">Apoyo al Fondo de respuesta ante emergencias de MJHS<\/a><\/li>\n\t<li><a href=\"https:\/\/www.mjhs.org\/es\/covid-19\/frequently-asked-questions\/\">Preguntas frecuentes: cuidadores de la familia y COVID-19<\/a><\/li>\n\t<li><a href=\"https:\/\/www.mjhs.org\/es\/covid-19\/menorah-center-pandemic-response-plan-pep\/\">Plan de respuesta a la pandemia\u00a0(PEP) de Menorah\u00a0Center<\/a><\/li>\n\t<li><a href=\"https:\/\/www.mjhs.org\/es\/covid-19\/important-information\/\">Important Information About The New Delta Variant Of The Coronavirus<\/a><\/li>\n\t<li><a href=\"https:\/\/www.mjhs.org\/es\/covid-19\/memo\/\">Important Memo About Vaccines<\/a><\/li>\n<\/ul>\n<\/li>\n<li><a href=\"https:\/\/www.mjhs.org\/es\/hospice-reviews\/\">Hospice Reviews<\/a><\/li>\n<li><a href=\"https:\/\/www.mjhs.org\/es\/estudio\/\">B\u00fasqueda de participantes para el estudio del programa de m\u00fasica en el hogar<\/a><\/li>\n<li><a href=\"https:\/\/www.mjhs.org\/es\/centers-communications\/\">Centers Communications<\/a>\n<ul class='children'>\n\t<li><a href=\"https:\/\/www.mjhs.org\/es\/centers-communications\/isabella-letter\/\">Isabella Letter<\/a><\/li>\n\t<li><a href=\"https:\/\/www.mjhs.org\/es\/centers-communications\/menorah-letter\/\">Menorah Letter<\/a><\/li>\n\t<li><a href=\"https:\/\/www.mjhs.org\/es\/centers-communications\/movie-night\/\">MJHS Movie Night<\/a><\/li>\n\t<li><a href=\"https:\/\/www.mjhs.org\/es\/centers-communications\/george_floyd\/\">The George Floyd Verdict and Associated Trauma<\/a><\/li>\n\t<li><a href=\"https:\/\/www.mjhs.org\/es\/centers-communications\/health-care-worker-bonus\/\">Information About New York State Health Care Worker Bonus<\/a><\/li>\n\t<li><a href=\"https:\/\/www.mjhs.org\/es\/centers-communications\/transgender-inclusivity\/\">Transgender Inclusivity: What You Need to Know<\/a><\/li>\n\t<li><a href=\"https:\/\/www.mjhs.org\/es\/centers-communications\/important-note-about-isabella-center\/\">Important Note About Isabella Center<\/a><\/li>\n\t<li><a href=\"https:\/\/www.mjhs.org\/es\/centers-communications\/important-note-about-isabella-center-2\/\">Important Note About Isabella Center<\/a><\/li>\n<\/ul>\n<\/li>\n<li><a href=\"https:\/\/www.mjhs.org\/es\/centro-de-cumplimiento-de-mjhs\/\">Centro de cumplimiento de MJHS<\/a>\n<ul class='children'>\n\t<li><a href=\"https:\/\/www.mjhs.org\/es\/centro-de-cumplimiento-de-mjhs\/transparencia-en-la-cobertura\/\">Transparencia en la cobertura<\/a><\/li>\n\t<li><a href=\"https:\/\/www.mjhs.org\/es\/centro-de-cumplimiento-de-mjhs\/descargos-de-responsabilidad-sobre-la-asistencia-con-el-idioma\/\">Descargos de responsabilidad sobre la asistencia con el idioma<\/a><\/li>\n\t<li><a href=\"https:\/\/www.mjhs.org\/es\/centro-de-cumplimiento-de-mjhs\/pol%C3%ADtica-antidiscriminaci%C3%B3n\/\">Pol\u00edtica antidiscriminaci\u00f3n<\/a><\/li>\n\t<li><a href=\"https:\/\/www.mjhs.org\/es\/centro-de-cumplimiento-de-mjhs\/declaraci%C3%B3n-de-privacidad\/\">Declaraci\u00f3n de privacidad<\/a><\/li>\n\t<li><a href=\"https:\/\/www.mjhs.org\/es\/centro-de-cumplimiento-de-mjhs\/pr%C3%A1cticas-de-privacidad\/\">Pr\u00e1cticas de privacidad<\/a><\/li>\n<\/ul>\n<\/li>\n<li><a href=\"https:\/\/www.mjhs.org\/es\/sitemap\/\">Sitemap<\/a><\/li>\n<\/ul>\n","protected":false},"excerpt":{"rendered":"","protected":false},"author":14,"featured_media":0,"parent":0,"menu_order":27,"comment_status":"closed","ping_status":"closed","template":"","meta":{"_acf_changed":false,"footnotes":""},"categories":[],"class_list":["post-145","page","type-page","status-publish","hentry"],"translation":{"provider":"WPGlobus","version":"3.0.2","language":"es","enabled_languages":["en","es"],"languages":{"en":{"title":true,"content":true,"excerpt":false},"es":{"title":false,"content":false,"excerpt":false}}},"acf":[],"yoast_head":"<title>Sitemap | MJHS Health System<\/title>\n<meta name=\"robots\" content=\"index, follow, max-snippet:-1, max-image-preview:large, max-video-preview:-1\" \/>\n<link rel=\"canonical\" href=\"https:\/\/www.mjhs.org\/es\/sitemap\/\" \/>\n<meta property=\"og:locale\" content=\"es_MX\" \/>\n<meta property=\"og:type\" content=\"article\" \/>\n<meta property=\"og:title\" content=\"Sitemap | MJHS Health System\" \/>\n<meta property=\"og:url\" content=\"https:\/\/www.mjhs.org\/sitemap\/\" \/>\n<meta property=\"og:site_name\" content=\"MJHS Health System\" \/>\n<meta property=\"article:publisher\" content=\"https:\/\/www.facebook.com\/MJHS01\/\" \/>\n<meta property=\"article:modified_time\" content=\"2023-10-02T15:39:22+00:00\" \/>\n<meta name=\"twitter:card\" content=\"summary_large_image\" \/>\n<meta name=\"twitter:site\" content=\"@MJHS01\" \/>\n<script type=\"application\/ld+json\" class=\"yoast-schema-graph\">{\"@context\":\"https:\\\/\\\/schema.org\",\"@graph\":[{\"@type\":\"WebPage\",\"@id\":\"https:\\\/\\\/www.mjhs.org\\\/sitemap\\\/\",\"url\":\"https:\\\/\\\/www.mjhs.org\\\/sitemap\\\/\",\"name\":\"Sitemap | MJHS Health System\",\"isPartOf\":{\"@id\":\"https:\\\/\\\/www.mjhs.org\\\/#website\"},\"datePublished\":\"2016-10-28T19:13:47+00:00\",\"dateModified\":\"2023-10-02T15:39:22+00:00\",\"description\":\"Find the content you're looking for.\",\"breadcrumb\":{\"@id\":\"https:\\\/\\\/www.mjhs.org\\\/sitemap\\\/#breadcrumb\"},\"inLanguage\":\"es\",\"potentialAction\":[{\"@type\":\"ReadAction\",\"target\":[\"https:\\\/\\\/www.mjhs.org\\\/sitemap\\\/\"]}]},{\"@type\":\"BreadcrumbList\",\"@id\":\"https:\\\/\\\/www.mjhs.org\\\/sitemap\\\/#breadcrumb\",\"itemListElement\":[{\"@type\":\"ListItem\",\"position\":1,\"name\":\"Home\",\"item\":\"https:\\\/\\\/www.mjhs.org\\\/\"},{\"@type\":\"ListItem\",\"position\":2,\"name\":\"Sitemap\"}]},{\"@type\":\"WebSite\",\"@id\":\"https:\\\/\\\/www.mjhs.org\\\/#website\",\"url\":\"https:\\\/\\\/www.mjhs.org\\\/\",\"name\":\"MJHS Health System\",\"description\":\"Abriendo el Camino Hacia un Cuidado de Excelencia\",\"publisher\":{\"@id\":\"https:\\\/\\\/www.mjhs.org\\\/#organization\"},\"potentialAction\":[{\"@type\":\"SearchAction\",\"target\":{\"@type\":\"EntryPoint\",\"urlTemplate\":\"https:\\\/\\\/www.mjhs.org\\\/?s={search_term_string}\"},\"query-input\":{\"@type\":\"PropertyValueSpecification\",\"valueRequired\":true,\"valueName\":\"search_term_string\"}}],\"inLanguage\":\"es\"},{\"@type\":\"Organization\",\"@id\":\"https:\\\/\\\/www.mjhs.org\\\/#organization\",\"name\":\"MJHS Health System\",\"url\":\"https:\\\/\\\/www.mjhs.org\\\/\",\"logo\":{\"@type\":\"ImageObject\",\"inLanguage\":\"es\",\"@id\":\"https:\\\/\\\/www.mjhs.org\\\/#\\\/schema\\\/logo\\\/image\\\/\",\"url\":\"\\\/wp-content\\\/uploads\\\/2019\\\/07\\\/mjhs_logo_for_SEO.png\",\"contentUrl\":\"\\\/wp-content\\\/uploads\\\/2019\\\/07\\\/mjhs_logo_for_SEO.png\",\"width\":700,\"height\":296,\"caption\":\"MJHS Health System\"},\"image\":{\"@id\":\"https:\\\/\\\/www.mjhs.org\\\/#\\\/schema\\\/logo\\\/image\\\/\"},\"sameAs\":[\"https:\\\/\\\/www.facebook.com\\\/MJHS01\\\/\",\"https:\\\/\\\/x.com\\\/MJHS01\"]}]}<\/script>","yoast_head_json":{"title":"Sitemap | MJHS Health System","robots":{"index":"index","follow":"follow","max-snippet":"max-snippet:-1","max-image-preview":"max-image-preview:large","max-video-preview":"max-video-preview:-1"},"canonical":"https:\/\/www.mjhs.org\/es\/sitemap\/","og_locale":"es_MX","og_type":"article","og_title":"Sitemap | MJHS Health System","og_url":"https:\/\/www.mjhs.org\/sitemap\/","og_site_name":"MJHS Health System","article_publisher":"https:\/\/www.facebook.com\/MJHS01\/","article_modified_time":"2023-10-02T15:39:22+00:00","twitter_card":"summary_large_image","twitter_site":"@MJHS01","schema":{"@context":"https:\/\/schema.org","@graph":[{"@type":"WebPage","@id":"https:\/\/www.mjhs.org\/sitemap\/","url":"https:\/\/www.mjhs.org\/sitemap\/","name":"Sitemap | MJHS Health System","isPartOf":{"@id":"https:\/\/www.mjhs.org\/#website"},"datePublished":"2016-10-28T19:13:47+00:00","dateModified":"2023-10-02T15:39:22+00:00","description":"Find the content you're looking for.","breadcrumb":{"@id":"https:\/\/www.mjhs.org\/sitemap\/#breadcrumb"},"inLanguage":"es","potentialAction":[{"@type":"ReadAction","target":["https:\/\/www.mjhs.org\/sitemap\/"]}]},{"@type":"BreadcrumbList","@id":"https:\/\/www.mjhs.org\/sitemap\/#breadcrumb","itemListElement":[{"@type":"ListItem","position":1,"name":"Home","item":"https:\/\/www.mjhs.org\/"},{"@type":"ListItem","position":2,"name":"Sitemap"}]},{"@type":"WebSite","@id":"https:\/\/www.mjhs.org\/#website","url":"https:\/\/www.mjhs.org\/","name":"MJHS Health System","description":"Abriendo el Camino Hacia un Cuidado de Excelencia","publisher":{"@id":"https:\/\/www.mjhs.org\/#organization"},"potentialAction":[{"@type":"SearchAction","target":{"@type":"EntryPoint","urlTemplate":"https:\/\/www.mjhs.org\/?s={search_term_string}"},"query-input":{"@type":"PropertyValueSpecification","valueRequired":true,"valueName":"search_term_string"}}],"inLanguage":"es"},{"@type":"Organization","@id":"https:\/\/www.mjhs.org\/#organization","name":"MJHS Health System","url":"https:\/\/www.mjhs.org\/","logo":{"@type":"ImageObject","inLanguage":"es","@id":"https:\/\/www.mjhs.org\/#\/schema\/logo\/image\/","url":"\/wp-content\/uploads\/2019\/07\/mjhs_logo_for_SEO.png","contentUrl":"\/wp-content\/uploads\/2019\/07\/mjhs_logo_for_SEO.png","width":700,"height":296,"caption":"MJHS Health System"},"image":{"@id":"https:\/\/www.mjhs.org\/#\/schema\/logo\/image\/"},"sameAs":["https:\/\/www.facebook.com\/MJHS01\/","https:\/\/x.com\/MJHS01"]}]}},"jetpack_sharing_enabled":true,"_links":{"self":[{"href":"https:\/\/www.mjhs.org\/es\/wp-json\/wp\/v2\/pages\/145","targetHints":{"allow":["GET"]}}],"collection":[{"href":"https:\/\/www.mjhs.org\/es\/wp-json\/wp\/v2\/pages"}],"about":[{"href":"https:\/\/www.mjhs.org\/es\/wp-json\/wp\/v2\/types\/page"}],"author":[{"embeddable":true,"href":"https:\/\/www.mjhs.org\/es\/wp-json\/wp\/v2\/users\/14"}],"replies":[{"embeddable":true,"href":"https:\/\/www.mjhs.org\/es\/wp-json\/wp\/v2\/comments?post=145"}],"version-history":[{"count":0,"href":"https:\/\/www.mjhs.org\/es\/wp-json\/wp\/v2\/pages\/145\/revisions"}],"wp:attachment":[{"href":"https:\/\/www.mjhs.org\/es\/wp-json\/wp\/v2\/media?parent=145"}],"wp:term":[{"taxonomy":"category","embeddable":true,"href":"https:\/\/www.mjhs.org\/es\/wp-json\/wp\/v2\/categories?post=145"}],"curies":[{"name":"wp","href":"https:\/\/api.w.org\/{rel}","templated":true}]}}