{"id":1688,"date":"2017-06-12T15:42:43","date_gmt":"2017-06-12T15:42:43","guid":{"rendered":"http:\/\/english2016b.mjhs.org\/?page_id=1688"},"modified":"2026-03-10T15:18:11","modified_gmt":"2026-03-10T19:18:11","slug":"support-mjhs","status":"publish","type":"page","link":"https:\/\/www.mjhs.org\/es\/acerca-de-mjhs\/done-y-apoye-a-mjhs\/","title":{"rendered":"Done y apoye a MJHS"},"content":{"rendered":"<div class=\"fifty-fifty-columns \">\n  <div class=\"column column--left column--card\">\n    <div class=\"column__image\">\n      <img decoding=\"async\"\n                  class=\"image-aspect-ratio-16-9\"\n                src=\"https:\/\/mjhs.imgix.net\/2017\/06\/foundation.jpg?fm=pjpg\" alt=\"{:en}Closeup of Parent Holding His Baby's Hand{:}{:es}Primer plano de un padre sosteniendo la mano de su beb\u00e9{:}\"\n      >\n    <\/div>\n    <div class=\"column__content\">\n      <h2>Su donaci\u00f3n marca la diferencia<\/h2>      <p>Debido a que este es un sistema de atenci\u00f3n m\u00e9dica sin fines de lucro, muchos de los servicios que ofrecemos no est\u00e1n cubiertos en su totalidad por los seguros m\u00e9dicos, pero los brindamos porque marcan la diferencia en la vida de nuestros pacientes y sus familias.<\/p>\n<p>Nuestra Fundaci\u00f3n se dedica a recaudar los fondos necesarios para asegurar la continuidad de nuestros programas de atenci\u00f3n compasiva y de alta calidad con el objetivo de ofrecer el m\u00e1s alto nivel de atenci\u00f3n para las personas de todas las edades y todos niveles de ingresos, independientemente de la raza, la cultura, la religi\u00f3n y la capacidad de pago.<\/p>\n<p><a href=\"https:\/\/mjhsfoundation.org\/donate\/\" target=\"_blank\" rel=\"noreferrer noopener\">Puede ayudarnos a marcar la diferencia apoyando nuestros programas y servicios.<\/a><\/p>\n<p><\/p>\n          <\/div>\n  <\/div>\n<\/div>\n\n\n\n\n<h2 class=\"wp-block-heading\" id=\"h-conozca-mas-sobre-como-puede-marcar-la-diferencia\">Conozca m\u00e1s sobre c\u00f3mo puede marcar la diferencia<\/h2>\n\n\n<div class=\"fifty-fifty-columns \">\n  <div class=\"column column--right column--card\">\n    <div class=\"column__image\">\n      <img decoding=\"async\"\n                  class=\"image-aspect-ratio-16-9\"\n                src=\"https:\/\/mjhs.imgix.net\/2017\/06\/make_difference.jpg?fm=pjpg\" alt=\"{:en}Patient in Hospital Bed Holds Hands With Woman{:}{:es}Una paciente en la cama de un hospital tomado de la mano con una mujer{:}\"\n      >\n    <\/div>\n    <div class=\"column__content\">\n      <h2>Atenci\u00f3n centrada en el paciente<\/h2>      <p>Nuestros fondos para la atenci\u00f3n de los pacientes est\u00e1n destinados a la continuidad de los programas que mejoran la experiencia y los resultados de los pacientes que reciben nuestra atenci\u00f3n. A continuaci\u00f3n, presentamos algunos de los fondos que est\u00e1n destinados a nuestros pacientes, sus familias y su bienestar.<\/p>\n<p><strong>Atenci\u00f3n de hospicio y cuidados paliativos<\/strong>:\u00a0<a href=\"https:\/\/mjhsfoundation.org\/donate\/hospice-and-palliative-care-fund\/\" target=\"_blank\" rel=\"noreferrer noopener\">financian programas importantes<\/a>\u00a0que ofrecen atenci\u00f3n para el final de la vida a nuestros pacientes, tales como apoyo en per\u00edodos de luto, musicoterapia, apoyo para cuidadores y atenci\u00f3n pedi\u00e1trica.<\/p>\n<p><strong>Enfoque en nuestros pacientes<\/strong>:\u00a0<a href=\"https:\/\/mjhsfoundation.org\/donate\/menorah-center-for-rehabilitation-and-nursing-care-fund\/\" target=\"_blank\" rel=\"noreferrer noopener\">asegura la continuidad de los programas<\/a>\u00a0en nuestro Menorah Center for Rehabilitation and Nursing Care, que hace un esfuerzo adicional para nuestros pacientes, como atenci\u00f3n para casos de demencia, terapia recreativa y atenci\u00f3n con sensibilidad por las particularidades culturales.<\/p>\n<p><strong>Atenci\u00f3n en el hogar<\/strong>:\u00a0<a href=\"https:\/\/mjhsfoundation.org\/donate\/home-care-fund\/\" target=\"_blank\" rel=\"noreferrer noopener\">brinda apoyo adicional<\/a>\u00a0en el hogar para pacientes que sufren de una enfermedad avanzada o terminal.<\/p>\n<p><!-- \/wp:post-content --><\/p>\n          <\/div>\n  <\/div>\n<\/div>\n\n\n\n<div class=\"fifty-fifty-columns \">\n  <div class=\"column column--left column--card\">\n    <div class=\"column__image\">\n      <img decoding=\"async\"\n                  class=\"image-aspect-ratio-16-9\"\n                src=\"https:\/\/mjhs.imgix.net\/2017\/06\/tree_of_life_2_930x730.jpg?fm=pjpg\" alt=\"{:en}Closeup of Tree of Life Memorial Plaques{:}{:es}Primer plano de las placas conmemorativas del \u00e1rbol de la vida{:}\"\n      >\n    <\/div>\n    <div class=\"column__content\">\n      <h2>Homenaje a un ser querido<\/h2>      <p>Tambi\u00e9n puede elegir homenajear a un ser querido o a un cuidador que ha marcado la diferencia.<\/p>\n<p><strong>Tree of Life<\/strong>: ofrece la oportunidad de\u00a0<a href=\"https:\/\/www.mjhsfoundation.org\/ways-to-make-a-gift\/make-a-memorial-gift\/tree-of-life\/\" target=\"_blank\" rel=\"noreferrer noopener\">rendir homenaje a un ser querido<\/a>\u00a0o a un cuidador. Con su obsequio, se grabar\u00e1 una hoja o una roca con un nombre o un mensaje que usted elija.<\/p>\n<p><strong>Circle of Caring<\/strong>:\u00a0<a href=\"https:\/\/mjhsfoundation.org\/circle\/\" target=\"_blank\" rel=\"noreferrer noopener\">homenajea a un cuidador<\/a>\u00a0en MJHS que dio lo m\u00e1ximo de s\u00ed mismo para brindarles a usted y a su familia la atenci\u00f3n y el apoyo que marc\u00f3 la diferencia.<\/p>\n<p><strong>Yahrzeit<\/strong>:\u00a0<a href=\"https:\/\/mjhsfoundation.org\/donate\/yahrzeit\/\" target=\"_blank\" rel=\"noreferrer noopener\">conmemora y homenajea a un ser querido<\/a>\u00a0a trav\u00e9s de la oraci\u00f3n y la reflexi\u00f3n.<\/p>\n          <\/div>\n  <\/div>\n<\/div>\n\n<!-- \/wp:freeform -->","protected":false},"excerpt":{"rendered":"<p>Conozca m\u00e1s sobre c\u00f3mo puede marcar la diferencia<\/p>\n","protected":false},"author":14,"featured_media":0,"parent":2,"menu_order":0,"comment_status":"closed","ping_status":"closed","template":"page-sidebar.php","meta":{"_acf_changed":false,"footnotes":""},"categories":[],"class_list":["post-1688","page","type-page","status-publish","hentry"],"translation":{"provider":"WPGlobus","version":"3.0.2","language":"es","enabled_languages":["en","es"],"languages":{"en":{"title":true,"content":true,"excerpt":false},"es":{"title":true,"content":true,"excerpt":false}}},"acf":[],"yoast_head":"<title>Done y apoye a MJHS | MJHS Health System<\/title>\n<meta name=\"robots\" content=\"index, follow, max-snippet:-1, max-image-preview:large, max-video-preview:-1\" \/>\n<link rel=\"canonical\" href=\"https:\/\/www.mjhs.org\/es\/about\/support-mjhs\/\" \/>\n<meta property=\"og:locale\" content=\"es_MX\" \/>\n<meta property=\"og:type\" content=\"article\" \/>\n<meta property=\"og:title\" content=\"Done y apoye a MJHS | MJHS Health System\" \/>\n<meta property=\"og:url\" content=\"https:\/\/www.mjhs.org\/about\/support-mjhs\/\" \/>\n<meta property=\"og:site_name\" content=\"MJHS Health System\" \/>\n<meta property=\"article:publisher\" content=\"https:\/\/www.facebook.com\/MJHS01\/\" \/>\n<meta property=\"article:modified_time\" content=\"2026-03-10T19:18:11+00:00\" \/>\n<meta name=\"twitter:card\" content=\"summary_large_image\" \/>\n<meta name=\"twitter:site\" content=\"@MJHS01\" \/>\n<script type=\"application\/ld+json\" class=\"yoast-schema-graph\">{\"@context\":\"https:\\\/\\\/schema.org\",\"@graph\":[{\"@type\":\"WebPage\",\"@id\":\"https:\\\/\\\/www.mjhs.org\\\/about\\\/support-mjhs\\\/\",\"url\":\"https:\\\/\\\/www.mjhs.org\\\/about\\\/support-mjhs\\\/\",\"name\":\"Done y apoye a MJHS | MJHS Health System\",\"isPartOf\":{\"@id\":\"https:\\\/\\\/www.mjhs.org\\\/#website\"},\"datePublished\":\"2017-06-12T15:42:43+00:00\",\"dateModified\":\"2026-03-10T19:18:11+00:00\",\"description\":\"By supporting MJHS, you directly help fund supportive care programs for patients of all ages. Your gift ensures access to high-quality care, including hospice, palliative care, and home care.\",\"breadcrumb\":{\"@id\":\"https:\\\/\\\/www.mjhs.org\\\/about\\\/support-mjhs\\\/#breadcrumb\"},\"inLanguage\":\"es-MX\",\"potentialAction\":[{\"@type\":\"ReadAction\",\"target\":[\"https:\\\/\\\/www.mjhs.org\\\/about\\\/support-mjhs\\\/\"]}]},{\"@type\":\"BreadcrumbList\",\"@id\":\"https:\\\/\\\/www.mjhs.org\\\/about\\\/support-mjhs\\\/#breadcrumb\",\"itemListElement\":[{\"@type\":\"ListItem\",\"position\":1,\"name\":\"Home\",\"item\":\"https:\\\/\\\/www.mjhs.org\\\/\"},{\"@type\":\"ListItem\",\"position\":2,\"name\":\"About MJHS\",\"item\":\"https:\\\/\\\/www.mjhs.org\\\/about\\\/\"},{\"@type\":\"ListItem\",\"position\":3,\"name\":\"Give to MJHS\"}]},{\"@type\":\"WebSite\",\"@id\":\"https:\\\/\\\/www.mjhs.org\\\/#website\",\"url\":\"https:\\\/\\\/www.mjhs.org\\\/\",\"name\":\"MJHS Health System\",\"description\":\"Abriendo el Camino Hacia un Cuidado de Excelencia\",\"publisher\":{\"@id\":\"https:\\\/\\\/www.mjhs.org\\\/#organization\"},\"potentialAction\":[{\"@type\":\"SearchAction\",\"target\":{\"@type\":\"EntryPoint\",\"urlTemplate\":\"https:\\\/\\\/www.mjhs.org\\\/?s={search_term_string}\"},\"query-input\":{\"@type\":\"PropertyValueSpecification\",\"valueRequired\":true,\"valueName\":\"search_term_string\"}}],\"inLanguage\":\"es-MX\"},{\"@type\":\"Organization\",\"@id\":\"https:\\\/\\\/www.mjhs.org\\\/#organization\",\"name\":\"MJHS Health System\",\"url\":\"https:\\\/\\\/www.mjhs.org\\\/\",\"logo\":{\"@type\":\"ImageObject\",\"inLanguage\":\"es-MX\",\"@id\":\"https:\\\/\\\/www.mjhs.org\\\/#\\\/schema\\\/logo\\\/image\\\/\",\"url\":\"\\\/wp-content\\\/uploads\\\/2019\\\/07\\\/mjhs_logo_for_SEO.png\",\"contentUrl\":\"\\\/wp-content\\\/uploads\\\/2019\\\/07\\\/mjhs_logo_for_SEO.png\",\"width\":700,\"height\":296,\"caption\":\"MJHS Health System\"},\"image\":{\"@id\":\"https:\\\/\\\/www.mjhs.org\\\/#\\\/schema\\\/logo\\\/image\\\/\"},\"sameAs\":[\"https:\\\/\\\/www.facebook.com\\\/MJHS01\\\/\",\"https:\\\/\\\/x.com\\\/MJHS01\"]}]}<\/script>","yoast_head_json":{"title":"Done y apoye a MJHS | MJHS Health System","robots":{"index":"index","follow":"follow","max-snippet":"max-snippet:-1","max-image-preview":"max-image-preview:large","max-video-preview":"max-video-preview:-1"},"canonical":"https:\/\/www.mjhs.org\/es\/about\/support-mjhs\/","og_locale":"es_MX","og_type":"article","og_title":"Done y apoye a MJHS | MJHS Health System","og_url":"https:\/\/www.mjhs.org\/about\/support-mjhs\/","og_site_name":"MJHS Health System","article_publisher":"https:\/\/www.facebook.com\/MJHS01\/","article_modified_time":"2026-03-10T19:18:11+00:00","twitter_card":"summary_large_image","twitter_site":"@MJHS01","schema":{"@context":"https:\/\/schema.org","@graph":[{"@type":"WebPage","@id":"https:\/\/www.mjhs.org\/about\/support-mjhs\/","url":"https:\/\/www.mjhs.org\/about\/support-mjhs\/","name":"Done y apoye a MJHS | MJHS Health System","isPartOf":{"@id":"https:\/\/www.mjhs.org\/#website"},"datePublished":"2017-06-12T15:42:43+00:00","dateModified":"2026-03-10T19:18:11+00:00","description":"By supporting MJHS, you directly help fund supportive care programs for patients of all ages. Your gift ensures access to high-quality care, including hospice, palliative care, and home care.","breadcrumb":{"@id":"https:\/\/www.mjhs.org\/about\/support-mjhs\/#breadcrumb"},"inLanguage":"es-MX","potentialAction":[{"@type":"ReadAction","target":["https:\/\/www.mjhs.org\/about\/support-mjhs\/"]}]},{"@type":"BreadcrumbList","@id":"https:\/\/www.mjhs.org\/about\/support-mjhs\/#breadcrumb","itemListElement":[{"@type":"ListItem","position":1,"name":"Home","item":"https:\/\/www.mjhs.org\/"},{"@type":"ListItem","position":2,"name":"About MJHS","item":"https:\/\/www.mjhs.org\/about\/"},{"@type":"ListItem","position":3,"name":"Give to MJHS"}]},{"@type":"WebSite","@id":"https:\/\/www.mjhs.org\/#website","url":"https:\/\/www.mjhs.org\/","name":"MJHS Health System","description":"Abriendo el Camino Hacia un Cuidado de Excelencia","publisher":{"@id":"https:\/\/www.mjhs.org\/#organization"},"potentialAction":[{"@type":"SearchAction","target":{"@type":"EntryPoint","urlTemplate":"https:\/\/www.mjhs.org\/?s={search_term_string}"},"query-input":{"@type":"PropertyValueSpecification","valueRequired":true,"valueName":"search_term_string"}}],"inLanguage":"es-MX"},{"@type":"Organization","@id":"https:\/\/www.mjhs.org\/#organization","name":"MJHS Health System","url":"https:\/\/www.mjhs.org\/","logo":{"@type":"ImageObject","inLanguage":"es-MX","@id":"https:\/\/www.mjhs.org\/#\/schema\/logo\/image\/","url":"\/wp-content\/uploads\/2019\/07\/mjhs_logo_for_SEO.png","contentUrl":"\/wp-content\/uploads\/2019\/07\/mjhs_logo_for_SEO.png","width":700,"height":296,"caption":"MJHS Health System"},"image":{"@id":"https:\/\/www.mjhs.org\/#\/schema\/logo\/image\/"},"sameAs":["https:\/\/www.facebook.com\/MJHS01\/","https:\/\/x.com\/MJHS01"]}]}},"jetpack_sharing_enabled":true,"_links":{"self":[{"href":"https:\/\/www.mjhs.org\/es\/wp-json\/wp\/v2\/pages\/1688","targetHints":{"allow":["GET"]}}],"collection":[{"href":"https:\/\/www.mjhs.org\/es\/wp-json\/wp\/v2\/pages"}],"about":[{"href":"https:\/\/www.mjhs.org\/es\/wp-json\/wp\/v2\/types\/page"}],"author":[{"embeddable":true,"href":"https:\/\/www.mjhs.org\/es\/wp-json\/wp\/v2\/users\/14"}],"replies":[{"embeddable":true,"href":"https:\/\/www.mjhs.org\/es\/wp-json\/wp\/v2\/comments?post=1688"}],"version-history":[{"count":2,"href":"https:\/\/www.mjhs.org\/es\/wp-json\/wp\/v2\/pages\/1688\/revisions"}],"predecessor-version":[{"id":78710,"href":"https:\/\/www.mjhs.org\/es\/wp-json\/wp\/v2\/pages\/1688\/revisions\/78710"}],"up":[{"embeddable":true,"href":"https:\/\/www.mjhs.org\/es\/wp-json\/wp\/v2\/pages\/2"}],"wp:attachment":[{"href":"https:\/\/www.mjhs.org\/es\/wp-json\/wp\/v2\/media?parent=1688"}],"wp:term":[{"taxonomy":"category","embeddable":true,"href":"https:\/\/www.mjhs.org\/es\/wp-json\/wp\/v2\/categories?post=1688"}],"curies":[{"name":"wp","href":"https:\/\/api.w.org\/{rel}","templated":true}]}}