{"id":20,"date":"2016-10-27T21:01:41","date_gmt":"2016-10-27T21:01:41","guid":{"rendered":"http:\/\/english2016.mjhs.org\/?page_id=20"},"modified":"2024-12-13T14:30:15","modified_gmt":"2024-12-13T19:30:15","slug":"career-opportunities","status":"publish","type":"page","link":"https:\/\/www.mjhs.org\/es\/acerca-de-mjhs\/career-opportunities\/","title":{"rendered":"Oportunidades laborales"},"content":{"rendered":"\n<div class=\"wp-block-media-text alignwide is-stacked-on-mobile\"><figure class=\"wp-block-media-text__media\"><img loading=\"lazy\" decoding=\"async\" width=\"548\" height=\"430\" src=\"https:\/\/mjhs.imgix.net\/2016\/10\/careers-1.jpg?fm=pjpg\" alt=\"Smiling Nurse Taking Heart Beat of Happy Patient\" class=\"wp-image-1017 size-full\" srcset=\"https:\/\/mjhs.imgix.net\/2016\/10\/careers-1.jpg?fit=scale&amp;fm=pjpg&amp;h=235&amp;w=300 300w, https:\/\/mjhs.imgix.net\/2016\/10\/careers-1.jpg?fit=scale&amp;fm=pjpg&amp;h=1205&amp;w=1536 1536w, https:\/\/mjhs.imgix.net\/2016\/10\/careers-1.jpg?fit=scale&amp;fm=pjpg&amp;h=1607&amp;w=2048 2048w, https:\/\/mjhs.imgix.net\/2016\/10\/careers-1.jpg?fm=pjpg 548w\" sizes=\"auto, (max-width: 548px) 100vw, 548px\" \/><\/figure><div class=\"wp-block-media-text__content\">\n<h2 class=\"wp-block-heading\" id=\"h-compasion-que-se-brinda-con-pasion\">Compasi\u00f3n que se brinda con pasi\u00f3n<\/h2>\n\n\n\n<p>Con una misi\u00f3n tan importante y servicios tan amplios, MJHS siempre est\u00e1 en la b\u00fasqueda de personas buenas, atentas y listas para ayudar.<\/p>\n\n\n\n<p>En MJHS, creemos que es importante cuidar de las personas que trabajan duro para cuidar a otros. Reconocemos las contribuciones de nuestros empleados, apoyamos el crecimiento profesional y brindamos beneficios que constituyen una carrera bien equilibrada y gratificante.<\/p>\n\n\n\n<p>Si est\u00e1 en la b\u00fasqueda de algo m\u00e1s en su carrera, lo invitamos a consultar nuestras vacantes actuales y o\u00edr a profesionales de MJHS que nos cuentan por qu\u00e9 aman sus trabajos.<\/p>\n\n\n\n<p><a href=\"https:\/\/mjhs.jobs\/\" rel=\"noreferrer noopener\" target=\"_blank\">Emprenda su futuro hoy con MJHS.<\/a><\/p>\n<\/div><\/div>\n","protected":false},"excerpt":{"rendered":"<p>Compasi\u00f3n que se brinda con pasi\u00f3n Con una misi\u00f3n tan importante y servicios tan amplios, MJHS siempre est\u00e1 en la b\u00fasqueda de personas buenas, atentas y listas para ayudar. En [&hellip;]<\/p>\n","protected":false},"author":14,"featured_media":0,"parent":2,"menu_order":4,"comment_status":"closed","ping_status":"closed","template":"page-sidebar.php","meta":{"_acf_changed":false,"footnotes":""},"categories":[],"class_list":["post-20","page","type-page","status-publish","hentry"],"translation":{"provider":"WPGlobus","version":"3.0.2","language":"es","enabled_languages":["en","es"],"languages":{"en":{"title":true,"content":true,"excerpt":false},"es":{"title":true,"content":true,"excerpt":false}}},"acf":[],"yoast_head":"<title>Oportunidades laborales | MJHS Health System<\/title>\n<meta name=\"description\" content=\"With a mission so important and services so broad, MJHS is always looking for good, caring people, ready to help.\" \/>\n<meta name=\"robots\" content=\"index, follow, max-snippet:-1, max-image-preview:large, max-video-preview:-1\" \/>\n<link rel=\"canonical\" href=\"https:\/\/www.mjhs.org\/es\/about\/career-opportunities\/\" \/>\n<meta property=\"og:locale\" content=\"es_MX\" \/>\n<meta property=\"og:type\" content=\"article\" \/>\n<meta property=\"og:title\" content=\"Oportunidades laborales | MJHS Health System\" \/>\n<meta property=\"og:description\" content=\"With a mission so important and services so broad, MJHS is always looking for good, caring people, ready to help.\" \/>\n<meta property=\"og:url\" content=\"https:\/\/www.mjhs.org\/about\/career-opportunities\/\" \/>\n<meta property=\"og:site_name\" content=\"MJHS Health System\" \/>\n<meta property=\"article:publisher\" content=\"https:\/\/www.facebook.com\/MJHS01\/\" \/>\n<meta property=\"article:modified_time\" content=\"2024-12-13T19:30:15+00:00\" \/>\n<meta property=\"og:image\" content=\"https:\/\/www.mjhs.org\/2016\/10\/careers-1.jpg\" \/>\n<meta name=\"twitter:card\" content=\"summary_large_image\" \/>\n<meta name=\"twitter:site\" content=\"@MJHS01\" \/>\n<script type=\"application\/ld+json\" class=\"yoast-schema-graph\">{\"@context\":\"https:\\\/\\\/schema.org\",\"@graph\":[{\"@type\":\"WebPage\",\"@id\":\"https:\\\/\\\/www.mjhs.org\\\/about\\\/career-opportunities\\\/\",\"url\":\"https:\\\/\\\/www.mjhs.org\\\/about\\\/career-opportunities\\\/\",\"name\":\"Oportunidades laborales | MJHS Health System\",\"isPartOf\":{\"@id\":\"https:\\\/\\\/www.mjhs.org\\\/#website\"},\"primaryImageOfPage\":{\"@id\":\"https:\\\/\\\/www.mjhs.org\\\/about\\\/career-opportunities\\\/#primaryimage\"},\"image\":{\"@id\":\"https:\\\/\\\/www.mjhs.org\\\/about\\\/career-opportunities\\\/#primaryimage\"},\"thumbnailUrl\":\"https:\\\/\\\/www.mjhs.org\\\/2016\\\/10\\\/careers-1.jpg\",\"datePublished\":\"2016-10-27T21:01:41+00:00\",\"dateModified\":\"2024-12-13T19:30:15+00:00\",\"description\":\"{:en}With a mission so important and services so broad, MJHS is always looking for good, caring people, ready to help.\",\"breadcrumb\":{\"@id\":\"https:\\\/\\\/www.mjhs.org\\\/about\\\/career-opportunities\\\/#breadcrumb\"},\"inLanguage\":\"es\",\"potentialAction\":[{\"@type\":\"ReadAction\",\"target\":[\"https:\\\/\\\/www.mjhs.org\\\/about\\\/career-opportunities\\\/\"]}]},{\"@type\":\"ImageObject\",\"inLanguage\":\"es\",\"@id\":\"https:\\\/\\\/www.mjhs.org\\\/about\\\/career-opportunities\\\/#primaryimage\",\"url\":\"https:\\\/\\\/www.mjhs.org\\\/2016\\\/10\\\/careers-1.jpg\",\"contentUrl\":\"https:\\\/\\\/www.mjhs.org\\\/2016\\\/10\\\/careers-1.jpg\"},{\"@type\":\"BreadcrumbList\",\"@id\":\"https:\\\/\\\/www.mjhs.org\\\/about\\\/career-opportunities\\\/#breadcrumb\",\"itemListElement\":[{\"@type\":\"ListItem\",\"position\":1,\"name\":\"Home\",\"item\":\"https:\\\/\\\/www.mjhs.org\\\/\"},{\"@type\":\"ListItem\",\"position\":2,\"name\":\"About MJHS\",\"item\":\"https:\\\/\\\/www.mjhs.org\\\/about\\\/\"},{\"@type\":\"ListItem\",\"position\":3,\"name\":\"Careers\"}]},{\"@type\":\"WebSite\",\"@id\":\"https:\\\/\\\/www.mjhs.org\\\/#website\",\"url\":\"https:\\\/\\\/www.mjhs.org\\\/\",\"name\":\"MJHS Health System\",\"description\":\"Abriendo el Camino Hacia un Cuidado de Excelencia\",\"publisher\":{\"@id\":\"https:\\\/\\\/www.mjhs.org\\\/#organization\"},\"potentialAction\":[{\"@type\":\"SearchAction\",\"target\":{\"@type\":\"EntryPoint\",\"urlTemplate\":\"https:\\\/\\\/www.mjhs.org\\\/?s={search_term_string}\"},\"query-input\":{\"@type\":\"PropertyValueSpecification\",\"valueRequired\":true,\"valueName\":\"search_term_string\"}}],\"inLanguage\":\"es\"},{\"@type\":\"Organization\",\"@id\":\"https:\\\/\\\/www.mjhs.org\\\/#organization\",\"name\":\"MJHS Health System\",\"url\":\"https:\\\/\\\/www.mjhs.org\\\/\",\"logo\":{\"@type\":\"ImageObject\",\"inLanguage\":\"es\",\"@id\":\"https:\\\/\\\/www.mjhs.org\\\/#\\\/schema\\\/logo\\\/image\\\/\",\"url\":\"\\\/wp-content\\\/uploads\\\/2019\\\/07\\\/mjhs_logo_for_SEO.png\",\"contentUrl\":\"\\\/wp-content\\\/uploads\\\/2019\\\/07\\\/mjhs_logo_for_SEO.png\",\"width\":700,\"height\":296,\"caption\":\"MJHS Health System\"},\"image\":{\"@id\":\"https:\\\/\\\/www.mjhs.org\\\/#\\\/schema\\\/logo\\\/image\\\/\"},\"sameAs\":[\"https:\\\/\\\/www.facebook.com\\\/MJHS01\\\/\",\"https:\\\/\\\/x.com\\\/MJHS01\"]}]}<\/script>","yoast_head_json":{"title":"Oportunidades laborales | MJHS Health System","description":"With a mission so important and services so broad, MJHS is always looking for good, caring people, ready to help.","robots":{"index":"index","follow":"follow","max-snippet":"max-snippet:-1","max-image-preview":"max-image-preview:large","max-video-preview":"max-video-preview:-1"},"canonical":"https:\/\/www.mjhs.org\/es\/about\/career-opportunities\/","og_locale":"es_MX","og_type":"article","og_title":"Oportunidades laborales | MJHS Health System","og_description":"With a mission so important and services so broad, MJHS is always looking for good, caring people, ready to help.","og_url":"https:\/\/www.mjhs.org\/about\/career-opportunities\/","og_site_name":"MJHS Health System","article_publisher":"https:\/\/www.facebook.com\/MJHS01\/","article_modified_time":"2024-12-13T19:30:15+00:00","og_image":[{"url":"https:\/\/www.mjhs.org\/2016\/10\/careers-1.jpg","type":"","width":"","height":""}],"twitter_card":"summary_large_image","twitter_site":"@MJHS01","schema":{"@context":"https:\/\/schema.org","@graph":[{"@type":"WebPage","@id":"https:\/\/www.mjhs.org\/about\/career-opportunities\/","url":"https:\/\/www.mjhs.org\/about\/career-opportunities\/","name":"Oportunidades laborales | MJHS Health System","isPartOf":{"@id":"https:\/\/www.mjhs.org\/#website"},"primaryImageOfPage":{"@id":"https:\/\/www.mjhs.org\/about\/career-opportunities\/#primaryimage"},"image":{"@id":"https:\/\/www.mjhs.org\/about\/career-opportunities\/#primaryimage"},"thumbnailUrl":"https:\/\/www.mjhs.org\/2016\/10\/careers-1.jpg","datePublished":"2016-10-27T21:01:41+00:00","dateModified":"2024-12-13T19:30:15+00:00","description":"{:en}With a mission so important and services so broad, MJHS is always looking for good, caring people, ready to help.","breadcrumb":{"@id":"https:\/\/www.mjhs.org\/about\/career-opportunities\/#breadcrumb"},"inLanguage":"es","potentialAction":[{"@type":"ReadAction","target":["https:\/\/www.mjhs.org\/about\/career-opportunities\/"]}]},{"@type":"ImageObject","inLanguage":"es","@id":"https:\/\/www.mjhs.org\/about\/career-opportunities\/#primaryimage","url":"https:\/\/www.mjhs.org\/2016\/10\/careers-1.jpg","contentUrl":"https:\/\/www.mjhs.org\/2016\/10\/careers-1.jpg"},{"@type":"BreadcrumbList","@id":"https:\/\/www.mjhs.org\/about\/career-opportunities\/#breadcrumb","itemListElement":[{"@type":"ListItem","position":1,"name":"Home","item":"https:\/\/www.mjhs.org\/"},{"@type":"ListItem","position":2,"name":"About MJHS","item":"https:\/\/www.mjhs.org\/about\/"},{"@type":"ListItem","position":3,"name":"Careers"}]},{"@type":"WebSite","@id":"https:\/\/www.mjhs.org\/#website","url":"https:\/\/www.mjhs.org\/","name":"MJHS Health System","description":"Abriendo el Camino Hacia un Cuidado de Excelencia","publisher":{"@id":"https:\/\/www.mjhs.org\/#organization"},"potentialAction":[{"@type":"SearchAction","target":{"@type":"EntryPoint","urlTemplate":"https:\/\/www.mjhs.org\/?s={search_term_string}"},"query-input":{"@type":"PropertyValueSpecification","valueRequired":true,"valueName":"search_term_string"}}],"inLanguage":"es"},{"@type":"Organization","@id":"https:\/\/www.mjhs.org\/#organization","name":"MJHS Health System","url":"https:\/\/www.mjhs.org\/","logo":{"@type":"ImageObject","inLanguage":"es","@id":"https:\/\/www.mjhs.org\/#\/schema\/logo\/image\/","url":"\/wp-content\/uploads\/2019\/07\/mjhs_logo_for_SEO.png","contentUrl":"\/wp-content\/uploads\/2019\/07\/mjhs_logo_for_SEO.png","width":700,"height":296,"caption":"MJHS Health System"},"image":{"@id":"https:\/\/www.mjhs.org\/#\/schema\/logo\/image\/"},"sameAs":["https:\/\/www.facebook.com\/MJHS01\/","https:\/\/x.com\/MJHS01"]}]}},"jetpack_sharing_enabled":true,"_links":{"self":[{"href":"https:\/\/www.mjhs.org\/es\/wp-json\/wp\/v2\/pages\/20","targetHints":{"allow":["GET"]}}],"collection":[{"href":"https:\/\/www.mjhs.org\/es\/wp-json\/wp\/v2\/pages"}],"about":[{"href":"https:\/\/www.mjhs.org\/es\/wp-json\/wp\/v2\/types\/page"}],"author":[{"embeddable":true,"href":"https:\/\/www.mjhs.org\/es\/wp-json\/wp\/v2\/users\/14"}],"replies":[{"embeddable":true,"href":"https:\/\/www.mjhs.org\/es\/wp-json\/wp\/v2\/comments?post=20"}],"version-history":[{"count":0,"href":"https:\/\/www.mjhs.org\/es\/wp-json\/wp\/v2\/pages\/20\/revisions"}],"up":[{"embeddable":true,"href":"https:\/\/www.mjhs.org\/es\/wp-json\/wp\/v2\/pages\/2"}],"wp:attachment":[{"href":"https:\/\/www.mjhs.org\/es\/wp-json\/wp\/v2\/media?parent=20"}],"wp:term":[{"taxonomy":"category","embeddable":true,"href":"https:\/\/www.mjhs.org\/es\/wp-json\/wp\/v2\/categories?post=20"}],"curies":[{"name":"wp","href":"https:\/\/api.w.org\/{rel}","templated":true}]}}