{"id":20650,"date":"2020-03-12T14:19:27","date_gmt":"2020-03-12T14:19:27","guid":{"rendered":"https:\/\/mjhs.wpengine.com\/?page_id=20650"},"modified":"2025-01-27T20:16:25","modified_gmt":"2025-01-28T01:16:25","slug":"covid-19","status":"publish","type":"page","link":"https:\/\/www.mjhs.org\/es\/covid-19\/","title":{"rendered":"COVID-19: Actualizaciones del sistema de salud de MJHS"},"content":{"rendered":"\n<p>Si bien la cantidad de casos confirmados, hospitalizaciones y muertes en New York ha ido disminuyendo, y la tasa de positividad (porcentaje de personas que se hacen la prueba de COVID-19 y se descubre que tienen la enfermedad) ahora es inferior al 1%, todav\u00eda hay algunas se\u00f1ales de alerta muy preocupantes. Espec\u00edficamente,&nbsp;<strong>la nueva variante delta del coronavirus puede presentar desaf\u00edos significativos a menos que continuemos tomando las medidas necesarias. La m\u00e1s importante es vacunarse.<\/strong><br><br>MJHS se compromete a ayudar a que nuestros pacientes, miembros residentes y personal se mantengan informados y lo m\u00e1s seguros posible.<\/p>\n\n\n\n<div class=\"wp-block-buttons is-layout-flex wp-block-buttons-is-layout-flex\">\n<div class=\"wp-block-button blue-btn\"><a class=\"wp-block-button__link wp-element-button\" href=\"\/covid-19\/frequently-asked-questions\/\">NUEVO: Preguntas frecuentes para cuidadores de la familia<\/a><\/div>\n<\/div>\n\n\n\n<h2 class=\"wp-block-heading\" id=\"h-para-obtener-informacion-sobre-nuestras-ultimas-actualizaciones\">Para obtener informaci\u00f3n sobre nuestras \u00faltimas actualizaciones:<\/h2>\n\n\n\n<div class=\"wp-block-query is-layout-flow wp-block-query-is-layout-flow\"><ul class=\"columns-3 wp-block-post-template is-layout-grid wp-container-core-post-template-is-layout-2fc57c17 wp-block-post-template-is-layout-grid\"><li class=\"wp-block-post post-78620 page type-page status-publish hentry category-centers-staff-internal category-no-index\">\n\n\n<h3 class=\"wp-block-post-title\"><a href=\"https:\/\/www.mjhs.org\/es\/centers-communications\/important-note-about-isabella-center-2\/\" target=\"_self\" >Important Note About Isabella Center<\/a><\/h3>\n\n<div class=\"wp-block-post-excerpt\"><p class=\"wp-block-post-excerpt__excerpt\">November 12, 2025 Dear All MJHS, Elderplan\/HomeFirst and Menorah Center Employees: \u00a0 As valued members of the MJHS Health System family, we want to\u00a0 make you aware of an important [&hellip;] <\/p><\/div>\n<\/li><li class=\"wp-block-post post-78618 page type-page status-publish hentry category-centers-staff-internal category-no-index\">\n\n\n<h3 class=\"wp-block-post-title\"><a href=\"https:\/\/www.mjhs.org\/es\/centers-communications\/important-note-about-isabella-center\/\" target=\"_self\" >Important Note About Isabella Center<\/a><\/h3>\n\n<div class=\"wp-block-post-excerpt\"><p class=\"wp-block-post-excerpt__excerpt\">November 12, 2025 Dear Isabella Team Member: As valued members of the Isabella Center family, we want to make you aware of an important decision and how it came about. [&hellip;] <\/p><\/div>\n<\/li><li class=\"wp-block-post post-76024 page type-page status-publish has-post-thumbnail hentry\">\n<figure class=\"wp-block-post-featured-image\"><a href=\"https:\/\/www.mjhs.org\/es\/atenci%C3%B3n-a-largo-plazo\/cuidados-a-largo-plazo-en-el-hogar\/\" target=\"_self\"  ><img loading=\"lazy\" decoding=\"async\" width=\"1400\" height=\"934\" src=\"https:\/\/mjhs.imgix.net\/2025\/02\/nurse-helping-patient-get-dressed.jpg?fm=pjpg\" class=\"attachment-post-thumbnail size-post-thumbnail wp-post-image\" alt=\"Atenci\u00f3n a largo plazo en el hogar\" style=\"object-fit:cover;\" srcset=\"https:\/\/mjhs.imgix.net\/2025\/02\/nurse-helping-patient-get-dressed.jpg?fit=scale&amp;fm=pjpg&amp;h=200&amp;w=300 300w, https:\/\/mjhs.imgix.net\/2025\/02\/nurse-helping-patient-get-dressed.jpg?fit=scale&amp;fm=pjpg&amp;h=683&amp;w=1024 1024w, https:\/\/mjhs.imgix.net\/2025\/02\/nurse-helping-patient-get-dressed.jpg?fit=scale&amp;fm=pjpg&amp;h=512&amp;w=768 768w, https:\/\/mjhs.imgix.net\/2025\/02\/nurse-helping-patient-get-dressed.jpg?fit=scale&amp;fm=pjpg&amp;h=1025&amp;w=1536 1536w, https:\/\/mjhs.imgix.net\/2025\/02\/nurse-helping-patient-get-dressed.jpg?fit=scale&amp;fm=pjpg&amp;h=1366&amp;w=2048 2048w, https:\/\/mjhs.imgix.net\/2025\/02\/nurse-helping-patient-get-dressed.jpg?fm=pjpg 1400w\" sizes=\"auto, (max-width: 1400px) 100vw, 1400px\" \/><\/a><\/figure>\n\n<h3 class=\"wp-block-post-title\"><a href=\"https:\/\/www.mjhs.org\/es\/atenci%C3%B3n-a-largo-plazo\/cuidados-a-largo-plazo-en-el-hogar\/\" target=\"_self\" >Atenci\u00f3n a largo plazo en el hogar<\/a><\/h3>\n\n<div class=\"wp-block-post-excerpt\"><p class=\"wp-block-post-excerpt__excerpt\">Si usted o un ser querido necesita asistencia con las actividades de la vida diaria, la coordinaci\u00f3n de la atenci\u00f3n y el manejo de los medicamentos para permanecer de manera [&hellip;] <\/p><\/div>\n<\/li><li class=\"wp-block-post post-75995 page type-page status-publish has-post-thumbnail hentry\">\n<figure class=\"wp-block-post-featured-image\"><a href=\"https:\/\/www.mjhs.org\/es\/profesionales-de-la-salud\/\" target=\"_self\"  ><img loading=\"lazy\" decoding=\"async\" width=\"2800\" height=\"934\" src=\"https:\/\/mjhs.imgix.net\/2025\/01\/team-of-doctors-and-nurses.jpg?fm=pjpg\" class=\"attachment-post-thumbnail size-post-thumbnail wp-post-image\" alt=\"Profesionales de la salud\" style=\"object-fit:cover;\" srcset=\"https:\/\/mjhs.imgix.net\/2025\/01\/team-of-doctors-and-nurses.jpg?fit=scale&amp;fm=pjpg&amp;h=100&amp;w=300 300w, https:\/\/mjhs.imgix.net\/2025\/01\/team-of-doctors-and-nurses.jpg?fit=scale&amp;fm=pjpg&amp;h=342&amp;w=1024 1024w, https:\/\/mjhs.imgix.net\/2025\/01\/team-of-doctors-and-nurses.jpg?fit=scale&amp;fm=pjpg&amp;h=256&amp;w=768 768w, https:\/\/mjhs.imgix.net\/2025\/01\/team-of-doctors-and-nurses.jpg?fit=scale&amp;fm=pjpg&amp;h=512&amp;w=1536 1536w, https:\/\/mjhs.imgix.net\/2025\/01\/team-of-doctors-and-nurses.jpg?fit=scale&amp;fm=pjpg&amp;h=683&amp;w=2048 2048w\" sizes=\"auto, (max-width: 2800px) 100vw, 2800px\" \/><\/a><\/figure>\n\n<h3 class=\"wp-block-post-title\"><a href=\"https:\/\/www.mjhs.org\/es\/profesionales-de-la-salud\/\" target=\"_self\" >Profesionales de la salud<\/a><\/h3>\n\n<div class=\"wp-block-post-excerpt\"><p class=\"wp-block-post-excerpt__excerpt\">M\u00e1s informaci\u00f3n sobre c\u00f3mo hacer una remisi\u00f3n a MJHS <\/p><\/div>\n<\/li><li class=\"wp-block-post post-75963 page type-page status-publish has-post-thumbnail hentry\">\n<figure class=\"wp-block-post-featured-image\"><a href=\"https:\/\/www.mjhs.org\/es\/atenci%C3%B3n-a-largo-plazo\/administraci%C3%B3n-de-medicamentos\/\" target=\"_self\"  ><img loading=\"lazy\" decoding=\"async\" width=\"1400\" height=\"934\" src=\"https:\/\/mjhs.imgix.net\/2025\/02\/patient-and-nurse-discussing-medication.jpg?fm=pjpg\" class=\"attachment-post-thumbnail size-post-thumbnail wp-post-image\" alt=\"Administraci\u00f3n de medicamentos\" style=\"object-fit:cover;\" srcset=\"https:\/\/mjhs.imgix.net\/2025\/02\/patient-and-nurse-discussing-medication.jpg?fit=scale&amp;fm=pjpg&amp;h=200&amp;w=300 300w, https:\/\/mjhs.imgix.net\/2025\/02\/patient-and-nurse-discussing-medication.jpg?fit=scale&amp;fm=pjpg&amp;h=683&amp;w=1024 1024w, https:\/\/mjhs.imgix.net\/2025\/02\/patient-and-nurse-discussing-medication.jpg?fit=scale&amp;fm=pjpg&amp;h=512&amp;w=768 768w, https:\/\/mjhs.imgix.net\/2025\/02\/patient-and-nurse-discussing-medication.jpg?fit=scale&amp;fm=pjpg&amp;h=1025&amp;w=1536 1536w, https:\/\/mjhs.imgix.net\/2025\/02\/patient-and-nurse-discussing-medication.jpg?fit=scale&amp;fm=pjpg&amp;h=1366&amp;w=2048 2048w, https:\/\/mjhs.imgix.net\/2025\/02\/patient-and-nurse-discussing-medication.jpg?fm=pjpg 1400w\" sizes=\"auto, (max-width: 1400px) 100vw, 1400px\" \/><\/a><\/figure>\n\n<h3 class=\"wp-block-post-title\"><a href=\"https:\/\/www.mjhs.org\/es\/atenci%C3%B3n-a-largo-plazo\/administraci%C3%B3n-de-medicamentos\/\" target=\"_self\" >Administraci\u00f3n de medicamentos<\/a><\/h3>\n\n<div class=\"wp-block-post-excerpt\"><p class=\"wp-block-post-excerpt__excerpt\">\u00bfQu\u00e9 es la administraci\u00f3n de medicamentos? Medication management involves a coordinated approach to ensuring individuals take their medications safely and as prescribed. Esto incluye lo siguiente: <\/p><\/div>\n<\/li><li class=\"wp-block-post post-75960 page type-page status-publish has-post-thumbnail hentry\">\n<figure class=\"wp-block-post-featured-image\"><a href=\"https:\/\/www.mjhs.org\/es\/atenci%C3%B3n-a-largo-plazo\/actividades-de-la-vida-diaria\/\" target=\"_self\"  ><img loading=\"lazy\" decoding=\"async\" width=\"1400\" height=\"934\" src=\"https:\/\/mjhs.imgix.net\/2025\/02\/nurse-helping-patient-button-shirt.jpg?fm=pjpg\" class=\"attachment-post-thumbnail size-post-thumbnail wp-post-image\" alt=\"Actividades de la vida diaria\" style=\"object-fit:cover;\" srcset=\"https:\/\/mjhs.imgix.net\/2025\/02\/nurse-helping-patient-button-shirt.jpg?fit=scale&amp;fm=pjpg&amp;h=200&amp;w=300 300w, https:\/\/mjhs.imgix.net\/2025\/02\/nurse-helping-patient-button-shirt.jpg?fit=scale&amp;fm=pjpg&amp;h=683&amp;w=1024 1024w, https:\/\/mjhs.imgix.net\/2025\/02\/nurse-helping-patient-button-shirt.jpg?fit=scale&amp;fm=pjpg&amp;h=512&amp;w=768 768w, https:\/\/mjhs.imgix.net\/2025\/02\/nurse-helping-patient-button-shirt.jpg?fit=scale&amp;fm=pjpg&amp;h=1025&amp;w=1536 1536w, https:\/\/mjhs.imgix.net\/2025\/02\/nurse-helping-patient-button-shirt.jpg?fit=scale&amp;fm=pjpg&amp;h=1366&amp;w=2048 2048w, https:\/\/mjhs.imgix.net\/2025\/02\/nurse-helping-patient-button-shirt.jpg?fm=pjpg 1400w\" sizes=\"auto, (max-width: 1400px) 100vw, 1400px\" \/><\/a><\/figure>\n\n<h3 class=\"wp-block-post-title\"><a href=\"https:\/\/www.mjhs.org\/es\/atenci%C3%B3n-a-largo-plazo\/actividades-de-la-vida-diaria\/\" target=\"_self\" >Actividades de la vida diaria<\/a><\/h3>\n\n<div class=\"wp-block-post-excerpt\"><p class=\"wp-block-post-excerpt__excerpt\">\u00bfQu\u00e9 son las ADL? Las ADL son actividades rutinarias de cuidado personal que pueden resultar dif\u00edciles para las personas con discapacidades cr\u00f3nicas. Por lo general, se dividen en dos categor\u00edas: [&hellip;] <\/p><\/div>\n<\/li><\/ul><\/div>\n","protected":false},"excerpt":{"rendered":"<p>Actualizaciones de MJHS sobre el COVID-19. Lea aqu\u00ed las noticias relacionadas con el COVID-19, que ofrecen MJHS, Isabella Center y Menorah Center.<\/p>\n","protected":false},"author":3,"featured_media":0,"parent":0,"menu_order":10,"comment_status":"closed","ping_status":"closed","template":"","meta":{"_acf_changed":false,"footnotes":""},"categories":[],"class_list":["post-20650","page","type-page","status-publish","hentry"],"translation":{"provider":"WPGlobus","version":"3.0.2","language":"es","enabled_languages":["en","es"],"languages":{"en":{"title":true,"content":true,"excerpt":true},"es":{"title":true,"content":true,"excerpt":true}}},"acf":[],"yoast_head":"<title>COVID-19: Actualizaciones del sistema de salud de MJHS | MJHS Health System<\/title>\n<meta name=\"robots\" content=\"noindex, nofollow\" \/>\n<meta property=\"og:locale\" content=\"es_MX\" \/>\n<meta property=\"og:type\" content=\"article\" \/>\n<meta property=\"og:title\" content=\"COVID-19: Actualizaciones del sistema de salud de MJHS | MJHS Health System\" \/>\n<meta property=\"og:url\" content=\"https:\/\/www.mjhs.org\/covid-19\/\" \/>\n<meta property=\"og:site_name\" content=\"MJHS Health System\" \/>\n<meta property=\"article:publisher\" content=\"https:\/\/www.facebook.com\/MJHS01\/\" \/>\n<meta property=\"article:modified_time\" content=\"2025-01-28T01:16:25+00:00\" \/>\n<meta name=\"twitter:card\" content=\"summary_large_image\" \/>\n<meta name=\"twitter:site\" content=\"@MJHS01\" \/>\n<script type=\"application\/ld+json\" class=\"yoast-schema-graph\">{\"@context\":\"https:\\\/\\\/schema.org\",\"@graph\":[{\"@type\":\"WebPage\",\"@id\":\"https:\\\/\\\/www.mjhs.org\\\/covid-19\\\/\",\"url\":\"https:\\\/\\\/www.mjhs.org\\\/covid-19\\\/\",\"name\":\"COVID-19: Actualizaciones del sistema de salud de MJHS | MJHS Health System\",\"isPartOf\":{\"@id\":\"https:\\\/\\\/www.mjhs.org\\\/#website\"},\"datePublished\":\"2020-03-12T14:19:27+00:00\",\"dateModified\":\"2025-01-28T01:16:25+00:00\",\"description\":\"Actualizaciones de MJHS sobre el COVID-19. Lea aqu\u00ed las noticias relacionadas con el COVID-19, que ofrecen MJHS, Isabella Center y Menorah Center.\",\"breadcrumb\":{\"@id\":\"https:\\\/\\\/www.mjhs.org\\\/covid-19\\\/#breadcrumb\"},\"inLanguage\":\"es\",\"potentialAction\":[{\"@type\":\"ReadAction\",\"target\":[\"https:\\\/\\\/www.mjhs.org\\\/covid-19\\\/\"]}]},{\"@type\":\"BreadcrumbList\",\"@id\":\"https:\\\/\\\/www.mjhs.org\\\/covid-19\\\/#breadcrumb\",\"itemListElement\":[{\"@type\":\"ListItem\",\"position\":1,\"name\":\"Home\",\"item\":\"https:\\\/\\\/www.mjhs.org\\\/\"},{\"@type\":\"ListItem\",\"position\":2,\"name\":\"COVID-19: MJHS Health System Updates\"}]},{\"@type\":\"WebSite\",\"@id\":\"https:\\\/\\\/www.mjhs.org\\\/#website\",\"url\":\"https:\\\/\\\/www.mjhs.org\\\/\",\"name\":\"MJHS Health System\",\"description\":\"Abriendo el Camino Hacia un Cuidado de Excelencia\",\"publisher\":{\"@id\":\"https:\\\/\\\/www.mjhs.org\\\/#organization\"},\"potentialAction\":[{\"@type\":\"SearchAction\",\"target\":{\"@type\":\"EntryPoint\",\"urlTemplate\":\"https:\\\/\\\/www.mjhs.org\\\/?s={search_term_string}\"},\"query-input\":{\"@type\":\"PropertyValueSpecification\",\"valueRequired\":true,\"valueName\":\"search_term_string\"}}],\"inLanguage\":\"es\"},{\"@type\":\"Organization\",\"@id\":\"https:\\\/\\\/www.mjhs.org\\\/#organization\",\"name\":\"MJHS Health System\",\"url\":\"https:\\\/\\\/www.mjhs.org\\\/\",\"logo\":{\"@type\":\"ImageObject\",\"inLanguage\":\"es\",\"@id\":\"https:\\\/\\\/www.mjhs.org\\\/#\\\/schema\\\/logo\\\/image\\\/\",\"url\":\"\\\/wp-content\\\/uploads\\\/2019\\\/07\\\/mjhs_logo_for_SEO.png\",\"contentUrl\":\"\\\/wp-content\\\/uploads\\\/2019\\\/07\\\/mjhs_logo_for_SEO.png\",\"width\":700,\"height\":296,\"caption\":\"MJHS Health System\"},\"image\":{\"@id\":\"https:\\\/\\\/www.mjhs.org\\\/#\\\/schema\\\/logo\\\/image\\\/\"},\"sameAs\":[\"https:\\\/\\\/www.facebook.com\\\/MJHS01\\\/\",\"https:\\\/\\\/x.com\\\/MJHS01\"]}]}<\/script>","yoast_head_json":{"title":"COVID-19: Actualizaciones del sistema de salud de MJHS | MJHS Health System","robots":{"index":"noindex","follow":"nofollow"},"og_locale":"es_MX","og_type":"article","og_title":"COVID-19: Actualizaciones del sistema de salud de MJHS | MJHS Health System","og_url":"https:\/\/www.mjhs.org\/covid-19\/","og_site_name":"MJHS Health System","article_publisher":"https:\/\/www.facebook.com\/MJHS01\/","article_modified_time":"2025-01-28T01:16:25+00:00","twitter_card":"summary_large_image","twitter_site":"@MJHS01","schema":{"@context":"https:\/\/schema.org","@graph":[{"@type":"WebPage","@id":"https:\/\/www.mjhs.org\/covid-19\/","url":"https:\/\/www.mjhs.org\/covid-19\/","name":"COVID-19: Actualizaciones del sistema de salud de MJHS | MJHS Health System","isPartOf":{"@id":"https:\/\/www.mjhs.org\/#website"},"datePublished":"2020-03-12T14:19:27+00:00","dateModified":"2025-01-28T01:16:25+00:00","description":"Actualizaciones de MJHS sobre el COVID-19. Lea aqu\u00ed las noticias relacionadas con el COVID-19, que ofrecen MJHS, Isabella Center y Menorah Center.","breadcrumb":{"@id":"https:\/\/www.mjhs.org\/covid-19\/#breadcrumb"},"inLanguage":"es","potentialAction":[{"@type":"ReadAction","target":["https:\/\/www.mjhs.org\/covid-19\/"]}]},{"@type":"BreadcrumbList","@id":"https:\/\/www.mjhs.org\/covid-19\/#breadcrumb","itemListElement":[{"@type":"ListItem","position":1,"name":"Home","item":"https:\/\/www.mjhs.org\/"},{"@type":"ListItem","position":2,"name":"COVID-19: MJHS Health System Updates"}]},{"@type":"WebSite","@id":"https:\/\/www.mjhs.org\/#website","url":"https:\/\/www.mjhs.org\/","name":"MJHS Health System","description":"Abriendo el Camino Hacia un Cuidado de Excelencia","publisher":{"@id":"https:\/\/www.mjhs.org\/#organization"},"potentialAction":[{"@type":"SearchAction","target":{"@type":"EntryPoint","urlTemplate":"https:\/\/www.mjhs.org\/?s={search_term_string}"},"query-input":{"@type":"PropertyValueSpecification","valueRequired":true,"valueName":"search_term_string"}}],"inLanguage":"es"},{"@type":"Organization","@id":"https:\/\/www.mjhs.org\/#organization","name":"MJHS Health System","url":"https:\/\/www.mjhs.org\/","logo":{"@type":"ImageObject","inLanguage":"es","@id":"https:\/\/www.mjhs.org\/#\/schema\/logo\/image\/","url":"\/wp-content\/uploads\/2019\/07\/mjhs_logo_for_SEO.png","contentUrl":"\/wp-content\/uploads\/2019\/07\/mjhs_logo_for_SEO.png","width":700,"height":296,"caption":"MJHS Health System"},"image":{"@id":"https:\/\/www.mjhs.org\/#\/schema\/logo\/image\/"},"sameAs":["https:\/\/www.facebook.com\/MJHS01\/","https:\/\/x.com\/MJHS01"]}]}},"jetpack_sharing_enabled":true,"_links":{"self":[{"href":"https:\/\/www.mjhs.org\/es\/wp-json\/wp\/v2\/pages\/20650","targetHints":{"allow":["GET"]}}],"collection":[{"href":"https:\/\/www.mjhs.org\/es\/wp-json\/wp\/v2\/pages"}],"about":[{"href":"https:\/\/www.mjhs.org\/es\/wp-json\/wp\/v2\/types\/page"}],"author":[{"embeddable":true,"href":"https:\/\/www.mjhs.org\/es\/wp-json\/wp\/v2\/users\/3"}],"replies":[{"embeddable":true,"href":"https:\/\/www.mjhs.org\/es\/wp-json\/wp\/v2\/comments?post=20650"}],"version-history":[{"count":0,"href":"https:\/\/www.mjhs.org\/es\/wp-json\/wp\/v2\/pages\/20650\/revisions"}],"wp:attachment":[{"href":"https:\/\/www.mjhs.org\/es\/wp-json\/wp\/v2\/media?parent=20650"}],"wp:term":[{"taxonomy":"category","embeddable":true,"href":"https:\/\/www.mjhs.org\/es\/wp-json\/wp\/v2\/categories?post=20650"}],"curies":[{"name":"wp","href":"https:\/\/api.w.org\/{rel}","templated":true}]}}