{"id":20658,"date":"2020-03-12T14:20:09","date_gmt":"2020-03-12T14:20:09","guid":{"rendered":"https:\/\/mjhs.wpengine.com\/?page_id=20658"},"modified":"2025-01-27T20:25:50","modified_gmt":"2025-01-28T01:25:50","slug":"isabella-covid-19-update","status":"publish","type":"page","link":"https:\/\/www.mjhs.org\/es\/covid-19\/isabella-covid-19-update\/","title":{"rendered":"Actualizaci\u00f3n del COVID-19 de Isabella Center"},"content":{"rendered":"\n<p><em>Mayo de 2023<\/em><\/p>\n\n\n\n<p>Seg\u00fan las pautas de los Centros de Servicios de Medicare y Medicaid (CMS), ya no se realizan registros diarios de la actividad relacionada con el COVID. Adem\u00e1s, seg\u00fan las pautas del Departamento de Salud, los visitantes y el personal ya no est\u00e1n obligados a hacerse una prueba antes de ingresar. Isabella sigue realizando pruebas de detecci\u00f3n pasivas e implementando protocolos, como uso de carteles en las instalaciones, medidas de control de infecciones, uso de protectores faciales y pr\u00e1cticas aplicables del centro, y sigue recomendando que los visitantes se realicen una prueba antes de visitar a su ser querido. Volveremos a realizar registros si los requisitos de los CMS cambian.<\/p>\n\n\n\n<p>Si bien la pandemia no ha terminado, desde el 11 de mayo de 2023, el Gobierno de Estados&nbsp;Unidos ha declarado formalmente la finalizaci\u00f3n de la emergencia p\u00fablica nacional y del estado de emergencia nacional por COVID-19.<\/p>\n","protected":false},"excerpt":{"rendered":"<p>Sabemos que muchos familiares est\u00e1n preocupados por el COVID-19, el nuevo coronavirus. Quiero proporcionarles una actualizaci\u00f3n acerca de lo que estamos haciendo para proteger a sus seres queridos en Isabella Center.<\/p>\n","protected":false},"author":3,"featured_media":7620,"parent":20650,"menu_order":1,"comment_status":"closed","ping_status":"closed","template":"","meta":{"_acf_changed":false,"footnotes":""},"categories":[80],"class_list":["post-20658","page","type-page","status-publish","has-post-thumbnail","hentry","category-covid-19"],"translation":{"provider":"WPGlobus","version":"3.0.2","language":"es","enabled_languages":["en","es"],"languages":{"en":{"title":true,"content":true,"excerpt":true},"es":{"title":true,"content":true,"excerpt":true}}},"acf":[],"yoast_head":"<title>Actualizaci\u00f3n del COVID-19 de Isabella Center | MJHS Health System<\/title>\n<meta name=\"description\" content=\"We know that many family members are worried about COVID-19, the new coronavirus. I want to provide an update about what we are doing to protect your loved one at Isabella Center.\" \/>\n<meta name=\"robots\" content=\"noindex, nofollow\" \/>\n<meta property=\"og:locale\" content=\"es_MX\" \/>\n<meta property=\"og:type\" content=\"article\" \/>\n<meta property=\"og:title\" content=\"Actualizaci\u00f3n del COVID-19 de Isabella Center | MJHS Health System\" \/>\n<meta property=\"og:description\" content=\"We know that many family members are worried about COVID-19, the new coronavirus. I want to provide an update about what we are doing to protect your loved one at Isabella Center.\" \/>\n<meta property=\"og:url\" content=\"https:\/\/www.mjhs.org\/covid-19\/isabella-covid-19-update\/\" \/>\n<meta property=\"og:site_name\" content=\"MJHS Health System\" \/>\n<meta property=\"article:publisher\" content=\"https:\/\/www.facebook.com\/MJHS01\/\" \/>\n<meta property=\"article:modified_time\" content=\"2025-01-28T01:25:50+00:00\" \/>\n<meta property=\"og:image\" content=\"https:\/\/mjhs.imgix.net\/2019\/03\/History01.jpg?fm=pjpg\" \/>\n\t<meta property=\"og:image:width\" content=\"1055\" \/>\n\t<meta property=\"og:image:height\" content=\"991\" \/>\n\t<meta property=\"og:image:type\" content=\"image\/jpeg\" \/>\n<meta name=\"twitter:card\" content=\"summary_large_image\" \/>\n<meta name=\"twitter:site\" content=\"@MJHS01\" \/>\n<script type=\"application\/ld+json\" class=\"yoast-schema-graph\">{\"@context\":\"https:\\\/\\\/schema.org\",\"@graph\":[{\"@type\":\"WebPage\",\"@id\":\"https:\\\/\\\/www.mjhs.org\\\/covid-19\\\/isabella-covid-19-update\\\/\",\"url\":\"https:\\\/\\\/www.mjhs.org\\\/covid-19\\\/isabella-covid-19-update\\\/\",\"name\":\"Actualizaci\u00f3n del COVID-19 de Isabella Center | MJHS Health System\",\"isPartOf\":{\"@id\":\"https:\\\/\\\/www.mjhs.org\\\/#website\"},\"primaryImageOfPage\":{\"@id\":\"https:\\\/\\\/www.mjhs.org\\\/covid-19\\\/isabella-covid-19-update\\\/#primaryimage\"},\"image\":{\"@id\":\"https:\\\/\\\/www.mjhs.org\\\/covid-19\\\/isabella-covid-19-update\\\/#primaryimage\"},\"thumbnailUrl\":\"https:\\\/\\\/mjhs.imgix.net\\\/2019\\\/03\\\/History01.jpg?fm=pjpg\",\"datePublished\":\"2020-03-12T14:20:09+00:00\",\"dateModified\":\"2025-01-28T01:25:50+00:00\",\"description\":\"{:en}We know that many family members are worried about COVID-19, the new coronavirus. I want to provide an update about what we are doing to protect your loved one at Isabella Center.\",\"breadcrumb\":{\"@id\":\"https:\\\/\\\/www.mjhs.org\\\/covid-19\\\/isabella-covid-19-update\\\/#breadcrumb\"},\"inLanguage\":\"es\",\"potentialAction\":[{\"@type\":\"ReadAction\",\"target\":[\"https:\\\/\\\/www.mjhs.org\\\/covid-19\\\/isabella-covid-19-update\\\/\"]}]},{\"@type\":\"ImageObject\",\"inLanguage\":\"es\",\"@id\":\"https:\\\/\\\/www.mjhs.org\\\/covid-19\\\/isabella-covid-19-update\\\/#primaryimage\",\"url\":\"https:\\\/\\\/mjhs.imgix.net\\\/2019\\\/03\\\/History01.jpg?fm=pjpg\",\"contentUrl\":\"https:\\\/\\\/mjhs.imgix.net\\\/2019\\\/03\\\/History01.jpg?fm=pjpg\",\"width\":1055,\"height\":991,\"caption\":\"{:en}Isabella Center Photographed from the Street Below{:}{:es}Isabella Center fotografiado desde la calle{:}\"},{\"@type\":\"BreadcrumbList\",\"@id\":\"https:\\\/\\\/www.mjhs.org\\\/covid-19\\\/isabella-covid-19-update\\\/#breadcrumb\",\"itemListElement\":[{\"@type\":\"ListItem\",\"position\":1,\"name\":\"Home\",\"item\":\"https:\\\/\\\/www.mjhs.org\\\/\"},{\"@type\":\"ListItem\",\"position\":2,\"name\":\"COVID-19: MJHS Health System Updates\",\"item\":\"https:\\\/\\\/www.mjhs.org\\\/covid-19\\\/\"},{\"@type\":\"ListItem\",\"position\":3,\"name\":\"Isabella Center COVID-19 Update\"}]},{\"@type\":\"WebSite\",\"@id\":\"https:\\\/\\\/www.mjhs.org\\\/#website\",\"url\":\"https:\\\/\\\/www.mjhs.org\\\/\",\"name\":\"MJHS Health System\",\"description\":\"Abriendo el Camino Hacia un Cuidado de Excelencia\",\"publisher\":{\"@id\":\"https:\\\/\\\/www.mjhs.org\\\/#organization\"},\"potentialAction\":[{\"@type\":\"SearchAction\",\"target\":{\"@type\":\"EntryPoint\",\"urlTemplate\":\"https:\\\/\\\/www.mjhs.org\\\/?s={search_term_string}\"},\"query-input\":{\"@type\":\"PropertyValueSpecification\",\"valueRequired\":true,\"valueName\":\"search_term_string\"}}],\"inLanguage\":\"es\"},{\"@type\":\"Organization\",\"@id\":\"https:\\\/\\\/www.mjhs.org\\\/#organization\",\"name\":\"MJHS Health System\",\"url\":\"https:\\\/\\\/www.mjhs.org\\\/\",\"logo\":{\"@type\":\"ImageObject\",\"inLanguage\":\"es\",\"@id\":\"https:\\\/\\\/www.mjhs.org\\\/#\\\/schema\\\/logo\\\/image\\\/\",\"url\":\"\\\/wp-content\\\/uploads\\\/2019\\\/07\\\/mjhs_logo_for_SEO.png\",\"contentUrl\":\"\\\/wp-content\\\/uploads\\\/2019\\\/07\\\/mjhs_logo_for_SEO.png\",\"width\":700,\"height\":296,\"caption\":\"MJHS Health System\"},\"image\":{\"@id\":\"https:\\\/\\\/www.mjhs.org\\\/#\\\/schema\\\/logo\\\/image\\\/\"},\"sameAs\":[\"https:\\\/\\\/www.facebook.com\\\/MJHS01\\\/\",\"https:\\\/\\\/x.com\\\/MJHS01\"]}]}<\/script>","yoast_head_json":{"title":"Actualizaci\u00f3n del COVID-19 de Isabella Center | MJHS Health System","description":"We know that many family members are worried about COVID-19, the new coronavirus. I want to provide an update about what we are doing to protect your loved one at Isabella Center.","robots":{"index":"noindex","follow":"nofollow"},"og_locale":"es_MX","og_type":"article","og_title":"Actualizaci\u00f3n del COVID-19 de Isabella Center | MJHS Health System","og_description":"We know that many family members are worried about COVID-19, the new coronavirus. I want to provide an update about what we are doing to protect your loved one at Isabella Center.","og_url":"https:\/\/www.mjhs.org\/covid-19\/isabella-covid-19-update\/","og_site_name":"MJHS Health System","article_publisher":"https:\/\/www.facebook.com\/MJHS01\/","article_modified_time":"2025-01-28T01:25:50+00:00","og_image":[{"width":1055,"height":991,"url":"https:\/\/mjhs.imgix.net\/2019\/03\/History01.jpg?fm=pjpg","type":"image\/jpeg"}],"twitter_card":"summary_large_image","twitter_site":"@MJHS01","schema":{"@context":"https:\/\/schema.org","@graph":[{"@type":"WebPage","@id":"https:\/\/www.mjhs.org\/covid-19\/isabella-covid-19-update\/","url":"https:\/\/www.mjhs.org\/covid-19\/isabella-covid-19-update\/","name":"Actualizaci\u00f3n del COVID-19 de Isabella Center | MJHS Health System","isPartOf":{"@id":"https:\/\/www.mjhs.org\/#website"},"primaryImageOfPage":{"@id":"https:\/\/www.mjhs.org\/covid-19\/isabella-covid-19-update\/#primaryimage"},"image":{"@id":"https:\/\/www.mjhs.org\/covid-19\/isabella-covid-19-update\/#primaryimage"},"thumbnailUrl":"https:\/\/mjhs.imgix.net\/2019\/03\/History01.jpg?fm=pjpg","datePublished":"2020-03-12T14:20:09+00:00","dateModified":"2025-01-28T01:25:50+00:00","description":"{:en}We know that many family members are worried about COVID-19, the new coronavirus. I want to provide an update about what we are doing to protect your loved one at Isabella Center.","breadcrumb":{"@id":"https:\/\/www.mjhs.org\/covid-19\/isabella-covid-19-update\/#breadcrumb"},"inLanguage":"es","potentialAction":[{"@type":"ReadAction","target":["https:\/\/www.mjhs.org\/covid-19\/isabella-covid-19-update\/"]}]},{"@type":"ImageObject","inLanguage":"es","@id":"https:\/\/www.mjhs.org\/covid-19\/isabella-covid-19-update\/#primaryimage","url":"https:\/\/mjhs.imgix.net\/2019\/03\/History01.jpg?fm=pjpg","contentUrl":"https:\/\/mjhs.imgix.net\/2019\/03\/History01.jpg?fm=pjpg","width":1055,"height":991,"caption":"{:en}Isabella Center Photographed from the Street Below{:}{:es}Isabella Center fotografiado desde la calle{:}"},{"@type":"BreadcrumbList","@id":"https:\/\/www.mjhs.org\/covid-19\/isabella-covid-19-update\/#breadcrumb","itemListElement":[{"@type":"ListItem","position":1,"name":"Home","item":"https:\/\/www.mjhs.org\/"},{"@type":"ListItem","position":2,"name":"COVID-19: MJHS Health System Updates","item":"https:\/\/www.mjhs.org\/covid-19\/"},{"@type":"ListItem","position":3,"name":"Isabella Center COVID-19 Update"}]},{"@type":"WebSite","@id":"https:\/\/www.mjhs.org\/#website","url":"https:\/\/www.mjhs.org\/","name":"MJHS Health System","description":"Abriendo el Camino Hacia un Cuidado de Excelencia","publisher":{"@id":"https:\/\/www.mjhs.org\/#organization"},"potentialAction":[{"@type":"SearchAction","target":{"@type":"EntryPoint","urlTemplate":"https:\/\/www.mjhs.org\/?s={search_term_string}"},"query-input":{"@type":"PropertyValueSpecification","valueRequired":true,"valueName":"search_term_string"}}],"inLanguage":"es"},{"@type":"Organization","@id":"https:\/\/www.mjhs.org\/#organization","name":"MJHS Health System","url":"https:\/\/www.mjhs.org\/","logo":{"@type":"ImageObject","inLanguage":"es","@id":"https:\/\/www.mjhs.org\/#\/schema\/logo\/image\/","url":"\/wp-content\/uploads\/2019\/07\/mjhs_logo_for_SEO.png","contentUrl":"\/wp-content\/uploads\/2019\/07\/mjhs_logo_for_SEO.png","width":700,"height":296,"caption":"MJHS Health System"},"image":{"@id":"https:\/\/www.mjhs.org\/#\/schema\/logo\/image\/"},"sameAs":["https:\/\/www.facebook.com\/MJHS01\/","https:\/\/x.com\/MJHS01"]}]}},"jetpack_sharing_enabled":true,"_links":{"self":[{"href":"https:\/\/www.mjhs.org\/es\/wp-json\/wp\/v2\/pages\/20658","targetHints":{"allow":["GET"]}}],"collection":[{"href":"https:\/\/www.mjhs.org\/es\/wp-json\/wp\/v2\/pages"}],"about":[{"href":"https:\/\/www.mjhs.org\/es\/wp-json\/wp\/v2\/types\/page"}],"author":[{"embeddable":true,"href":"https:\/\/www.mjhs.org\/es\/wp-json\/wp\/v2\/users\/3"}],"replies":[{"embeddable":true,"href":"https:\/\/www.mjhs.org\/es\/wp-json\/wp\/v2\/comments?post=20658"}],"version-history":[{"count":0,"href":"https:\/\/www.mjhs.org\/es\/wp-json\/wp\/v2\/pages\/20658\/revisions"}],"up":[{"embeddable":true,"href":"https:\/\/www.mjhs.org\/es\/wp-json\/wp\/v2\/pages\/20650"}],"wp:featuredmedia":[{"embeddable":true,"href":"https:\/\/www.mjhs.org\/es\/wp-json\/wp\/v2\/media\/7620"}],"wp:attachment":[{"href":"https:\/\/www.mjhs.org\/es\/wp-json\/wp\/v2\/media?parent=20658"}],"wp:term":[{"taxonomy":"category","embeddable":true,"href":"https:\/\/www.mjhs.org\/es\/wp-json\/wp\/v2\/categories?post=20658"}],"curies":[{"name":"wp","href":"https:\/\/api.w.org\/{rel}","templated":true}]}}