{"id":20717,"date":"2020-03-12T17:35:31","date_gmt":"2020-03-12T17:35:31","guid":{"rendered":"https:\/\/mjhs.wpengine.com\/?page_id=20717"},"modified":"2025-01-27T20:24:29","modified_gmt":"2025-01-28T01:24:29","slug":"home-care-covid-19-update","status":"publish","type":"page","link":"https:\/\/www.mjhs.org\/es\/covid-19\/home-care-covid-19-update\/","title":{"rendered":"Actualizaci\u00f3n del COVID-19 de la atenci\u00f3n en el hogar de MJHS"},"content":{"rendered":"\n<h2 class=\"wp-block-heading\" id=\"h-mayo-de-2023\"><em>Mayo de 2023<\/em><\/h2>\n\n\n\n<p>Si bien la pandemia no ha terminado, desde el 11 de mayo de 2023, el Gobierno de Estados&nbsp;Unidos ha declarado formalmente la finalizaci\u00f3n de la emergencia p\u00fablica nacional y del estado de emergencia nacional por COVID-19.<\/p>\n","protected":false},"excerpt":{"rendered":"<p>A su equipo de Atenci\u00f3n en el hogar de MJHS le gustar\u00eda brindarle informaci\u00f3n importante acerca del COVID-19, el nuevo coronavirus, sobre las medidas que estamos tomando para asegurar las visitas seguras en el hogar y sobre c\u00f3mo puede protegerse a s\u00ed mismo.<\/p>\n","protected":false},"author":3,"featured_media":5332,"parent":20650,"menu_order":2,"comment_status":"closed","ping_status":"closed","template":"","meta":{"_acf_changed":false,"footnotes":""},"categories":[80],"class_list":["post-20717","page","type-page","status-publish","has-post-thumbnail","hentry","category-covid-19"],"translation":{"provider":"WPGlobus","version":"3.0.2","language":"es","enabled_languages":["en","es"],"languages":{"en":{"title":true,"content":true,"excerpt":true},"es":{"title":true,"content":true,"excerpt":true}}},"acf":[],"yoast_head":"<title>Actualizaci\u00f3n del COVID-19 de la atenci\u00f3n en el hogar de MJHS | MJHS Health System<\/title>\n<meta name=\"description\" content=\"{:en}Your team at MJHS Home Care would like to provide you with some important information about COVID-19, the new Coronavirus, the steps we\u2019re taking to ensure safe home visits and how you can help protect yourself.\" \/>\n<meta name=\"robots\" content=\"noindex, nofollow\" \/>\n<meta property=\"og:locale\" content=\"es_MX\" \/>\n<meta property=\"og:type\" content=\"article\" \/>\n<meta property=\"og:title\" content=\"Actualizaci\u00f3n del COVID-19 de la atenci\u00f3n en el hogar de MJHS | MJHS Health System\" \/>\n<meta property=\"og:description\" content=\"{:en}Your team at MJHS Home Care would like to provide you with some important information about COVID-19, the new Coronavirus, the steps we\u2019re taking to ensure safe home visits and how you can help protect yourself.\" \/>\n<meta property=\"og:url\" content=\"https:\/\/www.mjhs.org\/covid-19\/home-care-covid-19-update\/\" \/>\n<meta property=\"og:site_name\" content=\"MJHS Health System\" \/>\n<meta property=\"article:publisher\" content=\"https:\/\/www.facebook.com\/MJHS01\/\" \/>\n<meta property=\"article:modified_time\" content=\"2025-01-28T01:24:29+00:00\" \/>\n<meta property=\"og:image\" content=\"https:\/\/mjhs.imgix.net\/2018\/08\/inset_need_rehab_930x730.jpg?fm=pjpg\" \/>\n\t<meta property=\"og:image:width\" content=\"930\" \/>\n\t<meta property=\"og:image:height\" content=\"730\" \/>\n\t<meta property=\"og:image:type\" content=\"image\/jpeg\" \/>\n<meta name=\"twitter:card\" content=\"summary_large_image\" \/>\n<meta name=\"twitter:site\" content=\"@MJHS01\" \/>\n<script type=\"application\/ld+json\" class=\"yoast-schema-graph\">{\"@context\":\"https:\\\/\\\/schema.org\",\"@graph\":[{\"@type\":\"WebPage\",\"@id\":\"https:\\\/\\\/www.mjhs.org\\\/covid-19\\\/home-care-covid-19-update\\\/\",\"url\":\"https:\\\/\\\/www.mjhs.org\\\/covid-19\\\/home-care-covid-19-update\\\/\",\"name\":\"Actualizaci\u00f3n del COVID-19 de la atenci\u00f3n en el hogar de MJHS | MJHS Health System\",\"isPartOf\":{\"@id\":\"https:\\\/\\\/www.mjhs.org\\\/#website\"},\"primaryImageOfPage\":{\"@id\":\"https:\\\/\\\/www.mjhs.org\\\/covid-19\\\/home-care-covid-19-update\\\/#primaryimage\"},\"image\":{\"@id\":\"https:\\\/\\\/www.mjhs.org\\\/covid-19\\\/home-care-covid-19-update\\\/#primaryimage\"},\"thumbnailUrl\":\"https:\\\/\\\/mjhs.imgix.net\\\/2018\\\/08\\\/inset_need_rehab_930x730.jpg?fm=pjpg\",\"datePublished\":\"2020-03-12T17:35:31+00:00\",\"dateModified\":\"2025-01-28T01:24:29+00:00\",\"description\":\"{:en}Your team at MJHS Home Care would like to provide you with some important information about COVID-19, the new Coronavirus, the steps we\u2019re taking to ensure safe home visits and how you can help protect yourself.\",\"breadcrumb\":{\"@id\":\"https:\\\/\\\/www.mjhs.org\\\/covid-19\\\/home-care-covid-19-update\\\/#breadcrumb\"},\"inLanguage\":\"es\",\"potentialAction\":[{\"@type\":\"ReadAction\",\"target\":[\"https:\\\/\\\/www.mjhs.org\\\/covid-19\\\/home-care-covid-19-update\\\/\"]}]},{\"@type\":\"ImageObject\",\"inLanguage\":\"es\",\"@id\":\"https:\\\/\\\/www.mjhs.org\\\/covid-19\\\/home-care-covid-19-update\\\/#primaryimage\",\"url\":\"https:\\\/\\\/mjhs.imgix.net\\\/2018\\\/08\\\/inset_need_rehab_930x730.jpg?fm=pjpg\",\"contentUrl\":\"https:\\\/\\\/mjhs.imgix.net\\\/2018\\\/08\\\/inset_need_rehab_930x730.jpg?fm=pjpg\",\"width\":930,\"height\":730,\"caption\":\"{:en}Smiling Nurse Helping Senior with Therapy by Using Dumbbell Exercise{:}{:es}Enfermera sonriente ayudando a una persona mayor en terapia con un ejercicio de mancuernas{:}\"},{\"@type\":\"BreadcrumbList\",\"@id\":\"https:\\\/\\\/www.mjhs.org\\\/covid-19\\\/home-care-covid-19-update\\\/#breadcrumb\",\"itemListElement\":[{\"@type\":\"ListItem\",\"position\":1,\"name\":\"Home\",\"item\":\"https:\\\/\\\/www.mjhs.org\\\/\"},{\"@type\":\"ListItem\",\"position\":2,\"name\":\"COVID-19: MJHS Health System Updates\",\"item\":\"https:\\\/\\\/www.mjhs.org\\\/covid-19\\\/\"},{\"@type\":\"ListItem\",\"position\":3,\"name\":\"MJHS Home Care COVID-19 Update\"}]},{\"@type\":\"WebSite\",\"@id\":\"https:\\\/\\\/www.mjhs.org\\\/#website\",\"url\":\"https:\\\/\\\/www.mjhs.org\\\/\",\"name\":\"MJHS Health System\",\"description\":\"Abriendo el Camino Hacia un Cuidado de Excelencia\",\"publisher\":{\"@id\":\"https:\\\/\\\/www.mjhs.org\\\/#organization\"},\"potentialAction\":[{\"@type\":\"SearchAction\",\"target\":{\"@type\":\"EntryPoint\",\"urlTemplate\":\"https:\\\/\\\/www.mjhs.org\\\/?s={search_term_string}\"},\"query-input\":{\"@type\":\"PropertyValueSpecification\",\"valueRequired\":true,\"valueName\":\"search_term_string\"}}],\"inLanguage\":\"es\"},{\"@type\":\"Organization\",\"@id\":\"https:\\\/\\\/www.mjhs.org\\\/#organization\",\"name\":\"MJHS Health System\",\"url\":\"https:\\\/\\\/www.mjhs.org\\\/\",\"logo\":{\"@type\":\"ImageObject\",\"inLanguage\":\"es\",\"@id\":\"https:\\\/\\\/www.mjhs.org\\\/#\\\/schema\\\/logo\\\/image\\\/\",\"url\":\"\\\/wp-content\\\/uploads\\\/2019\\\/07\\\/mjhs_logo_for_SEO.png\",\"contentUrl\":\"\\\/wp-content\\\/uploads\\\/2019\\\/07\\\/mjhs_logo_for_SEO.png\",\"width\":700,\"height\":296,\"caption\":\"MJHS Health System\"},\"image\":{\"@id\":\"https:\\\/\\\/www.mjhs.org\\\/#\\\/schema\\\/logo\\\/image\\\/\"},\"sameAs\":[\"https:\\\/\\\/www.facebook.com\\\/MJHS01\\\/\",\"https:\\\/\\\/x.com\\\/MJHS01\"]}]}<\/script>","yoast_head_json":{"title":"Actualizaci\u00f3n del COVID-19 de la atenci\u00f3n en el hogar de MJHS | MJHS Health System","description":"{:en}Your team at MJHS Home Care would like to provide you with some important information about COVID-19, the new Coronavirus, the steps we\u2019re taking to ensure safe home visits and how you can help protect yourself.","robots":{"index":"noindex","follow":"nofollow"},"og_locale":"es_MX","og_type":"article","og_title":"Actualizaci\u00f3n del COVID-19 de la atenci\u00f3n en el hogar de MJHS | MJHS Health System","og_description":"{:en}Your team at MJHS Home Care would like to provide you with some important information about COVID-19, the new Coronavirus, the steps we\u2019re taking to ensure safe home visits and how you can help protect yourself.","og_url":"https:\/\/www.mjhs.org\/covid-19\/home-care-covid-19-update\/","og_site_name":"MJHS Health System","article_publisher":"https:\/\/www.facebook.com\/MJHS01\/","article_modified_time":"2025-01-28T01:24:29+00:00","og_image":[{"width":930,"height":730,"url":"https:\/\/mjhs.imgix.net\/2018\/08\/inset_need_rehab_930x730.jpg?fm=pjpg","type":"image\/jpeg"}],"twitter_card":"summary_large_image","twitter_site":"@MJHS01","schema":{"@context":"https:\/\/schema.org","@graph":[{"@type":"WebPage","@id":"https:\/\/www.mjhs.org\/covid-19\/home-care-covid-19-update\/","url":"https:\/\/www.mjhs.org\/covid-19\/home-care-covid-19-update\/","name":"Actualizaci\u00f3n del COVID-19 de la atenci\u00f3n en el hogar de MJHS | MJHS Health System","isPartOf":{"@id":"https:\/\/www.mjhs.org\/#website"},"primaryImageOfPage":{"@id":"https:\/\/www.mjhs.org\/covid-19\/home-care-covid-19-update\/#primaryimage"},"image":{"@id":"https:\/\/www.mjhs.org\/covid-19\/home-care-covid-19-update\/#primaryimage"},"thumbnailUrl":"https:\/\/mjhs.imgix.net\/2018\/08\/inset_need_rehab_930x730.jpg?fm=pjpg","datePublished":"2020-03-12T17:35:31+00:00","dateModified":"2025-01-28T01:24:29+00:00","description":"{:en}Your team at MJHS Home Care would like to provide you with some important information about COVID-19, the new Coronavirus, the steps we\u2019re taking to ensure safe home visits and how you can help protect yourself.","breadcrumb":{"@id":"https:\/\/www.mjhs.org\/covid-19\/home-care-covid-19-update\/#breadcrumb"},"inLanguage":"es","potentialAction":[{"@type":"ReadAction","target":["https:\/\/www.mjhs.org\/covid-19\/home-care-covid-19-update\/"]}]},{"@type":"ImageObject","inLanguage":"es","@id":"https:\/\/www.mjhs.org\/covid-19\/home-care-covid-19-update\/#primaryimage","url":"https:\/\/mjhs.imgix.net\/2018\/08\/inset_need_rehab_930x730.jpg?fm=pjpg","contentUrl":"https:\/\/mjhs.imgix.net\/2018\/08\/inset_need_rehab_930x730.jpg?fm=pjpg","width":930,"height":730,"caption":"{:en}Smiling Nurse Helping Senior with Therapy by Using Dumbbell Exercise{:}{:es}Enfermera sonriente ayudando a una persona mayor en terapia con un ejercicio de mancuernas{:}"},{"@type":"BreadcrumbList","@id":"https:\/\/www.mjhs.org\/covid-19\/home-care-covid-19-update\/#breadcrumb","itemListElement":[{"@type":"ListItem","position":1,"name":"Home","item":"https:\/\/www.mjhs.org\/"},{"@type":"ListItem","position":2,"name":"COVID-19: MJHS Health System Updates","item":"https:\/\/www.mjhs.org\/covid-19\/"},{"@type":"ListItem","position":3,"name":"MJHS Home Care COVID-19 Update"}]},{"@type":"WebSite","@id":"https:\/\/www.mjhs.org\/#website","url":"https:\/\/www.mjhs.org\/","name":"MJHS Health System","description":"Abriendo el Camino Hacia un Cuidado de Excelencia","publisher":{"@id":"https:\/\/www.mjhs.org\/#organization"},"potentialAction":[{"@type":"SearchAction","target":{"@type":"EntryPoint","urlTemplate":"https:\/\/www.mjhs.org\/?s={search_term_string}"},"query-input":{"@type":"PropertyValueSpecification","valueRequired":true,"valueName":"search_term_string"}}],"inLanguage":"es"},{"@type":"Organization","@id":"https:\/\/www.mjhs.org\/#organization","name":"MJHS Health System","url":"https:\/\/www.mjhs.org\/","logo":{"@type":"ImageObject","inLanguage":"es","@id":"https:\/\/www.mjhs.org\/#\/schema\/logo\/image\/","url":"\/wp-content\/uploads\/2019\/07\/mjhs_logo_for_SEO.png","contentUrl":"\/wp-content\/uploads\/2019\/07\/mjhs_logo_for_SEO.png","width":700,"height":296,"caption":"MJHS Health System"},"image":{"@id":"https:\/\/www.mjhs.org\/#\/schema\/logo\/image\/"},"sameAs":["https:\/\/www.facebook.com\/MJHS01\/","https:\/\/x.com\/MJHS01"]}]}},"jetpack_sharing_enabled":true,"_links":{"self":[{"href":"https:\/\/www.mjhs.org\/es\/wp-json\/wp\/v2\/pages\/20717","targetHints":{"allow":["GET"]}}],"collection":[{"href":"https:\/\/www.mjhs.org\/es\/wp-json\/wp\/v2\/pages"}],"about":[{"href":"https:\/\/www.mjhs.org\/es\/wp-json\/wp\/v2\/types\/page"}],"author":[{"embeddable":true,"href":"https:\/\/www.mjhs.org\/es\/wp-json\/wp\/v2\/users\/3"}],"replies":[{"embeddable":true,"href":"https:\/\/www.mjhs.org\/es\/wp-json\/wp\/v2\/comments?post=20717"}],"version-history":[{"count":0,"href":"https:\/\/www.mjhs.org\/es\/wp-json\/wp\/v2\/pages\/20717\/revisions"}],"up":[{"embeddable":true,"href":"https:\/\/www.mjhs.org\/es\/wp-json\/wp\/v2\/pages\/20650"}],"wp:featuredmedia":[{"embeddable":true,"href":"https:\/\/www.mjhs.org\/es\/wp-json\/wp\/v2\/media\/5332"}],"wp:attachment":[{"href":"https:\/\/www.mjhs.org\/es\/wp-json\/wp\/v2\/media?parent=20717"}],"wp:term":[{"taxonomy":"category","embeddable":true,"href":"https:\/\/www.mjhs.org\/es\/wp-json\/wp\/v2\/categories?post=20717"}],"curies":[{"name":"wp","href":"https:\/\/api.w.org\/{rel}","templated":true}]}}