{"id":21187,"date":"2020-03-13T22:47:54","date_gmt":"2020-03-13T22:47:54","guid":{"rendered":"https:\/\/mjhs.wpengine.com\/?page_id=21187"},"modified":"2025-01-27T20:21:02","modified_gmt":"2025-01-28T01:21:02","slug":"elderplan-homefirst-covid","status":"publish","type":"page","link":"https:\/\/www.mjhs.org\/es\/covid-19\/elderplan-homefirst-covid\/","title":{"rendered":"Estimado(a) miembro de Elderplan\/HomeFirst:"},"content":{"rendered":"\n<div class=\"wp-block-buttons is-layout-flex wp-block-buttons-is-layout-flex\">\n<div class=\"wp-block-button\"><a class=\"wp-block-button__link wp-element-button\" href=\"\/es\/covid-19\/frequently-asked-questions\/\">NUEVO: Preguntas frecuentes para cuidadores de la familia<\/a><\/div>\n<\/div>\n\n\n\n<h3 class=\"wp-block-heading\" id=\"h-querido-miembro-de-elderplan-homefirst\">Querido Miembro de Elderplan\/HomeFirst,<\/h3>\n\n\n\n<p><strong>Queremos dedicar un momento a hablar de la nueva y aterradora cepa de COVID que circula en este momento por los EE.&nbsp;UU., as\u00ed como de la necesidad y la justificaci\u00f3n a\u00fan mayores de vacunarse.<\/strong><\/p>\n\n\n\n<p>Si bien la cantidad de casos confirmados, hospitalizaciones y muertes en New York ha ido disminuyendo, y la tasa de positividad (porcentaje de personas que se hacen la prueba de COVID-19 y se descubre que tienen la enfermedad) ahora es inferior al 1%, todav\u00eda hay algunas se\u00f1ales de alerta muy preocupantes. Espec\u00edficamente,&nbsp;<strong>la nueva variante delta del coronavirus puede presentar desaf\u00edos significativos a menos que continuemos tomando las medidas necesarias. La m\u00e1s importante es vacunarse. &nbsp;<\/strong><\/p>\n\n\n\n<p>Algunos puntos importantes:<\/p>\n\n\n\n<ul class=\"wp-block-list\">\n<li>La nueva variante delta del COVID es, al menos, un 50% m\u00e1s contagiosa que las cepas anteriores.<\/li>\n\n\n\n<li>Esta variante se est\u00e1 propagando r\u00e1pidamente en gran parte del mundo.&nbsp;La semana pasada, varias \u00e1reas de Australia y otros pa\u00edses entraron en aislamiento para intentar detener la propagaci\u00f3n.<\/li>\n\n\n\n<li>La variante delta ya se ha detectado en los 50&nbsp;estados. En algunos estados, m\u00e1s del 50% de los nuevos casos de COVID se deben a esta variante de r\u00e1pida propagaci\u00f3n.<\/li>\n\n\n\n<li>Las personas vacunadas parecen tener menos riesgo de enfermarse gravemente y morir a causa de la variante delta, lo que acent\u00faa la necesidad de vacunarse.<\/li>\n\n\n\n<li>A pesar de las buenas noticias sobre la enfermedad grave, se espera que aumente la cantidad de personas vacunadas que se infectan con la enfermedad en un grado m\u00e1s leve; y que, por lo tanto, sean capaces de propagar la enfermedad a otros. Esto conlleva la necesidad de estar atentos, y considerar usar mascarillas y mantener el distanciamiento social en ambientes cerrados, especialmente en \u00e1reas con aglomeraciones.<\/li>\n\n\n\n<li>Las personas que no est\u00e1n vacunadas presentan un mayor riesgo de contraer una forma grave de la enfermedad, ser hospitalizadas y morir. De hecho, casi todas las hospitalizaciones y muertes por COVID-19 ahora ocurren entre quienes no est\u00e1n vacunados.<\/li>\n\n\n\n<li>Las complicaciones asociadas con la vacunaci\u00f3n son m\u00ednimas y no se comparan con el riesgo de contraer una enfermedad grave a causa de la variante delta.<\/li>\n<\/ul>\n\n\n\n<p><strong>\u00bfCu\u00e1les son los puntos clave que debe tener en cuenta?&nbsp; Primero, vac\u00fanese ahora si a\u00fan no lo ha hecho. M\u00e1s de 170&nbsp;millones de personas en los EE.&nbsp;UU. han sido vacunadas y la cantidad de complicaciones ha sido m\u00ednima. En segundo lugar, la vacunaci\u00f3n puede protegerlo de enfermedades graves y la muerte causadas por la variante delta.&nbsp;La vacunaci\u00f3n funciona.<\/strong><\/p>\n\n\n\n<p>David Wagner<br>Presidente<br>Planes de Salud de MJHS<\/p>\n\n\n\n<h3 class=\"wp-block-heading\" id=\"h-querido-miembro-de-elderplan-homefirst-1\">Querido Miembro de Elderplan\/HomeFirst,<\/h3>\n\n\n\n<p>A su equipo de Elderplan\/HomeFirst le gustar\u00eda brindarle informaci\u00f3n importante acerca del COVID-19, el nuevo coronavirus, y sobre c\u00f3mo puede protegerse a s\u00ed mismo.<\/p>\n\n\n\n<h4 class=\"wp-block-heading\" id=\"h-lo-que-debe-saber-acerca-del-covid-19\"><strong>LO QUE DEBE SABER ACERCA DEL COVID-19<\/strong><\/h4>\n\n\n\n<p>El COVID-19 es una enfermedad respiratoria que se propaga r\u00e1pidamente, que ahora afecta a m\u00e1s de 100&nbsp;pa\u00edses, incluido Estados Unidos. Durante las \u00faltimas semanas, el virus se ha propagado al estado de New York, con la mayor\u00eda de los casos hasta el momento en la ciudad de New York y los condados de Westchester, Nassau y Suffolk. El COVID-19 puede tardar entre 2-14&nbsp;d\u00edas en manifestarse luego de la exposici\u00f3n. Los expertos esperan que la cantidad de casos aumente considerablemente.<\/p>\n\n\n\n<p>La mayor\u00eda de las personas que tengan el virus sentir\u00e1n como si tuvieran un resfriado o una gripe fuertes. Un grupo m\u00e1s peque\u00f1o puede experimentar una enfermedad m\u00e1s grave y necesitar hospitalizaci\u00f3n. Las personas fr\u00e1giles, los adultos mayores y los residentes de hogares de convalecencia, que a menudo ya est\u00e1n en riesgo, tienen m\u00e1s posibilidades de contraer el COVID-19 y enfermar de gravedad.<\/p>\n\n\n\n<h4 class=\"wp-block-heading\" id=\"h-como-protegerse-a-usted-mismo-y-a-los-demas\"><strong>C\u00d3MO PROTEGERSE A USTED MISMO Y A LOS DEM\u00c1S<\/strong><\/h4>\n\n\n\n<ul class=\"wp-block-list\">\n<li>Cuando tosa o estornude, c\u00fabrase con un pa\u00f1uelo o con la manga (no con las manos).<\/li>\n\n\n\n<li>L\u00e1vese las manos con agua tibia y jab\u00f3n durante al menos 20&nbsp;segundos frecuentemente.\n<ul class=\"wp-block-list\">\n<li>Si no tiene agua y jab\u00f3n, use un desinfectante para manos a base de alcohol.<\/li>\n<\/ul>\n<\/li>\n\n\n\n<li>No se toque los ojos, la nariz ni la boca con las manos sucias.<\/li>\n\n\n\n<li>Notifique a su m\u00e9dico de atenci\u00f3n primaria (PCP) de inmediato si tiene alguno de los siguientes s\u00edntomas: fiebre, tos, dolor de garganta, congesti\u00f3n nasal o del pecho, dificultad para respirar, v\u00f3mitos o diarrea.<\/li>\n\n\n\n<li>Si cree que ha estado en contacto con alguien que tiene un caso confirmado o sospechoso de COVID-19 o que ha viajado al exterior o al estado de Washington en los pasados 14&nbsp;d\u00edas Y tiene algunos de los s\u00edntomas mencionados anteriormente, p\u00f3ngase en contacto con su PCP inmediatamente.<\/li>\n\n\n\n<li>Si cree que puede tener COVID-19 o si ha estado expuesto a alguien que tiene el virus:\n<ul class=\"wp-block-list\">\n<li>ANTES DE IR al m\u00e9dico o a un centro de atenci\u00f3n de urgencia, LLAME CON ANTERIORIDAD para que puedan asegurarse de llevar a cabo las medidas de seguridad adecuadas.<\/li>\n\n\n\n<li>Qu\u00e9dese en su hogar, a menos que deba ir a una cita m\u00e9dica.<\/li>\n<\/ul>\n<\/li>\n\n\n\n<li>Vac\u00fanese contra la gripe, a\u00fan no es demasiado tarde. Aunque la vacuna contra la gripe no le proteger\u00e1 del COVID-19, le ayudar\u00e1 a prevenir la gripe, lo que puede a su vez reducir el riesgo de complicaciones graves en el caso de que contraiga COVID-19.<\/li>\n\n\n\n<li>No viaje a los pa\u00edses que han sido prohibidos. Como la lista puede extenderse, le sugerimos que evite los viajes internacionales por el momento.<\/li>\n\n\n\n<li>Evite las grandes concentraciones de gente.<\/li>\n<\/ul>\n\n\n\n<p>Elderplan\/HomeFirst se compromete a mantener informados a nuestros miembros acerca del COVID-19, as\u00ed como tambi\u00e9n a ayudar a que permanezcan lo m\u00e1s a salvo posible durante el brote. Si tiene alguna pregunta o alg\u00fan problema para coordinar la atenci\u00f3n m\u00e9dica, p\u00f3ngase en contacto con servicios para los miembros al&nbsp;<a href=\"tel:18003533765\">1-800-353-3765<\/a>&nbsp;de 8:00&nbsp;a.m. a 8:00&nbsp;p.m., los 7&nbsp;d\u00edas de la semana. Si tiene problemas auditivos, llame al&nbsp;<a href=\"tel:711\">711<\/a>&nbsp;para TTY\/TDD.<\/p>\n\n\n\n<p>Atentamente,<\/p>\n\n\n\n<p>David Wagner<br>Presidente<br>Planes de Salud de MJHS<\/p>\n\n\n\n<p>DOH Approved 03\/09\/2020<\/p>\n","protected":false},"excerpt":{"rendered":"<p>A su equipo de Elderplan\/HomeFirst le gustar\u00eda brindarle informaci\u00f3n importante acerca del COVID-19, el nuevo coronavirus, y sobre c\u00f3mo puede protegerse a s\u00ed mismo.<\/p>\n","protected":false},"author":14,"featured_media":21290,"parent":20650,"menu_order":4,"comment_status":"closed","ping_status":"closed","template":"","meta":{"_acf_changed":false,"footnotes":""},"categories":[80],"class_list":["post-21187","page","type-page","status-publish","has-post-thumbnail","hentry","category-covid-19"],"translation":{"provider":"WPGlobus","version":"3.0.2","language":"es","enabled_languages":["en","es"],"languages":{"en":{"title":true,"content":true,"excerpt":true},"es":{"title":true,"content":true,"excerpt":true}}},"acf":[],"yoast_head":"<title>Estimado(a) miembro de Elderplan\/HomeFirst: | MJHS Health System<\/title>\n<meta name=\"description\" content=\"{:en}Your team at Elderplan\/HomeFirst would like to provide you with some important information about COVID-19, the new Coronavirus, and how you can help protect yourself.\" \/>\n<meta name=\"robots\" content=\"noindex, nofollow\" \/>\n<meta property=\"og:locale\" content=\"es_MX\" \/>\n<meta property=\"og:type\" content=\"article\" \/>\n<meta property=\"og:title\" content=\"Estimado(a) miembro de Elderplan\/HomeFirst: | MJHS Health System\" \/>\n<meta property=\"og:description\" content=\"{:en}Your team at Elderplan\/HomeFirst would like to provide you with some important information about COVID-19, the new Coronavirus, and how you can help protect yourself.\" \/>\n<meta property=\"og:url\" content=\"https:\/\/www.mjhs.org\/covid-19\/elderplan-homefirst-covid\/\" \/>\n<meta property=\"og:site_name\" content=\"MJHS Health System\" \/>\n<meta property=\"article:publisher\" content=\"https:\/\/www.facebook.com\/MJHS01\/\" \/>\n<meta property=\"article:modified_time\" content=\"2025-01-28T01:21:02+00:00\" \/>\n<meta property=\"og:image\" content=\"https:\/\/mjhs.imgix.net\/2020\/03\/Elderplan_Header-e1584380868150.png?fm=png\" \/>\n\t<meta property=\"og:image:width\" content=\"526\" \/>\n\t<meta property=\"og:image:height\" content=\"288\" \/>\n\t<meta property=\"og:image:type\" content=\"image\/png\" \/>\n<meta name=\"twitter:card\" content=\"summary_large_image\" \/>\n<meta name=\"twitter:site\" content=\"@MJHS01\" \/>\n<script type=\"application\/ld+json\" class=\"yoast-schema-graph\">{\"@context\":\"https:\\\/\\\/schema.org\",\"@graph\":[{\"@type\":\"WebPage\",\"@id\":\"https:\\\/\\\/www.mjhs.org\\\/covid-19\\\/elderplan-homefirst-covid\\\/\",\"url\":\"https:\\\/\\\/www.mjhs.org\\\/covid-19\\\/elderplan-homefirst-covid\\\/\",\"name\":\"Estimado(a) miembro de Elderplan\\\/HomeFirst: | MJHS Health System\",\"isPartOf\":{\"@id\":\"https:\\\/\\\/www.mjhs.org\\\/#website\"},\"primaryImageOfPage\":{\"@id\":\"https:\\\/\\\/www.mjhs.org\\\/covid-19\\\/elderplan-homefirst-covid\\\/#primaryimage\"},\"image\":{\"@id\":\"https:\\\/\\\/www.mjhs.org\\\/covid-19\\\/elderplan-homefirst-covid\\\/#primaryimage\"},\"thumbnailUrl\":\"https:\\\/\\\/mjhs.imgix.net\\\/2020\\\/03\\\/Elderplan_Header-e1584380868150.png?fm=png\",\"datePublished\":\"2020-03-13T22:47:54+00:00\",\"dateModified\":\"2025-01-28T01:21:02+00:00\",\"description\":\"{:en}Your team at Elderplan\\\/HomeFirst would like to provide you with some important information about COVID-19, the new Coronavirus, and how you can help protect yourself.\",\"breadcrumb\":{\"@id\":\"https:\\\/\\\/www.mjhs.org\\\/covid-19\\\/elderplan-homefirst-covid\\\/#breadcrumb\"},\"inLanguage\":\"es\",\"potentialAction\":[{\"@type\":\"ReadAction\",\"target\":[\"https:\\\/\\\/www.mjhs.org\\\/covid-19\\\/elderplan-homefirst-covid\\\/\"]}]},{\"@type\":\"ImageObject\",\"inLanguage\":\"es\",\"@id\":\"https:\\\/\\\/www.mjhs.org\\\/covid-19\\\/elderplan-homefirst-covid\\\/#primaryimage\",\"url\":\"https:\\\/\\\/mjhs.imgix.net\\\/2020\\\/03\\\/Elderplan_Header-e1584380868150.png?fm=png\",\"contentUrl\":\"https:\\\/\\\/mjhs.imgix.net\\\/2020\\\/03\\\/Elderplan_Header-e1584380868150.png?fm=png\",\"width\":526,\"height\":288,\"caption\":\"{:en}Elderly Man Smiling for Camera{:}{:es}Hombre mayor sonriendo para la c\u00e1mara{:}\"},{\"@type\":\"BreadcrumbList\",\"@id\":\"https:\\\/\\\/www.mjhs.org\\\/covid-19\\\/elderplan-homefirst-covid\\\/#breadcrumb\",\"itemListElement\":[{\"@type\":\"ListItem\",\"position\":1,\"name\":\"Home\",\"item\":\"https:\\\/\\\/www.mjhs.org\\\/\"},{\"@type\":\"ListItem\",\"position\":2,\"name\":\"COVID-19: MJHS Health System Updates\",\"item\":\"https:\\\/\\\/www.mjhs.org\\\/covid-19\\\/\"},{\"@type\":\"ListItem\",\"position\":3,\"name\":\"Elderplan\\\/HomeFirst COVID-19 Update\"}]},{\"@type\":\"WebSite\",\"@id\":\"https:\\\/\\\/www.mjhs.org\\\/#website\",\"url\":\"https:\\\/\\\/www.mjhs.org\\\/\",\"name\":\"MJHS Health System\",\"description\":\"Abriendo el Camino Hacia un Cuidado de Excelencia\",\"publisher\":{\"@id\":\"https:\\\/\\\/www.mjhs.org\\\/#organization\"},\"potentialAction\":[{\"@type\":\"SearchAction\",\"target\":{\"@type\":\"EntryPoint\",\"urlTemplate\":\"https:\\\/\\\/www.mjhs.org\\\/?s={search_term_string}\"},\"query-input\":{\"@type\":\"PropertyValueSpecification\",\"valueRequired\":true,\"valueName\":\"search_term_string\"}}],\"inLanguage\":\"es\"},{\"@type\":\"Organization\",\"@id\":\"https:\\\/\\\/www.mjhs.org\\\/#organization\",\"name\":\"MJHS Health System\",\"url\":\"https:\\\/\\\/www.mjhs.org\\\/\",\"logo\":{\"@type\":\"ImageObject\",\"inLanguage\":\"es\",\"@id\":\"https:\\\/\\\/www.mjhs.org\\\/#\\\/schema\\\/logo\\\/image\\\/\",\"url\":\"\\\/wp-content\\\/uploads\\\/2019\\\/07\\\/mjhs_logo_for_SEO.png\",\"contentUrl\":\"\\\/wp-content\\\/uploads\\\/2019\\\/07\\\/mjhs_logo_for_SEO.png\",\"width\":700,\"height\":296,\"caption\":\"MJHS Health System\"},\"image\":{\"@id\":\"https:\\\/\\\/www.mjhs.org\\\/#\\\/schema\\\/logo\\\/image\\\/\"},\"sameAs\":[\"https:\\\/\\\/www.facebook.com\\\/MJHS01\\\/\",\"https:\\\/\\\/x.com\\\/MJHS01\"]}]}<\/script>","yoast_head_json":{"title":"Estimado(a) miembro de Elderplan\/HomeFirst: | MJHS Health System","description":"{:en}Your team at Elderplan\/HomeFirst would like to provide you with some important information about COVID-19, the new Coronavirus, and how you can help protect yourself.","robots":{"index":"noindex","follow":"nofollow"},"og_locale":"es_MX","og_type":"article","og_title":"Estimado(a) miembro de Elderplan\/HomeFirst: | MJHS Health System","og_description":"{:en}Your team at Elderplan\/HomeFirst would like to provide you with some important information about COVID-19, the new Coronavirus, and how you can help protect yourself.","og_url":"https:\/\/www.mjhs.org\/covid-19\/elderplan-homefirst-covid\/","og_site_name":"MJHS Health System","article_publisher":"https:\/\/www.facebook.com\/MJHS01\/","article_modified_time":"2025-01-28T01:21:02+00:00","og_image":[{"width":526,"height":288,"url":"https:\/\/mjhs.imgix.net\/2020\/03\/Elderplan_Header-e1584380868150.png?fm=png","type":"image\/png"}],"twitter_card":"summary_large_image","twitter_site":"@MJHS01","schema":{"@context":"https:\/\/schema.org","@graph":[{"@type":"WebPage","@id":"https:\/\/www.mjhs.org\/covid-19\/elderplan-homefirst-covid\/","url":"https:\/\/www.mjhs.org\/covid-19\/elderplan-homefirst-covid\/","name":"Estimado(a) miembro de Elderplan\/HomeFirst: | MJHS Health System","isPartOf":{"@id":"https:\/\/www.mjhs.org\/#website"},"primaryImageOfPage":{"@id":"https:\/\/www.mjhs.org\/covid-19\/elderplan-homefirst-covid\/#primaryimage"},"image":{"@id":"https:\/\/www.mjhs.org\/covid-19\/elderplan-homefirst-covid\/#primaryimage"},"thumbnailUrl":"https:\/\/mjhs.imgix.net\/2020\/03\/Elderplan_Header-e1584380868150.png?fm=png","datePublished":"2020-03-13T22:47:54+00:00","dateModified":"2025-01-28T01:21:02+00:00","description":"{:en}Your team at Elderplan\/HomeFirst would like to provide you with some important information about COVID-19, the new Coronavirus, and how you can help protect yourself.","breadcrumb":{"@id":"https:\/\/www.mjhs.org\/covid-19\/elderplan-homefirst-covid\/#breadcrumb"},"inLanguage":"es","potentialAction":[{"@type":"ReadAction","target":["https:\/\/www.mjhs.org\/covid-19\/elderplan-homefirst-covid\/"]}]},{"@type":"ImageObject","inLanguage":"es","@id":"https:\/\/www.mjhs.org\/covid-19\/elderplan-homefirst-covid\/#primaryimage","url":"https:\/\/mjhs.imgix.net\/2020\/03\/Elderplan_Header-e1584380868150.png?fm=png","contentUrl":"https:\/\/mjhs.imgix.net\/2020\/03\/Elderplan_Header-e1584380868150.png?fm=png","width":526,"height":288,"caption":"{:en}Elderly Man Smiling for Camera{:}{:es}Hombre mayor sonriendo para la c\u00e1mara{:}"},{"@type":"BreadcrumbList","@id":"https:\/\/www.mjhs.org\/covid-19\/elderplan-homefirst-covid\/#breadcrumb","itemListElement":[{"@type":"ListItem","position":1,"name":"Home","item":"https:\/\/www.mjhs.org\/"},{"@type":"ListItem","position":2,"name":"COVID-19: MJHS Health System Updates","item":"https:\/\/www.mjhs.org\/covid-19\/"},{"@type":"ListItem","position":3,"name":"Elderplan\/HomeFirst COVID-19 Update"}]},{"@type":"WebSite","@id":"https:\/\/www.mjhs.org\/#website","url":"https:\/\/www.mjhs.org\/","name":"MJHS Health System","description":"Abriendo el Camino Hacia un Cuidado de Excelencia","publisher":{"@id":"https:\/\/www.mjhs.org\/#organization"},"potentialAction":[{"@type":"SearchAction","target":{"@type":"EntryPoint","urlTemplate":"https:\/\/www.mjhs.org\/?s={search_term_string}"},"query-input":{"@type":"PropertyValueSpecification","valueRequired":true,"valueName":"search_term_string"}}],"inLanguage":"es"},{"@type":"Organization","@id":"https:\/\/www.mjhs.org\/#organization","name":"MJHS Health System","url":"https:\/\/www.mjhs.org\/","logo":{"@type":"ImageObject","inLanguage":"es","@id":"https:\/\/www.mjhs.org\/#\/schema\/logo\/image\/","url":"\/wp-content\/uploads\/2019\/07\/mjhs_logo_for_SEO.png","contentUrl":"\/wp-content\/uploads\/2019\/07\/mjhs_logo_for_SEO.png","width":700,"height":296,"caption":"MJHS Health System"},"image":{"@id":"https:\/\/www.mjhs.org\/#\/schema\/logo\/image\/"},"sameAs":["https:\/\/www.facebook.com\/MJHS01\/","https:\/\/x.com\/MJHS01"]}]}},"jetpack_sharing_enabled":true,"_links":{"self":[{"href":"https:\/\/www.mjhs.org\/es\/wp-json\/wp\/v2\/pages\/21187","targetHints":{"allow":["GET"]}}],"collection":[{"href":"https:\/\/www.mjhs.org\/es\/wp-json\/wp\/v2\/pages"}],"about":[{"href":"https:\/\/www.mjhs.org\/es\/wp-json\/wp\/v2\/types\/page"}],"author":[{"embeddable":true,"href":"https:\/\/www.mjhs.org\/es\/wp-json\/wp\/v2\/users\/14"}],"replies":[{"embeddable":true,"href":"https:\/\/www.mjhs.org\/es\/wp-json\/wp\/v2\/comments?post=21187"}],"version-history":[{"count":0,"href":"https:\/\/www.mjhs.org\/es\/wp-json\/wp\/v2\/pages\/21187\/revisions"}],"up":[{"embeddable":true,"href":"https:\/\/www.mjhs.org\/es\/wp-json\/wp\/v2\/pages\/20650"}],"wp:featuredmedia":[{"embeddable":true,"href":"https:\/\/www.mjhs.org\/es\/wp-json\/wp\/v2\/media\/21290"}],"wp:attachment":[{"href":"https:\/\/www.mjhs.org\/es\/wp-json\/wp\/v2\/media?parent=21187"}],"wp:term":[{"taxonomy":"category","embeddable":true,"href":"https:\/\/www.mjhs.org\/es\/wp-json\/wp\/v2\/categories?post=21187"}],"curies":[{"name":"wp","href":"https:\/\/api.w.org\/{rel}","templated":true}]}}