{"id":21457,"date":"2020-03-24T16:22:41","date_gmt":"2020-03-24T16:22:41","guid":{"rendered":"https:\/\/mjhs.wpengine.com\/?page_id=21457"},"modified":"2025-01-27T20:31:02","modified_gmt":"2025-01-28T01:31:02","slug":"support-the-emergency-response-fund","status":"publish","type":"page","link":"https:\/\/www.mjhs.org\/es\/covid-19\/support-the-emergency-response-fund\/","title":{"rendered":"Apoyo al Fondo de respuesta ante emergencias de MJHS"},"content":{"rendered":"\n<div class=\"wp-block-columns is-layout-flex wp-container-core-columns-is-layout-9d6595d7 wp-block-columns-is-layout-flex\">\n<div class=\"wp-block-column is-layout-flow wp-block-column-is-layout-flow\" style=\"flex-basis:66.66%\">\n<div id=\"bbox-root\"><\/div>\n<script type=\"text\/javascript\">\n       window.bboxInit = function () {\n           bbox.showForm('36ba5b30-df94-4fcd-b15c-271a0626cbd3');\n       };\n       (function () {\n           var e = document.createElement('script'); e.async = true;\n           e.src = 'https:\/\/bbox.blackbaudhosting.com\/webforms\/bbox-min.js';\n           document.getElementsByTagName('head')[0].appendChild(e);\n       } ());\n<\/script>\n<\/div>\n\n\n\n<div class=\"wp-block-column is-layout-flow wp-block-column-is-layout-flow\" style=\"flex-basis:33.33%\">\n<p><strong>En las \u00faltimas&nbsp;semanas, MJHS ha destinado m\u00e1s de $1&nbsp;mill\u00f3n<\/strong>&nbsp;para garantizar el equipo de protecci\u00f3n personal (PPE) para nuestro personal, proporcionarles a todos los empleados no esenciales la tecnolog\u00eda para trabajar de manera remota y garantizar que nuestros pacientes m\u00e1s vulnerables y sin compa\u00f1\u00eda reciban lo que necesitan para permanecer lo m\u00e1s saludables e independientes posible.<\/p>\n\n\n\n<p>Y ahora necesitamos su ayuda.&nbsp;<strong>Le pedimos que done hoy a nuestro Fondo de respuesta ante emergencias por el COVID-19.<\/strong><\/p>\n\n\n\n<p>Estamos perdiendo dinero a un ritmo nunca antes imaginado.&nbsp; No podemos\u2026 o mejor dicho\u2026 no dejaremos de ofrecer programas y servicios vitales de atenci\u00f3n m\u00e9dica para los neoyorquinos vulnerables. Sin embargo, una contribuci\u00f3n suya nos ayudar\u00e1 a contener lo que solo se puede describir como una realidad alarmante.&nbsp;<strong>En un gesto de apoyo, las Juntas Directivas de MJHS igualar\u00e1n su donaci\u00f3n.*<\/strong>&nbsp;&nbsp;Su contribuci\u00f3n nos permitir\u00e1 lograr lo siguiente:<\/p>\n\n\n\n<ul class=\"wp-block-list\">\n<li><strong>Ayudar a los pacientes de la atenci\u00f3n de hospicio y a sus cuidadores que se enfrentan a dificultades econ\u00f3micas<\/strong>.&nbsp; Ahora especialmente, el lugar m\u00e1s seguro y saludable para un paciente de atenci\u00f3n de hospicio es en el hogar.&nbsp; Es inadmisible forzar a una persona m\u00e9dicamente vulnerable a trasladarse a otro lugar porque ya no pueda pagar el alquiler o las facturas de los servicios o los alimentos.<\/li>\n\n\n\n<li><strong>Apoyar a nuestro personal de primera l\u00ednea<\/strong>&nbsp;que se encuentra entre las personas con mayor riesgo ante la exposici\u00f3n al COVID-19, y que adem\u00e1s de repente no cuenta con cuidado infantil o equipo de protecci\u00f3n personal (PPE) completo y se enfrenta a dificultades de transporte. Nuestra primera l\u00ednea, en especial en los asilos de ancianos y residencias con atenci\u00f3n de hospicio, no se trata solo de m\u00e9dicos, enfermeros y trabajadores sociales. Tambi\u00e9n est\u00e1n los capellanes, musicoterapeutas, ayudantes, personal de mantenimiento, seguridad, nutricionistas y muchas m\u00e1s personas detr\u00e1s de escena que ayudan a que podamos brindar atenci\u00f3n compasiva de calidad.<\/li>\n\n\n\n<li><strong>Adaptarnos en tiempo real a las necesidades cambiantes<\/strong>.&nbsp;Debido a la limitada disponibilidad de equipo de protecci\u00f3n personal, obtenemos equipos de todo el mundo.&nbsp; Desafortunadamente, somos una de los miles de organizaciones que tienen una necesidad urgente.<\/li>\n<\/ul>\n\n\n\n<p><em>De acuerdo con las \u00f3rdenes del gobernador de New&nbsp;York, Andrew Cuomo, el personal no esencial est\u00e1 trabajando desde su casa. Por lo tanto, lo instamos a que haga su donaci\u00f3n en l\u00ednea hoy.&nbsp; Sin embargo, si no puede donar en l\u00ednea, tenga en cuenta que habr\u00e1 una demora en los dep\u00f3sitos de cheques y las confirmaciones. Puede comunicarse con nosotros por correo electr\u00f3nico a&nbsp;<\/em><a href=\"mailto:mjhsfoundation@mjhs.org\"><em>mjhsfoundation@mjhs.org<\/em><\/a><em>&nbsp;o llamando al (212)&nbsp;356-5300<\/em><em>.<\/em><\/p>\n\n\n\n<p><strong>Un \u00faltimo pedido\u2026<\/strong><\/p>\n\n\n\n<p>T\u00f3mese un momento para publicar una nota, un poema, un dibujo o incluso una canci\u00f3n de aliento para nuestros m\u00e9dicos en cualquiera de las p\u00e1ginas de las redes sociales de MJHS. Puede encontrarnos en @mjhs01.&nbsp;<strong>Aseg\u00farese tambi\u00e9n de usar el hashtag #cheeronMJHS.<\/strong>&nbsp;Si no tiene&nbsp;<a href=\"http:\/\/www.facebook.com\/mjhs01\">Facebook,<\/a>&nbsp;<a href=\"http:\/\/www.twitter.com\/mjhs01\">Twitter<\/a>&nbsp;o&nbsp;<a href=\"http:\/\/www.instagram.com\/mjhs01\">Instagram<\/a>, puede subir un mensaje&nbsp;<a href=\"http:\/\/www.mjhsfoundation.org\/cheeronmjhs\">aqu\u00ed.<\/a>&nbsp; Su donaci\u00f3n y sus palabras de apoyo nos ayudar\u00e1n a abordar las necesidades m\u00e9dicas, alentar al personal dedicado y contener nuestras significativas p\u00e9rdidas econ\u00f3micas.<\/p>\n\n\n\n<p><strong>Cu\u00eddese y cuide a todas las personas que ama. Esperamos poder celebrar el fin de esta pandemia mundial con usted.<\/strong><\/p>\n\n\n\n<p>Atentamente,<\/p>\n\n\n\n<p>Linda Schur Scalettar<br>Directora de Desarrollo<br>Fundaci\u00f3n MJHS<\/p>\n\n\n\n<p>*&nbsp;Se igualar\u00e1n las donaciones de hasta $21,000.<\/p>\n\n\n\n<p><br><\/p>\n<\/div>\n<\/div>\n","protected":false},"excerpt":{"rendered":"<p>MJHS ha destinado m\u00e1s de $1 mill\u00f3n para garantizar el equipo de protecci\u00f3n personal (PPE) para nuestro personal, proporcionarles a todos los empleados no esenciales la tecnolog\u00eda para trabajar de manera remota y garantizar que nuestros pacientes m\u00e1s vulnerables y sin compa\u00f1\u00eda reciban lo que necesitan para permanecer lo m\u00e1s saludables e independientes posible.<\/p>\n","protected":false},"author":3,"featured_media":3355,"parent":20650,"menu_order":5,"comment_status":"closed","ping_status":"closed","template":"","meta":{"_acf_changed":false,"footnotes":""},"categories":[80,125],"class_list":["post-21457","page","type-page","status-publish","has-post-thumbnail","hentry","category-covid-19","category-translate"],"translation":{"provider":"WPGlobus","version":"3.0.2","language":"es","enabled_languages":["en","es"],"languages":{"en":{"title":true,"content":true,"excerpt":true},"es":{"title":true,"content":true,"excerpt":true}}},"acf":[],"yoast_head":"<title>Apoyo al Fondo de respuesta ante emergencias de MJHS | MJHS Health System<\/title>\n<meta name=\"description\" content=\"{:en}Support the MJHS COVID-19 Emergency Response Fund by donating today! We need your help to provide care to hospice patients, families, and front line workers.\" \/>\n<meta name=\"robots\" content=\"noindex, nofollow\" \/>\n<meta property=\"og:locale\" content=\"es_MX\" \/>\n<meta property=\"og:type\" content=\"article\" \/>\n<meta property=\"og:title\" content=\"Apoyo al Fondo de respuesta ante emergencias de MJHS | MJHS Health System\" \/>\n<meta property=\"og:description\" content=\"{:en}Support the MJHS COVID-19 Emergency Response Fund by donating today! We need your help to provide care to hospice patients, families, and front line workers.\" \/>\n<meta property=\"og:url\" content=\"https:\/\/www.mjhs.org\/covid-19\/support-the-emergency-response-fund\/\" \/>\n<meta property=\"og:site_name\" content=\"MJHS Health System\" \/>\n<meta property=\"article:publisher\" content=\"https:\/\/www.facebook.com\/MJHS01\/\" \/>\n<meta property=\"article:modified_time\" content=\"2025-01-28T01:31:02+00:00\" \/>\n<meta property=\"og:image\" content=\"https:\/\/mjhs.imgix.net\/2018\/02\/MJHS_Happenings_Teal.jpg?fm=pjpg\" \/>\n\t<meta property=\"og:image:width\" content=\"931\" \/>\n\t<meta property=\"og:image:height\" content=\"731\" \/>\n\t<meta property=\"og:image:type\" content=\"image\/jpeg\" \/>\n<meta name=\"twitter:card\" content=\"summary_large_image\" \/>\n<meta name=\"twitter:site\" content=\"@MJHS01\" \/>\n<script type=\"application\/ld+json\" class=\"yoast-schema-graph\">{\"@context\":\"https:\\\/\\\/schema.org\",\"@graph\":[{\"@type\":\"WebPage\",\"@id\":\"https:\\\/\\\/www.mjhs.org\\\/covid-19\\\/support-the-emergency-response-fund\\\/\",\"url\":\"https:\\\/\\\/www.mjhs.org\\\/covid-19\\\/support-the-emergency-response-fund\\\/\",\"name\":\"Apoyo al Fondo de respuesta ante emergencias de MJHS | MJHS Health System\",\"isPartOf\":{\"@id\":\"https:\\\/\\\/www.mjhs.org\\\/#website\"},\"primaryImageOfPage\":{\"@id\":\"https:\\\/\\\/www.mjhs.org\\\/covid-19\\\/support-the-emergency-response-fund\\\/#primaryimage\"},\"image\":{\"@id\":\"https:\\\/\\\/www.mjhs.org\\\/covid-19\\\/support-the-emergency-response-fund\\\/#primaryimage\"},\"thumbnailUrl\":\"https:\\\/\\\/mjhs.imgix.net\\\/2018\\\/02\\\/MJHS_Happenings_Teal.jpg?fm=pjpg\",\"datePublished\":\"2020-03-24T16:22:41+00:00\",\"dateModified\":\"2025-01-28T01:31:02+00:00\",\"description\":\"{:en}Support the MJHS COVID-19 Emergency Response Fund by donating today! We need your help to provide care to hospice patients, families, and front line workers.\",\"breadcrumb\":{\"@id\":\"https:\\\/\\\/www.mjhs.org\\\/covid-19\\\/support-the-emergency-response-fund\\\/#breadcrumb\"},\"inLanguage\":\"es\",\"potentialAction\":[{\"@type\":\"ReadAction\",\"target\":[\"https:\\\/\\\/www.mjhs.org\\\/covid-19\\\/support-the-emergency-response-fund\\\/\"]}]},{\"@type\":\"ImageObject\",\"inLanguage\":\"es\",\"@id\":\"https:\\\/\\\/www.mjhs.org\\\/covid-19\\\/support-the-emergency-response-fund\\\/#primaryimage\",\"url\":\"https:\\\/\\\/mjhs.imgix.net\\\/2018\\\/02\\\/MJHS_Happenings_Teal.jpg?fm=pjpg\",\"contentUrl\":\"https:\\\/\\\/mjhs.imgix.net\\\/2018\\\/02\\\/MJHS_Happenings_Teal.jpg?fm=pjpg\",\"width\":931,\"height\":731,\"caption\":\"MJHS Happenings\"},{\"@type\":\"BreadcrumbList\",\"@id\":\"https:\\\/\\\/www.mjhs.org\\\/covid-19\\\/support-the-emergency-response-fund\\\/#breadcrumb\",\"itemListElement\":[{\"@type\":\"ListItem\",\"position\":1,\"name\":\"Home\",\"item\":\"https:\\\/\\\/www.mjhs.org\\\/\"},{\"@type\":\"ListItem\",\"position\":2,\"name\":\"COVID-19: MJHS Health System Updates\",\"item\":\"https:\\\/\\\/www.mjhs.org\\\/covid-19\\\/\"},{\"@type\":\"ListItem\",\"position\":3,\"name\":\"Support the MJHS Emergency Response Fund\"}]},{\"@type\":\"WebSite\",\"@id\":\"https:\\\/\\\/www.mjhs.org\\\/#website\",\"url\":\"https:\\\/\\\/www.mjhs.org\\\/\",\"name\":\"MJHS Health System\",\"description\":\"Abriendo el Camino Hacia un Cuidado de Excelencia\",\"publisher\":{\"@id\":\"https:\\\/\\\/www.mjhs.org\\\/#organization\"},\"potentialAction\":[{\"@type\":\"SearchAction\",\"target\":{\"@type\":\"EntryPoint\",\"urlTemplate\":\"https:\\\/\\\/www.mjhs.org\\\/?s={search_term_string}\"},\"query-input\":{\"@type\":\"PropertyValueSpecification\",\"valueRequired\":true,\"valueName\":\"search_term_string\"}}],\"inLanguage\":\"es\"},{\"@type\":\"Organization\",\"@id\":\"https:\\\/\\\/www.mjhs.org\\\/#organization\",\"name\":\"MJHS Health System\",\"url\":\"https:\\\/\\\/www.mjhs.org\\\/\",\"logo\":{\"@type\":\"ImageObject\",\"inLanguage\":\"es\",\"@id\":\"https:\\\/\\\/www.mjhs.org\\\/#\\\/schema\\\/logo\\\/image\\\/\",\"url\":\"\\\/wp-content\\\/uploads\\\/2019\\\/07\\\/mjhs_logo_for_SEO.png\",\"contentUrl\":\"\\\/wp-content\\\/uploads\\\/2019\\\/07\\\/mjhs_logo_for_SEO.png\",\"width\":700,\"height\":296,\"caption\":\"MJHS Health System\"},\"image\":{\"@id\":\"https:\\\/\\\/www.mjhs.org\\\/#\\\/schema\\\/logo\\\/image\\\/\"},\"sameAs\":[\"https:\\\/\\\/www.facebook.com\\\/MJHS01\\\/\",\"https:\\\/\\\/x.com\\\/MJHS01\"]}]}<\/script>","yoast_head_json":{"title":"Apoyo al Fondo de respuesta ante emergencias de MJHS | MJHS Health System","description":"{:en}Support the MJHS COVID-19 Emergency Response Fund by donating today! We need your help to provide care to hospice patients, families, and front line workers.","robots":{"index":"noindex","follow":"nofollow"},"og_locale":"es_MX","og_type":"article","og_title":"Apoyo al Fondo de respuesta ante emergencias de MJHS | MJHS Health System","og_description":"{:en}Support the MJHS COVID-19 Emergency Response Fund by donating today! We need your help to provide care to hospice patients, families, and front line workers.","og_url":"https:\/\/www.mjhs.org\/covid-19\/support-the-emergency-response-fund\/","og_site_name":"MJHS Health System","article_publisher":"https:\/\/www.facebook.com\/MJHS01\/","article_modified_time":"2025-01-28T01:31:02+00:00","og_image":[{"width":931,"height":731,"url":"https:\/\/mjhs.imgix.net\/2018\/02\/MJHS_Happenings_Teal.jpg?fm=pjpg","type":"image\/jpeg"}],"twitter_card":"summary_large_image","twitter_site":"@MJHS01","schema":{"@context":"https:\/\/schema.org","@graph":[{"@type":"WebPage","@id":"https:\/\/www.mjhs.org\/covid-19\/support-the-emergency-response-fund\/","url":"https:\/\/www.mjhs.org\/covid-19\/support-the-emergency-response-fund\/","name":"Apoyo al Fondo de respuesta ante emergencias de MJHS | MJHS Health System","isPartOf":{"@id":"https:\/\/www.mjhs.org\/#website"},"primaryImageOfPage":{"@id":"https:\/\/www.mjhs.org\/covid-19\/support-the-emergency-response-fund\/#primaryimage"},"image":{"@id":"https:\/\/www.mjhs.org\/covid-19\/support-the-emergency-response-fund\/#primaryimage"},"thumbnailUrl":"https:\/\/mjhs.imgix.net\/2018\/02\/MJHS_Happenings_Teal.jpg?fm=pjpg","datePublished":"2020-03-24T16:22:41+00:00","dateModified":"2025-01-28T01:31:02+00:00","description":"{:en}Support the MJHS COVID-19 Emergency Response Fund by donating today! We need your help to provide care to hospice patients, families, and front line workers.","breadcrumb":{"@id":"https:\/\/www.mjhs.org\/covid-19\/support-the-emergency-response-fund\/#breadcrumb"},"inLanguage":"es","potentialAction":[{"@type":"ReadAction","target":["https:\/\/www.mjhs.org\/covid-19\/support-the-emergency-response-fund\/"]}]},{"@type":"ImageObject","inLanguage":"es","@id":"https:\/\/www.mjhs.org\/covid-19\/support-the-emergency-response-fund\/#primaryimage","url":"https:\/\/mjhs.imgix.net\/2018\/02\/MJHS_Happenings_Teal.jpg?fm=pjpg","contentUrl":"https:\/\/mjhs.imgix.net\/2018\/02\/MJHS_Happenings_Teal.jpg?fm=pjpg","width":931,"height":731,"caption":"MJHS Happenings"},{"@type":"BreadcrumbList","@id":"https:\/\/www.mjhs.org\/covid-19\/support-the-emergency-response-fund\/#breadcrumb","itemListElement":[{"@type":"ListItem","position":1,"name":"Home","item":"https:\/\/www.mjhs.org\/"},{"@type":"ListItem","position":2,"name":"COVID-19: MJHS Health System Updates","item":"https:\/\/www.mjhs.org\/covid-19\/"},{"@type":"ListItem","position":3,"name":"Support the MJHS Emergency Response Fund"}]},{"@type":"WebSite","@id":"https:\/\/www.mjhs.org\/#website","url":"https:\/\/www.mjhs.org\/","name":"MJHS Health System","description":"Abriendo el Camino Hacia un Cuidado de Excelencia","publisher":{"@id":"https:\/\/www.mjhs.org\/#organization"},"potentialAction":[{"@type":"SearchAction","target":{"@type":"EntryPoint","urlTemplate":"https:\/\/www.mjhs.org\/?s={search_term_string}"},"query-input":{"@type":"PropertyValueSpecification","valueRequired":true,"valueName":"search_term_string"}}],"inLanguage":"es"},{"@type":"Organization","@id":"https:\/\/www.mjhs.org\/#organization","name":"MJHS Health System","url":"https:\/\/www.mjhs.org\/","logo":{"@type":"ImageObject","inLanguage":"es","@id":"https:\/\/www.mjhs.org\/#\/schema\/logo\/image\/","url":"\/wp-content\/uploads\/2019\/07\/mjhs_logo_for_SEO.png","contentUrl":"\/wp-content\/uploads\/2019\/07\/mjhs_logo_for_SEO.png","width":700,"height":296,"caption":"MJHS Health System"},"image":{"@id":"https:\/\/www.mjhs.org\/#\/schema\/logo\/image\/"},"sameAs":["https:\/\/www.facebook.com\/MJHS01\/","https:\/\/x.com\/MJHS01"]}]}},"jetpack_sharing_enabled":true,"_links":{"self":[{"href":"https:\/\/www.mjhs.org\/es\/wp-json\/wp\/v2\/pages\/21457","targetHints":{"allow":["GET"]}}],"collection":[{"href":"https:\/\/www.mjhs.org\/es\/wp-json\/wp\/v2\/pages"}],"about":[{"href":"https:\/\/www.mjhs.org\/es\/wp-json\/wp\/v2\/types\/page"}],"author":[{"embeddable":true,"href":"https:\/\/www.mjhs.org\/es\/wp-json\/wp\/v2\/users\/3"}],"replies":[{"embeddable":true,"href":"https:\/\/www.mjhs.org\/es\/wp-json\/wp\/v2\/comments?post=21457"}],"version-history":[{"count":0,"href":"https:\/\/www.mjhs.org\/es\/wp-json\/wp\/v2\/pages\/21457\/revisions"}],"up":[{"embeddable":true,"href":"https:\/\/www.mjhs.org\/es\/wp-json\/wp\/v2\/pages\/20650"}],"wp:featuredmedia":[{"embeddable":true,"href":"https:\/\/www.mjhs.org\/es\/wp-json\/wp\/v2\/media\/3355"}],"wp:attachment":[{"href":"https:\/\/www.mjhs.org\/es\/wp-json\/wp\/v2\/media?parent=21457"}],"wp:term":[{"taxonomy":"category","embeddable":true,"href":"https:\/\/www.mjhs.org\/es\/wp-json\/wp\/v2\/categories?post=21457"}],"curies":[{"name":"wp","href":"https:\/\/api.w.org\/{rel}","templated":true}]}}