{"id":21905,"date":"2020-04-01T21:26:25","date_gmt":"2020-04-01T21:26:25","guid":{"rendered":"https:\/\/mjhs.wpengine.com\/?page_id=21905"},"modified":"2025-01-27T20:22:43","modified_gmt":"2025-01-28T01:22:43","slug":"frequently-asked-questions","status":"publish","type":"page","link":"https:\/\/www.mjhs.org\/es\/covid-19\/frequently-asked-questions\/","title":{"rendered":"Preguntas frecuentes: cuidadores de la familia y COVID-19"},"content":{"rendered":"\n<h4 class=\"wp-block-heading\"><strong>\u00bfQu\u00e9 es el COVID-19?<\/strong><\/h4>\n\n\n\n<p>El virus que causa el COVID-19 apareci\u00f3 por primera vez a fines de 2019 y ahora se ha propagado en todo el mundo.&nbsp;Recientemente, apareci\u00f3 una nueva cepa del virus, llamada \u201cvariante delta\u201d, y es al menos un 50% m\u00e1s contagiosa.&nbsp;Actualmente, es la causa de la mayor\u00eda de las infecciones recientes en los Estados&nbsp;Unidos.<\/p>\n\n\n\n<h4 class=\"wp-block-heading\"><strong>\u00bfPor qu\u00e9 hay tanta preocupaci\u00f3n respecto al COVID-19, particularmente con la nueva cepa delta?<\/strong><\/h4>\n\n\n\n<p>Algunos adultos y ni\u00f1os que contraen COVID-19 tienen infecciones graves y requieren hospitalizaci\u00f3n.&nbsp;M\u00e1s de 600,000&nbsp;estadounidenses murieron a causa de la enfermedad.&nbsp;Actualmente, la poblaci\u00f3n no vacunada es la que contin\u00faa en riesgo de contraer estas infecciones graves.&nbsp;Mientras la variante delta se propaga r\u00e1pidamente en la poblaci\u00f3n no vacunada, continuaremos teniendo estos resultados tr\u00e1gicos.&nbsp;La mayor\u00eda de las personas vacunadas est\u00e1n protegidas contra el COVID, incluida la variante delta, o experimentan una enfermedad leve.&nbsp;Vac\u00fanese ahora si todav\u00eda no lo ha hecho. La vacunaci\u00f3n funciona.<\/p>\n\n\n\n<h4 class=\"wp-block-heading\"><strong>\u00bfC\u00f3mo se propaga el COVID-19?<\/strong><\/h4>\n\n\n\n<p>El COVID-19 se puede propagar mediante las personas que est\u00e1n enfermas y tambi\u00e9n mediante las personas que tienen la infecci\u00f3n, pero no lo saben.&nbsp;Toda persona infectada puede propagar el COVID-19 a trav\u00e9s de la tos o los estornudos que se pulverizan y llegan a la cara de otra persona. Una persona tambi\u00e9n puede contraer el virus si toca un objeto contaminado por alguien con COVID-19 y luego se toca la cara.<\/p>\n\n\n\n<h4 class=\"wp-block-heading\"><strong>\u00bfQu\u00e9 estoy intentando hacer como cuidador?<\/strong><\/h4>\n\n\n\n<p>Como cuidador, usted debe hacer varias cosas. Primero, debe vacunarse para protegerse y proteger a las personas a las que les brinda atenci\u00f3n de contraer el virus. Segundo, aliente a aquellos a los que usted les brinda atenci\u00f3n a vacunarse.&nbsp;Tercero, cuide a su familiar si desarrolla COVID-19 y aseg\u00farese de que realice la cuarentena para que la posibilidad de infectar a otros sea baja.&nbsp;Cuarto, si cree que puede estar desarrollando COVID-19 o alguien a quien usted le brinda atenci\u00f3n contrae COVID-19, real\u00edcese la prueba de inmediato.<\/p>\n\n\n\n<h4 class=\"wp-block-heading\"><strong>\u00bfQu\u00e9 debo hacer para reducir las posibilidades de infectarme?<\/strong><\/h4>\n\n\n\n<p>A pesar de que la situaci\u00f3n ha mejorado, hay algunas recomendaciones importantes:<\/p>\n\n\n\n<ul class=\"wp-block-list\">\n<li>Vac\u00fanese ahora si todav\u00eda no lo ha hecho. Esta es la mejor manera de protegerse contra la enfermedad grave, la hospitalizaci\u00f3n y la muerte.\n<ul class=\"wp-block-list\">\n<li>Casi todas las hospitalizaciones y muertes causadas por COVID-19 se producen en individuos no vacunados.<\/li>\n<\/ul>\n<\/li>\n\n\n\n<li>Considere usar una mascarilla si est\u00e1 en un espacio cerrado y cerca de grupos grandes de personas.<\/li>\n\n\n\n<li>A menos que est\u00e9 en un grupo peque\u00f1o de personas vacunadas, intente distanciarse socialmente y permanezca a 6&nbsp;pies de distancia de las dem\u00e1s personas. Adem\u00e1s, no comparta vasos, platos, utensilios ni toallas con ninguna otra persona.<\/li>\n\n\n\n<li>Lavado de manos: l\u00e1vese las manos con frecuencia y, cuando se lave, use jab\u00f3n y frote todas las superficies durante al menos 20&nbsp;segundos.<\/li>\n\n\n\n<li>Uso de desinfectante de manos si no puede lavarse las manos con agua y jab\u00f3n: use un desinfectante que contenga al menos un 60% de alcohol; frote todas las superficies de las manos hasta que est\u00e9n secas.<\/li>\n<\/ul>\n\n\n\n<h4 class=\"wp-block-heading\"><strong>\u00bfQu\u00e9 debo hacer para reducir la posibilidad de que mi familiar contraiga COVID-19?<\/strong><\/h4>\n\n\n\n<ul class=\"wp-block-list\">\n<li>Antes de permitir que otras personas visiten su casa, debe determinar si se han vacunado o si podr\u00edan estar enfermos.<\/li>\n\n\n\n<li>Preg\u00fanteles a los visitantes si se sienten afiebrados o tienen tos, dolor de garganta o falta de aire. Si la respuesta es afirmativa, deben irse a sus casas y mantenerse alejados de las dem\u00e1s personas.\n<ul class=\"wp-block-list\">\n<li>Los visitantes que no se hayan vacunado deben usar mascarilla cuando est\u00e9n en compa\u00f1\u00eda de otras personas. Esto debe cumplirse particularmente cuando se encuentran en un espacio cerrado.<\/li>\n\n\n\n<li>Si no est\u00e1 vacunado, su familiar debe permanecer al menos a seis pies de distancia de otras personas, de ser posible.<\/li>\n<\/ul>\n<\/li>\n<\/ul>\n\n\n\n<h4 class=\"wp-block-heading\"><strong>\u00bfQu\u00e9 debo hacer si mi familiar o yo tenemos COVID-19?<\/strong><\/h4>\n\n\n\n<p>Si su familiar o usted se enferman, debe hacer lo siguiente:<\/p>\n\n\n\n<ul class=\"wp-block-list\">\n<li>La persona que est\u00e1 enferma debe permanecer en una habitaci\u00f3n, lejos de otras personas, tanto como se pueda; y usar un ba\u00f1o separado, de ser posible.<\/li>\n\n\n\n<li>No comparta vasos, platos, utensilios ni toallas.<\/li>\n\n\n\n<li>Todos en la casa deben usar mascarilla cuando haya otras personas cerca.<\/li>\n\n\n\n<li>Los pa\u00f1uelos son para toser o estornudar, y se deben desechar en una bolsa pl\u00e1stica.<\/li>\n\n\n\n<li>Todos en la casa deben lavarse las manos con frecuencia o usar desinfectante de manos si no pueden lavarse.<\/li>\n\n\n\n<li>Todos los d\u00edas, se deben limpiar las mesadas, mesas y perillas con un limpiador dom\u00e9stico.<\/li>\n\n\n\n<li>Si se necesita lavar la ropa que us\u00f3 la persona enferma, quien est\u00e9 a cargo de esto debe usar guantes desechables y lavarse las manos de inmediato despu\u00e9s de sac\u00e1rselos.<\/li>\n\n\n\n<li>No debe haber visitantes a menos que sean profesionales que llegan a controlar o ayudar.<\/li>\n\n\n\n<li>La persona que est\u00e1 enferma debe beber mucho l\u00edquido y tomar medicamentos de venta libre, como el acetaminofeno (Tylenol\u00ae), para la fiebre y el dolor.<\/li>\n\n\n\n<li>Se debe tomar la temperatura de la persona enferma dos veces al d\u00eda, antes de administrarle el medicamento para la fiebre.<\/li>\n\n\n\n<li>Comun\u00edquese con su m\u00e9dico y obtenga ayuda si su familiar o usted desarrollan s\u00edntomas de agravamiento, como fiebre alta o falta de aire; acuda a la sala de emergencias del hospital solo si un m\u00e9dico lo recomienda o si se agrava el cuadro de la persona enferma.<\/li>\n\n\n\n<li>En el caso de la mayor\u00eda de las personas, el COVID-19 dura una semana o dos. Puede dejar de tomar estas precauciones cuando la persona enferma no haya tenido fiebre durante 3&nbsp;d\u00edas sin tomar medicamentos para la fiebre Y los dem\u00e1s s\u00edntomas, como la tos, mejoren; Y haya transcurrido al menos 1&nbsp;semana desde que los s\u00edntomas comenzaron.<\/li>\n<\/ul>\n","protected":false},"excerpt":{"rendered":"<p>\u00bfQu\u00e9 es el COVID-19? El virus que causa el COVID-19 apareci\u00f3 por primera vez a fines de 2019 y ahora se ha propagado en todo el mundo.&nbsp;Recientemente, apareci\u00f3 una nueva [&hellip;]<\/p>\n","protected":false},"author":14,"featured_media":0,"parent":20650,"menu_order":6,"comment_status":"closed","ping_status":"closed","template":"","meta":{"_acf_changed":false,"footnotes":""},"categories":[],"class_list":["post-21905","page","type-page","status-publish","hentry"],"translation":{"provider":"WPGlobus","version":"3.0.2","language":"es","enabled_languages":["en","es"],"languages":{"en":{"title":true,"content":true,"excerpt":false},"es":{"title":true,"content":true,"excerpt":false}}},"acf":[],"yoast_head":"<title>Frequently Asked Questions: Family Caregivers and COVID-19<\/title>\n<meta name=\"robots\" content=\"noindex, nofollow\" \/>\n<meta property=\"og:locale\" content=\"es_MX\" \/>\n<meta property=\"og:type\" content=\"article\" \/>\n<meta property=\"og:title\" content=\"Frequently Asked Questions: Family Caregivers and COVID-19\" \/>\n<meta property=\"og:url\" content=\"https:\/\/www.mjhs.org\/covid-19\/frequently-asked-questions\/\" \/>\n<meta property=\"og:site_name\" content=\"MJHS Health System\" \/>\n<meta property=\"article:publisher\" content=\"https:\/\/www.facebook.com\/MJHS01\/\" \/>\n<meta property=\"article:modified_time\" content=\"2025-01-28T01:22:43+00:00\" \/>\n<meta name=\"twitter:card\" content=\"summary_large_image\" \/>\n<meta name=\"twitter:site\" content=\"@MJHS01\" \/>\n<script type=\"application\/ld+json\" class=\"yoast-schema-graph\">{\"@context\":\"https:\\\/\\\/schema.org\",\"@graph\":[{\"@type\":\"WebPage\",\"@id\":\"https:\\\/\\\/www.mjhs.org\\\/covid-19\\\/frequently-asked-questions\\\/\",\"url\":\"https:\\\/\\\/www.mjhs.org\\\/covid-19\\\/frequently-asked-questions\\\/\",\"name\":\"Preguntas frecuentes: cuidadores de la familia y COVID-19 | MJHS Health System\",\"isPartOf\":{\"@id\":\"https:\\\/\\\/www.mjhs.org\\\/#website\"},\"datePublished\":\"2020-04-01T21:26:25+00:00\",\"dateModified\":\"2025-01-28T01:22:43+00:00\",\"description\":\"Read below to get answers on our most frequently asked questions relating to family caregivers and COVID-19.\",\"breadcrumb\":{\"@id\":\"https:\\\/\\\/www.mjhs.org\\\/covid-19\\\/frequently-asked-questions\\\/#breadcrumb\"},\"inLanguage\":\"es\",\"potentialAction\":[{\"@type\":\"ReadAction\",\"target\":[\"https:\\\/\\\/www.mjhs.org\\\/covid-19\\\/frequently-asked-questions\\\/\"]}]},{\"@type\":\"BreadcrumbList\",\"@id\":\"https:\\\/\\\/www.mjhs.org\\\/covid-19\\\/frequently-asked-questions\\\/#breadcrumb\",\"itemListElement\":[{\"@type\":\"ListItem\",\"position\":1,\"name\":\"Home\",\"item\":\"https:\\\/\\\/www.mjhs.org\\\/\"},{\"@type\":\"ListItem\",\"position\":2,\"name\":\"COVID-19: MJHS Health System Updates\",\"item\":\"https:\\\/\\\/www.mjhs.org\\\/covid-19\\\/\"},{\"@type\":\"ListItem\",\"position\":3,\"name\":\"Frequently Asked Questions: Family Caregivers and COVID-19\"}]},{\"@type\":\"WebSite\",\"@id\":\"https:\\\/\\\/www.mjhs.org\\\/#website\",\"url\":\"https:\\\/\\\/www.mjhs.org\\\/\",\"name\":\"MJHS Health System\",\"description\":\"Abriendo el Camino Hacia un Cuidado de Excelencia\",\"publisher\":{\"@id\":\"https:\\\/\\\/www.mjhs.org\\\/#organization\"},\"potentialAction\":[{\"@type\":\"SearchAction\",\"target\":{\"@type\":\"EntryPoint\",\"urlTemplate\":\"https:\\\/\\\/www.mjhs.org\\\/?s={search_term_string}\"},\"query-input\":{\"@type\":\"PropertyValueSpecification\",\"valueRequired\":true,\"valueName\":\"search_term_string\"}}],\"inLanguage\":\"es\"},{\"@type\":\"Organization\",\"@id\":\"https:\\\/\\\/www.mjhs.org\\\/#organization\",\"name\":\"MJHS Health System\",\"url\":\"https:\\\/\\\/www.mjhs.org\\\/\",\"logo\":{\"@type\":\"ImageObject\",\"inLanguage\":\"es\",\"@id\":\"https:\\\/\\\/www.mjhs.org\\\/#\\\/schema\\\/logo\\\/image\\\/\",\"url\":\"\\\/wp-content\\\/uploads\\\/2019\\\/07\\\/mjhs_logo_for_SEO.png\",\"contentUrl\":\"\\\/wp-content\\\/uploads\\\/2019\\\/07\\\/mjhs_logo_for_SEO.png\",\"width\":700,\"height\":296,\"caption\":\"MJHS Health System\"},\"image\":{\"@id\":\"https:\\\/\\\/www.mjhs.org\\\/#\\\/schema\\\/logo\\\/image\\\/\"},\"sameAs\":[\"https:\\\/\\\/www.facebook.com\\\/MJHS01\\\/\",\"https:\\\/\\\/x.com\\\/MJHS01\"]}]}<\/script>","yoast_head_json":{"title":"Frequently Asked Questions: Family Caregivers and COVID-19","robots":{"index":"noindex","follow":"nofollow"},"og_locale":"es_MX","og_type":"article","og_title":"Frequently Asked Questions: Family Caregivers and COVID-19","og_url":"https:\/\/www.mjhs.org\/covid-19\/frequently-asked-questions\/","og_site_name":"MJHS Health System","article_publisher":"https:\/\/www.facebook.com\/MJHS01\/","article_modified_time":"2025-01-28T01:22:43+00:00","twitter_card":"summary_large_image","twitter_site":"@MJHS01","schema":{"@context":"https:\/\/schema.org","@graph":[{"@type":"WebPage","@id":"https:\/\/www.mjhs.org\/covid-19\/frequently-asked-questions\/","url":"https:\/\/www.mjhs.org\/covid-19\/frequently-asked-questions\/","name":"Preguntas frecuentes: cuidadores de la familia y COVID-19 | MJHS Health System","isPartOf":{"@id":"https:\/\/www.mjhs.org\/#website"},"datePublished":"2020-04-01T21:26:25+00:00","dateModified":"2025-01-28T01:22:43+00:00","description":"Read below to get answers on our most frequently asked questions relating to family caregivers and COVID-19.","breadcrumb":{"@id":"https:\/\/www.mjhs.org\/covid-19\/frequently-asked-questions\/#breadcrumb"},"inLanguage":"es","potentialAction":[{"@type":"ReadAction","target":["https:\/\/www.mjhs.org\/covid-19\/frequently-asked-questions\/"]}]},{"@type":"BreadcrumbList","@id":"https:\/\/www.mjhs.org\/covid-19\/frequently-asked-questions\/#breadcrumb","itemListElement":[{"@type":"ListItem","position":1,"name":"Home","item":"https:\/\/www.mjhs.org\/"},{"@type":"ListItem","position":2,"name":"COVID-19: MJHS Health System Updates","item":"https:\/\/www.mjhs.org\/covid-19\/"},{"@type":"ListItem","position":3,"name":"Frequently Asked Questions: Family Caregivers and COVID-19"}]},{"@type":"WebSite","@id":"https:\/\/www.mjhs.org\/#website","url":"https:\/\/www.mjhs.org\/","name":"MJHS Health System","description":"Abriendo el Camino Hacia un Cuidado de Excelencia","publisher":{"@id":"https:\/\/www.mjhs.org\/#organization"},"potentialAction":[{"@type":"SearchAction","target":{"@type":"EntryPoint","urlTemplate":"https:\/\/www.mjhs.org\/?s={search_term_string}"},"query-input":{"@type":"PropertyValueSpecification","valueRequired":true,"valueName":"search_term_string"}}],"inLanguage":"es"},{"@type":"Organization","@id":"https:\/\/www.mjhs.org\/#organization","name":"MJHS Health System","url":"https:\/\/www.mjhs.org\/","logo":{"@type":"ImageObject","inLanguage":"es","@id":"https:\/\/www.mjhs.org\/#\/schema\/logo\/image\/","url":"\/wp-content\/uploads\/2019\/07\/mjhs_logo_for_SEO.png","contentUrl":"\/wp-content\/uploads\/2019\/07\/mjhs_logo_for_SEO.png","width":700,"height":296,"caption":"MJHS Health System"},"image":{"@id":"https:\/\/www.mjhs.org\/#\/schema\/logo\/image\/"},"sameAs":["https:\/\/www.facebook.com\/MJHS01\/","https:\/\/x.com\/MJHS01"]}]}},"jetpack_sharing_enabled":true,"_links":{"self":[{"href":"https:\/\/www.mjhs.org\/es\/wp-json\/wp\/v2\/pages\/21905","targetHints":{"allow":["GET"]}}],"collection":[{"href":"https:\/\/www.mjhs.org\/es\/wp-json\/wp\/v2\/pages"}],"about":[{"href":"https:\/\/www.mjhs.org\/es\/wp-json\/wp\/v2\/types\/page"}],"author":[{"embeddable":true,"href":"https:\/\/www.mjhs.org\/es\/wp-json\/wp\/v2\/users\/14"}],"replies":[{"embeddable":true,"href":"https:\/\/www.mjhs.org\/es\/wp-json\/wp\/v2\/comments?post=21905"}],"version-history":[{"count":0,"href":"https:\/\/www.mjhs.org\/es\/wp-json\/wp\/v2\/pages\/21905\/revisions"}],"up":[{"embeddable":true,"href":"https:\/\/www.mjhs.org\/es\/wp-json\/wp\/v2\/pages\/20650"}],"wp:attachment":[{"href":"https:\/\/www.mjhs.org\/es\/wp-json\/wp\/v2\/media?parent=21905"}],"wp:term":[{"taxonomy":"category","embeddable":true,"href":"https:\/\/www.mjhs.org\/es\/wp-json\/wp\/v2\/categories?post=21905"}],"curies":[{"name":"wp","href":"https:\/\/api.w.org\/{rel}","templated":true}]}}