{"id":42440,"date":"2022-05-27T13:22:03","date_gmt":"2022-05-27T17:22:03","guid":{"rendered":"https:\/\/mjhs1.wpengine.com\/?page_id=42440"},"modified":"2025-09-08T21:19:29","modified_gmt":"2025-09-09T01:19:29","slug":"pediatric-care-at-mjhs","status":"publish","type":"page","link":"https:\/\/www.mjhs.org\/es\/centros-de-rehabilitaci%C3%B3n-y-enfermer%C3%ADa\/atenci%C3%B3n-al-final-de-la-vida\/cuidados-de-hospicio-pedi%C3%A1tricos-en-mjhs\/","title":{"rendered":"Atenci\u00f3n de hospicio pedi\u00e1trica en MJHS"},"content":{"rendered":"<div class=\"fifty-fifty-columns \">\n  <div class=\"column column--right column--default\">\n    <div class=\"column__image\">\n      <img decoding=\"async\"\n                  class=\"image-aspect-ratio-16-9\"\n                src=\"https:\/\/mjhs.imgix.net\/2022\/05\/iStock-1187487353-1200x800-1.jpg?fm=pjpg\" alt=\"{:en}A child rests their head on their mother's shoulder; the mother looks down at the child and smiles{:}{:es}Un ni\u00f1o con la cabeza apoyada sobre el hombro de su madre, mientras esta lo mira y sonr\u00ede{:}\"\n      >\n    <\/div>\n    <div class=\"column__content\">\n      <h2><\/h2>      <p>Pero cuando el paciente es su hijo, los desaf\u00edos son a\u00fan m\u00e1s complejos. Como padre, debe lidiar con muchas responsabilidades; adem\u00e1s, es posible que tenga otros hijos que est\u00e9n asustados o necesiten atenci\u00f3n y que deba tomar muchas otras decisiones, lo cual puede ser abrumador.<\/p>\n<p>A menudo, no hay nadie con quien hablar que comprenda realmente su situaci\u00f3n y pueda ofrecerle ayuda concreta para explorar los desaf\u00edos cl\u00ednicos y emocionales que enfrentar\u00e1 en el futuro.<strong>En MJHS, podemos ayudarlo.<\/strong><\/p>\n          <\/div>\n  <\/div>\n<\/div>\n\n\n\n\n<h2 class=\"wp-block-heading\" id=\"h-mjhs-le-brinda-la-atencion-que-necesita\">MJHS le brinda la atenci\u00f3n que necesita<\/h2>\n\n\n\n<p>En MJHS, nuestro objetivo es garantizar que usted y su hijo (y sus hermanos) reciban la atenci\u00f3n y los servicios que necesitan durante este per\u00edodo desafiante. El equipo pedi\u00e1trico de MJHS puede brindarle atenci\u00f3n para la comodidad a su hijo en cualquier etapa de la enfermedad, incluso si a\u00fan recibe tratamiento curativo. Tambi\u00e9n lo asesoraremos con respecto a lo que puede esperar a medida que avanza la enfermedad de su hijo, y le ofreceremos el apoyo necesario para que usted y su hijo puedan mantener la mejor calidad de vida posible.<\/p>\n\n\n\n<p>El equipo de atenci\u00f3n de MJHS incluye m\u00e9dicos y enfermeros practicantes especializados en\u00a0<a href=\"\/es\/resource\/understanding-pediatric-hospice\/\">cuidados pedi\u00e1tricos de hospicio<\/a>, enfermeros pedi\u00e1tricos y trabajadores sociales altamente capacitados. Todos los miembros del equipo tienen capacitaci\u00f3n especializada para tratar los s\u00edntomas f\u00edsicos angustiantes, como el dolor, la fatiga, las n\u00e1useas y la falta de aliento, y los desaf\u00edos emocionales, como la ansiedad, la depresi\u00f3n, la aflicci\u00f3n espiritual y los problemas familiares. Adem\u00e1s de la atenci\u00f3n que brindamos, el equipo tambi\u00e9n lo ayudar\u00e1 a conectarse con servicios comunitarios que pueden brindarle apoyo adicional.<\/p>\n\n\n\n<h3 class=\"wp-block-heading\" id=\"h-primeros-pasos\">Primeros pasos<\/h3>\n\n\n\n<p>Para comenzar, nuestro equipo hablar\u00e1 con los m\u00e9dicos de su hijo para comprender los detalles de la afecci\u00f3n m\u00e9dica que padece y los servicios cl\u00ednicos y de apoyo que recibe actualmente. Esto garantiza que todos est\u00e9n de acuerdo y puedan trabajar juntos. Luego, nos comunicamos con su compa\u00f1\u00eda de seguros para maximizar los beneficios para su hijo y su familia.<\/p>\n\n\n\n<h3 class=\"wp-block-heading\">Visita a domicilio<\/h3>\n\n\n\n<p>Uno de nuestros m\u00e9dicos cl\u00ednicos pedi\u00e1tricos visitar\u00e1 su casa para hablar con usted y su hijo. Examinar\u00e1 a su hijo y analizar\u00e1 con usted las inquietudes relacionadas con la afecci\u00f3n m\u00e9dica. El equipo de atenci\u00f3n de hospicio se comunicar\u00e1 con el equipo pedi\u00e1trico principal de su hijo para hacer recomendaciones y coordinar la atenci\u00f3n. El m\u00e9dico o el enfermero practicante de atenci\u00f3n de hospicio tambi\u00e9n visitar\u00e1 a su hijo, seg\u00fan sea necesario, y brindar\u00e1 orientaci\u00f3n adicional sobre el cuidado en el hogar. Un trabajador social de MJHS, que cuenta con capacitaci\u00f3n para comprender las necesidades f\u00edsicas y emocionales \u00fanicas de los ni\u00f1os que padecen una enfermedad terminal y su familia, brindar\u00e1 apoyo continuo, lo que incluye ayudar a organizar la entrega del equipo m\u00e9dico necesario, el transporte a las citas m\u00e9dicas y la conexi\u00f3n con recursos que puedan ayudar con las solicitudes de Medicaid y otros servicios basados en la comunidad.<\/p>\n\n\n\n<h3 class=\"wp-block-heading\">Apoyo continuo<\/h3>\n\n\n\n<p>Su hijo y su familia recibir\u00e1n visitas continuas por parte del equipo de atenci\u00f3n de hospicio pedi\u00e1trica, que incluye enfermeros, trabajadores sociales y proveedores de servicio pastoral.<\/p>\n\n\n\n<p>Tambi\u00e9n seguir\u00e1n colaborando estrechamente con el pediatra y los m\u00e9dicos especialistas de su hijo para ofrecer recomendaciones sobre c\u00f3mo gestionar los s\u00edntomas en evoluci\u00f3n del ni\u00f1o. Por supuesto, usted siempre participara activamente en la toma de decisiones sobre la atenci\u00f3n brindada.<\/p>\n\n\n\n<p><strong>Para obtener m\u00e1s informaci\u00f3n sobre el programa\u00a0<a href=\"\/es\/about\/contact-mjhs\/\">de hospicio pedi\u00e1trico<\/a>\u00a0o solicitar atenci\u00f3n<\/strong>, llame al (212) 420-3370 o haga clic\u00a0<a href=\"\/es\/about\/contact-mjhs\">aqu\u00ed para contactarnos<\/a>.<\/p>\n\n\n\n<h2 class=\"wp-block-heading\" id=\"h-contactenos\">Cont\u00e1ctenos<\/h2>\n\n\n<form method=\"post\" class=\"acfe-form acf-form\" data-cid=\"69e6683130629\">\t<div id=\"acf-form-data\" class=\"acf-hidden\">\n\t\t<input type=\"hidden\" id=\"_acf_screen\" name=\"_acf_screen\" value=\"acfe_form\"\/><input type=\"hidden\" id=\"_acf_post_id\" name=\"_acf_post_id\" value=\"42440\"\/><input type=\"hidden\" id=\"_acf_validation\" name=\"_acf_validation\" value=\"1\"\/><input type=\"hidden\" id=\"_acf_form\" name=\"_acf_form\" value=\"L2daUVZqb3ZMRCtQMGdCOFlHQ2RSZEdadURrSTNOTVFOYXBGZCswTHVGUEhHL0hXRktiTWFPN28rZzhQRFIxMHpRdGp3U2hua0FBNE4zWFBLQkJJUVJ3QXcrR01XYVVHUFNVS2RaYkt5dXk0VnVQOXlNYWthTS9ORWoxSTZZODBla2dKRHZEQmo4U1NBZWI3L0pSNzlsMTVmQ3RSZUFWcDZEaWhST1BiSUVhK1BwbVhoZmpHdmFNRjFzRE14eCt1MHJwL1psaEdDRFVLNk8zRExZc0kzQVk3OTVaV2l6eEd1U0dCdEtQZW42eGsvVHpKbUU3MUd4UFloZWZHMUNiQU9CRWNWa21nNzA0RzBEVG1jVHE2bHNVOTlpTTZHT3FrdkNub3pnQ1FtcXVDTDRpMmU5SXExbUh2UWdacmRubnluWkZ6M1RGeXZoMkhaS0YzbVdOOHZaVk0wWGlJclRSYjNsOGY5TkNZa1F3ZC9reGphU0JyQXJsWUFPY3J2Vkxna3NSemV2WTdHcW9sdTlaYlpxWU1oS25PZTY4bG1sSy81N3hRTFh2cmQvUkxTWnJLTDhrdmFVMi90dXBlT1ZmUWx4ejFnNGdJZ3phYjRQb1JSS2tFK2RVaitreFBpeVIrYWpBbG1aUC9STUxhSXVDVnQ2THIyWkp1VzNieVZJdjVseE81N0MvcjVWYjBPZWhlb005SE1DV2pJQWtlSEsrM3VyeVc0WGlUYnkvc0FWVUovWFB6bjdCRjJLaVo4WlF0enZmWFZtanlZOEc4ZDMrOWRTYWNsek9EeldkZWNaT2tvYkx4VVpTN1NxekgzajF3ZVlVeWZGZ0pYQk5GTGtidHBpZVRQSFNacWFaZk1iejVyMUdwdXp6TU9CZlQvNkVaYklOdnVycm45QWtiTjlMdGtvNkk0WEQxV3dzbi8zVjErNmM2cnN2NDhaZFBBc0FSNTFtM1FPRm1mM1hETGY2M0poUklSVk13aFVyRERJYVpaOExZSDVrbDZ6VXJkNmQvZzFNMndleHJlakJPb0RaMnU4dGwyTmNuaXRvZFAwMTJKaXo4T1Jqb2paWHA5eVlUR1FDSmVHTDRBNWNxTTB4VHdDQk9wSThxK0NxUVZ1U3NUMVFrdEJtUnJucnZsS1hqUThzNExQellPSGFPTkNJOHhqNis5THhFY1NtNld6eEVENjNNb1ZLakpKOVdVcnEzMjQ5TEpkOTJIMWN3cGx1aXU4ZlUwUE94M1ptN3B0dWdXYlp3UFNNajByVkNsYlJNOEh0RFZaZ0ViU3M3ZkJqT3B5bmUyZENWZjhNQ3kyZWxJakZOaHR4aVgzTVZ4dEdUcVFHaTdnb1ZNS1VtSmt1Slp4NEQ5ZHIxUmU1enBVZDV2V2VCaXdkTG45QjlhdzFOTHROR29GQlFFUHdtUjk3bFlhdkZUb1BnWlZSMGNta0xaTzdib01ibElENGEyZGpnOFBxMUFwSk1NZ3VVTkZuNXhLUFBVNzBRK1hTYmxjN0hDQktFV1BRS05iUi9LTDM4TFVDVSt3cm00cGRyUk9WUDNqMTJrQ3MybjNhL2xuTFFtYkJkMTRVT1pSYUowOTZFcWtOUFVDcHF6U0pPaDlERzd6c2dQY3lkYVBFbHJxbGZldkdWYkxuZlp1OC9MK0YxU0gwREdFRFBBSXhLM0YwaHFESlhxLzY1SnhOVFZhdTNtdFlxazhWajRQQzlCWGY3ZWgvQkF5d2pBSTEyRHZJazcrR3Fzek1qdHJmSDdtVGxGQmFINEZ1TzJ4aVlrQWdnaUNnUDJySDVaWkZkQ1QycWJtVkI0cmZuamU2TTJkSlFIY214ekdxbjZ4bkJvNUhjeS9uZTZlcWZIZTRya2kxRkdqaWFkS1FXOVZ6TWpWaXUrR2lPR2owRWs5MUJSbDZkU3hvejhsTklKTlVvT2JWZ0oreHRxZ3drdU5JVmlFei9XTG9iZm5XbkJBTENsV2FUdWtHc0k1WXBKVFo1ZGplcmlNWTRLem8yS1Q0MmV6Q1NUaTd1K0xseDFYVTI4WGUza1F3SkduTHA0NEVPMnVweU9DK3VUV3NYRHYzenNzTnlWMlhCeXFrc0dxZUJXOU9IeG1GcGFEN1pBazYwNzRhOUJxQTNFbWVYTmdEUUwzUTFXcHN2bFRDa1hjT3pVd1Q0aGh5VWF2Wkg4N1NoV3VuY0NGc2VnQ2MxM2JubFRkNnVDZEtiY3kwWkJSQkgyNUVINVFyWXMyTjhnWG1vTFdmU0Rtd3NrY3d1MzJLaTZrRFg4RkVzOVRRYWNlelF1amtLRm10M1FBcDJkV3VmOTVXVGxUVjRFTFhTSVgxWkMrVVJESW5QNGRjNi9KZCtaMHIrT0swZkhVQlFuelQxQUpOa1VDOFk2blR0VnVHSWlOT215dDhRL3pOYWVXVDNDNUtOcWFzb2ZNZ2d0MDRIZUgzNlRkTEYwbXRxVURWQ0x5RFdsKzlBSU83UmUrU2tSZGN5SkZoUnk1cWRxMDdYWHJTbWdKcWxVenlXNkVTcENLRitJemdLcUR6dDZldjJYcHo3aDk1V0ZaMVBPN0tlOEtuMnJrRlh5U1lWWnRkenRoMm9hcjdqTnhXYXh6WVZTM05oNWlyNnFLeHR1VE5pVUVVS2EvOWZEUkxYVkt5cE91SnliMmZpUXRuc3ZSWkQ2OVhFdnpNenZyVi9ZZktRMjIzUlhWQ085ZjVibDJlSmcyYU55cWQra0xVZUlGMlIybVQ0UTgxZ1FPaVBSbHkvNEJHcnZRMURGVkRCUm42TDJiZHpic25CT253YnFBQVZWanN6dzRLUWtNRGNXZzgwYWhsaVRHU2tVaUJxRUIwNUxrTUJYTGNSWWoxSmxVUTFLTmRHTndDOEU3WkxzZkhpbVBMWU9ZL2pBRXBRUUVLRk12RGIyU3BraWxWVmV1UDRnUG81UWNvQWg4c1crV3UycHhZczNKMkpRL1FGNGN0aVplaTV1djRiQ3FFeS9RNTJMd3RRd0h2dzJCMXVQLzZQV0JBMmtsWU9IUEVDT0VwMHd2N1J3VU5XYjNQOGlXSG51TTBtK0hRMmorNVI3d0lwdlJlUkdBNW9rVnhZN3BVVldrbE1JUmJweTRqaGg2Qld0bGZncEJIODhxV3ZEZlBubXZ0MFUxbkVGR3hSZHZqZ1lYa2ZMWE96R04rNUZJOGtlRjM0aVJKMkgrS1BMK3dTK3cxUG9HTlk0ZGJaSEtjSDY4bk1vekQxdzZaTlg1TkNOdnZJdWlrMU9wN1F0c2c0SmRmd01GSkl2SDFTMUJObE5iUHBCRVdkV2F5dGN3Ym5COVJoWDhHRkVuY25tLzZ2ZXlsVzBvMXhYWTNTcFllYWFudzJqNW5pKzI1amk3d00reFcwbmZXWDlqV1BTZk84MnNEbXk4b2s2VnczaitaRUM3RVNOT2J4SmN0N2grZUlyQ2orVGZqbDFoYUFVL203QnF0RlNQVjhBeS9vUm5WckJBVDZleFM5YSszSjNYQk1sNThwbXk0eXNXRTFUeWZqSkVnb2ZWYlhRR2l1TW85dGlzcThoWXdsRzV5NEhwWG84azVLNWVhWXRNVFZkenpZaG1JUGJ4UTF0K1BGM0Jlbi9EazVBQ1l5aGVoMlFBa2Z0Y2x4SnJvaTRhU0JkcGFzd2FJUWlJTFM2OGd6a2dNakdvK3NjRXF3bEJmTS9CNzYwV1pySXY0NHNLWGM1S1dBeTNxeXliN3VnejBSZWRDcVhrQmhqajkrSzJxRzhKVU1Rbm85MEkvR0cvaFFpMHBxUjRiOURQSjg5TmhzdkFyYlp1UGNIWGhuR0ZDN1Jaek9IQlJpZW4xNVh3Z0RVOEwxWkFGL3lCNDNyZjVDRm44bllhQVJPUi9DMUk5bWNzVm0yVU50Q0d2TGN0YnRlVXh1TEx2cUJVc2NZZllxRTV3ZUpEVm8zODMrNWFObStLenNIVDFHcnd2NEkyTEVETGhueHdReTQ0UzBtQkJKYzYrS3RaamR0VmxKOGtiRUpwY2F2N0hEWWpTbGxaaEpHUGJHZzVQTm1jVFI5V3ZrdHhDMDA1cDQ4Ylc1Q3B1UmtSdWMrc3g2RG1HTzlwc1FZK1lqcHNsbWlYNGtZY0RndGRZMXA5aW5welU3K2NSV2F3NnNNcDJIQjdzQWNmRDJHNEdSbHJQbDJXSysvV0h3aFZaR1l3eEYzZ2h2YzljTVdudWs3ZmlJUWNQRVhVZnNWWnFmbVRML1NhU0RsZkhjTEVWT3ExTlBTZ3MxakVubGVLMG5yMWkxMjBkNE5oVlpJdEZiWHFzOCt3T09yRVpxWGRER3lZOFF4QUdOTnBzMUREcERFbEtRdTl4c2FlNGxURFF0TW9jMm96OVYxWEFOSjluaUpLZElud1gzcDAyMW5TMUtvd2RvQkVnbDVtQzk5c3QyZlRyOEVIbHVWRHFBVDBIdTdJTVpCUGJJT1NkVVVmTTNQaXBlb25uRURYOWxOQWV5NzVLOEc2ZytPRXBtZzdvWndSTFptQk05SHc4QXFLN2xoSXd0dkZSSENacjhvSlNyQjM3NEZwcjFTWnFLMGlRcVhya1dBK3hacUxxNmpEelhiNDdmMC9wUWZhMDNuVU5OVHhIRWlsRlVaczFySnFyTEJIdmpHOGxUenhIM3BDSkMrdnJwTU90WEN4UUJuU0ZEbEsxUlRtdFRhcThpM2hHb3lyUHZMbzdNRlBzODlqd0ZDeUdqbjdGOThRczV6YStjQU80WS9JZERvckVUd3MrQzh4Mml6ZGoxdHZEM3BJWW55cGQxOTFMd2pKT0ZOMGNaT1RYbjRaQStRK3VMQUgwMkxPYTNFOVJGR3ZrdDZQRENkNTREWFVpRnlYRnRMVjlzMi8xMDJHYUZJRUlrZTZUQisxWGpGemNpQUVxRmg0WjEvKzhrQnhucm13RHRabHNnMkJFYThsNDZnWHVDdTlTYUJ1VktxYXNmZm5xdVpnajhFYzNBRjZncm4zb3p4T2RLRUxmYUxLdkp0bkNJTzNFUzg3TzBPS1VTdndzalo1UEduN2FKYnZiOXQ1WDhUMWt3MmV1citncnlhT29HVzRVelZ6OG5OWXV3Yk42NjExZHNHTm1xOHZHTzdLa1NENlRLSDZRYU9mVWh0YzVMZkt6Z1J3WUw5UE1JL3hkUlhva251bHBBak1xSTF5QVp3SC9qUGVOTU11RjlualpDM1dTdU5ERW9pNkRQUG1OUUVpWUpUYUdDaFhlRHJ0RHJhMXQyTlFqcWNQcVhnR3hyNElmVlhXb000cEQ3VXI3dlhaMnY2Z0UrYU9QZVI4N2lTVXUwZHB6ZWwvVDZwU211OUNkRjZzTVJQdmh1L0Z0dnc3N2t1dHpzdjk5WUJ0aXF5YU9XTCtSL3NFTXF5Wi8rQ2hqaGo4b2w3THV3djZHeDZkck1WaVFsZjBkRzM1cEZjaDVWNmZSRFdUMWxaT2pqV1ZGVmd0VnBBMHh3YVdwOWFWMzVXaVFoekM0YjJvaUVqYnY0TjBNYmU3VTFFbUcva0FLVUExZUQvdWZIUUN0bFEyYW1WNnV2R1RRMG9zVDduZ1Nhak80K3hrYnNiTFYrNEZWb0pYVjE4TW5jRnptK3hwd1NuUjJGN3VxZDNqNU51VEwyZW5uSUUyTVFyeWlJTGErZms1ai9obXJ3K1ZiNzVjRzJnVTlLWmlralR2VzVRT3BEUmZrcUtEdG9nakxSVThwTnQ5NjJYTUNRMW1HeVFBZmxIVzRqTzdxdlNWMGFSb2dLUGVpMElBbTRLUFF0L2ZxdDNBNmpRblBUNWE5Qmo4Y3VoZUtWUXB5YTR2TTRZSUtwenpvZ3RLYngvNU9LVVpCeStkYjQ1MGROdHlTbmhXemZjSUdXb3YrcVdjaXJtelZJYkRmT0VlWm1LNEZ4aUZaSC9za1VickhiamZHaFhLdXd1c2Q5QzFGeW1EbysrT0R6R3JPUWp4UllGazZmWVdmdWFtZHhsajEwaHlOSWt6Q3lJOE9MSXJKSlhSTXpBdkcwVFJDY2VMMm5zMFVCMlE4SXFpbnlITUt5MzlTYUJNazBkeUszYndGVzZxbE4renJKOERRQi9TZDBRU0YwcmtGRVJ4R2FsT2xNWW1icGthY3BCeHBLWjdIQ01yRE8wQUw1MlQySWdRZ0pTS3RWbW5BSWVNK1BCbFhxdm1jSHdPMWVOVDg3SFdpUHpGMysvRXFYTm9IUysxZVZ6RHc2aVZMQjREZGVqVDBHT2dXdEJZd0xNZW1FK2tZWkNlOWNsMjRIaUg4dGJ2SG1kWTZ1MzI3SFk1WlYyQjJlY25TdDN0dTg5Y3dDNFpsQkFIMEhxM0tGMDRQeWx3cU9jdFFaT0FjOS9QRXhaVmprYjBMUDluQVpHVHVOZ1pWTUdvblc5dWVnUXZSanpsV3Yzdmo4b3ZVekdROFA5OUIrRmNZNEVyZkhaSGJQNFNlZlRHV0NoRThLc3E0M01DR0MvWmV2dGpySWQ2RmFtYUNDZnoyRmZZZXFHeDBkZUhyMC9tbkdGUDNvb2V6eGlXNDJlVDk4MTBEbnp4UFY5dlJEWlFQaXhsWmExUlhBczFQSy9meTFGajdvL1N3UUltcC96SktyMVZ4UTBvNjZXZTFVWlhrVVJTVmJ4b2txZy9GYTZPWlBDWFRvSUxnWElxckxzS1VCMkUyd3ppTGZhOWRPb1pwbTJhMVNyYWdrSGtxditDZjIvdWc4aS9GQ3I0djAyZFNSQXZKSW9NWDhFcFRGQ2UwenJmWk1ud0l5WEtKUm5Od0l1VnpnTTlpQVppb0pMVkl1aDJpblFGbDBDRisyUVVob2YzWmxYekhBd3QvSU1JdWpiSVd2Mi9Wb0xMVnRXSklyd0xKb2tTZXJLamZDWkw0bXJVcndEVitiemZjUFJWQk9uQS9KaC95eGFaZUlLcHpBU0hhTWhYZEUwdDVkeEhXVkhPTjBTSlJNL0k5U2laQTJiMVE5Y0pGTXpGdDE0V0djNlY0WGxhVzNkRm15Q0hyMnowcEhFZ1gvSWdCTHJkK2poOWM9Ojo8wVRbq10e8dGQ7LSbYQyu\"\/><input type=\"hidden\" id=\"_acf_nonce\" name=\"_acf_nonce\" value=\"31ffd62076\"\/><input type=\"hidden\" id=\"_acf_changed\" name=\"_acf_changed\" value=\"0\"\/><input type=\"hidden\" id=\"_acf_location[post_id]\" name=\"_acf_location[post_id]\" value=\"42440\"\/>\t<\/div>\n\t<div class=\"acf-fields acf-form-fields -top\"><div class=\"acf-field acf-field-text acf-field--validate-email\" style=\"display:none !important;\" data-name=\"_validate_email\" data-type=\"text\" data-key=\"_validate_email\">\n<div class=\"acf-label\">\n<label for=\"acf-_validate_email\">Validar correo electr\u00f3nico<\/label><\/div>\n<div class=\"acf-input\">\n<div class=\"acf-input-wrap\"><input type=\"text\" id=\"acf-_validate_email\" name=\"acf[_validate_email]\"\/><\/div><\/div>\n<\/div>\n<div class=\"acf-field acf-field-text acf-field-64ca891805770 is-required\" data-name=\"name\" data-type=\"text\" data-key=\"field_64ca891805770\" data-required=\"1\">\n<div class=\"acf-label\">\n<label for=\"acf-field_64ca891805770\">Su Nombre<\/label><\/div>\n<div class=\"acf-input\">\n<div class=\"acf-input-wrap\"><input type=\"text\" id=\"acf-field_64ca891805770\" name=\"acf[field_64ca891805770]\" required=\"required\"\/><\/div><\/div>\n<\/div>\n\r\n<div class=\"acf-field acf-field-text acf-field-64ca896acdede\" data-name=\"phone\" data-type=\"text\" data-key=\"field_64ca896acdede\">\n<div class=\"acf-label\">\n<label for=\"acf-field_64ca896acdede\">Su N\u00famero de tel\u00e9fono<\/label><\/div>\n<div class=\"acf-input\">\n<div class=\"acf-input-wrap\"><input type=\"text\" id=\"acf-field_64ca896acdede\" name=\"acf[field_64ca896acdede]\"\/><\/div><\/div>\n<\/div>\n\r\n<div class=\"acf-field acf-field-text acf-field-64ca8986f3eae is-required\" data-name=\"email\" data-type=\"text\" data-key=\"field_64ca8986f3eae\" data-required=\"1\">\n<div class=\"acf-label\">\n<label for=\"acf-field_64ca8986f3eae\">Su direcci\u00f3n de correo electr\u00f3nico<\/label><\/div>\n<div class=\"acf-input\">\n<div class=\"acf-input-wrap\"><input type=\"text\" id=\"acf-field_64ca8986f3eae\" name=\"acf[field_64ca8986f3eae]\" required=\"required\"\/><\/div><\/div>\n<\/div>\n\r\n<div class=\"acf-field acf-field-acfe-recaptcha acf-field-66c395bca5136 is-required gcaptcha acfe-no-label\" data-name=\"gcaptcha\" data-type=\"acfe_recaptcha\" data-key=\"field_66c395bca5136\" data-required=\"1\">\n<div class=\"acf-label\">\n<label for=\"acf-field_66c395bca5136\"> <span class=\"acf-required\">*<\/span><\/label><\/div>\n<div class=\"acf-input\">\n        <div class=\"acf-input-wrap\" data-site-key=\"6LdfkSoqAAAAAHEJ_FJPzZThLFxSHeq8wCDKTUzW\" data-version=\"v2\" data-size=\"normal\" data-theme=\"light\">\r\n        \r\n                            <div><\/div>\r\n                        <input type=\"hidden\" id=\"acf-field_66c395bca5136\" name=\"acf[field_66c395bca5136]\"\/>\r\n        <\/div>\r\n        <\/div>\n<\/div>\n<\/div>            <div class=\"acf-form-submit\">\r\n                \r\n                <input type=\"submit\" class=\"acf-button button button-primary button-large\" value=\"Request an evaluation\" \/>                <span class=\"acf-spinner\"><\/span>\r\n            <\/div>\r\n        <\/form>\n","protected":false},"excerpt":{"rendered":"<p>MJHS le brinda la atenci\u00f3n que necesita En MJHS, nuestro objetivo es garantizar que usted y su hijo (y sus hermanos) reciban la atenci\u00f3n y los servicios que necesitan durante [&hellip;]<\/p>\n","protected":false},"author":19,"featured_media":0,"parent":13708,"menu_order":0,"comment_status":"closed","ping_status":"closed","template":"page-sidebar.php","meta":{"_acf_changed":false,"footnotes":""},"categories":[13],"class_list":["post-42440","page","type-page","status-publish","hentry","category-helpful-resources"],"translation":{"provider":"WPGlobus","version":"3.0.2","language":"es","enabled_languages":["en","es"],"languages":{"en":{"title":true,"content":true,"excerpt":false},"es":{"title":true,"content":true,"excerpt":false}}},"acf":[],"yoast_head":"<title>Atenci\u00f3n de hospicio pedi\u00e1trica en MJHS | MJHS Health System<\/title>\n<meta name=\"robots\" content=\"index, follow, max-snippet:-1, max-image-preview:large, max-video-preview:-1\" \/>\n<link rel=\"canonical\" href=\"https:\/\/www.mjhs.org\/es\/centers-rehab-nursing\/end-of-life-care\/pediatric-care-at-mjhs\/\" \/>\n<meta property=\"og:locale\" content=\"es_MX\" \/>\n<meta property=\"og:type\" content=\"article\" \/>\n<meta property=\"og:title\" content=\"Atenci\u00f3n de hospicio pedi\u00e1trica en MJHS | MJHS Health System\" \/>\n<meta property=\"og:url\" content=\"https:\/\/www.mjhs.org\/centers-rehab-nursing\/end-of-life-care\/pediatric-care-at-mjhs\/\" \/>\n<meta property=\"og:site_name\" content=\"MJHS Health System\" \/>\n<meta property=\"article:publisher\" content=\"https:\/\/www.facebook.com\/MJHS01\/\" \/>\n<meta property=\"article:modified_time\" content=\"2025-09-09T01:19:29+00:00\" \/>\n<meta name=\"twitter:card\" content=\"summary_large_image\" \/>\n<meta name=\"twitter:site\" content=\"@MJHS01\" \/>\n<script type=\"application\/ld+json\" class=\"yoast-schema-graph\">{\"@context\":\"https:\\\/\\\/schema.org\",\"@graph\":[{\"@type\":\"WebPage\",\"@id\":\"https:\\\/\\\/www.mjhs.org\\\/centers-rehab-nursing\\\/end-of-life-care\\\/pediatric-care-at-mjhs\\\/\",\"url\":\"https:\\\/\\\/www.mjhs.org\\\/centers-rehab-nursing\\\/end-of-life-care\\\/pediatric-care-at-mjhs\\\/\",\"name\":\"Atenci\u00f3n de hospicio pedi\u00e1trica en MJHS | MJHS Health System\",\"isPartOf\":{\"@id\":\"https:\\\/\\\/www.mjhs.org\\\/#website\"},\"datePublished\":\"2022-05-27T17:22:03+00:00\",\"dateModified\":\"2025-09-09T01:19:29+00:00\",\"breadcrumb\":{\"@id\":\"https:\\\/\\\/www.mjhs.org\\\/centers-rehab-nursing\\\/end-of-life-care\\\/pediatric-care-at-mjhs\\\/#breadcrumb\"},\"inLanguage\":\"es\",\"potentialAction\":[{\"@type\":\"ReadAction\",\"target\":[\"https:\\\/\\\/www.mjhs.org\\\/centers-rehab-nursing\\\/end-of-life-care\\\/pediatric-care-at-mjhs\\\/\"]}]},{\"@type\":\"BreadcrumbList\",\"@id\":\"https:\\\/\\\/www.mjhs.org\\\/centers-rehab-nursing\\\/end-of-life-care\\\/pediatric-care-at-mjhs\\\/#breadcrumb\",\"itemListElement\":[{\"@type\":\"ListItem\",\"position\":1,\"name\":\"Home\",\"item\":\"https:\\\/\\\/www.mjhs.org\\\/\"},{\"@type\":\"ListItem\",\"position\":2,\"name\":\"Centers for Rehab &amp; Nursing Care\",\"item\":\"https:\\\/\\\/www.mjhs.org\\\/centers-rehab-nursing\\\/\"},{\"@type\":\"ListItem\",\"position\":3,\"name\":\"End of Life Care\",\"item\":\"https:\\\/\\\/www.mjhs.org\\\/centers-rehab-nursing\\\/end-of-life-care\\\/\"},{\"@type\":\"ListItem\",\"position\":4,\"name\":\"Pediatric Hospice Care at MJHS\"}]},{\"@type\":\"WebSite\",\"@id\":\"https:\\\/\\\/www.mjhs.org\\\/#website\",\"url\":\"https:\\\/\\\/www.mjhs.org\\\/\",\"name\":\"MJHS Health System\",\"description\":\"Abriendo el Camino Hacia un Cuidado de Excelencia\",\"publisher\":{\"@id\":\"https:\\\/\\\/www.mjhs.org\\\/#organization\"},\"potentialAction\":[{\"@type\":\"SearchAction\",\"target\":{\"@type\":\"EntryPoint\",\"urlTemplate\":\"https:\\\/\\\/www.mjhs.org\\\/?s={search_term_string}\"},\"query-input\":{\"@type\":\"PropertyValueSpecification\",\"valueRequired\":true,\"valueName\":\"search_term_string\"}}],\"inLanguage\":\"es\"},{\"@type\":\"Organization\",\"@id\":\"https:\\\/\\\/www.mjhs.org\\\/#organization\",\"name\":\"MJHS Health System\",\"url\":\"https:\\\/\\\/www.mjhs.org\\\/\",\"logo\":{\"@type\":\"ImageObject\",\"inLanguage\":\"es\",\"@id\":\"https:\\\/\\\/www.mjhs.org\\\/#\\\/schema\\\/logo\\\/image\\\/\",\"url\":\"\\\/wp-content\\\/uploads\\\/2019\\\/07\\\/mjhs_logo_for_SEO.png\",\"contentUrl\":\"\\\/wp-content\\\/uploads\\\/2019\\\/07\\\/mjhs_logo_for_SEO.png\",\"width\":700,\"height\":296,\"caption\":\"MJHS Health System\"},\"image\":{\"@id\":\"https:\\\/\\\/www.mjhs.org\\\/#\\\/schema\\\/logo\\\/image\\\/\"},\"sameAs\":[\"https:\\\/\\\/www.facebook.com\\\/MJHS01\\\/\",\"https:\\\/\\\/x.com\\\/MJHS01\"]}]}<\/script>","yoast_head_json":{"title":"Atenci\u00f3n de hospicio pedi\u00e1trica en MJHS | MJHS Health System","robots":{"index":"index","follow":"follow","max-snippet":"max-snippet:-1","max-image-preview":"max-image-preview:large","max-video-preview":"max-video-preview:-1"},"canonical":"https:\/\/www.mjhs.org\/es\/centers-rehab-nursing\/end-of-life-care\/pediatric-care-at-mjhs\/","og_locale":"es_MX","og_type":"article","og_title":"Atenci\u00f3n de hospicio pedi\u00e1trica en MJHS | MJHS Health System","og_url":"https:\/\/www.mjhs.org\/centers-rehab-nursing\/end-of-life-care\/pediatric-care-at-mjhs\/","og_site_name":"MJHS Health System","article_publisher":"https:\/\/www.facebook.com\/MJHS01\/","article_modified_time":"2025-09-09T01:19:29+00:00","twitter_card":"summary_large_image","twitter_site":"@MJHS01","schema":{"@context":"https:\/\/schema.org","@graph":[{"@type":"WebPage","@id":"https:\/\/www.mjhs.org\/centers-rehab-nursing\/end-of-life-care\/pediatric-care-at-mjhs\/","url":"https:\/\/www.mjhs.org\/centers-rehab-nursing\/end-of-life-care\/pediatric-care-at-mjhs\/","name":"Atenci\u00f3n de hospicio pedi\u00e1trica en MJHS | MJHS Health System","isPartOf":{"@id":"https:\/\/www.mjhs.org\/#website"},"datePublished":"2022-05-27T17:22:03+00:00","dateModified":"2025-09-09T01:19:29+00:00","breadcrumb":{"@id":"https:\/\/www.mjhs.org\/centers-rehab-nursing\/end-of-life-care\/pediatric-care-at-mjhs\/#breadcrumb"},"inLanguage":"es","potentialAction":[{"@type":"ReadAction","target":["https:\/\/www.mjhs.org\/centers-rehab-nursing\/end-of-life-care\/pediatric-care-at-mjhs\/"]}]},{"@type":"BreadcrumbList","@id":"https:\/\/www.mjhs.org\/centers-rehab-nursing\/end-of-life-care\/pediatric-care-at-mjhs\/#breadcrumb","itemListElement":[{"@type":"ListItem","position":1,"name":"Home","item":"https:\/\/www.mjhs.org\/"},{"@type":"ListItem","position":2,"name":"Centers for Rehab &amp; Nursing Care","item":"https:\/\/www.mjhs.org\/centers-rehab-nursing\/"},{"@type":"ListItem","position":3,"name":"End of Life Care","item":"https:\/\/www.mjhs.org\/centers-rehab-nursing\/end-of-life-care\/"},{"@type":"ListItem","position":4,"name":"Pediatric Hospice Care at MJHS"}]},{"@type":"WebSite","@id":"https:\/\/www.mjhs.org\/#website","url":"https:\/\/www.mjhs.org\/","name":"MJHS Health System","description":"Abriendo el Camino Hacia un Cuidado de Excelencia","publisher":{"@id":"https:\/\/www.mjhs.org\/#organization"},"potentialAction":[{"@type":"SearchAction","target":{"@type":"EntryPoint","urlTemplate":"https:\/\/www.mjhs.org\/?s={search_term_string}"},"query-input":{"@type":"PropertyValueSpecification","valueRequired":true,"valueName":"search_term_string"}}],"inLanguage":"es"},{"@type":"Organization","@id":"https:\/\/www.mjhs.org\/#organization","name":"MJHS Health System","url":"https:\/\/www.mjhs.org\/","logo":{"@type":"ImageObject","inLanguage":"es","@id":"https:\/\/www.mjhs.org\/#\/schema\/logo\/image\/","url":"\/wp-content\/uploads\/2019\/07\/mjhs_logo_for_SEO.png","contentUrl":"\/wp-content\/uploads\/2019\/07\/mjhs_logo_for_SEO.png","width":700,"height":296,"caption":"MJHS Health System"},"image":{"@id":"https:\/\/www.mjhs.org\/#\/schema\/logo\/image\/"},"sameAs":["https:\/\/www.facebook.com\/MJHS01\/","https:\/\/x.com\/MJHS01"]}]}},"jetpack_sharing_enabled":true,"_links":{"self":[{"href":"https:\/\/www.mjhs.org\/es\/wp-json\/wp\/v2\/pages\/42440","targetHints":{"allow":["GET"]}}],"collection":[{"href":"https:\/\/www.mjhs.org\/es\/wp-json\/wp\/v2\/pages"}],"about":[{"href":"https:\/\/www.mjhs.org\/es\/wp-json\/wp\/v2\/types\/page"}],"author":[{"embeddable":true,"href":"https:\/\/www.mjhs.org\/es\/wp-json\/wp\/v2\/users\/19"}],"replies":[{"embeddable":true,"href":"https:\/\/www.mjhs.org\/es\/wp-json\/wp\/v2\/comments?post=42440"}],"version-history":[{"count":0,"href":"https:\/\/www.mjhs.org\/es\/wp-json\/wp\/v2\/pages\/42440\/revisions"}],"up":[{"embeddable":true,"href":"https:\/\/www.mjhs.org\/es\/wp-json\/wp\/v2\/pages\/13708"}],"wp:attachment":[{"href":"https:\/\/www.mjhs.org\/es\/wp-json\/wp\/v2\/media?parent=42440"}],"wp:term":[{"taxonomy":"category","embeddable":true,"href":"https:\/\/www.mjhs.org\/es\/wp-json\/wp\/v2\/categories?post=42440"}],"curies":[{"name":"wp","href":"https:\/\/api.w.org\/{rel}","templated":true}]}}