{"id":46573,"date":"2022-08-19T10:38:27","date_gmt":"2022-08-19T14:38:27","guid":{"rendered":"https:\/\/mjhs1.wpengine.com\/?page_id=46573"},"modified":"2025-09-08T15:00:51","modified_gmt":"2025-09-08T19:00:51","slug":"disclosures","status":"publish","type":"page","link":"https:\/\/www.mjhs.org\/es\/acerca-de-mjhs\/menorah-center-for-rehabilitation-and-nursing-care\/divulgaciones-de-menorah\/","title":{"rendered":"Divulgaciones de Menorah"},"content":{"rendered":"\n<h2 class=\"wp-block-heading\" id=\"h-informacion-publicamente-disponible-sobre-el-cumplimiento-y-la-calidad-de-los-hogares-de-personas-mayores\">Informaci\u00f3n p\u00fablicamente disponible sobre el cumplimiento y la calidad de los hogares de personas mayores<\/h2>\n\n\n\n<p>Tanto el Departamento de Salud (Department of Health, DOH) del estado de New&nbsp;York y los Centros de Servicios de Medicare y Medicaid (Centers for Medicare and Medicaid Services, CMS) mantienen bases de datos de asilos de ancianos que incluyen informaci\u00f3n sobre medidas de rendimiento y calidad, quejas, citaciones, inspecciones, medidas de cumplimiento y sanciones tomadas contra los centros.<\/p>\n\n\n\n<p><strong>El sitio web a cargo del DOH se denomina&nbsp;<\/strong><a href=\"https:\/\/profiles.health.ny.gov\/nursing_home\/index\"><strong>Nursing&nbsp;Home&nbsp;Profiles<\/strong><\/a><\/p>\n\n\n\n<p><strong>Los CMS han creado una herramienta llamada&nbsp;<\/strong><a href=\"https:\/\/www.medicare.gov\/care-compare\/?providerType=NursingHome&amp;redirect=true\"><strong>Care&nbsp;Compare<\/strong><\/a><strong>&nbsp;para ayudar a los consumidores a buscar, comparar y seleccionar hogares de personas mayores y otros proveedores de atenci\u00f3n m\u00e9dica<\/strong><\/p>\n\n\n\n<p>Seg\u00fan los CMS, la informaci\u00f3n que mantiene sobre los asilos de ancianos debe usarse junto con informaci\u00f3n adicional que re\u00fana sobre otros proveedores y centros de su zona.&nbsp; Adem\u00e1s de revisar la informaci\u00f3n de Care&nbsp;Compare, debe hablar con su m\u00e9dico, trabajador social u otros proveedores de atenci\u00f3n m\u00e9dica antes de elegir un centro.<\/p>\n\n\n\n<h2 class=\"wp-block-heading\" id=\"h-las-divulgaciones-se-realizan-de-acuerdo-con-la-seccion-2829-de-la-ley-de-salud-publica-del-estado-de-new-york\">Las divulgaciones se realizan de acuerdo con la secci\u00f3n\u00a02829 de la Ley de Salud P\u00fablica del Estado de New\u00a0York<\/h2>\n\n\n\n<h3 class=\"wp-block-heading\" id=\"h-seccion-nbsp-2829-2-a-propiedad-del-centro\">Secci\u00f3n&nbsp;2829(2)(a): propiedad del centro:<\/h3>\n\n\n\n<p><strong>TARIFAS VIGENTES A PARTIR DE ABRIL DE 2025<\/strong><\/p>\n\n\n\n<figure class=\"wp-block-table\"><table><tbody><tr><td>Medicare<\/td><td>De $500 a $1,000<\/td><\/tr><tr><td>Medicaid<\/td><td>$376.75<\/td><\/tr><tr><td>Atenci\u00f3n administrada<\/td><td>$826<\/td><\/tr><tr><td>Pago privado<\/td><td>$500<\/td><\/tr><\/tbody><\/table><\/figure>\n\n\n\n<p><\/p>\n\n\n\n<p>Menorah Home &amp; Hospital for the Aged &amp; Infirm, bajo el nombre comercial Menorah Center for Rehabilitation and Nursing Care, es una corporaci\u00f3n sin fines de lucro y un afiliado de MJHS\u00a0Health\u00a0System.<\/p>\n\n\n\n<h3 class=\"wp-block-heading\" id=\"h-seccion-2829-2-b-direccion-del-arrendador-de-las-instalaciones-del-centro\">Secci\u00f3n\u00a02829(2)(b): direcci\u00f3n del arrendador de las instalaciones del centro:<\/h3>\n\n\n\n<ul class=\"wp-block-list\">\n<li>NC, sin arrendador<\/li>\n\n\n\n<li>El centro se encuentra en 1516 Oriental Blvd., Brooklyn, NY 11225.<\/li>\n<\/ul>\n\n\n\n<h3 class=\"wp-block-heading\" id=\"h-seccion-2829-2-c-resumen-de-los-contratistas-de-bienes-y-servicios-pagados-con-fondos-de-medicare-o-medicaid\">Secci\u00f3n\u00a02829(2)(c): resumen de los contratistas de bienes y servicios pagados con fondos de Medicare o Medicaid:<\/h3>\n\n\n\n<p>Menorah contrata a m\u00faltiples proveedores externos para que brinden los siguientes bienes y servicios: personal suplementario (terapia, seguridad, enfermer\u00eda); registros m\u00e9dicos electr\u00f3nicos; prueba, mantenimiento y reparaci\u00f3n de equipos (ascensores, sistemas de ventilaci\u00f3n y calefacci\u00f3n, sistemas antiincendios, plomer\u00eda, biomedicina, cocina, conserjer\u00eda); transporte en ambulancia y camioneta para personas discapacitadas; entrega de alimentos comercial; farmacia; laboratorio; radiograf\u00edas m\u00f3viles; ropa de cama y uniformes; gesti\u00f3n de desechos y desechos m\u00e9dicos; control de pestes y paisajismo; pruebas de COVID-19.<\/p>\n\n\n\n<h3 class=\"wp-block-heading\" id=\"h-calificaciones-de-estrellas\">Calificaciones de estrellas:<\/h3>\n\n\n\n<ul class=\"wp-block-list\">\n<li>Total 2 estrellas<\/li>\n\n\n\n<li>Inspecci\u00f3n sanitaria: 2 estrellas<\/li>\n\n\n\n<li>Personal: 3 estrellas<\/li>\n\n\n\n<li>Medidas de calidad: 3 estrellas<\/li>\n<\/ul>\n\n\n\n<p><em><em>Informe de calificaci\u00f3n de proveedores a enero de 2025<\/em><\/em><\/p>\n","protected":false},"excerpt":{"rendered":"<p>Informaci\u00f3n p\u00fablicamente disponible sobre el cumplimiento y la calidad de los hogares de personas mayores Tanto el Departamento de Salud (Department of Health, DOH) del estado de New&nbsp;York y los [&hellip;]<\/p>\n","protected":false},"author":3,"featured_media":0,"parent":60932,"menu_order":0,"comment_status":"closed","ping_status":"closed","template":"page-sidebar.php","meta":{"_acf_changed":false,"footnotes":""},"categories":[],"class_list":["post-46573","page","type-page","status-publish","hentry"],"translation":{"provider":"WPGlobus","version":"3.0.2","language":"es","enabled_languages":["en","es"],"languages":{"en":{"title":true,"content":true,"excerpt":false},"es":{"title":true,"content":true,"excerpt":false}}},"acf":[],"yoast_head":"<title>Divulgaciones de Menorah | MJHS Health System<\/title>\n<meta name=\"robots\" content=\"index, nofollow, max-snippet:-1, max-image-preview:large, max-video-preview:-1\" \/>\n<link rel=\"canonical\" href=\"https:\/\/www.mjhs.org\/es\/about\/menorah-center-for-rehabilitation-and-nursing-care\/disclosures\/\" \/>\n<meta property=\"og:locale\" content=\"es_MX\" \/>\n<meta property=\"og:type\" content=\"article\" \/>\n<meta property=\"og:title\" content=\"Divulgaciones de Menorah | MJHS Health System\" \/>\n<meta property=\"og:url\" content=\"https:\/\/www.mjhs.org\/about\/menorah-center-for-rehabilitation-and-nursing-care\/disclosures\/\" \/>\n<meta property=\"og:site_name\" content=\"MJHS Health System\" \/>\n<meta property=\"article:publisher\" content=\"https:\/\/www.facebook.com\/MJHS01\/\" \/>\n<meta property=\"article:modified_time\" content=\"2025-09-08T19:00:51+00:00\" \/>\n<meta name=\"twitter:card\" content=\"summary_large_image\" \/>\n<meta name=\"twitter:site\" content=\"@MJHS01\" \/>\n<script type=\"application\/ld+json\" class=\"yoast-schema-graph\">{\"@context\":\"https:\\\/\\\/schema.org\",\"@graph\":[{\"@type\":\"WebPage\",\"@id\":\"https:\\\/\\\/www.mjhs.org\\\/about\\\/menorah-center-for-rehabilitation-and-nursing-care\\\/disclosures\\\/\",\"url\":\"https:\\\/\\\/www.mjhs.org\\\/about\\\/menorah-center-for-rehabilitation-and-nursing-care\\\/disclosures\\\/\",\"name\":\"Divulgaciones de Menorah | MJHS Health System\",\"isPartOf\":{\"@id\":\"https:\\\/\\\/www.mjhs.org\\\/#website\"},\"datePublished\":\"2022-08-19T14:38:27+00:00\",\"dateModified\":\"2025-09-08T19:00:51+00:00\",\"breadcrumb\":{\"@id\":\"https:\\\/\\\/www.mjhs.org\\\/about\\\/menorah-center-for-rehabilitation-and-nursing-care\\\/disclosures\\\/#breadcrumb\"},\"inLanguage\":\"es\",\"potentialAction\":[{\"@type\":\"ReadAction\",\"target\":[\"https:\\\/\\\/www.mjhs.org\\\/about\\\/menorah-center-for-rehabilitation-and-nursing-care\\\/disclosures\\\/\"]}]},{\"@type\":\"BreadcrumbList\",\"@id\":\"https:\\\/\\\/www.mjhs.org\\\/about\\\/menorah-center-for-rehabilitation-and-nursing-care\\\/disclosures\\\/#breadcrumb\",\"itemListElement\":[{\"@type\":\"ListItem\",\"position\":1,\"name\":\"Home\",\"item\":\"https:\\\/\\\/www.mjhs.org\\\/\"},{\"@type\":\"ListItem\",\"position\":2,\"name\":\"About MJHS\",\"item\":\"https:\\\/\\\/www.mjhs.org\\\/about\\\/\"},{\"@type\":\"ListItem\",\"position\":3,\"name\":\"MJHS Menorah Center for Rehabilitation and Nursing Care\",\"item\":\"https:\\\/\\\/www.mjhs.org\\\/about\\\/menorah-center-for-rehabilitation-and-nursing-care\\\/\"},{\"@type\":\"ListItem\",\"position\":4,\"name\":\"Menorah Disclosures\"}]},{\"@type\":\"WebSite\",\"@id\":\"https:\\\/\\\/www.mjhs.org\\\/#website\",\"url\":\"https:\\\/\\\/www.mjhs.org\\\/\",\"name\":\"MJHS Health System\",\"description\":\"Abriendo el Camino Hacia un Cuidado de Excelencia\",\"publisher\":{\"@id\":\"https:\\\/\\\/www.mjhs.org\\\/#organization\"},\"potentialAction\":[{\"@type\":\"SearchAction\",\"target\":{\"@type\":\"EntryPoint\",\"urlTemplate\":\"https:\\\/\\\/www.mjhs.org\\\/?s={search_term_string}\"},\"query-input\":{\"@type\":\"PropertyValueSpecification\",\"valueRequired\":true,\"valueName\":\"search_term_string\"}}],\"inLanguage\":\"es\"},{\"@type\":\"Organization\",\"@id\":\"https:\\\/\\\/www.mjhs.org\\\/#organization\",\"name\":\"MJHS Health System\",\"url\":\"https:\\\/\\\/www.mjhs.org\\\/\",\"logo\":{\"@type\":\"ImageObject\",\"inLanguage\":\"es\",\"@id\":\"https:\\\/\\\/www.mjhs.org\\\/#\\\/schema\\\/logo\\\/image\\\/\",\"url\":\"\\\/wp-content\\\/uploads\\\/2019\\\/07\\\/mjhs_logo_for_SEO.png\",\"contentUrl\":\"\\\/wp-content\\\/uploads\\\/2019\\\/07\\\/mjhs_logo_for_SEO.png\",\"width\":700,\"height\":296,\"caption\":\"MJHS Health System\"},\"image\":{\"@id\":\"https:\\\/\\\/www.mjhs.org\\\/#\\\/schema\\\/logo\\\/image\\\/\"},\"sameAs\":[\"https:\\\/\\\/www.facebook.com\\\/MJHS01\\\/\",\"https:\\\/\\\/x.com\\\/MJHS01\"]}]}<\/script>","yoast_head_json":{"title":"Divulgaciones de Menorah | MJHS Health System","robots":{"index":"index","follow":"nofollow","max-snippet":"max-snippet:-1","max-image-preview":"max-image-preview:large","max-video-preview":"max-video-preview:-1"},"canonical":"https:\/\/www.mjhs.org\/es\/about\/menorah-center-for-rehabilitation-and-nursing-care\/disclosures\/","og_locale":"es_MX","og_type":"article","og_title":"Divulgaciones de Menorah | MJHS Health System","og_url":"https:\/\/www.mjhs.org\/about\/menorah-center-for-rehabilitation-and-nursing-care\/disclosures\/","og_site_name":"MJHS Health System","article_publisher":"https:\/\/www.facebook.com\/MJHS01\/","article_modified_time":"2025-09-08T19:00:51+00:00","twitter_card":"summary_large_image","twitter_site":"@MJHS01","schema":{"@context":"https:\/\/schema.org","@graph":[{"@type":"WebPage","@id":"https:\/\/www.mjhs.org\/about\/menorah-center-for-rehabilitation-and-nursing-care\/disclosures\/","url":"https:\/\/www.mjhs.org\/about\/menorah-center-for-rehabilitation-and-nursing-care\/disclosures\/","name":"Divulgaciones de Menorah | MJHS Health System","isPartOf":{"@id":"https:\/\/www.mjhs.org\/#website"},"datePublished":"2022-08-19T14:38:27+00:00","dateModified":"2025-09-08T19:00:51+00:00","breadcrumb":{"@id":"https:\/\/www.mjhs.org\/about\/menorah-center-for-rehabilitation-and-nursing-care\/disclosures\/#breadcrumb"},"inLanguage":"es","potentialAction":[{"@type":"ReadAction","target":["https:\/\/www.mjhs.org\/about\/menorah-center-for-rehabilitation-and-nursing-care\/disclosures\/"]}]},{"@type":"BreadcrumbList","@id":"https:\/\/www.mjhs.org\/about\/menorah-center-for-rehabilitation-and-nursing-care\/disclosures\/#breadcrumb","itemListElement":[{"@type":"ListItem","position":1,"name":"Home","item":"https:\/\/www.mjhs.org\/"},{"@type":"ListItem","position":2,"name":"About MJHS","item":"https:\/\/www.mjhs.org\/about\/"},{"@type":"ListItem","position":3,"name":"MJHS Menorah Center for Rehabilitation and Nursing Care","item":"https:\/\/www.mjhs.org\/about\/menorah-center-for-rehabilitation-and-nursing-care\/"},{"@type":"ListItem","position":4,"name":"Menorah Disclosures"}]},{"@type":"WebSite","@id":"https:\/\/www.mjhs.org\/#website","url":"https:\/\/www.mjhs.org\/","name":"MJHS Health System","description":"Abriendo el Camino Hacia un Cuidado de Excelencia","publisher":{"@id":"https:\/\/www.mjhs.org\/#organization"},"potentialAction":[{"@type":"SearchAction","target":{"@type":"EntryPoint","urlTemplate":"https:\/\/www.mjhs.org\/?s={search_term_string}"},"query-input":{"@type":"PropertyValueSpecification","valueRequired":true,"valueName":"search_term_string"}}],"inLanguage":"es"},{"@type":"Organization","@id":"https:\/\/www.mjhs.org\/#organization","name":"MJHS Health System","url":"https:\/\/www.mjhs.org\/","logo":{"@type":"ImageObject","inLanguage":"es","@id":"https:\/\/www.mjhs.org\/#\/schema\/logo\/image\/","url":"\/wp-content\/uploads\/2019\/07\/mjhs_logo_for_SEO.png","contentUrl":"\/wp-content\/uploads\/2019\/07\/mjhs_logo_for_SEO.png","width":700,"height":296,"caption":"MJHS Health System"},"image":{"@id":"https:\/\/www.mjhs.org\/#\/schema\/logo\/image\/"},"sameAs":["https:\/\/www.facebook.com\/MJHS01\/","https:\/\/x.com\/MJHS01"]}]}},"jetpack_sharing_enabled":true,"_links":{"self":[{"href":"https:\/\/www.mjhs.org\/es\/wp-json\/wp\/v2\/pages\/46573","targetHints":{"allow":["GET"]}}],"collection":[{"href":"https:\/\/www.mjhs.org\/es\/wp-json\/wp\/v2\/pages"}],"about":[{"href":"https:\/\/www.mjhs.org\/es\/wp-json\/wp\/v2\/types\/page"}],"author":[{"embeddable":true,"href":"https:\/\/www.mjhs.org\/es\/wp-json\/wp\/v2\/users\/3"}],"replies":[{"embeddable":true,"href":"https:\/\/www.mjhs.org\/es\/wp-json\/wp\/v2\/comments?post=46573"}],"version-history":[{"count":0,"href":"https:\/\/www.mjhs.org\/es\/wp-json\/wp\/v2\/pages\/46573\/revisions"}],"up":[{"embeddable":true,"href":"https:\/\/www.mjhs.org\/es\/wp-json\/wp\/v2\/pages\/60932"}],"wp:attachment":[{"href":"https:\/\/www.mjhs.org\/es\/wp-json\/wp\/v2\/media?parent=46573"}],"wp:term":[{"taxonomy":"category","embeddable":true,"href":"https:\/\/www.mjhs.org\/es\/wp-json\/wp\/v2\/categories?post=46573"}],"curies":[{"name":"wp","href":"https:\/\/api.w.org\/{rel}","templated":true}]}}