{"id":46577,"date":"2022-08-19T10:50:54","date_gmt":"2022-08-19T14:50:54","guid":{"rendered":"https:\/\/mjhs1.wpengine.com\/?page_id=46577"},"modified":"2025-09-08T15:24:02","modified_gmt":"2025-09-08T19:24:02","slug":"isabella-disclosures","status":"publish","type":"page","link":"https:\/\/www.mjhs.org\/es\/acerca-de-mjhs\/mjhs-isabella-center\/divulgaciones-de-isabella\/","title":{"rendered":"Divulgaciones de Isabella"},"content":{"rendered":"\n<h2 class=\"wp-block-heading\" id=\"h-informacion-publicamente-disponible-sobre-el-cumplimiento-y-la-calidad-de-los-asilos-de-ancianos\">Informaci\u00f3n p\u00fablicamente disponible sobre el cumplimiento y la calidad de los asilos de ancianos<\/h2>\n\n\n\n<p>Tanto el Departamento de Salud (Department of Health, DOH) del estado de New\u00a0York y los Centros de Servicios de Medicare y Medicaid (Centers for Medicare and Medicaid Services, CMS) mantienen bases de datos de asilos de ancianos que incluyen informaci\u00f3n sobre medidas de rendimiento y calidad, quejas, citaciones, inspecciones, medidas de cumplimiento y sanciones tomadas contra los centros.<\/p>\n\n\n\n<p><strong>El sitio web a cargo del DOH se denomina&nbsp;<\/strong><a href=\"https:\/\/profiles.health.ny.gov\/nursing_home\/index\"><strong>Nursing&nbsp;Home&nbsp;Profiles<\/strong><\/a><\/p>\n\n\n\n<p><strong>Los CMS han creado una herramienta llamada&nbsp;<\/strong><a href=\"https:\/\/www.medicare.gov\/care-compare\/?providerType=NursingHome&amp;redirect=true\"><strong>Care&nbsp;Compare<\/strong><\/a><strong>&nbsp;para ayudar a los consumidores a buscar, comparar y seleccionar asilos de ancianos y otros proveedores de atenci\u00f3n m\u00e9dica.<\/strong><\/p>\n\n\n\n<p>Seg\u00fan los CMS, la informaci\u00f3n que mantiene sobre los asilos de ancianos debe usarse junto con informaci\u00f3n adicional que re\u00fana sobre otros proveedores y centros de su zona.\u00a0 Adem\u00e1s de revisar la informaci\u00f3n de Care\u00a0Compare, debe hablar con su m\u00e9dico, trabajador social u otros proveedores de atenci\u00f3n m\u00e9dica antes de elegir un centro.<\/p>\n\n\n\n<h2 class=\"wp-block-heading\" id=\"h-las-divulgaciones-se-realizan-de-acuerdo-con-la-seccion-nbsp-2829-de-la-ley-de-salud-publica-del-estado-de-new-nbsp-york\">Las divulgaciones se realizan de acuerdo con la secci\u00f3n&nbsp;2829 de la Ley de Salud P\u00fablica del Estado de New&nbsp;York:<\/h2>\n\n\n\n<h3 class=\"wp-block-heading\" id=\"h-seccion-nbsp-2829-1-tasas-maximas-por-residencia-y-servicios\">Secci\u00f3n&nbsp;2829(1): Tasas m\u00e1ximas por residencia y servicios<\/h3>\n\n\n\n<figure class=\"wp-block-table\"><table><tbody><tr><td>Medicare<\/td><td>De $500 a $1,000<\/td><\/tr><tr><td>Medicaid<\/td><td>$634.94<\/td><\/tr><tr><td>Managed Care<\/td><td>$850<\/td><\/tr><tr><td>Private Pay<\/td><td>$475<\/td><\/tr><tr><td>Private Pay, Ventilator Unit<\/td><td>$695<\/td><\/tr><\/tbody><\/table><\/figure>\n\n\n\n<h3 class=\"wp-block-heading\" id=\"h-seccion-nbsp-2829-2-a-propiedad-del-centro\">Secci\u00f3n&nbsp;2829(2)(a): Propiedad del centro<\/h3>\n\n\n\n<p>Isabella&nbsp;Geriatric&nbsp;Center,&nbsp;Inc. es una corporaci\u00f3n sin fines de lucro y un afiliado de MJHS&nbsp;Health&nbsp;System.<\/p>\n\n\n\n<h3 class=\"wp-block-heading\" id=\"h-seccion-nbsp-2829-2-b-direccion-del-arrendador-de-las-instalaciones-del-centro\">Secci\u00f3n&nbsp;2829(2)(b): Direcci\u00f3n del arrendador de las instalaciones del centro<\/h3>\n\n\n\n<ul class=\"wp-block-list\">\n<li>NC, sin arrendador<\/li>\n\n\n\n<li>El centro est\u00e1 ubicado en 515&nbsp;Audubon Ave., New&nbsp;York, NY&nbsp;10040.<\/li>\n<\/ul>\n\n\n\n<h3 class=\"wp-block-heading\" id=\"h-seccion-nbsp-2829-2-c-resumen-de-los-contratistas-de-bienes-y-servicios-pagados-con-fondos-de-medicare-o-medicaid\">Secci\u00f3n&nbsp;2829(2)(c): Resumen de los contratistas de bienes y servicios pagados con fondos de Medicare o Medicaid<\/h3>\n\n\n\n<p>Isabella contrata a m\u00faltiples proveedores externos para que brinden los siguientes bienes y servicios: personal suplementario (terapia, seguridad, enfermer\u00eda); registros m\u00e9dicos electr\u00f3nicos; prueba, mantenimiento y reparaci\u00f3n de equipos (ascensores, sistemas de ventilaci\u00f3n y calefacci\u00f3n, sistemas antiincendios, plomer\u00eda, biomedicina, cocina, conserjer\u00eda); transporte en ambulancia y camioneta para personas discapacitadas; entrega de alimentos comercial; farmacia; laboratorio; radiograf\u00edas m\u00f3viles; ropa de cama y uniformes; gesti\u00f3n de desechos y desechos m\u00e9dicos; control de pestes y paisajismo; pruebas de COVID-19.<\/p>\n\n\n\n<h3 class=\"wp-block-heading\" id=\"h-star-ratings\">Star Ratings:<\/h3>\n\n\n\n<ul class=\"wp-block-list\">\n<li>Estrellas\u00a0totales: 2<\/li>\n\n\n\n<li>Estrellas por inspecci\u00f3n sanitaria: 2<\/li>\n\n\n\n<li>Estrellas por personal: 3<\/li>\n\n\n\n<li>Estrellas por medidas de calidad:\u00a03<\/li>\n<\/ul>\n\n\n\n<p><em>Basado en el Informe de Calificaci\u00f3n de Proveedores de enero de 2025.<\/em><\/p>\n\n\n\n<p><\/p>\n","protected":false},"excerpt":{"rendered":"<p>Informaci\u00f3n p\u00fablicamente disponible sobre el cumplimiento y la calidad de los asilos de ancianos Tanto el Departamento de Salud (Department of Health, DOH) del estado de New\u00a0York y los Centros [&hellip;]<\/p>\n","protected":false},"author":3,"featured_media":0,"parent":7574,"menu_order":9,"comment_status":"closed","ping_status":"closed","template":"page-sidebar.php","meta":{"_acf_changed":false,"footnotes":""},"categories":[],"class_list":["post-46577","page","type-page","status-publish","hentry"],"translation":{"provider":"WPGlobus","version":"3.0.2","language":"es","enabled_languages":["en","es"],"languages":{"en":{"title":true,"content":true,"excerpt":false},"es":{"title":true,"content":true,"excerpt":false}}},"acf":[],"yoast_head":"<title>Divulgaciones de Isabella | MJHS Health System<\/title>\n<meta name=\"robots\" content=\"index, nofollow, max-snippet:-1, max-image-preview:large, max-video-preview:-1\" \/>\n<link rel=\"canonical\" href=\"https:\/\/www.mjhs.org\/es\/about\/mjhs-isabella-center\/isabella-disclosures\/\" \/>\n<meta property=\"og:locale\" content=\"es_MX\" \/>\n<meta property=\"og:type\" content=\"article\" \/>\n<meta property=\"og:title\" content=\"Divulgaciones de Isabella | MJHS Health System\" \/>\n<meta property=\"og:url\" content=\"https:\/\/www.mjhs.org\/about\/mjhs-isabella-center\/isabella-disclosures\/\" \/>\n<meta property=\"og:site_name\" content=\"MJHS Health System\" \/>\n<meta property=\"article:publisher\" content=\"https:\/\/www.facebook.com\/MJHS01\/\" \/>\n<meta property=\"article:modified_time\" content=\"2025-09-08T19:24:02+00:00\" \/>\n<meta name=\"twitter:card\" content=\"summary_large_image\" \/>\n<meta name=\"twitter:site\" content=\"@MJHS01\" \/>\n<script type=\"application\/ld+json\" class=\"yoast-schema-graph\">{\"@context\":\"https:\\\/\\\/schema.org\",\"@graph\":[{\"@type\":\"WebPage\",\"@id\":\"https:\\\/\\\/www.mjhs.org\\\/about\\\/mjhs-isabella-center\\\/isabella-disclosures\\\/\",\"url\":\"https:\\\/\\\/www.mjhs.org\\\/about\\\/mjhs-isabella-center\\\/isabella-disclosures\\\/\",\"name\":\"Divulgaciones de Isabella | MJHS Health System\",\"isPartOf\":{\"@id\":\"https:\\\/\\\/www.mjhs.org\\\/#website\"},\"datePublished\":\"2022-08-19T14:50:54+00:00\",\"dateModified\":\"2025-09-08T19:24:02+00:00\",\"breadcrumb\":{\"@id\":\"https:\\\/\\\/www.mjhs.org\\\/about\\\/mjhs-isabella-center\\\/isabella-disclosures\\\/#breadcrumb\"},\"inLanguage\":\"es\",\"potentialAction\":[{\"@type\":\"ReadAction\",\"target\":[\"https:\\\/\\\/www.mjhs.org\\\/about\\\/mjhs-isabella-center\\\/isabella-disclosures\\\/\"]}]},{\"@type\":\"BreadcrumbList\",\"@id\":\"https:\\\/\\\/www.mjhs.org\\\/about\\\/mjhs-isabella-center\\\/isabella-disclosures\\\/#breadcrumb\",\"itemListElement\":[{\"@type\":\"ListItem\",\"position\":1,\"name\":\"Home\",\"item\":\"https:\\\/\\\/www.mjhs.org\\\/\"},{\"@type\":\"ListItem\",\"position\":2,\"name\":\"About MJHS\",\"item\":\"https:\\\/\\\/www.mjhs.org\\\/about\\\/\"},{\"@type\":\"ListItem\",\"position\":3,\"name\":\"MJHS Isabella Center for Rehabilitation and Nursing Care\",\"item\":\"https:\\\/\\\/www.mjhs.org\\\/about\\\/mjhs-isabella-center\\\/\"},{\"@type\":\"ListItem\",\"position\":4,\"name\":\"Isabella Disclosures\"}]},{\"@type\":\"WebSite\",\"@id\":\"https:\\\/\\\/www.mjhs.org\\\/#website\",\"url\":\"https:\\\/\\\/www.mjhs.org\\\/\",\"name\":\"MJHS Health System\",\"description\":\"Abriendo el Camino Hacia un Cuidado de Excelencia\",\"publisher\":{\"@id\":\"https:\\\/\\\/www.mjhs.org\\\/#organization\"},\"potentialAction\":[{\"@type\":\"SearchAction\",\"target\":{\"@type\":\"EntryPoint\",\"urlTemplate\":\"https:\\\/\\\/www.mjhs.org\\\/?s={search_term_string}\"},\"query-input\":{\"@type\":\"PropertyValueSpecification\",\"valueRequired\":true,\"valueName\":\"search_term_string\"}}],\"inLanguage\":\"es\"},{\"@type\":\"Organization\",\"@id\":\"https:\\\/\\\/www.mjhs.org\\\/#organization\",\"name\":\"MJHS Health System\",\"url\":\"https:\\\/\\\/www.mjhs.org\\\/\",\"logo\":{\"@type\":\"ImageObject\",\"inLanguage\":\"es\",\"@id\":\"https:\\\/\\\/www.mjhs.org\\\/#\\\/schema\\\/logo\\\/image\\\/\",\"url\":\"\\\/wp-content\\\/uploads\\\/2019\\\/07\\\/mjhs_logo_for_SEO.png\",\"contentUrl\":\"\\\/wp-content\\\/uploads\\\/2019\\\/07\\\/mjhs_logo_for_SEO.png\",\"width\":700,\"height\":296,\"caption\":\"MJHS Health System\"},\"image\":{\"@id\":\"https:\\\/\\\/www.mjhs.org\\\/#\\\/schema\\\/logo\\\/image\\\/\"},\"sameAs\":[\"https:\\\/\\\/www.facebook.com\\\/MJHS01\\\/\",\"https:\\\/\\\/x.com\\\/MJHS01\"]}]}<\/script>","yoast_head_json":{"title":"Divulgaciones de Isabella | MJHS Health System","robots":{"index":"index","follow":"nofollow","max-snippet":"max-snippet:-1","max-image-preview":"max-image-preview:large","max-video-preview":"max-video-preview:-1"},"canonical":"https:\/\/www.mjhs.org\/es\/about\/mjhs-isabella-center\/isabella-disclosures\/","og_locale":"es_MX","og_type":"article","og_title":"Divulgaciones de Isabella | MJHS Health System","og_url":"https:\/\/www.mjhs.org\/about\/mjhs-isabella-center\/isabella-disclosures\/","og_site_name":"MJHS Health System","article_publisher":"https:\/\/www.facebook.com\/MJHS01\/","article_modified_time":"2025-09-08T19:24:02+00:00","twitter_card":"summary_large_image","twitter_site":"@MJHS01","schema":{"@context":"https:\/\/schema.org","@graph":[{"@type":"WebPage","@id":"https:\/\/www.mjhs.org\/about\/mjhs-isabella-center\/isabella-disclosures\/","url":"https:\/\/www.mjhs.org\/about\/mjhs-isabella-center\/isabella-disclosures\/","name":"Divulgaciones de Isabella | MJHS Health System","isPartOf":{"@id":"https:\/\/www.mjhs.org\/#website"},"datePublished":"2022-08-19T14:50:54+00:00","dateModified":"2025-09-08T19:24:02+00:00","breadcrumb":{"@id":"https:\/\/www.mjhs.org\/about\/mjhs-isabella-center\/isabella-disclosures\/#breadcrumb"},"inLanguage":"es","potentialAction":[{"@type":"ReadAction","target":["https:\/\/www.mjhs.org\/about\/mjhs-isabella-center\/isabella-disclosures\/"]}]},{"@type":"BreadcrumbList","@id":"https:\/\/www.mjhs.org\/about\/mjhs-isabella-center\/isabella-disclosures\/#breadcrumb","itemListElement":[{"@type":"ListItem","position":1,"name":"Home","item":"https:\/\/www.mjhs.org\/"},{"@type":"ListItem","position":2,"name":"About MJHS","item":"https:\/\/www.mjhs.org\/about\/"},{"@type":"ListItem","position":3,"name":"MJHS Isabella Center for Rehabilitation and Nursing Care","item":"https:\/\/www.mjhs.org\/about\/mjhs-isabella-center\/"},{"@type":"ListItem","position":4,"name":"Isabella Disclosures"}]},{"@type":"WebSite","@id":"https:\/\/www.mjhs.org\/#website","url":"https:\/\/www.mjhs.org\/","name":"MJHS Health System","description":"Abriendo el Camino Hacia un Cuidado de Excelencia","publisher":{"@id":"https:\/\/www.mjhs.org\/#organization"},"potentialAction":[{"@type":"SearchAction","target":{"@type":"EntryPoint","urlTemplate":"https:\/\/www.mjhs.org\/?s={search_term_string}"},"query-input":{"@type":"PropertyValueSpecification","valueRequired":true,"valueName":"search_term_string"}}],"inLanguage":"es"},{"@type":"Organization","@id":"https:\/\/www.mjhs.org\/#organization","name":"MJHS Health System","url":"https:\/\/www.mjhs.org\/","logo":{"@type":"ImageObject","inLanguage":"es","@id":"https:\/\/www.mjhs.org\/#\/schema\/logo\/image\/","url":"\/wp-content\/uploads\/2019\/07\/mjhs_logo_for_SEO.png","contentUrl":"\/wp-content\/uploads\/2019\/07\/mjhs_logo_for_SEO.png","width":700,"height":296,"caption":"MJHS Health System"},"image":{"@id":"https:\/\/www.mjhs.org\/#\/schema\/logo\/image\/"},"sameAs":["https:\/\/www.facebook.com\/MJHS01\/","https:\/\/x.com\/MJHS01"]}]}},"jetpack_sharing_enabled":true,"_links":{"self":[{"href":"https:\/\/www.mjhs.org\/es\/wp-json\/wp\/v2\/pages\/46577","targetHints":{"allow":["GET"]}}],"collection":[{"href":"https:\/\/www.mjhs.org\/es\/wp-json\/wp\/v2\/pages"}],"about":[{"href":"https:\/\/www.mjhs.org\/es\/wp-json\/wp\/v2\/types\/page"}],"author":[{"embeddable":true,"href":"https:\/\/www.mjhs.org\/es\/wp-json\/wp\/v2\/users\/3"}],"replies":[{"embeddable":true,"href":"https:\/\/www.mjhs.org\/es\/wp-json\/wp\/v2\/comments?post=46577"}],"version-history":[{"count":0,"href":"https:\/\/www.mjhs.org\/es\/wp-json\/wp\/v2\/pages\/46577\/revisions"}],"up":[{"embeddable":true,"href":"https:\/\/www.mjhs.org\/es\/wp-json\/wp\/v2\/pages\/7574"}],"wp:attachment":[{"href":"https:\/\/www.mjhs.org\/es\/wp-json\/wp\/v2\/media?parent=46577"}],"wp:term":[{"taxonomy":"category","embeddable":true,"href":"https:\/\/www.mjhs.org\/es\/wp-json\/wp\/v2\/categories?post=46577"}],"curies":[{"name":"wp","href":"https:\/\/api.w.org\/{rel}","templated":true}]}}