{"id":61021,"date":"2019-06-27T13:33:00","date_gmt":"2019-06-27T17:33:00","guid":{"rendered":"https:\/\/mjhs1.wpengine.com\/?page_id=61021"},"modified":"2025-09-08T21:22:07","modified_gmt":"2025-09-09T01:22:07","slug":"compliance-center","status":"publish","type":"page","link":"https:\/\/www.mjhs.org\/es\/centro-de-cumplimiento-de-mjhs\/","title":{"rendered":"Centro de cumplimiento de MJHS"},"content":{"rendered":"\n<p>La divisi\u00f3n de Cumplimiento de MJHS existe para garantizar que la organizaci\u00f3n cumpla con todas las normas y reglamentaciones del gobierno y los est\u00e1ndares de la industria. Esto incluye la capacitaci\u00f3n y educaci\u00f3n, y el seguimiento oportuno de todas las inquietudes relacionadas con el cumplimiento. MJHS tiene una estricta pol\u00edtica de no represalias contra cualquier persona que, de buena fe, informe una inquietud de cumplimiento. Ning\u00fan proveedor, empleador, paciente, residente, cliente, miembro del Consejo o familiar que informe una inquietud debe temer represalias.<\/p>\n\n\n\n<h2 class=\"wp-block-heading\" id=\"h-codigo-de-conducta\"><strong>C\u00f3digo de conducta<\/strong><\/h2>\n\n\n\n<p>En MJHS, nuestro C\u00f3digo de conducta es p\u00fablico y est\u00e1 basado en el largo legado de nuestra organizaci\u00f3n de brindar atenci\u00f3n a cada uno de nosotros y a todos los que cruzan nuestras puertas. El C\u00f3digo de conducta de MJHS est\u00e1 basado en nuestros valores centrales: compromiso, atenci\u00f3n, respeto, excelencia, honestidad, responsabilidad, sostenibilidad y liderazgo.&nbsp;<a href=\"https:\/\/spanish.mjhs.org\/wp-content\/uploads\/2018\/08\/2018-Code-of-Conduct_electronic_5_2_1_Accessible.pdf\">Haga clic aqu\u00ed<\/a>&nbsp;para acceder al folleto oficial con el C\u00f3digo de conducta.<\/p>\n\n\n\n<h2 class=\"wp-block-heading\"><strong>C\u00f3mo informar una inquietud de cumplimiento<\/strong><\/h2>\n\n\n\n<p>Para informar una inquietud de cumplimiento, tiene tres opciones:<\/p>\n\n\n\n<ul class=\"wp-block-list\">\n<li>Enviar su pregunta\/inquietud de manera electr\u00f3nica&nbsp;<a href=\"http:\/\/mjhs.ethicspoint.com\/\">aqu\u00ed<\/a>. Para garantizar la confidencialidad, la L\u00ednea directa es gestionada por un proveedor externo.<\/li>\n\n\n\n<li>Llamar a la L\u00ednea directa an\u00f3nima de Cumplimiento y Privacidad de MJHS y Elderplan al&nbsp;<a href=\"tel:18553959169\">1-855-395-9169<\/a>.<\/li>\n\n\n\n<li>Comunicarse con nuestra funcionaria de Cumplimiento de MJHS, Anne Dawson, al&nbsp;<a href=\"tel:7189217971\">718-921-7971<\/a>&nbsp;o a&nbsp;<a href=\"mailto:adawson@mjhs.org\">adawson@mjhs.org&nbsp;&nbsp;<\/a>&nbsp;Tambi\u00e9n puede comunicarse con nuestra funcionaria de Cumplimiento de Elderplan, Candice Weatherly, al&nbsp;<a href=\"tel:7187594260\">718-759-4260<\/a>&nbsp;o a&nbsp;<a href=\"mailto:cweather@mjhs.org\">cweather@mjhs.org<\/a>.<\/li>\n<\/ul>\n\n\n\n<p><a href=\"https:\/\/spanish.mjhs.org\/wp-content\/uploads\/2018\/08\/12-22-16-DRA-revision-FINAL-1_Accessible.pdf\" rel=\"noreferrer noopener\" target=\"_blank\">Ley de Reducci\u00f3n del D\u00e9ficit Federal<\/a><\/p>\n\n\n\n<h2 class=\"wp-block-heading\" id=\"h-transparencia-en-la-cobertura\">Transparencia en la cobertura<\/h2>\n\n\n\n<p>Se ponen a disposici\u00f3n&nbsp;<a href=\"https:\/\/www.cigna.com\/legal\/compliance\/machine-readable-files\">archivos legibles por m\u00e1quina<\/a>&nbsp;en respuesta a la Norma federal de transparencia en la cobertura, y se incluyen tasas de servicio negociadas y montos permitidos fuera de la red entre planes de salud y proveedores de atenci\u00f3n m\u00e9dica. Los archivos legibles por m\u00e1quina tienen un formato que les permite a los investigadores, reguladores y desarrolladores de aplicaciones acceder m\u00e1s f\u00e1cilmente a los datos y analizarlos.<\/p>\n\n\n\n<h2 class=\"wp-block-heading\" id=\"h-cobertura-de-los-medios-de-comunicacion\">Cobertura de los medios de comunicaci\u00f3n<\/h2>\n\n\n\n<h3 class=\"wp-block-heading\" id=\"h-para-periodistas\">Para periodistas<\/h3>\n\n\n\n<p>Para ponerse en contacto con nuestro Departamento de Relaciones P\u00fablicas, comun\u00edquese con:<br><strong>Audrey Waters at:<\/strong>\u00a0<a href=\"mailto:awaters@mjhs.org\">awaters@mjhs.org<\/a>\u00a0or\u00a0<a href=\"tel:7187594677\">718-759-4677<\/a><\/p>\n\n\n\n<div><nav>\n            <h3>Follow us on:<\/h3>\n          <ul role=\"navigation\" id=\"menu-social\"><li id=\"menu-item-73824\" class=\"facebook\"><a href=\"https:\/\/facebook.com\">Facebook<\/a><\/li>\n<li id=\"menu-item-73825\" class=\"linkedin\"><a href=\"https:\/\/linkedin.com\">Linked In<\/a><\/li>\n<li id=\"menu-item-73826\" class=\"instagram\"><a href=\"https:\/\/instagram.com\">Instagram<\/a><\/li>\n<li id=\"menu-item-73827\" class=\"youtube\"><a href=\"https:\/\/youtube.com\">Youtube<\/a><\/li>\n<\/ul>        <\/nav><\/div>\n\n\n\n<h2 class=\"wp-block-heading\" id=\"h-nuestras-politicas\">Nuestras Pol\u00edticas<\/h2>\n\n\n\n<div class=\"wp-block-buttons is-layout-flex wp-block-buttons-is-layout-flex\">\n<div class=\"wp-block-button\"><a class=\"wp-block-button__link wp-element-button\" href=\"\/es\/compliance-center\/privacy-statement\">Declaraci\u00f3n de privacidad<\/a><\/div>\n\n\n\n<div class=\"wp-block-button\"><a class=\"wp-block-button__link wp-element-button\" href=\"\/es\/compliance-center\/discrimination-policy\">Pol\u00edtica antidiscriminaci\u00f3n<\/a><\/div>\n\n\n\n<div class=\"wp-block-button\"><a class=\"wp-block-button__link wp-element-button\" href=\"\/es\/compliance-center\/language-assistance-disclaimer\">Descargos de responsabilidad sobre la asistencia con el idioma<\/a><\/div>\n\n\n\n<div class=\"wp-block-button\"><a class=\"wp-block-button__link wp-element-button\" href=\"\/es\/compliance-center\/notice-of-privacy-practices\">Aviso sobre pr\u00e1cticas de privacidad<\/a><\/div>\n<\/div>\n","protected":false},"excerpt":{"rendered":"<p>La divisi\u00f3n de Cumplimiento de MJHS existe para garantizar que la organizaci\u00f3n cumpla con todas las normas y reglamentaciones del gobierno y los est\u00e1ndares de la industria. Esto incluye la [&hellip;]<\/p>\n","protected":false},"author":20,"featured_media":0,"parent":0,"menu_order":22,"comment_status":"closed","ping_status":"closed","template":"page-sidebar.php","meta":{"_acf_changed":false,"footnotes":""},"categories":[],"class_list":["post-61021","page","type-page","status-publish","hentry"],"translation":{"provider":"WPGlobus","version":"3.0.2","language":"es","enabled_languages":["en","es"],"languages":{"en":{"title":true,"content":true,"excerpt":false},"es":{"title":true,"content":true,"excerpt":false}}},"acf":[],"yoast_head":"<title>Centro de cumplimiento de MJHS | MJHS Health System<\/title>\n<meta name=\"description\" content=\"Aprenda c\u00f3mo MJHS mantiene los m\u00e1s altos est\u00e1ndares de \u00e9tica, integridad y cumplimiento normativo para garantizar una atenci\u00f3n de calidad y transparencia organizativa.\" \/>\n<meta name=\"robots\" content=\"index, follow, max-snippet:-1, max-image-preview:large, max-video-preview:-1\" \/>\n<link rel=\"canonical\" href=\"https:\/\/www.mjhs.org\/es\/compliance-center\/\" \/>\n<meta property=\"og:locale\" content=\"es_MX\" \/>\n<meta property=\"og:type\" content=\"article\" \/>\n<meta property=\"og:title\" content=\"Centro de cumplimiento de MJHS | MJHS Health System\" \/>\n<meta property=\"og:description\" content=\"Aprenda c\u00f3mo MJHS mantiene los m\u00e1s altos est\u00e1ndares de \u00e9tica, integridad y cumplimiento normativo para garantizar una atenci\u00f3n de calidad y transparencia organizativa.\" \/>\n<meta property=\"og:url\" content=\"https:\/\/www.mjhs.org\/compliance-center\/\" \/>\n<meta property=\"og:site_name\" content=\"MJHS Health System\" \/>\n<meta property=\"article:publisher\" content=\"https:\/\/www.facebook.com\/MJHS01\/\" \/>\n<meta property=\"article:modified_time\" content=\"2025-09-09T01:22:07+00:00\" \/>\n<meta name=\"twitter:card\" content=\"summary_large_image\" \/>\n<meta name=\"twitter:site\" content=\"@MJHS01\" \/>\n<script type=\"application\/ld+json\" class=\"yoast-schema-graph\">{\"@context\":\"https:\\\/\\\/schema.org\",\"@graph\":[{\"@type\":\"WebPage\",\"@id\":\"https:\\\/\\\/www.mjhs.org\\\/compliance-center\\\/\",\"url\":\"https:\\\/\\\/www.mjhs.org\\\/compliance-center\\\/\",\"name\":\"Centro de cumplimiento de MJHS | MJHS Health System\",\"isPartOf\":{\"@id\":\"https:\\\/\\\/www.mjhs.org\\\/#website\"},\"datePublished\":\"2019-06-27T17:33:00+00:00\",\"dateModified\":\"2025-09-09T01:22:07+00:00\",\"description\":\"Aprenda c\u00f3mo MJHS mantiene los m\u00e1s altos est\u00e1ndares de \u00e9tica, integridad y cumplimiento normativo para garantizar una atenci\u00f3n de calidad y transparencia organizativa.\",\"breadcrumb\":{\"@id\":\"https:\\\/\\\/www.mjhs.org\\\/compliance-center\\\/#breadcrumb\"},\"inLanguage\":\"es\",\"potentialAction\":[{\"@type\":\"ReadAction\",\"target\":[\"https:\\\/\\\/www.mjhs.org\\\/compliance-center\\\/\"]}]},{\"@type\":\"BreadcrumbList\",\"@id\":\"https:\\\/\\\/www.mjhs.org\\\/compliance-center\\\/#breadcrumb\",\"itemListElement\":[{\"@type\":\"ListItem\",\"position\":1,\"name\":\"Home\",\"item\":\"https:\\\/\\\/www.mjhs.org\\\/\"},{\"@type\":\"ListItem\",\"position\":2,\"name\":\"Center for MJHS Compliance\"}]},{\"@type\":\"WebSite\",\"@id\":\"https:\\\/\\\/www.mjhs.org\\\/#website\",\"url\":\"https:\\\/\\\/www.mjhs.org\\\/\",\"name\":\"MJHS Health System\",\"description\":\"Abriendo el Camino Hacia un Cuidado de Excelencia\",\"publisher\":{\"@id\":\"https:\\\/\\\/www.mjhs.org\\\/#organization\"},\"potentialAction\":[{\"@type\":\"SearchAction\",\"target\":{\"@type\":\"EntryPoint\",\"urlTemplate\":\"https:\\\/\\\/www.mjhs.org\\\/?s={search_term_string}\"},\"query-input\":{\"@type\":\"PropertyValueSpecification\",\"valueRequired\":true,\"valueName\":\"search_term_string\"}}],\"inLanguage\":\"es\"},{\"@type\":\"Organization\",\"@id\":\"https:\\\/\\\/www.mjhs.org\\\/#organization\",\"name\":\"MJHS Health System\",\"url\":\"https:\\\/\\\/www.mjhs.org\\\/\",\"logo\":{\"@type\":\"ImageObject\",\"inLanguage\":\"es\",\"@id\":\"https:\\\/\\\/www.mjhs.org\\\/#\\\/schema\\\/logo\\\/image\\\/\",\"url\":\"\\\/wp-content\\\/uploads\\\/2019\\\/07\\\/mjhs_logo_for_SEO.png\",\"contentUrl\":\"\\\/wp-content\\\/uploads\\\/2019\\\/07\\\/mjhs_logo_for_SEO.png\",\"width\":700,\"height\":296,\"caption\":\"MJHS Health System\"},\"image\":{\"@id\":\"https:\\\/\\\/www.mjhs.org\\\/#\\\/schema\\\/logo\\\/image\\\/\"},\"sameAs\":[\"https:\\\/\\\/www.facebook.com\\\/MJHS01\\\/\",\"https:\\\/\\\/x.com\\\/MJHS01\"]}]}<\/script>","yoast_head_json":{"title":"Centro de cumplimiento de MJHS | MJHS Health System","description":"Aprenda c\u00f3mo MJHS mantiene los m\u00e1s altos est\u00e1ndares de \u00e9tica, integridad y cumplimiento normativo para garantizar una atenci\u00f3n de calidad y transparencia organizativa.","robots":{"index":"index","follow":"follow","max-snippet":"max-snippet:-1","max-image-preview":"max-image-preview:large","max-video-preview":"max-video-preview:-1"},"canonical":"https:\/\/www.mjhs.org\/es\/compliance-center\/","og_locale":"es_MX","og_type":"article","og_title":"Centro de cumplimiento de MJHS | MJHS Health System","og_description":"Aprenda c\u00f3mo MJHS mantiene los m\u00e1s altos est\u00e1ndares de \u00e9tica, integridad y cumplimiento normativo para garantizar una atenci\u00f3n de calidad y transparencia organizativa.","og_url":"https:\/\/www.mjhs.org\/compliance-center\/","og_site_name":"MJHS Health System","article_publisher":"https:\/\/www.facebook.com\/MJHS01\/","article_modified_time":"2025-09-09T01:22:07+00:00","twitter_card":"summary_large_image","twitter_site":"@MJHS01","schema":{"@context":"https:\/\/schema.org","@graph":[{"@type":"WebPage","@id":"https:\/\/www.mjhs.org\/compliance-center\/","url":"https:\/\/www.mjhs.org\/compliance-center\/","name":"Centro de cumplimiento de MJHS | MJHS Health System","isPartOf":{"@id":"https:\/\/www.mjhs.org\/#website"},"datePublished":"2019-06-27T17:33:00+00:00","dateModified":"2025-09-09T01:22:07+00:00","description":"Aprenda c\u00f3mo MJHS mantiene los m\u00e1s altos est\u00e1ndares de \u00e9tica, integridad y cumplimiento normativo para garantizar una atenci\u00f3n de calidad y transparencia organizativa.","breadcrumb":{"@id":"https:\/\/www.mjhs.org\/compliance-center\/#breadcrumb"},"inLanguage":"es","potentialAction":[{"@type":"ReadAction","target":["https:\/\/www.mjhs.org\/compliance-center\/"]}]},{"@type":"BreadcrumbList","@id":"https:\/\/www.mjhs.org\/compliance-center\/#breadcrumb","itemListElement":[{"@type":"ListItem","position":1,"name":"Home","item":"https:\/\/www.mjhs.org\/"},{"@type":"ListItem","position":2,"name":"Center for MJHS Compliance"}]},{"@type":"WebSite","@id":"https:\/\/www.mjhs.org\/#website","url":"https:\/\/www.mjhs.org\/","name":"MJHS Health System","description":"Abriendo el Camino Hacia un Cuidado de Excelencia","publisher":{"@id":"https:\/\/www.mjhs.org\/#organization"},"potentialAction":[{"@type":"SearchAction","target":{"@type":"EntryPoint","urlTemplate":"https:\/\/www.mjhs.org\/?s={search_term_string}"},"query-input":{"@type":"PropertyValueSpecification","valueRequired":true,"valueName":"search_term_string"}}],"inLanguage":"es"},{"@type":"Organization","@id":"https:\/\/www.mjhs.org\/#organization","name":"MJHS Health System","url":"https:\/\/www.mjhs.org\/","logo":{"@type":"ImageObject","inLanguage":"es","@id":"https:\/\/www.mjhs.org\/#\/schema\/logo\/image\/","url":"\/wp-content\/uploads\/2019\/07\/mjhs_logo_for_SEO.png","contentUrl":"\/wp-content\/uploads\/2019\/07\/mjhs_logo_for_SEO.png","width":700,"height":296,"caption":"MJHS Health System"},"image":{"@id":"https:\/\/www.mjhs.org\/#\/schema\/logo\/image\/"},"sameAs":["https:\/\/www.facebook.com\/MJHS01\/","https:\/\/x.com\/MJHS01"]}]}},"jetpack_sharing_enabled":true,"_links":{"self":[{"href":"https:\/\/www.mjhs.org\/es\/wp-json\/wp\/v2\/pages\/61021","targetHints":{"allow":["GET"]}}],"collection":[{"href":"https:\/\/www.mjhs.org\/es\/wp-json\/wp\/v2\/pages"}],"about":[{"href":"https:\/\/www.mjhs.org\/es\/wp-json\/wp\/v2\/types\/page"}],"author":[{"embeddable":true,"href":"https:\/\/www.mjhs.org\/es\/wp-json\/wp\/v2\/users\/20"}],"replies":[{"embeddable":true,"href":"https:\/\/www.mjhs.org\/es\/wp-json\/wp\/v2\/comments?post=61021"}],"version-history":[{"count":0,"href":"https:\/\/www.mjhs.org\/es\/wp-json\/wp\/v2\/pages\/61021\/revisions"}],"wp:attachment":[{"href":"https:\/\/www.mjhs.org\/es\/wp-json\/wp\/v2\/media?parent=61021"}],"wp:term":[{"taxonomy":"category","embeddable":true,"href":"https:\/\/www.mjhs.org\/es\/wp-json\/wp\/v2\/categories?post=61021"}],"curies":[{"name":"wp","href":"https:\/\/api.w.org\/{rel}","templated":true}]}}