{"id":73416,"date":"2024-12-13T14:52:32","date_gmt":"2024-12-13T19:52:32","guid":{"rendered":"https:\/\/mjhs1.wpengine.com\/?page_id=73416"},"modified":"2026-03-18T17:25:03","modified_gmt":"2026-03-18T21:25:03","slug":"hospice-and-palliative-care","status":"publish","type":"page","link":"https:\/\/www.mjhs.org\/es\/cuidados-paliativos-y-de-hospicio\/","title":{"rendered":"Cuidados paliativos y de hospicio"},"content":{"rendered":"<div class=\"fifty-fifty-columns \">\n  <div class=\"column column--right column--default\">\n    <div class=\"column__image\">\n      <img decoding=\"async\"\n                  class=\"image-aspect-ratio-1-1\"\n                src=\"https:\/\/mjhs.imgix.net\/2025\/01\/hospice-family-with-nurse.jpg?fm=pjpg\" alt=\"Male nurse in blue compassionately assisting an elderly woman and her daughter at a table. Prescription bottles and a pamphlet are on the table.\"\n      >\n    <\/div>\n    <div class=\"column__content\">\n      <h2>Apoyo compasivo a pacientes y familiares<\/h2>      <p>Cuando usted o un ser querido se enfrentan a una enfermedad avanzada o terminal, el apoyo compasivo y especializado puede marcar la diferencia. Nuestros programas de cuidados paliativos y de hospicio est\u00e1n dise\u00f1ados para brindar comodidad, mantener la dignidad y abordar las necesidades \u00fanicas de cada persona, mientras ofrecen gu\u00eda y apoyo a sus seres queridos.<\/p>\n<h4>Puede contar con nuestro experimentado equipo para proporcionarle lo siguiente:<\/h4>\n<ul>\n<li>Mejora de la calidad de vida<\/li>\n<li>Apoyo emocional y espiritual<\/li>\n<li>Planes de atenci\u00f3n personalizados para satisfacer sus necesidades<\/li>\n<li>Enfoque centrado en la familia<\/li>\n<li>Alivio del dolor y de los s\u00edntomas, siempre que sea posible<\/li>\n<\/ul>\n<p><strong>MJHS Hospice and Palliative Care est\u00e1 aqu\u00ed para ayudarlos a usted y a su familia, y les brinda una atenci\u00f3n que honra sus deseos, respeta sus experiencias y garantiza que no est\u00e9 solo en este camino.<\/strong><\/p>\n          <\/div>\n  <\/div>\n<\/div>\n\n\n\n<div class=\"highlights\">\n  <span class=\"eyebrow\">Conozca m\u00e1s sobre<\/span>\n  <h2>Cuidados paliativos de MJHS<\/h2>\n  <!-- For each item in tags, output it -->\n    <div class=\"flexbox\">\n    <div>\n      <img decoding=\"async\"\n                  class=\"image-aspect-ratio-16-9\"\n                src=\"https:\/\/mjhs.imgix.net\/2025\/01\/palliative-care-patient-consulting-with-nurse-practitioner.jpg?fm=pjpg\" alt=\"A palliative care nurse guides a patient in an orange sweater as she writes. A table holds medications and a bowl of fruit.\"\n      >\n    <\/div>\n    <div>\n      <span>Un vistazo a la atenci\u00f3n<\/span>\n              <div class=\"accordions\">\n        <!-- Go through each item in the accordions field, then get the summary & details fields from that item -->\n                      <details>\n              <summary>Junto con el tratamiento curativo<\/summary>\n              <div>\n                <p>Disponible en cualquier etapa de su enfermedad cr\u00f3nica o grave. Puede recibir cuidados paliativos incluso mientras contin\u00faa buscando una cura para su afecci\u00f3n.<\/p>\n                              <\/div>\n            <\/details>\n                      <details>\n              <summary>Control de los s\u00edntomas<\/summary>\n              <div>\n                <p>Se centra en aliviar los s\u00edntomas angustiosos y el dolor asociados a una enfermedad grave o cr\u00f3nica, mejorar la calidad de vida y apoyar el bienestar f\u00edsico y emocional.<\/p>\n                              <\/div>\n            <\/details>\n                      <details>\n              <summary>Administraci\u00f3n y coordinaci\u00f3n de la atenci\u00f3n<\/summary>\n              <div>\n                <p>Nuestro equipo de cuidados paliativos colabora estrechamente con su m\u00e9dico de atenci\u00f3n primaria y los especialistas que lo atienden para ayudar a garantizar una atenci\u00f3n personalizada y sin problemas.<\/p>\n                              <\/div>\n            <\/details>\n                      <details>\n              <summary>Planificaci\u00f3n de atenci\u00f3n avanzada<\/summary>\n              <div>\n                <p>Lo apoyaremos para que pueda tomar y documentar decisiones sobre sus preferencias de tratamiento futuro, en caso de que usted no pueda expresarlas por s\u00ed mismo.<\/p>\n                                  <a href=\"\/es\/hospice-and-palliative-care\/advance-care-planning\/\">Learn more<\/a>\n                              <\/div>\n            <\/details>\n                  <\/div>\n                    <a href=\"\/es\/about\/mjhs-palliative-care\/\" target=\"_self\">Obtenga m\u00e1s informaci\u00f3n sobre los cuidados paliativos de MJHS<\/a>\n          <\/div>\n  <\/div>\n<\/div>\n\n\n<div class=\"highlights\">\n  <span class=\"eyebrow\">Conozca m\u00e1s sobre<\/span>\n  <h2>MJHS Hospice Care<\/h2>\n  <!-- For each item in tags, output it -->\n    <div class=\"flexbox\">\n    <div>\n      <img decoding=\"async\"\n                  class=\"image-aspect-ratio-16-9\"\n                src=\"https:\/\/mjhs.imgix.net\/2025\/01\/hospice-family-music-therapy.jpg?fm=pjpg\" alt=\"A music therapist plays guitar for a smiling hospice patient and family in a cozy room with vibrant pink walls and a painting.\"\n      >\n    <\/div>\n    <div>\n      <span>Un vistazo a la atenci\u00f3n<\/span>\n              <div class=\"accordions\">\n        <!-- Go through each item in the accordions field, then get the summary & details fields from that item -->\n                      <details>\n              <summary>Se enfoca en la comodidad<\/summary>\n              <div>\n                <p>Se proporciona cuando usted o su ser querido tienen una enfermedad avanzada con un pron\u00f3stico de seis meses o menos, y han decidido interrumpir el tratamiento curativo. Nuestra atenci\u00f3n se centra en la comodidad, la dignidad y el control de los s\u00edntomas.<\/p>\n                                  <a href=\"\/es\/resource\/a-guide-to-hospice-care\/\">Learn more<\/a>\n                              <\/div>\n            <\/details>\n                      <details>\n              <summary>Atenci\u00f3n culturalmente sensible<\/summary>\n              <div>\n                <p>Brindamos atenci\u00f3n culturalmente sensible honrando y respetando las tradiciones religiosas, las creencias religiosas y los valores de cada paciente.<\/p>\n                                  <a href=\"\/es\/hospice-and-palliative-care\/culturally-sensitive-care\/\">Learn more<\/a>\n                              <\/div>\n            <\/details>\n                      <details>\n              <summary>Cuidados pedi\u00e1tricos de hospicio<\/summary>\n              <div>\n                <p>Como pioneros en cuidados pedi\u00e1tricos de hospicio y defensores tempranos de la atenci\u00f3n concurrente, mantenemos nuestro compromiso de ofrecer a los ni\u00f1os de New York los beneficios de nuestros cuidados de hospicio especializados, mientras contin\u00faan recibiendo tratamiento curativo.<\/p>\n                                  <a href=\"\/es\/hospice-and-palliative-care\/pediatric-hospice-care\/\">Learn more<\/a>\n                              <\/div>\n            <\/details>\n                      <details>\n              <summary>Comit\u00e9 de Revisi\u00f3n \u00c9tica<\/summary>\n              <div>\n                <p>Disponible para guiar y apoyar a las familias a la hora de tomar decisiones m\u00e9dicas complejas, si su ser querido no tiene directivas anticipadas o no puede expresar sus deseos, asegurando que la atenci\u00f3n se alinee con los principios \u00e9ticos, los valores individuales y los est\u00e1ndares de la organizaci\u00f3n.<\/p>\n                                  <a href=\"\/es\/hospice-and-palliative-care\/ethics-review-committee\/\">Learn more<\/a>\n                              <\/div>\n            <\/details>\n                      <details>\n              <summary>Apoyo en el duelo<\/summary>\n              <div>\n                <p>Ofrecemos gu\u00eda compasiva y recursos para ayudarlo a usted, a su familia y a sus amigos a atravesar el proceso de duelo, mientras su ser querido a\u00fan est\u00e1 aqu\u00ed y durante treinta meses despu\u00e9s de su fallecimiento.<\/p>\n                                  <a href=\"\/es\/hospice-and-palliative-care\/bereavement-support\/\">Learn more<\/a>\n                              <\/div>\n            <\/details>\n                  <\/div>\n                    <a href=\"\/es\/about\/mjhs-hospice-care\/\" target=\"_self\">Obtenga m\u00e1s informaci\u00f3n sobre los Cuidados de hospicio de MJHS<\/a>\n          <\/div>\n  <\/div>\n<\/div>\n\n\n<div class=\"card-section\">\n  <h2>Recursos de apoyo<\/h2>\n  <p>Descubra recursos de apoyo para ayudar a los pacientes y sus familias a sobrellevar sus enfermedades cr\u00f3nicas o que limitan su vida. Estos recursos informativos brindan comodidad, conexi\u00f3n y tranquilidad cuando m\u00e1s se necesitan.<\/p>\n  <div class=\"card-section__cards\">\n    <!-- Output up to 3 cards, which grab the most recent Resource posts with the same resource_cagetory as this block's category field -->\n              <div class=\"card\">\n                          <img loading=\"lazy\" decoding=\"async\" width=\"1400\" height=\"934\" src=\"https:\/\/mjhs.imgix.net\/2025\/01\/nurse-and-patient-in-wheelchair-smiling.jpg?fm=pjpg\" class=\"attachment-post-thumbnail size-post-thumbnail wp-post-image\" alt=\"Friendly nurse in blue scrubs standing beside a smiling elderly man in a wheelchair, providing support and encouragement.\" srcset=\"https:\/\/mjhs.imgix.net\/2025\/01\/nurse-and-patient-in-wheelchair-smiling.jpg?fit=scale&amp;fm=pjpg&amp;h=200&amp;w=300 300w, https:\/\/mjhs.imgix.net\/2025\/01\/nurse-and-patient-in-wheelchair-smiling.jpg?fit=scale&amp;fm=pjpg&amp;h=683&amp;w=1024 1024w, https:\/\/mjhs.imgix.net\/2025\/01\/nurse-and-patient-in-wheelchair-smiling.jpg?fit=scale&amp;fm=pjpg&amp;h=512&amp;w=768 768w, https:\/\/mjhs.imgix.net\/2025\/01\/nurse-and-patient-in-wheelchair-smiling.jpg?fit=scale&amp;fm=pjpg&amp;h=1025&amp;w=1536 1536w, https:\/\/mjhs.imgix.net\/2025\/01\/nurse-and-patient-in-wheelchair-smiling.jpg?fit=scale&amp;fm=pjpg&amp;h=1366&amp;w=2048 2048w, https:\/\/mjhs.imgix.net\/2025\/01\/nurse-and-patient-in-wheelchair-smiling.jpg?fm=pjpg 1400w\" sizes=\"auto, (max-width: 1400px) 100vw, 1400px\" \/>                        <div class=\"card__content\">\n              <h3>Una gu\u00eda para los cuidados de hospicio<\/h3>\n              <p>Hospice care, also referred to as comfort care, is a specialized level of support designed for you or your loved one if you have an advanced illness, a prognosis of six months or less and have chosen to stop curative treatments. <\/p>\n              <a href=\"https:\/\/www.mjhs.org\/es\/recursos\/una-gu\u00eda-para-los-cuidados-de-hospicio\/\">Learn More<\/a>\n            <\/div>\n          <\/div>\n                    <div class=\"card\">\n                          <img loading=\"lazy\" decoding=\"async\" width=\"1400\" height=\"934\" src=\"https:\/\/mjhs.imgix.net\/2025\/01\/nurse-with-patient-clipboard.jpg?fm=pjpg\" class=\"attachment-post-thumbnail size-post-thumbnail wp-post-image\" alt=\"Smiling nurse in scrubs holding a clipboard and guiding an older man in a green polo shirt, sitting in a bright, modern space.\" srcset=\"https:\/\/mjhs.imgix.net\/2025\/01\/nurse-with-patient-clipboard.jpg?fit=scale&amp;fm=pjpg&amp;h=200&amp;w=300 300w, https:\/\/mjhs.imgix.net\/2025\/01\/nurse-with-patient-clipboard.jpg?fit=scale&amp;fm=pjpg&amp;h=683&amp;w=1024 1024w, https:\/\/mjhs.imgix.net\/2025\/01\/nurse-with-patient-clipboard.jpg?fit=scale&amp;fm=pjpg&amp;h=512&amp;w=768 768w, https:\/\/mjhs.imgix.net\/2025\/01\/nurse-with-patient-clipboard.jpg?fit=scale&amp;fm=pjpg&amp;h=1025&amp;w=1536 1536w, https:\/\/mjhs.imgix.net\/2025\/01\/nurse-with-patient-clipboard.jpg?fit=scale&amp;fm=pjpg&amp;h=1366&amp;w=2048 2048w, https:\/\/mjhs.imgix.net\/2025\/01\/nurse-with-patient-clipboard.jpg?fm=pjpg 1400w\" sizes=\"auto, (max-width: 1400px) 100vw, 1400px\" \/>                        <div class=\"card__content\">\n              <h3>Una gu\u00eda para cuidados paliativos<\/h3>\n              <p>Palliative care is specialized medical care designed to help patients manage the symptoms and challenges associated with a serious illness. <\/p>\n              <a href=\"https:\/\/www.mjhs.org\/es\/recursos\/una-gu\u00eda-para-cuidados-paliativos\/\">Learn More<\/a>\n            <\/div>\n          <\/div>\n                    <div class=\"card\">\n                          <img loading=\"lazy\" decoding=\"async\" width=\"1200\" height=\"627\" src=\"https:\/\/mjhs.imgix.net\/2020\/09\/iStock-512544839-1200x627-1.jpg?fm=pjpg\" class=\"attachment-post-thumbnail size-post-thumbnail wp-post-image\" alt=\"{:en}Young woman in bed suffering from cancer{:}{:es}Mujer joven enferma de c\u00e1ncer en una cama{:}\" srcset=\"https:\/\/mjhs.imgix.net\/2020\/09\/iStock-512544839-1200x627-1.jpg?fit=scale&amp;fm=pjpg&amp;h=157&amp;w=300 300w, https:\/\/mjhs.imgix.net\/2020\/09\/iStock-512544839-1200x627-1.jpg?fit=scale&amp;fm=pjpg&amp;h=535&amp;w=1024 1024w, https:\/\/mjhs.imgix.net\/2020\/09\/iStock-512544839-1200x627-1.jpg?fit=scale&amp;fm=pjpg&amp;h=401&amp;w=768 768w, https:\/\/mjhs.imgix.net\/2020\/09\/iStock-512544839-1200x627-1.jpg?fit=scale&amp;fm=pjpg&amp;h=803&amp;w=1536 1536w, https:\/\/mjhs.imgix.net\/2020\/09\/iStock-512544839-1200x627-1.jpg?fit=scale&amp;fm=pjpg&amp;h=1070&amp;w=2048 2048w, https:\/\/mjhs.imgix.net\/2020\/09\/iStock-512544839-1200x627-1.jpg?fm=pjpg 1200w\" sizes=\"auto, (max-width: 1200px) 100vw, 1200px\" \/>                        <div class=\"card__content\">\n              <h3>Diferencia entre atenci\u00f3n de hospicio y cuidados paliativos<\/h3>\n              <p>We want the best for our loved ones. This is why knowing the difference between palliative and hospice care and understanding which meets your loved one\u2019s preferences is useful. While there are many misconceptions, neither palliative nor hospice care necessarily prolongs life, nor do they hasten death. So, what is the difference between the two?<\/p>\n              <a href=\"https:\/\/www.mjhs.org\/es\/recursos\/diferencia-entre-cuidados-de-hospicio-y-cuidados-paliativos\/\">Learn More<\/a>\n            <\/div>\n          <\/div>\n            <\/div>\n<\/div>\n","protected":false},"excerpt":{"rendered":"","protected":false},"author":20,"featured_media":75011,"parent":0,"menu_order":6,"comment_status":"closed","ping_status":"closed","template":"page-overview.php","meta":{"_acf_changed":false,"footnotes":""},"categories":[],"class_list":["post-73416","page","type-page","status-publish","has-post-thumbnail","hentry"],"translation":{"provider":"WPGlobus","version":"3.0.2","language":"es","enabled_languages":["en","es"],"languages":{"en":{"title":true,"content":true,"excerpt":false},"es":{"title":true,"content":true,"excerpt":false}}},"acf":[],"yoast_head":"<title>Cuidados de Hospicio y Paliativos en NYC | MJHS Health System<\/title>\n<meta name=\"description\" content=\"MJHS ofrece cuidados paliativos y de hospicio expertos en la Ciudad de Nueva York. Apoyamos a pacientes y familias en cada etapa. Llame hoy o inf\u00f3rmese m\u00e1s.\" \/>\n<meta name=\"robots\" content=\"index, follow, max-snippet:-1, max-image-preview:large, max-video-preview:-1\" \/>\n<link rel=\"canonical\" href=\"https:\/\/www.mjhs.org\/es\/hospice-and-palliative-care\/\" \/>\n<meta property=\"og:locale\" content=\"es_MX\" \/>\n<meta property=\"og:type\" content=\"article\" \/>\n<meta property=\"og:title\" content=\"Cuidados de Hospicio y Paliativos en NYC | MJHS Health System\" \/>\n<meta property=\"og:description\" content=\"MJHS ofrece cuidados paliativos y de hospicio expertos en la Ciudad de Nueva York. Apoyamos a pacientes y familias en cada etapa. Llame hoy o inf\u00f3rmese m\u00e1s.\" \/>\n<meta property=\"og:url\" content=\"https:\/\/www.mjhs.org\/hospice-and-palliative-care\/\" \/>\n<meta property=\"og:site_name\" content=\"MJHS Health System\" \/>\n<meta property=\"article:publisher\" content=\"https:\/\/www.facebook.com\/MJHS01\/\" \/>\n<meta property=\"article:modified_time\" content=\"2026-03-18T21:25:03+00:00\" \/>\n<meta property=\"og:image\" content=\"https:\/\/mjhs.imgix.net\/2025\/01\/son-with-mother-hospice.jpg?fm=pjpg\" \/>\n\t<meta property=\"og:image:width\" content=\"2800\" \/>\n\t<meta property=\"og:image:height\" content=\"934\" \/>\n\t<meta property=\"og:image:type\" content=\"image\/jpeg\" \/>\n<meta name=\"twitter:card\" content=\"summary_large_image\" \/>\n<meta name=\"twitter:site\" content=\"@MJHS01\" \/>\n<script type=\"application\/ld+json\" class=\"yoast-schema-graph\">{\"@context\":\"https:\\\/\\\/schema.org\",\"@graph\":[{\"@type\":\"WebPage\",\"@id\":\"https:\\\/\\\/www.mjhs.org\\\/hospice-and-palliative-care\\\/\",\"url\":\"https:\\\/\\\/www.mjhs.org\\\/hospice-and-palliative-care\\\/\",\"name\":\"Hospice & Palliative Care Services in NYC | MJHS Health System\",\"isPartOf\":{\"@id\":\"https:\\\/\\\/www.mjhs.org\\\/#website\"},\"primaryImageOfPage\":{\"@id\":\"https:\\\/\\\/www.mjhs.org\\\/hospice-and-palliative-care\\\/#primaryimage\"},\"image\":{\"@id\":\"https:\\\/\\\/www.mjhs.org\\\/hospice-and-palliative-care\\\/#primaryimage\"},\"thumbnailUrl\":\"https:\\\/\\\/mjhs.imgix.net\\\/2025\\\/01\\\/son-with-mother-hospice.jpg?fm=pjpg\",\"datePublished\":\"2024-12-13T19:52:32+00:00\",\"dateModified\":\"2026-03-18T21:25:03+00:00\",\"description\":\"MJHS provides expert hospice and palliative care services across New York City. Our compassionate teams support patients and families at every stage. Learn more or call today.\",\"breadcrumb\":{\"@id\":\"https:\\\/\\\/www.mjhs.org\\\/hospice-and-palliative-care\\\/#breadcrumb\"},\"inLanguage\":\"es-MX\",\"potentialAction\":[{\"@type\":\"ReadAction\",\"target\":[\"https:\\\/\\\/www.mjhs.org\\\/hospice-and-palliative-care\\\/\"]}]},{\"@type\":\"ImageObject\",\"inLanguage\":\"es-MX\",\"@id\":\"https:\\\/\\\/www.mjhs.org\\\/hospice-and-palliative-care\\\/#primaryimage\",\"url\":\"https:\\\/\\\/mjhs.imgix.net\\\/2025\\\/01\\\/son-with-mother-hospice.jpg?fm=pjpg\",\"contentUrl\":\"https:\\\/\\\/mjhs.imgix.net\\\/2025\\\/01\\\/son-with-mother-hospice.jpg?fm=pjpg\",\"width\":2800,\"height\":934,\"caption\":\"Adult son sitting on a bed, holding his mother\u2019s hand while receiving hospice care at home.. The mother wears a headscarf, suggesting a caring moment.\"},{\"@type\":\"BreadcrumbList\",\"@id\":\"https:\\\/\\\/www.mjhs.org\\\/hospice-and-palliative-care\\\/#breadcrumb\",\"itemListElement\":[{\"@type\":\"ListItem\",\"position\":1,\"name\":\"Home\",\"item\":\"https:\\\/\\\/www.mjhs.org\\\/\"},{\"@type\":\"ListItem\",\"position\":2,\"name\":\"Hospice and Palliative Care\"}]},{\"@type\":\"WebSite\",\"@id\":\"https:\\\/\\\/www.mjhs.org\\\/#website\",\"url\":\"https:\\\/\\\/www.mjhs.org\\\/\",\"name\":\"MJHS Health System\",\"description\":\"Abriendo el Camino Hacia un Cuidado de Excelencia\",\"publisher\":{\"@id\":\"https:\\\/\\\/www.mjhs.org\\\/#organization\"},\"potentialAction\":[{\"@type\":\"SearchAction\",\"target\":{\"@type\":\"EntryPoint\",\"urlTemplate\":\"https:\\\/\\\/www.mjhs.org\\\/?s={search_term_string}\"},\"query-input\":{\"@type\":\"PropertyValueSpecification\",\"valueRequired\":true,\"valueName\":\"search_term_string\"}}],\"inLanguage\":\"es-MX\"},{\"@type\":\"Organization\",\"@id\":\"https:\\\/\\\/www.mjhs.org\\\/#organization\",\"name\":\"MJHS Health System\",\"url\":\"https:\\\/\\\/www.mjhs.org\\\/\",\"logo\":{\"@type\":\"ImageObject\",\"inLanguage\":\"es-MX\",\"@id\":\"https:\\\/\\\/www.mjhs.org\\\/#\\\/schema\\\/logo\\\/image\\\/\",\"url\":\"\\\/wp-content\\\/uploads\\\/2019\\\/07\\\/mjhs_logo_for_SEO.png\",\"contentUrl\":\"\\\/wp-content\\\/uploads\\\/2019\\\/07\\\/mjhs_logo_for_SEO.png\",\"width\":700,\"height\":296,\"caption\":\"MJHS Health System\"},\"image\":{\"@id\":\"https:\\\/\\\/www.mjhs.org\\\/#\\\/schema\\\/logo\\\/image\\\/\"},\"sameAs\":[\"https:\\\/\\\/www.facebook.com\\\/MJHS01\\\/\",\"https:\\\/\\\/x.com\\\/MJHS01\"]}]}<\/script>","yoast_head_json":{"title":"Cuidados de Hospicio y Paliativos en NYC | MJHS Health System","description":"MJHS ofrece cuidados paliativos y de hospicio expertos en la Ciudad de Nueva York. Apoyamos a pacientes y familias en cada etapa. Llame hoy o inf\u00f3rmese m\u00e1s.","robots":{"index":"index","follow":"follow","max-snippet":"max-snippet:-1","max-image-preview":"max-image-preview:large","max-video-preview":"max-video-preview:-1"},"canonical":"https:\/\/www.mjhs.org\/es\/hospice-and-palliative-care\/","og_locale":"es_MX","og_type":"article","og_title":"Cuidados de Hospicio y Paliativos en NYC | MJHS Health System","og_description":"MJHS ofrece cuidados paliativos y de hospicio expertos en la Ciudad de Nueva York. Apoyamos a pacientes y familias en cada etapa. Llame hoy o inf\u00f3rmese m\u00e1s.","og_url":"https:\/\/www.mjhs.org\/hospice-and-palliative-care\/","og_site_name":"MJHS Health System","article_publisher":"https:\/\/www.facebook.com\/MJHS01\/","article_modified_time":"2026-03-18T21:25:03+00:00","og_image":[{"width":2800,"height":934,"url":"https:\/\/mjhs.imgix.net\/2025\/01\/son-with-mother-hospice.jpg?fm=pjpg","type":"image\/jpeg"}],"twitter_card":"summary_large_image","twitter_site":"@MJHS01","schema":{"@context":"https:\/\/schema.org","@graph":[{"@type":"WebPage","@id":"https:\/\/www.mjhs.org\/hospice-and-palliative-care\/","url":"https:\/\/www.mjhs.org\/hospice-and-palliative-care\/","name":"Hospice & Palliative Care Services in NYC | MJHS Health System","isPartOf":{"@id":"https:\/\/www.mjhs.org\/#website"},"primaryImageOfPage":{"@id":"https:\/\/www.mjhs.org\/hospice-and-palliative-care\/#primaryimage"},"image":{"@id":"https:\/\/www.mjhs.org\/hospice-and-palliative-care\/#primaryimage"},"thumbnailUrl":"https:\/\/mjhs.imgix.net\/2025\/01\/son-with-mother-hospice.jpg?fm=pjpg","datePublished":"2024-12-13T19:52:32+00:00","dateModified":"2026-03-18T21:25:03+00:00","description":"MJHS provides expert hospice and palliative care services across New York City. Our compassionate teams support patients and families at every stage. Learn more or call today.","breadcrumb":{"@id":"https:\/\/www.mjhs.org\/hospice-and-palliative-care\/#breadcrumb"},"inLanguage":"es-MX","potentialAction":[{"@type":"ReadAction","target":["https:\/\/www.mjhs.org\/hospice-and-palliative-care\/"]}]},{"@type":"ImageObject","inLanguage":"es-MX","@id":"https:\/\/www.mjhs.org\/hospice-and-palliative-care\/#primaryimage","url":"https:\/\/mjhs.imgix.net\/2025\/01\/son-with-mother-hospice.jpg?fm=pjpg","contentUrl":"https:\/\/mjhs.imgix.net\/2025\/01\/son-with-mother-hospice.jpg?fm=pjpg","width":2800,"height":934,"caption":"Adult son sitting on a bed, holding his mother\u2019s hand while receiving hospice care at home.. The mother wears a headscarf, suggesting a caring moment."},{"@type":"BreadcrumbList","@id":"https:\/\/www.mjhs.org\/hospice-and-palliative-care\/#breadcrumb","itemListElement":[{"@type":"ListItem","position":1,"name":"Home","item":"https:\/\/www.mjhs.org\/"},{"@type":"ListItem","position":2,"name":"Hospice and Palliative Care"}]},{"@type":"WebSite","@id":"https:\/\/www.mjhs.org\/#website","url":"https:\/\/www.mjhs.org\/","name":"MJHS Health System","description":"Abriendo el Camino Hacia un Cuidado de Excelencia","publisher":{"@id":"https:\/\/www.mjhs.org\/#organization"},"potentialAction":[{"@type":"SearchAction","target":{"@type":"EntryPoint","urlTemplate":"https:\/\/www.mjhs.org\/?s={search_term_string}"},"query-input":{"@type":"PropertyValueSpecification","valueRequired":true,"valueName":"search_term_string"}}],"inLanguage":"es-MX"},{"@type":"Organization","@id":"https:\/\/www.mjhs.org\/#organization","name":"MJHS Health System","url":"https:\/\/www.mjhs.org\/","logo":{"@type":"ImageObject","inLanguage":"es-MX","@id":"https:\/\/www.mjhs.org\/#\/schema\/logo\/image\/","url":"\/wp-content\/uploads\/2019\/07\/mjhs_logo_for_SEO.png","contentUrl":"\/wp-content\/uploads\/2019\/07\/mjhs_logo_for_SEO.png","width":700,"height":296,"caption":"MJHS Health System"},"image":{"@id":"https:\/\/www.mjhs.org\/#\/schema\/logo\/image\/"},"sameAs":["https:\/\/www.facebook.com\/MJHS01\/","https:\/\/x.com\/MJHS01"]}]}},"jetpack_sharing_enabled":true,"_links":{"self":[{"href":"https:\/\/www.mjhs.org\/es\/wp-json\/wp\/v2\/pages\/73416","targetHints":{"allow":["GET"]}}],"collection":[{"href":"https:\/\/www.mjhs.org\/es\/wp-json\/wp\/v2\/pages"}],"about":[{"href":"https:\/\/www.mjhs.org\/es\/wp-json\/wp\/v2\/types\/page"}],"author":[{"embeddable":true,"href":"https:\/\/www.mjhs.org\/es\/wp-json\/wp\/v2\/users\/20"}],"replies":[{"embeddable":true,"href":"https:\/\/www.mjhs.org\/es\/wp-json\/wp\/v2\/comments?post=73416"}],"version-history":[{"count":2,"href":"https:\/\/www.mjhs.org\/es\/wp-json\/wp\/v2\/pages\/73416\/revisions"}],"predecessor-version":[{"id":78751,"href":"https:\/\/www.mjhs.org\/es\/wp-json\/wp\/v2\/pages\/73416\/revisions\/78751"}],"wp:featuredmedia":[{"embeddable":true,"href":"https:\/\/www.mjhs.org\/es\/wp-json\/wp\/v2\/media\/75011"}],"wp:attachment":[{"href":"https:\/\/www.mjhs.org\/es\/wp-json\/wp\/v2\/media?parent=73416"}],"wp:term":[{"taxonomy":"category","embeddable":true,"href":"https:\/\/www.mjhs.org\/es\/wp-json\/wp\/v2\/categories?post=73416"}],"curies":[{"name":"wp","href":"https:\/\/api.w.org\/{rel}","templated":true}]}}