{"id":73418,"date":"2024-12-16T11:59:47","date_gmt":"2024-12-16T16:59:47","guid":{"rendered":"https:\/\/mjhs1.wpengine.com\/?page_id=73418"},"modified":"2026-03-26T15:09:24","modified_gmt":"2026-03-26T19:09:24","slug":"culturally-sensitive-care","status":"publish","type":"page","link":"https:\/\/www.mjhs.org\/es\/cuidados-paliativos-y-de-hospicio\/atenci%C3%B3n-culturalmente-sensible\/","title":{"rendered":"Atenci\u00f3n culturalmente sensible"},"content":{"rendered":"<div class=\"fifty-fifty-columns mt-0 mb-0\">\n  <div class=\"column column--right column--default\">\n    <div class=\"column__image\">\n      <img decoding=\"async\"\n                  class=\"image-aspect-ratio-1-1\"\n                src=\"https:\/\/mjhs.imgix.net\/2025\/01\/nurse-with-hospice-patient-stethoscope.jpg?fm=pjpg\" alt=\"A nurse in an MJHS uniform uses a stethoscope to check an elderly patient sitting on a bed, smiling in a calm, cozy room.\"\n      >\n    <\/div>\n    <div class=\"column__content\">\n      <h2>Honramos cada camino con compasi\u00f3n y respeto<\/h2>      <p>Durante casi 120\u00a0a\u00f1os, MJHS ha defendido los valores de compasi\u00f3n, dignidad y respeto, atendiendo a los pacientes donde se encuentran y reconociendo el papel importante que desempe\u00f1an los valores religiosos, las creencias, las tradiciones, las experiencias militares, la identidad de g\u00e9nero y las preferencias personales cuando se enfrentan a enfermedades graves o que limitan la vida. Nuestro equipo se dedica a comprender estas experiencias, tratar a los pacientes con respeto y ayudarlos a tener conversaciones honestas con sus seres queridos para ayudar a lograr la curaci\u00f3n, la paz y la dignidad.<\/p>\n<p>Lo conseguimos a trav\u00e9s de programas de atenci\u00f3n especializada dise\u00f1ados para abordar las necesidades \u00fanicas de nuestra diversa poblaci\u00f3n de pacientes.<\/p>\n<p><strong>Estos esfuerzos nos han valido reconocimientos, incluidos premios por lo siguiente:<\/strong><\/p>\n          <\/div>\n  <\/div>\n<\/div>\n\n\n\n\n<h3 class=\"wp-block-heading\" id=\"h-atencion-compasiva-e-inclusiva-para-la-comunidad-lgbtqi\">Atenci\u00f3n compasiva e inclusiva para la comunidad LGBTQI+<\/h3>\n\n\n\n<p>MJHS recibi\u00f3 recientemente el premio inaugural Trailblazer Diversity, Equity, Inclusion and Belonging (DEIB) de la National Alliance for Care at Home. Este premio reconoce el compromiso de nuestra organizaci\u00f3n y personal para apoyar a nuestra poblaci\u00f3n de pacientes LGBTQ+.<\/p>\n\n\n\n<p>Tambi\u00e9n recibimos la m\u00e1xima credencial SAGE de platino por la formaci\u00f3n en competencia cultural LGBTQ+.<\/p>\n\n\n\n<p>Nuestro equipo entiende que el apoyo familiar a veces puede provenir de la familia elegida por un paciente en lugar de su familia biol\u00f3gica, y tratamos a cada paciente y a sus seres queridos con el mayor respeto.&nbsp;<\/p>\n\n\n\n<h3 class=\"wp-block-heading\" id=\"h-homenaje-a-los-que-sirvieron-atencion-especializada-informada-a-veteranos\">Homenaje a los que sirvieron: Atenci\u00f3n especializada informada a veteranos<\/h3>\n\n\n\n<p>Honramos a los veteranos de nuestra naci\u00f3n y entendemos los desaf\u00edos \u00fanicos que muchos enfrentan a medida que se acercan al final de su vida. Por eso estamos tan orgullosos de que MJHS&nbsp;Hospice haya sido reconocido como socio de nivel&nbsp;5 por la National Alliance for Care at Home y el programa We&nbsp;Honor&nbsp;Veterans del Departamento de Asuntos de los Veteranos de los Estados&nbsp;Unidos.&nbsp;<\/p>\n\n\n\n<p>Nuestro equipo est\u00e1 especialmente capacitado para brindar atenci\u00f3n informada sobre el trauma a los veteranos que pueden experimentar desencadenantes de su experiencia militar. Nuestro coordinador dedicado de veteranos est\u00e1 disponible para escuchar, hablar sobre experiencias pasadas y garantizar que todos los veteranos a los que les brindamos atenci\u00f3n tengan acceso a los derechos y beneficios que merecen o que sus familias reciban los beneficios apropiados despu\u00e9s de su fallecimiento.<\/p>\n\n\n\n<h4 class=\"wp-block-heading\" id=\"h-coordinadores-de-veteranos-nbsp\">Coordinadores de veteranos&nbsp;<\/h4>\n\n\n\n<p>Nuestro coordinador de veteranos tiene la experiencia y el conocimiento para mantener conversaciones con nuestra poblaci\u00f3n de veteranos y saber si han enfrentado alg\u00fan tipo de trauma que deba considerarse y abordarse durante su atenci\u00f3n al final de la vida.&nbsp;El coordinador comparte este conocimiento con todo el equipo de atenci\u00f3n para ayudar a garantizar que cada veterano y su familia reciban la atenci\u00f3n y el apoyo m\u00e1s compasivos y efectivos posibles.<\/p>\n\n\n\n<h3 class=\"wp-block-heading\" id=\"h-atencion-compasiva-arraigada-en-las-tradiciones-y-los-valores-judios\">Atenci\u00f3n compasiva arraigada en las tradiciones y los valores jud\u00edos<\/h3>\n\n\n\n<p>MJHS tambi\u00e9n brinda atenci\u00f3n a pacientes jud\u00edos de acuerdo con sus creencias religiosas, espirituales y culturales.&nbsp;Los componentes clave de nuestro programa incluyen:<\/p>\n\n\n\n<ul class=\"wp-block-list\">\n<li><strong>Halachic Pathway<\/strong>: garantiza que los pacientes jud\u00edos practicantes y sus familias puedan involucrar a su rabino o consejero rab\u00ednico (posek) en el proceso de toma de decisiones m\u00e9dicas. Saber que la atenci\u00f3n de hospicio se alinea con la ley jud\u00eda durante el final de la vida brinda tranquilidad.\u00a0<\/li>\n\n\n\n<li><strong>Atenci\u00f3n para sobrevivientes del Holocausto<\/strong>: ofrece atenci\u00f3n amable e informada sobre el trauma por parte de personal que comprende las experiencias pasadas de los sobrevivientes.<\/li>\n<\/ul>\n\n\n\n<p>Tambi\u00e9n ayudamos con la planificaci\u00f3n y coordinaci\u00f3n del funeral con la Chevra&nbsp;Kadisha para garantizar el entierro dentro de las 24&nbsp;horas.<\/p>\n\n\n\n<p>Al respetar e integrar las tradiciones y los valores jud\u00edos en la atenci\u00f3n, cuando se solicita, nuestro objetivo es brindar comodidad, dignidad y tranquilidad a los pacientes y sus familias.<\/p>\n\n\n\n<h2 class=\"wp-block-heading\">Guiar a las familias a trav\u00e9s de decisiones dif\u00edciles&nbsp;<\/h2>\n\n\n\n<p>Las costumbres y tradiciones culturales a veces pueden dar lugar a opiniones diferentes dentro de las familias. Si usted y su familia enfrentan dificultades para llegar a un acuerdo sobre un plan de atenci\u00f3n elegido o si sus creencias difieren de las de sus seres queridos, nuestro\u00a0<a href=\"\/es\/hospice-and-palliative-care\/ethics-review-committee\/\">Comit\u00e9 de Revisi\u00f3n \u00c9tica<\/a>\u00a0est\u00e1 disponible para facilitar conversaciones reflexivas y guiarlo hacia una resoluci\u00f3n que honre sus valores y deseos. Adem\u00e1s, ofrecemos apoyo para ayudar a abordar estas conversaciones delicadas con empat\u00eda y comprensi\u00f3n.nding.<\/p>\n\n\n<div class=\"intro-text\">\n      <h2>MJHS Hospice and Palliative Care est\u00e1 aqu\u00ed para ayudarlo<\/h2>\n  <p>Ya sea que est\u00e9 buscando apoyo para controlar los s\u00edntomas de una enfermedad grave o apoyo al final de la vida, estamos listos para brindarle la atenci\u00f3n especializada y la gu\u00eda que se merece.<\/p>\n    <div class=\"intro-text__buttons\">\n              <a href=\"\/es\/about\/mjhs-palliative-care\/\">Obtenga m\u00e1s informaci\u00f3n sobre los cuidados paliativos de MJHS<\/a>\n              <a href=\"\/es\/about\/mjhs-hospice-care\/\">Averig\u00fce c\u00f3mo Hospicio de MJHS puede ayudar<\/a>\n          <\/div>\n  <\/div>\n","protected":false},"excerpt":{"rendered":"<p>Ensures your family&#8217;s values, traditions, and beliefs are respected and integrated into every aspect of your care, fostering a sense of comfort and trust during challenging times.<\/p>\n","protected":false},"author":20,"featured_media":77581,"parent":73416,"menu_order":8,"comment_status":"closed","ping_status":"closed","template":"page-sidebar.php","meta":{"_acf_changed":false,"footnotes":""},"categories":[],"class_list":["post-73418","page","type-page","status-publish","has-post-thumbnail","hentry"],"translation":{"provider":"WPGlobus","version":"3.0.2","language":"es","enabled_languages":["en","es"],"languages":{"en":{"title":true,"content":true,"excerpt":true},"es":{"title":true,"content":true,"excerpt":false}}},"acf":[],"yoast_head":"<title>Cuidado de Hospicio Culturalmente Conectado | Hospicio y Cuidados Paliativos de MJHS | MJHS Health System<\/title>\n<meta name=\"description\" content=\"Su fe, sus tradiciones y sus valores influyen en c\u00f3mo vive el cuidado. Ofrecemos programas especializados para veteranos, familias jud\u00edas y familias de todos los or\u00edgenes en todo Nueva York.\" \/>\n<meta name=\"robots\" content=\"index, follow, max-snippet:-1, max-image-preview:large, max-video-preview:-1\" \/>\n<link rel=\"canonical\" href=\"https:\/\/www.mjhs.org\/es\/hospice-and-palliative-care\/culturally-sensitive-care\/\" \/>\n<meta property=\"og:locale\" content=\"es_MX\" \/>\n<meta property=\"og:type\" content=\"article\" \/>\n<meta property=\"og:title\" content=\"Cuidado de Hospicio Culturalmente Conectado | Hospicio y Cuidados Paliativos de MJHS | MJHS Health System\" \/>\n<meta property=\"og:description\" content=\"Su fe, sus tradiciones y sus valores influyen en c\u00f3mo vive el cuidado. Ofrecemos programas especializados para veteranos, familias jud\u00edas y familias de todos los or\u00edgenes en todo Nueva York.\" \/>\n<meta property=\"og:url\" content=\"https:\/\/www.mjhs.org\/hospice-and-palliative-care\/culturally-sensitive-care\/\" \/>\n<meta property=\"og:site_name\" content=\"MJHS Health System\" \/>\n<meta property=\"article:publisher\" content=\"https:\/\/www.facebook.com\/MJHS01\/\" \/>\n<meta property=\"article:modified_time\" content=\"2026-03-26T19:09:24+00:00\" \/>\n<meta name=\"twitter:card\" content=\"summary_large_image\" \/>\n<meta name=\"twitter:site\" content=\"@MJHS01\" \/>\n<script type=\"application\/ld+json\" class=\"yoast-schema-graph\">{\"@context\":\"https:\\\/\\\/schema.org\",\"@graph\":[{\"@type\":\"WebPage\",\"@id\":\"https:\\\/\\\/www.mjhs.org\\\/hospice-and-palliative-care\\\/culturally-sensitive-care\\\/\",\"url\":\"https:\\\/\\\/www.mjhs.org\\\/hospice-and-palliative-care\\\/culturally-sensitive-care\\\/\",\"name\":\"Cuidado de Hospicio Culturalmente Conectado | Hospicio y Cuidados Paliativos de MJHS | MJHS Health System\",\"isPartOf\":{\"@id\":\"https:\\\/\\\/www.mjhs.org\\\/#website\"},\"primaryImageOfPage\":{\"@id\":\"https:\\\/\\\/www.mjhs.org\\\/hospice-and-palliative-care\\\/culturally-sensitive-care\\\/#primaryimage\"},\"image\":{\"@id\":\"https:\\\/\\\/www.mjhs.org\\\/hospice-and-palliative-care\\\/culturally-sensitive-care\\\/#primaryimage\"},\"thumbnailUrl\":\"https:\\\/\\\/mjhs.imgix.net\\\/2025\\\/03\\\/mother-daughter.jpeg?fm=pjpg\",\"datePublished\":\"2024-12-16T16:59:47+00:00\",\"dateModified\":\"2026-03-26T19:09:24+00:00\",\"description\":\"Su fe, sus tradiciones y sus valores influyen en c\u00f3mo vive el cuidado. Ofrecemos programas especializados para veteranos, familias jud\u00edas y familias de todos los or\u00edgenes en todo Nueva York.\",\"breadcrumb\":{\"@id\":\"https:\\\/\\\/www.mjhs.org\\\/hospice-and-palliative-care\\\/culturally-sensitive-care\\\/#breadcrumb\"},\"inLanguage\":\"es\",\"potentialAction\":[{\"@type\":\"ReadAction\",\"target\":[\"https:\\\/\\\/www.mjhs.org\\\/hospice-and-palliative-care\\\/culturally-sensitive-care\\\/\"]}]},{\"@type\":\"ImageObject\",\"inLanguage\":\"es\",\"@id\":\"https:\\\/\\\/www.mjhs.org\\\/hospice-and-palliative-care\\\/culturally-sensitive-care\\\/#primaryimage\",\"url\":\"https:\\\/\\\/mjhs.imgix.net\\\/2025\\\/03\\\/mother-daughter.jpeg?fm=pjpg\",\"contentUrl\":\"https:\\\/\\\/mjhs.imgix.net\\\/2025\\\/03\\\/mother-daughter.jpeg?fm=pjpg\",\"width\":1400,\"height\":934,\"caption\":\"An older woman wrapped in a golden scarf sits close to her smiling adult daughter, their heads touching in a warm embrace.\"},{\"@type\":\"BreadcrumbList\",\"@id\":\"https:\\\/\\\/www.mjhs.org\\\/hospice-and-palliative-care\\\/culturally-sensitive-care\\\/#breadcrumb\",\"itemListElement\":[{\"@type\":\"ListItem\",\"position\":1,\"name\":\"Home\",\"item\":\"https:\\\/\\\/www.mjhs.org\\\/\"},{\"@type\":\"ListItem\",\"position\":2,\"name\":\"Hospice and Palliative Care\",\"item\":\"https:\\\/\\\/www.mjhs.org\\\/hospice-and-palliative-care\\\/\"},{\"@type\":\"ListItem\",\"position\":3,\"name\":\"Culturally Connected Care\"}]},{\"@type\":\"WebSite\",\"@id\":\"https:\\\/\\\/www.mjhs.org\\\/#website\",\"url\":\"https:\\\/\\\/www.mjhs.org\\\/\",\"name\":\"MJHS Health System\",\"description\":\"Abriendo el Camino Hacia un Cuidado de Excelencia\",\"publisher\":{\"@id\":\"https:\\\/\\\/www.mjhs.org\\\/#organization\"},\"potentialAction\":[{\"@type\":\"SearchAction\",\"target\":{\"@type\":\"EntryPoint\",\"urlTemplate\":\"https:\\\/\\\/www.mjhs.org\\\/?s={search_term_string}\"},\"query-input\":{\"@type\":\"PropertyValueSpecification\",\"valueRequired\":true,\"valueName\":\"search_term_string\"}}],\"inLanguage\":\"es\"},{\"@type\":\"Organization\",\"@id\":\"https:\\\/\\\/www.mjhs.org\\\/#organization\",\"name\":\"MJHS Health System\",\"url\":\"https:\\\/\\\/www.mjhs.org\\\/\",\"logo\":{\"@type\":\"ImageObject\",\"inLanguage\":\"es\",\"@id\":\"https:\\\/\\\/www.mjhs.org\\\/#\\\/schema\\\/logo\\\/image\\\/\",\"url\":\"\\\/wp-content\\\/uploads\\\/2019\\\/07\\\/mjhs_logo_for_SEO.png\",\"contentUrl\":\"\\\/wp-content\\\/uploads\\\/2019\\\/07\\\/mjhs_logo_for_SEO.png\",\"width\":700,\"height\":296,\"caption\":\"MJHS Health System\"},\"image\":{\"@id\":\"https:\\\/\\\/www.mjhs.org\\\/#\\\/schema\\\/logo\\\/image\\\/\"},\"sameAs\":[\"https:\\\/\\\/www.facebook.com\\\/MJHS01\\\/\",\"https:\\\/\\\/x.com\\\/MJHS01\"]}]}<\/script>","yoast_head_json":{"title":"Cuidado de Hospicio Culturalmente Conectado | Hospicio y Cuidados Paliativos de MJHS | MJHS Health System","description":"Su fe, sus tradiciones y sus valores influyen en c\u00f3mo vive el cuidado. Ofrecemos programas especializados para veteranos, familias jud\u00edas y familias de todos los or\u00edgenes en todo Nueva York.","robots":{"index":"index","follow":"follow","max-snippet":"max-snippet:-1","max-image-preview":"max-image-preview:large","max-video-preview":"max-video-preview:-1"},"canonical":"https:\/\/www.mjhs.org\/es\/hospice-and-palliative-care\/culturally-sensitive-care\/","og_locale":"es_MX","og_type":"article","og_title":"Cuidado de Hospicio Culturalmente Conectado | Hospicio y Cuidados Paliativos de MJHS | MJHS Health System","og_description":"Su fe, sus tradiciones y sus valores influyen en c\u00f3mo vive el cuidado. Ofrecemos programas especializados para veteranos, familias jud\u00edas y familias de todos los or\u00edgenes en todo Nueva York.","og_url":"https:\/\/www.mjhs.org\/hospice-and-palliative-care\/culturally-sensitive-care\/","og_site_name":"MJHS Health System","article_publisher":"https:\/\/www.facebook.com\/MJHS01\/","article_modified_time":"2026-03-26T19:09:24+00:00","twitter_card":"summary_large_image","twitter_site":"@MJHS01","schema":{"@context":"https:\/\/schema.org","@graph":[{"@type":"WebPage","@id":"https:\/\/www.mjhs.org\/hospice-and-palliative-care\/culturally-sensitive-care\/","url":"https:\/\/www.mjhs.org\/hospice-and-palliative-care\/culturally-sensitive-care\/","name":"Cuidado de Hospicio Culturalmente Conectado | Hospicio y Cuidados Paliativos de MJHS | MJHS Health System","isPartOf":{"@id":"https:\/\/www.mjhs.org\/#website"},"primaryImageOfPage":{"@id":"https:\/\/www.mjhs.org\/hospice-and-palliative-care\/culturally-sensitive-care\/#primaryimage"},"image":{"@id":"https:\/\/www.mjhs.org\/hospice-and-palliative-care\/culturally-sensitive-care\/#primaryimage"},"thumbnailUrl":"https:\/\/mjhs.imgix.net\/2025\/03\/mother-daughter.jpeg?fm=pjpg","datePublished":"2024-12-16T16:59:47+00:00","dateModified":"2026-03-26T19:09:24+00:00","description":"Su fe, sus tradiciones y sus valores influyen en c\u00f3mo vive el cuidado. Ofrecemos programas especializados para veteranos, familias jud\u00edas y familias de todos los or\u00edgenes en todo Nueva York.","breadcrumb":{"@id":"https:\/\/www.mjhs.org\/hospice-and-palliative-care\/culturally-sensitive-care\/#breadcrumb"},"inLanguage":"es","potentialAction":[{"@type":"ReadAction","target":["https:\/\/www.mjhs.org\/hospice-and-palliative-care\/culturally-sensitive-care\/"]}]},{"@type":"ImageObject","inLanguage":"es","@id":"https:\/\/www.mjhs.org\/hospice-and-palliative-care\/culturally-sensitive-care\/#primaryimage","url":"https:\/\/mjhs.imgix.net\/2025\/03\/mother-daughter.jpeg?fm=pjpg","contentUrl":"https:\/\/mjhs.imgix.net\/2025\/03\/mother-daughter.jpeg?fm=pjpg","width":1400,"height":934,"caption":"An older woman wrapped in a golden scarf sits close to her smiling adult daughter, their heads touching in a warm embrace."},{"@type":"BreadcrumbList","@id":"https:\/\/www.mjhs.org\/hospice-and-palliative-care\/culturally-sensitive-care\/#breadcrumb","itemListElement":[{"@type":"ListItem","position":1,"name":"Home","item":"https:\/\/www.mjhs.org\/"},{"@type":"ListItem","position":2,"name":"Hospice and Palliative Care","item":"https:\/\/www.mjhs.org\/hospice-and-palliative-care\/"},{"@type":"ListItem","position":3,"name":"Culturally Connected Care"}]},{"@type":"WebSite","@id":"https:\/\/www.mjhs.org\/#website","url":"https:\/\/www.mjhs.org\/","name":"MJHS Health System","description":"Abriendo el Camino Hacia un Cuidado de Excelencia","publisher":{"@id":"https:\/\/www.mjhs.org\/#organization"},"potentialAction":[{"@type":"SearchAction","target":{"@type":"EntryPoint","urlTemplate":"https:\/\/www.mjhs.org\/?s={search_term_string}"},"query-input":{"@type":"PropertyValueSpecification","valueRequired":true,"valueName":"search_term_string"}}],"inLanguage":"es"},{"@type":"Organization","@id":"https:\/\/www.mjhs.org\/#organization","name":"MJHS Health System","url":"https:\/\/www.mjhs.org\/","logo":{"@type":"ImageObject","inLanguage":"es","@id":"https:\/\/www.mjhs.org\/#\/schema\/logo\/image\/","url":"\/wp-content\/uploads\/2019\/07\/mjhs_logo_for_SEO.png","contentUrl":"\/wp-content\/uploads\/2019\/07\/mjhs_logo_for_SEO.png","width":700,"height":296,"caption":"MJHS Health System"},"image":{"@id":"https:\/\/www.mjhs.org\/#\/schema\/logo\/image\/"},"sameAs":["https:\/\/www.facebook.com\/MJHS01\/","https:\/\/x.com\/MJHS01"]}]}},"jetpack_sharing_enabled":true,"_links":{"self":[{"href":"https:\/\/www.mjhs.org\/es\/wp-json\/wp\/v2\/pages\/73418","targetHints":{"allow":["GET"]}}],"collection":[{"href":"https:\/\/www.mjhs.org\/es\/wp-json\/wp\/v2\/pages"}],"about":[{"href":"https:\/\/www.mjhs.org\/es\/wp-json\/wp\/v2\/types\/page"}],"author":[{"embeddable":true,"href":"https:\/\/www.mjhs.org\/es\/wp-json\/wp\/v2\/users\/20"}],"replies":[{"embeddable":true,"href":"https:\/\/www.mjhs.org\/es\/wp-json\/wp\/v2\/comments?post=73418"}],"version-history":[{"count":2,"href":"https:\/\/www.mjhs.org\/es\/wp-json\/wp\/v2\/pages\/73418\/revisions"}],"predecessor-version":[{"id":78891,"href":"https:\/\/www.mjhs.org\/es\/wp-json\/wp\/v2\/pages\/73418\/revisions\/78891"}],"up":[{"embeddable":true,"href":"https:\/\/www.mjhs.org\/es\/wp-json\/wp\/v2\/pages\/73416"}],"wp:featuredmedia":[{"embeddable":true,"href":"https:\/\/www.mjhs.org\/es\/wp-json\/wp\/v2\/media\/77581"}],"wp:attachment":[{"href":"https:\/\/www.mjhs.org\/es\/wp-json\/wp\/v2\/media?parent=73418"}],"wp:term":[{"taxonomy":"category","embeddable":true,"href":"https:\/\/www.mjhs.org\/es\/wp-json\/wp\/v2\/categories?post=73418"}],"curies":[{"name":"wp","href":"https:\/\/api.w.org\/{rel}","templated":true}]}}