{"id":73422,"date":"2024-12-16T13:39:19","date_gmt":"2024-12-16T18:39:19","guid":{"rendered":"https:\/\/mjhs1.wpengine.com\/?page_id=73422"},"modified":"2025-09-08T21:39:40","modified_gmt":"2025-09-09T01:39:40","slug":"ethics-review-committee","status":"publish","type":"page","link":"https:\/\/www.mjhs.org\/es\/cuidados-paliativos-y-de-hospicio\/comit%C3%A9-de-revisi%C3%B3n-%C3%A9tica\/","title":{"rendered":"Comit\u00e9 de revisi\u00f3n \u00e9tica"},"content":{"rendered":"<div class=\"fifty-fifty-columns mt-0 mb-0\">\n  <div class=\"column column--right column--default\">\n    <div class=\"column__image\">\n      <img decoding=\"async\"\n                  class=\"image-aspect-ratio-1-1\"\n                src=\"https:\/\/mjhs.imgix.net\/2025\/01\/office-team-discussing-ethics.jpg?fm=pjpg\" alt=\"Smiling professionals engaged in a discussion around a conference table, fostering collaboration and teamwork in a modern office.\"\n      >\n    <\/div>\n    <div class=\"column__content\">\n      <h2>Apoyar la toma de decisiones meditadas sobre la atenci\u00f3n<\/h2>      <p>Cuando recibe tratamiento para una enfermedad grave o cuidados paliativos para una enfermedad que limita su vida, las decisiones que se tomen deben ser suyas.\u00a0<a href=\"\/es\/hospice-and-palliative-care\/advance-care-planning\/\">La planificaci\u00f3n<\/a>\u00a0anticipada de la atenci\u00f3n ayuda a garantizar que se oiga su voz, ya que le permite documentar sus preferencias con anticipaci\u00f3n. Si no tiene una directiva anticipada que establezca claramente sus deseos espec\u00edficos, y no puede tomar sus propias decisiones debido a la naturaleza de su enfermedad, otras personas tendr\u00e1n que tomar la decisi\u00f3n por usted. Como resultado, su equipo m\u00e9dico y su familia pueden enfrentar desaf\u00edos \u00e9ticos causados por diferencias en los valores religiosos, deseos personales o desacuerdos entre los miembros de la familia.<\/p>\n<p>Cuando surgen este tipo de conflictos, podemos ofrecerle la gu\u00eda de nuestro Comit\u00e9 de \u00c9tica, un grupo de empleados y miembros de la comunidad liderados por un especialista en \u00e9tica, que ayuda a los pacientes, las familias y los equipos de atenci\u00f3n a manejar estas situaciones que a menudo son dif\u00edciles. Algunos ejemplos son cuando los miembros de la familia no est\u00e1n de acuerdo con el plan de atenci\u00f3n para su ser querido o cuando las creencias del cuidador no coinciden con las del paciente o del resto de la familia.<\/p>\n<p><strong>En estos casos, el Comit\u00e9 de \u00c9tica puede hacer lo siguiente:<\/strong><\/p>\n<ul>\n<li>Ayudar a resolver conflictos<\/li>\n<li>Clarificar la toma de decisiones<\/li>\n<li>Ayudar a garantizar que las decisiones sean consistentes con la ley de atenci\u00f3n m\u00e9dica y los est\u00e1ndares de nuestras organizaciones profesionales.<\/li>\n<li>Apoyar a las familias y a los pacientes<\/li>\n<li>Ofrecer apoyo al personal.<\/li>\n<\/ul>\n          <\/div>\n  <\/div>\n<\/div>\n\n\n\n\n<p><\/p>\n\n\n<div class=\"intro-text\">\n      <h2>MJHS Hospice and Palliative Care est\u00e1 aqu\u00ed para ayudarlo<\/h2>\n  <p>Ya sea que est\u00e9 buscando control de los s\u00edntomas de una enfermedad grave o apoyo al final de la vida, estamos listos para brindarle la atenci\u00f3n especializada y la gu\u00eda que necesita.<\/p>\n    <div class=\"intro-text__buttons\">\n              <a href=\"\/es\/about\/mjhs-palliative-care\/\">Obtenga m\u00e1s informaci\u00f3n sobre los cuidados paliativos de MJHS<\/a>\n              <a href=\"\/es\/about\/mjhs-hospice-care\/\">Averig\u00fce c\u00f3mo Hospicio de MJHS puede ayudar<\/a>\n          <\/div>\n  <\/div>\n","protected":false},"excerpt":{"rendered":"<p>Provides a supportive and impartial space to address complex care decisions, helping families navigate ethical dilemmas with clarity, compassion, and respect for everyone&#8217;s values.<\/p>\n","protected":false},"author":20,"featured_media":75175,"parent":73416,"menu_order":10,"comment_status":"closed","ping_status":"closed","template":"page-sidebar.php","meta":{"_acf_changed":false,"footnotes":""},"categories":[],"class_list":["post-73422","page","type-page","status-publish","has-post-thumbnail","hentry"],"translation":{"provider":"WPGlobus","version":"3.0.2","language":"es","enabled_languages":["en","es"],"languages":{"en":{"title":true,"content":true,"excerpt":true},"es":{"title":true,"content":true,"excerpt":false}}},"acf":[],"yoast_head":"<title>Comit\u00e9 de revisi\u00f3n \u00e9tica | MJHS Health System<\/title>\n<meta name=\"description\" content=\"Con claridad, compasi\u00f3n y respeto por todos los valores, el Comit\u00e9 de Revisi\u00f3n \u00c9tica del MJHS gu\u00eda a las familias y los pacientes a trav\u00e9s de decisiones de atenci\u00f3n complejas.\" \/>\n<meta name=\"robots\" content=\"index, follow, max-snippet:-1, max-image-preview:large, max-video-preview:-1\" \/>\n<link rel=\"canonical\" href=\"https:\/\/www.mjhs.org\/es\/hospice-and-palliative-care\/ethics-review-committee\/\" \/>\n<meta property=\"og:locale\" content=\"es_MX\" \/>\n<meta property=\"og:type\" content=\"article\" \/>\n<meta property=\"og:title\" content=\"Comit\u00e9 de revisi\u00f3n \u00e9tica | MJHS Health System\" \/>\n<meta property=\"og:description\" content=\"Con claridad, compasi\u00f3n y respeto por todos los valores, el Comit\u00e9 de Revisi\u00f3n \u00c9tica del MJHS gu\u00eda a las familias y los pacientes a trav\u00e9s de decisiones de atenci\u00f3n complejas.\" \/>\n<meta property=\"og:url\" content=\"https:\/\/www.mjhs.org\/hospice-and-palliative-care\/ethics-review-committee\/\" \/>\n<meta property=\"og:site_name\" content=\"MJHS Health System\" \/>\n<meta property=\"article:publisher\" content=\"https:\/\/www.facebook.com\/MJHS01\/\" \/>\n<meta property=\"article:modified_time\" content=\"2025-09-09T01:39:40+00:00\" \/>\n<meta name=\"twitter:card\" content=\"summary_large_image\" \/>\n<meta name=\"twitter:site\" content=\"@MJHS01\" \/>\n<script type=\"application\/ld+json\" class=\"yoast-schema-graph\">{\"@context\":\"https:\\\/\\\/schema.org\",\"@graph\":[{\"@type\":\"WebPage\",\"@id\":\"https:\\\/\\\/www.mjhs.org\\\/hospice-and-palliative-care\\\/ethics-review-committee\\\/\",\"url\":\"https:\\\/\\\/www.mjhs.org\\\/hospice-and-palliative-care\\\/ethics-review-committee\\\/\",\"name\":\"Comit\u00e9 de revisi\u00f3n \u00e9tica | MJHS Health System\",\"isPartOf\":{\"@id\":\"https:\\\/\\\/www.mjhs.org\\\/#website\"},\"primaryImageOfPage\":{\"@id\":\"https:\\\/\\\/www.mjhs.org\\\/hospice-and-palliative-care\\\/ethics-review-committee\\\/#primaryimage\"},\"image\":{\"@id\":\"https:\\\/\\\/www.mjhs.org\\\/hospice-and-palliative-care\\\/ethics-review-committee\\\/#primaryimage\"},\"thumbnailUrl\":\"https:\\\/\\\/mjhs.imgix.net\\\/2025\\\/01\\\/multi-discipinary-team-discuss-palliative-care-ethics-hero.jpg?fm=pjpg\",\"datePublished\":\"2024-12-16T18:39:19+00:00\",\"dateModified\":\"2025-09-09T01:39:40+00:00\",\"description\":\"Con claridad, compasi\u00f3n y respeto por todos los valores, el Comit\u00e9 de Revisi\u00f3n \u00c9tica del MJHS gu\u00eda a las familias y los pacientes a trav\u00e9s de decisiones de atenci\u00f3n complejas.\",\"breadcrumb\":{\"@id\":\"https:\\\/\\\/www.mjhs.org\\\/hospice-and-palliative-care\\\/ethics-review-committee\\\/#breadcrumb\"},\"inLanguage\":\"es\",\"potentialAction\":[{\"@type\":\"ReadAction\",\"target\":[\"https:\\\/\\\/www.mjhs.org\\\/hospice-and-palliative-care\\\/ethics-review-committee\\\/\"]}]},{\"@type\":\"ImageObject\",\"inLanguage\":\"es\",\"@id\":\"https:\\\/\\\/www.mjhs.org\\\/hospice-and-palliative-care\\\/ethics-review-committee\\\/#primaryimage\",\"url\":\"https:\\\/\\\/mjhs.imgix.net\\\/2025\\\/01\\\/multi-discipinary-team-discuss-palliative-care-ethics-hero.jpg?fm=pjpg\",\"contentUrl\":\"https:\\\/\\\/mjhs.imgix.net\\\/2025\\\/01\\\/multi-discipinary-team-discuss-palliative-care-ethics-hero.jpg?fm=pjpg\",\"width\":2800,\"height\":934,\"caption\":\"hospital admin meeting\"},{\"@type\":\"BreadcrumbList\",\"@id\":\"https:\\\/\\\/www.mjhs.org\\\/hospice-and-palliative-care\\\/ethics-review-committee\\\/#breadcrumb\",\"itemListElement\":[{\"@type\":\"ListItem\",\"position\":1,\"name\":\"Home\",\"item\":\"https:\\\/\\\/www.mjhs.org\\\/\"},{\"@type\":\"ListItem\",\"position\":2,\"name\":\"Hospice and Palliative Care\",\"item\":\"https:\\\/\\\/www.mjhs.org\\\/hospice-and-palliative-care\\\/\"},{\"@type\":\"ListItem\",\"position\":3,\"name\":\"Ethics Review Committee\"}]},{\"@type\":\"WebSite\",\"@id\":\"https:\\\/\\\/www.mjhs.org\\\/#website\",\"url\":\"https:\\\/\\\/www.mjhs.org\\\/\",\"name\":\"MJHS Health System\",\"description\":\"Abriendo el Camino Hacia un Cuidado de Excelencia\",\"publisher\":{\"@id\":\"https:\\\/\\\/www.mjhs.org\\\/#organization\"},\"potentialAction\":[{\"@type\":\"SearchAction\",\"target\":{\"@type\":\"EntryPoint\",\"urlTemplate\":\"https:\\\/\\\/www.mjhs.org\\\/?s={search_term_string}\"},\"query-input\":{\"@type\":\"PropertyValueSpecification\",\"valueRequired\":true,\"valueName\":\"search_term_string\"}}],\"inLanguage\":\"es\"},{\"@type\":\"Organization\",\"@id\":\"https:\\\/\\\/www.mjhs.org\\\/#organization\",\"name\":\"MJHS Health System\",\"url\":\"https:\\\/\\\/www.mjhs.org\\\/\",\"logo\":{\"@type\":\"ImageObject\",\"inLanguage\":\"es\",\"@id\":\"https:\\\/\\\/www.mjhs.org\\\/#\\\/schema\\\/logo\\\/image\\\/\",\"url\":\"\\\/wp-content\\\/uploads\\\/2019\\\/07\\\/mjhs_logo_for_SEO.png\",\"contentUrl\":\"\\\/wp-content\\\/uploads\\\/2019\\\/07\\\/mjhs_logo_for_SEO.png\",\"width\":700,\"height\":296,\"caption\":\"MJHS Health System\"},\"image\":{\"@id\":\"https:\\\/\\\/www.mjhs.org\\\/#\\\/schema\\\/logo\\\/image\\\/\"},\"sameAs\":[\"https:\\\/\\\/www.facebook.com\\\/MJHS01\\\/\",\"https:\\\/\\\/x.com\\\/MJHS01\"]}]}<\/script>","yoast_head_json":{"title":"Comit\u00e9 de revisi\u00f3n \u00e9tica | MJHS Health System","description":"Con claridad, compasi\u00f3n y respeto por todos los valores, el Comit\u00e9 de Revisi\u00f3n \u00c9tica del MJHS gu\u00eda a las familias y los pacientes a trav\u00e9s de decisiones de atenci\u00f3n complejas.","robots":{"index":"index","follow":"follow","max-snippet":"max-snippet:-1","max-image-preview":"max-image-preview:large","max-video-preview":"max-video-preview:-1"},"canonical":"https:\/\/www.mjhs.org\/es\/hospice-and-palliative-care\/ethics-review-committee\/","og_locale":"es_MX","og_type":"article","og_title":"Comit\u00e9 de revisi\u00f3n \u00e9tica | MJHS Health System","og_description":"Con claridad, compasi\u00f3n y respeto por todos los valores, el Comit\u00e9 de Revisi\u00f3n \u00c9tica del MJHS gu\u00eda a las familias y los pacientes a trav\u00e9s de decisiones de atenci\u00f3n complejas.","og_url":"https:\/\/www.mjhs.org\/hospice-and-palliative-care\/ethics-review-committee\/","og_site_name":"MJHS Health System","article_publisher":"https:\/\/www.facebook.com\/MJHS01\/","article_modified_time":"2025-09-09T01:39:40+00:00","twitter_card":"summary_large_image","twitter_site":"@MJHS01","schema":{"@context":"https:\/\/schema.org","@graph":[{"@type":"WebPage","@id":"https:\/\/www.mjhs.org\/hospice-and-palliative-care\/ethics-review-committee\/","url":"https:\/\/www.mjhs.org\/hospice-and-palliative-care\/ethics-review-committee\/","name":"Comit\u00e9 de revisi\u00f3n \u00e9tica | MJHS Health System","isPartOf":{"@id":"https:\/\/www.mjhs.org\/#website"},"primaryImageOfPage":{"@id":"https:\/\/www.mjhs.org\/hospice-and-palliative-care\/ethics-review-committee\/#primaryimage"},"image":{"@id":"https:\/\/www.mjhs.org\/hospice-and-palliative-care\/ethics-review-committee\/#primaryimage"},"thumbnailUrl":"https:\/\/mjhs.imgix.net\/2025\/01\/multi-discipinary-team-discuss-palliative-care-ethics-hero.jpg?fm=pjpg","datePublished":"2024-12-16T18:39:19+00:00","dateModified":"2025-09-09T01:39:40+00:00","description":"Con claridad, compasi\u00f3n y respeto por todos los valores, el Comit\u00e9 de Revisi\u00f3n \u00c9tica del MJHS gu\u00eda a las familias y los pacientes a trav\u00e9s de decisiones de atenci\u00f3n complejas.","breadcrumb":{"@id":"https:\/\/www.mjhs.org\/hospice-and-palliative-care\/ethics-review-committee\/#breadcrumb"},"inLanguage":"es","potentialAction":[{"@type":"ReadAction","target":["https:\/\/www.mjhs.org\/hospice-and-palliative-care\/ethics-review-committee\/"]}]},{"@type":"ImageObject","inLanguage":"es","@id":"https:\/\/www.mjhs.org\/hospice-and-palliative-care\/ethics-review-committee\/#primaryimage","url":"https:\/\/mjhs.imgix.net\/2025\/01\/multi-discipinary-team-discuss-palliative-care-ethics-hero.jpg?fm=pjpg","contentUrl":"https:\/\/mjhs.imgix.net\/2025\/01\/multi-discipinary-team-discuss-palliative-care-ethics-hero.jpg?fm=pjpg","width":2800,"height":934,"caption":"hospital admin meeting"},{"@type":"BreadcrumbList","@id":"https:\/\/www.mjhs.org\/hospice-and-palliative-care\/ethics-review-committee\/#breadcrumb","itemListElement":[{"@type":"ListItem","position":1,"name":"Home","item":"https:\/\/www.mjhs.org\/"},{"@type":"ListItem","position":2,"name":"Hospice and Palliative Care","item":"https:\/\/www.mjhs.org\/hospice-and-palliative-care\/"},{"@type":"ListItem","position":3,"name":"Ethics Review Committee"}]},{"@type":"WebSite","@id":"https:\/\/www.mjhs.org\/#website","url":"https:\/\/www.mjhs.org\/","name":"MJHS Health System","description":"Abriendo el Camino Hacia un Cuidado de Excelencia","publisher":{"@id":"https:\/\/www.mjhs.org\/#organization"},"potentialAction":[{"@type":"SearchAction","target":{"@type":"EntryPoint","urlTemplate":"https:\/\/www.mjhs.org\/?s={search_term_string}"},"query-input":{"@type":"PropertyValueSpecification","valueRequired":true,"valueName":"search_term_string"}}],"inLanguage":"es"},{"@type":"Organization","@id":"https:\/\/www.mjhs.org\/#organization","name":"MJHS Health System","url":"https:\/\/www.mjhs.org\/","logo":{"@type":"ImageObject","inLanguage":"es","@id":"https:\/\/www.mjhs.org\/#\/schema\/logo\/image\/","url":"\/wp-content\/uploads\/2019\/07\/mjhs_logo_for_SEO.png","contentUrl":"\/wp-content\/uploads\/2019\/07\/mjhs_logo_for_SEO.png","width":700,"height":296,"caption":"MJHS Health System"},"image":{"@id":"https:\/\/www.mjhs.org\/#\/schema\/logo\/image\/"},"sameAs":["https:\/\/www.facebook.com\/MJHS01\/","https:\/\/x.com\/MJHS01"]}]}},"jetpack_sharing_enabled":true,"_links":{"self":[{"href":"https:\/\/www.mjhs.org\/es\/wp-json\/wp\/v2\/pages\/73422","targetHints":{"allow":["GET"]}}],"collection":[{"href":"https:\/\/www.mjhs.org\/es\/wp-json\/wp\/v2\/pages"}],"about":[{"href":"https:\/\/www.mjhs.org\/es\/wp-json\/wp\/v2\/types\/page"}],"author":[{"embeddable":true,"href":"https:\/\/www.mjhs.org\/es\/wp-json\/wp\/v2\/users\/20"}],"replies":[{"embeddable":true,"href":"https:\/\/www.mjhs.org\/es\/wp-json\/wp\/v2\/comments?post=73422"}],"version-history":[{"count":0,"href":"https:\/\/www.mjhs.org\/es\/wp-json\/wp\/v2\/pages\/73422\/revisions"}],"up":[{"embeddable":true,"href":"https:\/\/www.mjhs.org\/es\/wp-json\/wp\/v2\/pages\/73416"}],"wp:featuredmedia":[{"embeddable":true,"href":"https:\/\/www.mjhs.org\/es\/wp-json\/wp\/v2\/media\/75175"}],"wp:attachment":[{"href":"https:\/\/www.mjhs.org\/es\/wp-json\/wp\/v2\/media?parent=73422"}],"wp:term":[{"taxonomy":"category","embeddable":true,"href":"https:\/\/www.mjhs.org\/es\/wp-json\/wp\/v2\/categories?post=73422"}],"curies":[{"name":"wp","href":"https:\/\/api.w.org\/{rel}","templated":true}]}}