{"id":73452,"date":"2024-12-16T20:19:17","date_gmt":"2024-12-17T01:19:50","guid":{"rendered":"https:\/\/mjhs1.wpengine.com\/hospice-and-palliative-care\/bereavement-support\/"},"modified":"2026-03-26T16:10:26","modified_gmt":"2026-03-26T20:10:26","slug":"bereavement-support","status":"publish","type":"page","link":"https:\/\/www.mjhs.org\/es\/cuidados-paliativos-y-de-hospicio\/apoyo-al-duelo\/","title":{"rendered":"Apoyo al duelo"},"content":{"rendered":"<div class=\"fifty-fifty-columns \">\n  <div class=\"column column--right column--default\">\n    <div class=\"column__image\">\n      <img decoding=\"async\"\n                  class=\"image-aspect-ratio-1-1\"\n                src=\"https:\/\/mjhs.imgix.net\/2025\/01\/man-sharing-with-group-in-therapy-session.jpg?fm=pjpg\" alt=\"Man in a bereavement support group speaking with hands on his chest, surrounded by diverse participants in a circle, fostering open dialogue.\"\n      >\n    <\/div>\n    <div class=\"column__content\">\n      <h2>Apoyo compasivo en el duelo para la curaci\u00f3n y la esperanza<\/h2>      <p>El duelo es algo profundamente personal, y no existe una manera \u201ccorrecta\u201d de atravesarlo. Lo que sea que est\u00e9 sintiendo \u2014 y cuando usted est\u00e9 listo(a) \u2014 hay apoyo disponible para usted y su familia como parte de nuestros servicios de <a href=\"https:\/\/www.mjhs.org\/es\/cuidados-paliativos-y-de-hospicio\/\">hospicio y cuidados paliativos.<\/a><\/p>\n<p>El apoyo de duelo (bereavement) est\u00e1 disponible para familiares y amigos hasta por 13 meses despu\u00e9s del fallecimiento de un ser querido \u2014 porque el duelo no sigue un calendario, y nosotros tampoco. Nuestros consejeros hablan varios idiomas y dialectos, y respetan las diferentes culturas, costumbres y tradiciones que influyen en c\u00f3mo cada familia vive su duelo.<\/p>\n<p><strong>El apoyo incluye:<\/strong><\/p>\n<ul>\n<li>Sesiones individuales de consejer\u00eda por tel\u00e9fono, video o en persona \u2014 para ayudarle a procesar sus emociones, entender c\u00f3mo el duelo cambia con el tiempo y desarrollar estrategias para sobrellevarlo<\/li>\n<li><\/li>\n<li>Grupos de apoyo virtuales seg\u00fan el tipo de p\u00e9rdida experimentada<\/li>\n<li><\/li>\n<li>Servicios conmemorativos virtuales en honor a sus seres queridos<\/li>\n<li><\/li>\n<li>Referidos a recursos comunitarios para consejer\u00eda continua de duelo u otros servicios que puedan beneficiarle<\/li>\n<li><\/li>\n<li><\/li>\n<\/ul>\n<p>&nbsp;<\/p>\n<p>&nbsp;<\/p>\n          <\/div>\n  <\/div>\n<\/div>\n\n\n\n<div class=\"intro-text\">\n      <h2>Estamos Aqu\u00ed para Ayudarle a Dar el Pr\u00f3ximo Paso<\/h2>\n  <p>El duelo no termina cuando finalizan los servicios de hospicio \u2014 y nuestro compromiso con su familia tampoco. Si tiene preguntas sobre el apoyo de duelo o desea entender qu\u00e9 opciones est\u00e1n disponibles para usted, estamos aqu\u00ed para conversar.<\/p>\n<p><strong>Llame a nuestro Centro de Acceso al <a href=\"yel:1-210-420-3370\">212-420-3370<\/a> cuando usted est\u00e9 listo(a).<\/strong><\/p>\n<div class=\"intro-text__buttons\"><\/div>\n<p>&nbsp;<\/p>\n<p>&nbsp;<\/p>\n<p>&nbsp;<\/p>\n    <div class=\"intro-text__buttons\">\n              <a href=\"\/es\/about\/mjhs-hospice-care\/\">M\u00e1s sobre nuestros servicios de hospicio<\/a>\n          <\/div>\n  <\/div>\n","protected":false},"excerpt":{"rendered":"","protected":false},"author":20,"featured_media":75063,"parent":73416,"menu_order":15,"comment_status":"closed","ping_status":"closed","template":"page-sidebar.php","meta":{"_acf_changed":false,"footnotes":""},"categories":[],"class_list":["post-73452","page","type-page","status-publish","has-post-thumbnail","hentry"],"translation":{"provider":"WPGlobus","version":"3.0.2","language":"es","enabled_languages":["en","es"],"languages":{"en":{"title":true,"content":true,"excerpt":false},"es":{"title":true,"content":true,"excerpt":false}}},"acf":[],"yoast_head":"<title>Apoyo de Duelo y Consejer\u00eda de P\u00e9rdida | Hospicio y Cuidados Paliativos de MJHS<\/title>\n<meta name=\"description\" content=\"Apoyo de duelo y consejer\u00eda para familias \u2014 incluyendo consejer\u00eda individual, grupos de apoyo virtuales y servicios conmemorativos \u2014 durante hasta 13 meses despu\u00e9s de una p\u00e9rdida. Disponible en varios idiomas.\" \/>\n<meta name=\"robots\" content=\"index, follow, max-snippet:-1, max-image-preview:large, max-video-preview:-1\" \/>\n<link rel=\"canonical\" href=\"https:\/\/www.mjhs.org\/es\/hospice-and-palliative-care\/bereavement-support\/\" \/>\n<meta property=\"og:locale\" content=\"es_MX\" \/>\n<meta property=\"og:type\" content=\"article\" \/>\n<meta property=\"og:title\" content=\"Apoyo de Duelo y Consejer\u00eda de P\u00e9rdida | Hospicio y Cuidados Paliativos de MJHS\" \/>\n<meta property=\"og:description\" content=\"Apoyo de duelo y consejer\u00eda para familias \u2014 incluyendo consejer\u00eda individual, grupos de apoyo virtuales y servicios conmemorativos \u2014 durante hasta 13 meses despu\u00e9s de una p\u00e9rdida. Disponible en varios idiomas.\" \/>\n<meta property=\"og:url\" content=\"https:\/\/www.mjhs.org\/hospice-and-palliative-care\/bereavement-support\/\" \/>\n<meta property=\"og:site_name\" content=\"MJHS Health System\" \/>\n<meta property=\"article:publisher\" content=\"https:\/\/www.facebook.com\/MJHS01\/\" \/>\n<meta property=\"article:modified_time\" content=\"2026-03-26T20:10:26+00:00\" \/>\n<meta property=\"og:image\" content=\"https:\/\/mjhs.imgix.net\/2025\/01\/bereavement-support-group-therapy-session.jpg?fm=pjpg\" \/>\n\t<meta property=\"og:image:width\" content=\"2800\" \/>\n\t<meta property=\"og:image:height\" content=\"934\" \/>\n\t<meta property=\"og:image:type\" content=\"image\/jpeg\" \/>\n<meta name=\"twitter:card\" content=\"summary_large_image\" \/>\n<meta name=\"twitter:site\" content=\"@MJHS01\" \/>\n<script type=\"application\/ld+json\" class=\"yoast-schema-graph\">{\"@context\":\"https:\\\/\\\/schema.org\",\"@graph\":[{\"@type\":\"WebPage\",\"@id\":\"https:\\\/\\\/www.mjhs.org\\\/hospice-and-palliative-care\\\/bereavement-support\\\/\",\"url\":\"https:\\\/\\\/www.mjhs.org\\\/hospice-and-palliative-care\\\/bereavement-support\\\/\",\"name\":\"Hospice Bereavement Support & Grief Counseling | MJHS Hospice & Palliative Care\",\"isPartOf\":{\"@id\":\"https:\\\/\\\/www.mjhs.org\\\/#website\"},\"primaryImageOfPage\":{\"@id\":\"https:\\\/\\\/www.mjhs.org\\\/hospice-and-palliative-care\\\/bereavement-support\\\/#primaryimage\"},\"image\":{\"@id\":\"https:\\\/\\\/www.mjhs.org\\\/hospice-and-palliative-care\\\/bereavement-support\\\/#primaryimage\"},\"thumbnailUrl\":\"https:\\\/\\\/mjhs.imgix.net\\\/2025\\\/01\\\/bereavement-support-group-therapy-session.jpg?fm=pjpg\",\"datePublished\":\"2024-12-17T01:19:50+00:00\",\"dateModified\":\"2026-03-26T20:10:26+00:00\",\"description\":\"Bereavement support and grief counseling for families \u2014 including individual counseling, virtual support groups, and memorial services for up to 13 months after loss. Available in multiple languages.\",\"breadcrumb\":{\"@id\":\"https:\\\/\\\/www.mjhs.org\\\/hospice-and-palliative-care\\\/bereavement-support\\\/#breadcrumb\"},\"inLanguage\":\"es\",\"potentialAction\":[{\"@type\":\"ReadAction\",\"target\":[\"https:\\\/\\\/www.mjhs.org\\\/hospice-and-palliative-care\\\/bereavement-support\\\/\"]}]},{\"@type\":\"ImageObject\",\"inLanguage\":\"es\",\"@id\":\"https:\\\/\\\/www.mjhs.org\\\/hospice-and-palliative-care\\\/bereavement-support\\\/#primaryimage\",\"url\":\"https:\\\/\\\/mjhs.imgix.net\\\/2025\\\/01\\\/bereavement-support-group-therapy-session.jpg?fm=pjpg\",\"contentUrl\":\"https:\\\/\\\/mjhs.imgix.net\\\/2025\\\/01\\\/bereavement-support-group-therapy-session.jpg?fm=pjpg\",\"width\":2800,\"height\":934,\"caption\":\"Small group of female friends supporting each other in the living room of an apartment\"},{\"@type\":\"BreadcrumbList\",\"@id\":\"https:\\\/\\\/www.mjhs.org\\\/hospice-and-palliative-care\\\/bereavement-support\\\/#breadcrumb\",\"itemListElement\":[{\"@type\":\"ListItem\",\"position\":1,\"name\":\"Home\",\"item\":\"https:\\\/\\\/www.mjhs.org\\\/\"},{\"@type\":\"ListItem\",\"position\":2,\"name\":\"Hospice and Palliative Care\",\"item\":\"https:\\\/\\\/www.mjhs.org\\\/hospice-and-palliative-care\\\/\"},{\"@type\":\"ListItem\",\"position\":3,\"name\":\"Bereavement Support\"}]},{\"@type\":\"WebSite\",\"@id\":\"https:\\\/\\\/www.mjhs.org\\\/#website\",\"url\":\"https:\\\/\\\/www.mjhs.org\\\/\",\"name\":\"MJHS Health System\",\"description\":\"Abriendo el Camino Hacia un Cuidado de Excelencia\",\"publisher\":{\"@id\":\"https:\\\/\\\/www.mjhs.org\\\/#organization\"},\"potentialAction\":[{\"@type\":\"SearchAction\",\"target\":{\"@type\":\"EntryPoint\",\"urlTemplate\":\"https:\\\/\\\/www.mjhs.org\\\/?s={search_term_string}\"},\"query-input\":{\"@type\":\"PropertyValueSpecification\",\"valueRequired\":true,\"valueName\":\"search_term_string\"}}],\"inLanguage\":\"es\"},{\"@type\":\"Organization\",\"@id\":\"https:\\\/\\\/www.mjhs.org\\\/#organization\",\"name\":\"MJHS Health System\",\"url\":\"https:\\\/\\\/www.mjhs.org\\\/\",\"logo\":{\"@type\":\"ImageObject\",\"inLanguage\":\"es\",\"@id\":\"https:\\\/\\\/www.mjhs.org\\\/#\\\/schema\\\/logo\\\/image\\\/\",\"url\":\"\\\/wp-content\\\/uploads\\\/2019\\\/07\\\/mjhs_logo_for_SEO.png\",\"contentUrl\":\"\\\/wp-content\\\/uploads\\\/2019\\\/07\\\/mjhs_logo_for_SEO.png\",\"width\":700,\"height\":296,\"caption\":\"MJHS Health System\"},\"image\":{\"@id\":\"https:\\\/\\\/www.mjhs.org\\\/#\\\/schema\\\/logo\\\/image\\\/\"},\"sameAs\":[\"https:\\\/\\\/www.facebook.com\\\/MJHS01\\\/\",\"https:\\\/\\\/x.com\\\/MJHS01\"]}]}<\/script>","yoast_head_json":{"title":"Apoyo de Duelo y Consejer\u00eda de P\u00e9rdida | Hospicio y Cuidados Paliativos de MJHS","description":"Apoyo de duelo y consejer\u00eda para familias \u2014 incluyendo consejer\u00eda individual, grupos de apoyo virtuales y servicios conmemorativos \u2014 durante hasta 13 meses despu\u00e9s de una p\u00e9rdida. Disponible en varios idiomas.","robots":{"index":"index","follow":"follow","max-snippet":"max-snippet:-1","max-image-preview":"max-image-preview:large","max-video-preview":"max-video-preview:-1"},"canonical":"https:\/\/www.mjhs.org\/es\/hospice-and-palliative-care\/bereavement-support\/","og_locale":"es_MX","og_type":"article","og_title":"Apoyo de Duelo y Consejer\u00eda de P\u00e9rdida | Hospicio y Cuidados Paliativos de MJHS","og_description":"Apoyo de duelo y consejer\u00eda para familias \u2014 incluyendo consejer\u00eda individual, grupos de apoyo virtuales y servicios conmemorativos \u2014 durante hasta 13 meses despu\u00e9s de una p\u00e9rdida. Disponible en varios idiomas.","og_url":"https:\/\/www.mjhs.org\/hospice-and-palliative-care\/bereavement-support\/","og_site_name":"MJHS Health System","article_publisher":"https:\/\/www.facebook.com\/MJHS01\/","article_modified_time":"2026-03-26T20:10:26+00:00","og_image":[{"width":2800,"height":934,"url":"https:\/\/mjhs.imgix.net\/2025\/01\/bereavement-support-group-therapy-session.jpg?fm=pjpg","type":"image\/jpeg"}],"twitter_card":"summary_large_image","twitter_site":"@MJHS01","schema":{"@context":"https:\/\/schema.org","@graph":[{"@type":"WebPage","@id":"https:\/\/www.mjhs.org\/hospice-and-palliative-care\/bereavement-support\/","url":"https:\/\/www.mjhs.org\/hospice-and-palliative-care\/bereavement-support\/","name":"Hospice Bereavement Support & Grief Counseling | MJHS Hospice & Palliative Care","isPartOf":{"@id":"https:\/\/www.mjhs.org\/#website"},"primaryImageOfPage":{"@id":"https:\/\/www.mjhs.org\/hospice-and-palliative-care\/bereavement-support\/#primaryimage"},"image":{"@id":"https:\/\/www.mjhs.org\/hospice-and-palliative-care\/bereavement-support\/#primaryimage"},"thumbnailUrl":"https:\/\/mjhs.imgix.net\/2025\/01\/bereavement-support-group-therapy-session.jpg?fm=pjpg","datePublished":"2024-12-17T01:19:50+00:00","dateModified":"2026-03-26T20:10:26+00:00","description":"Bereavement support and grief counseling for families \u2014 including individual counseling, virtual support groups, and memorial services for up to 13 months after loss. Available in multiple languages.","breadcrumb":{"@id":"https:\/\/www.mjhs.org\/hospice-and-palliative-care\/bereavement-support\/#breadcrumb"},"inLanguage":"es","potentialAction":[{"@type":"ReadAction","target":["https:\/\/www.mjhs.org\/hospice-and-palliative-care\/bereavement-support\/"]}]},{"@type":"ImageObject","inLanguage":"es","@id":"https:\/\/www.mjhs.org\/hospice-and-palliative-care\/bereavement-support\/#primaryimage","url":"https:\/\/mjhs.imgix.net\/2025\/01\/bereavement-support-group-therapy-session.jpg?fm=pjpg","contentUrl":"https:\/\/mjhs.imgix.net\/2025\/01\/bereavement-support-group-therapy-session.jpg?fm=pjpg","width":2800,"height":934,"caption":"Small group of female friends supporting each other in the living room of an apartment"},{"@type":"BreadcrumbList","@id":"https:\/\/www.mjhs.org\/hospice-and-palliative-care\/bereavement-support\/#breadcrumb","itemListElement":[{"@type":"ListItem","position":1,"name":"Home","item":"https:\/\/www.mjhs.org\/"},{"@type":"ListItem","position":2,"name":"Hospice and Palliative Care","item":"https:\/\/www.mjhs.org\/hospice-and-palliative-care\/"},{"@type":"ListItem","position":3,"name":"Bereavement Support"}]},{"@type":"WebSite","@id":"https:\/\/www.mjhs.org\/#website","url":"https:\/\/www.mjhs.org\/","name":"MJHS Health System","description":"Abriendo el Camino Hacia un Cuidado de Excelencia","publisher":{"@id":"https:\/\/www.mjhs.org\/#organization"},"potentialAction":[{"@type":"SearchAction","target":{"@type":"EntryPoint","urlTemplate":"https:\/\/www.mjhs.org\/?s={search_term_string}"},"query-input":{"@type":"PropertyValueSpecification","valueRequired":true,"valueName":"search_term_string"}}],"inLanguage":"es"},{"@type":"Organization","@id":"https:\/\/www.mjhs.org\/#organization","name":"MJHS Health System","url":"https:\/\/www.mjhs.org\/","logo":{"@type":"ImageObject","inLanguage":"es","@id":"https:\/\/www.mjhs.org\/#\/schema\/logo\/image\/","url":"\/wp-content\/uploads\/2019\/07\/mjhs_logo_for_SEO.png","contentUrl":"\/wp-content\/uploads\/2019\/07\/mjhs_logo_for_SEO.png","width":700,"height":296,"caption":"MJHS Health System"},"image":{"@id":"https:\/\/www.mjhs.org\/#\/schema\/logo\/image\/"},"sameAs":["https:\/\/www.facebook.com\/MJHS01\/","https:\/\/x.com\/MJHS01"]}]}},"jetpack_sharing_enabled":true,"_links":{"self":[{"href":"https:\/\/www.mjhs.org\/es\/wp-json\/wp\/v2\/pages\/73452","targetHints":{"allow":["GET"]}}],"collection":[{"href":"https:\/\/www.mjhs.org\/es\/wp-json\/wp\/v2\/pages"}],"about":[{"href":"https:\/\/www.mjhs.org\/es\/wp-json\/wp\/v2\/types\/page"}],"author":[{"embeddable":true,"href":"https:\/\/www.mjhs.org\/es\/wp-json\/wp\/v2\/users\/20"}],"replies":[{"embeddable":true,"href":"https:\/\/www.mjhs.org\/es\/wp-json\/wp\/v2\/comments?post=73452"}],"version-history":[{"count":2,"href":"https:\/\/www.mjhs.org\/es\/wp-json\/wp\/v2\/pages\/73452\/revisions"}],"predecessor-version":[{"id":78894,"href":"https:\/\/www.mjhs.org\/es\/wp-json\/wp\/v2\/pages\/73452\/revisions\/78894"}],"up":[{"embeddable":true,"href":"https:\/\/www.mjhs.org\/es\/wp-json\/wp\/v2\/pages\/73416"}],"wp:featuredmedia":[{"embeddable":true,"href":"https:\/\/www.mjhs.org\/es\/wp-json\/wp\/v2\/media\/75063"}],"wp:attachment":[{"href":"https:\/\/www.mjhs.org\/es\/wp-json\/wp\/v2\/media?parent=73452"}],"wp:term":[{"taxonomy":"category","embeddable":true,"href":"https:\/\/www.mjhs.org\/es\/wp-json\/wp\/v2\/categories?post=73452"}],"curies":[{"name":"wp","href":"https:\/\/api.w.org\/{rel}","templated":true}]}}