{"id":73462,"date":"2024-12-17T09:31:15","date_gmt":"2024-12-17T14:31:15","guid":{"rendered":"https:\/\/mjhs1.wpengine.com\/?page_id=73462"},"modified":"2025-09-08T22:00:26","modified_gmt":"2025-09-09T02:00:26","slug":"short-term-rehab","status":"publish","type":"page","link":"https:\/\/www.mjhs.org\/es\/rehabilitaci%C3%B3n-a-corto-plazo\/","title":{"rendered":"Rehabilitaci\u00f3n a corto plazo"},"content":{"rendered":"<div class=\"fifty-fifty-columns mb-0\">\n  <div class=\"column column--right column--default\">\n    <div class=\"column__image\">\n      <img decoding=\"async\"\n                  class=\"image-aspect-ratio-1-1\"\n                src=\"https:\/\/mjhs.imgix.net\/2025\/02\/nurse-assisting-patient-with-walker.jpg?fm=pjpg\" alt=\"A smiling older woman in a blue sweater uses a walker at home, assisted by a friendly caregiver in blue scrubs offering support.\"\n      >\n    <\/div>\n    <div class=\"column__content\">\n      <h2>Rehabilitaci\u00f3n personalizada para ayudar a recuperar la fuerza y la independencia<\/h2>      <p>Recuperarse de un reemplazo de cadera o rodilla, un accidente cerebrovascular, un ataque card\u00edaco, una lesi\u00f3n o cualquier condici\u00f3n que afecte su movilidad en el hogar o a corto plazo no tiene por qu\u00e9 ser un desaf\u00edo. Con el apoyo f\u00edsico y emocional adecuado, puede recuperar su m\u00e1xima fuerza y movilidad posibles.<\/p>\n<p>Nuestros fisioterapeutas, terapeutas ocupacionales y del habla licenciados, junto con uno de los enfermeros certificados, trabajar\u00e1n con usted y su m\u00e9dico tratante para elaborar un plan de atenci\u00f3n personalizado dise\u00f1ado para ayudarle a alcanzar sus objetivos personales de recuperaci\u00f3n. Un miembro de nuestro equipo de trabajo social tambi\u00e9n estar\u00e1 all\u00ed para apoyarlo a lo largo del camino. Al priorizar una recuperaci\u00f3n segura y eficiente, podemos ayudarle a reducir el riesgo de rehospitalizaci\u00f3n.<\/p>\n<h4>Nuestro programa de rehabilitaci\u00f3n a corto plazo puede ayudarlo con lo siguiente:<\/h4>\n<ul>\n<li>Mejorar los movimientos corporales y la movilidad<\/li>\n<li>Ense\u00f1arle a usar dispositivos de asistencia como bastones, andadores o sillas de ruedas, si es necesario<\/li>\n<li>Volver a aprender actividades diarias esenciales como vestirse, cocinar y cuidarse a s\u00ed mismo.<\/li>\n<li>Abordar los desaf\u00edos de comunicaci\u00f3n y las dificultades para tragar<\/li>\n<\/ul>\n<p>Brindamos\u00a0<strong>rehabilitaci\u00f3n a corto plazo en el hogar<\/strong>\u00a0a trav\u00e9s de Cuidados en el hogar de MJHS o\u00a0<strong>rehabilitaci\u00f3n para pacientes internados en<\/strong>\u00a0el MJHS Menorah Center en Brooklyn y el MJHS Isabella Center en la secci\u00f3n Washington Heights de Upper Manhattan.<\/p>\n          <\/div>\n  <\/div>\n<\/div>\n\n\n\n\n<div style=\"height:40px\" aria-hidden=\"true\" class=\"wp-block-spacer\"><\/div>\n\n\n<div class=\"highlights\">\n  <span class=\"eyebrow\">CONOZCA M\u00c1S SOBRE<\/span>\n  <h2>Rehabilitaci\u00f3n domiciliaria a corto plazo<\/h2>\n  <!-- For each item in tags, output it -->\n    <div class=\"flexbox\">\n    <div>\n      <img decoding=\"async\"\n                  class=\"image-aspect-ratio-16-9\"\n                src=\"https:\/\/mjhs.imgix.net\/2025\/01\/homecare-patient-stretch-band-rehab.jpg?fm=pjpg\" alt=\"A home care patient uses a red stretch band during a short-term rehab session with a therapist, focusing on improving strength and flexibility.\"\n      >\n    <\/div>\n    <div>\n      <span>Un vistazo a los aspectos destacados<\/span>\n              <div class=\"accordions\">\n        <!-- Go through each item in the accordions field, then get the summary & details fields from that item -->\n                      <details>\n              <summary>Cuidados en el hogar de MJHS<\/summary>\n              <div>\n                <p>\u00a1Le podemos traer la atenci\u00f3n m\u00e9dica! Nuestra agencia de atenci\u00f3n de la salud en el hogar certificada (CHHA) acreditada por la Comisi\u00f3n Conjunta brinda atenci\u00f3n de rehabilitaci\u00f3n a corto plazo de alta calidad para pacientes que viven en su hogar en Manhattan, Brooklyn, Queens y el Bronx.<\/p>\n                              <\/div>\n            <\/details>\n                      <details>\n              <summary>Profesionales licenciados<\/summary>\n              <div>\n                <p>Nuestro equipo de fisioterapeutas, terapeutas ocupacionales y del habla licenciados, altamente calificados y compasivos, as\u00ed como un enfermero certificado y un trabajador social, se dedican a apoyar su proceso de recuperaci\u00f3n. Se especializan en el desarrollo de planes de tratamiento individualizados adaptados a sus necesidades y objetivos \u00fanicos.<\/p>\n                              <\/div>\n            <\/details>\n                      <details>\n              <summary>Evaluaciones de seguridad en el hogar<\/summary>\n              <div>\n                <p>Como parte de nuestro programa, evaluaremos la seguridad y accesibilidad de su hogar y le recomendaremos c\u00f3mo ayudar a reducir el riesgo de ca\u00eddas y aumentar su independencia.<\/p>\n                              <\/div>\n            <\/details>\n                  <\/div>\n                    <a href=\"\/es\/home-care\/short-term-rehab\/\" target=\"_self\">Obtenga m\u00e1s informaci\u00f3n Atenci\u00f3n a corto plazo en el hogar<\/a>\n          <\/div>\n  <\/div>\n<\/div>\n\n\n<div class=\"highlights\">\n  <span class=\"eyebrow\">Conozca m\u00e1s sobre<\/span>\n  <h2>Rehabilitaci\u00f3n a corto plazo para pacientes internados<\/h2>\n  <!-- For each item in tags, output it -->\n    <div class=\"flexbox\">\n    <div>\n      <img decoding=\"async\"\n                  class=\"image-aspect-ratio-16-9\"\n                src=\"https:\/\/mjhs.imgix.net\/2025\/02\/nurse-and-rehab-patient-exercise-bike.jpg?fm=pjpg\" alt=\"\"\n      >\n    <\/div>\n    <div>\n      <span>Un vistazo a los aspectos destacados<\/span>\n              <div class=\"accordions\">\n        <!-- Go through each item in the accordions field, then get the summary & details fields from that item -->\n                      <details>\n              <summary>MJHS Menorah Center<\/summary>\n              <div>\n                <p>Ubicado en 10 acres frente al mar en Manhattan Beach, Brooklyn, nuestro centro especializado sin fines de lucro brinda servicios excepcionales de rehabilitaci\u00f3n para pacientes internados a corto plazo y atenci\u00f3n de enfermer\u00eda especializada a largo plazo. Con su entorno sereno, instalaciones de vanguardia y amplias comodidades, el MJHS Menorah Center ofrece a los pacientes en rehabilitaci\u00f3n un entorno tranquilo y de apoyo para la recuperaci\u00f3n a corto plazo.<\/p>\n                              <\/div>\n            <\/details>\n                      <details>\n              <summary>MJHS Isabella Center<\/summary>\n              <div>\n                <p>Ubicado en 4 acres bellamente ajardinados en Upper Manhattan, el MJHS Isabella Center ha sido un recurso confiable para la rehabilitaci\u00f3n a corto plazo y la atenci\u00f3n de enfermer\u00eda especializada a largo plazo durante 150 a\u00f1os. El MJHS Isabella Center ofrece a los pacientes en rehabilitaci\u00f3n atenci\u00f3n experta, una amplia variedad de servicios y un entorno positivo para favorecer su recuperaci\u00f3n a corto plazo.<\/p>\n                              <\/div>\n            <\/details>\n                      <details>\n              <summary>Programa de pr\u00f3tesis<\/summary>\n              <div>\n                <p>Ambos centros de MJHS ofrecen programas de pr\u00f3tesis especializados para personas amputadas que facilitan las adaptaciones y brindan atenci\u00f3n de seguimiento y modificaciones continuas para garantizar una comodidad y funcionalidad \u00f3ptimas.<\/p>\n                              <\/div>\n            <\/details>\n                  <\/div>\n                    <a href=\"\/es\/centers-rehab-nursing\/inpatient-rehab\/\" target=\"_self\">Obtenga m\u00e1s informaci\u00f3n sobre la rehabilitaci\u00f3n para pacientes internados en un centro especializado<\/a>\n          <\/div>\n  <\/div>\n<\/div>\n\n\n\n<h2 class=\"wp-block-heading\" id=\"h-servicios-de-rehabilitacion-a-corto-plazo\">Servicios de rehabilitaci\u00f3n a corto plazo<\/h2>\n\n\n<div class=\"fifty-fifty-columns \">\n  <div class=\"column column--right column--card\">\n    <div class=\"column__image\">\n      <img decoding=\"async\"\n                  class=\"image-aspect-ratio-16-9\"\n                src=\"https:\/\/mjhs.imgix.net\/2025\/02\/physical-therapist-with-patient-stretch-band-1.jpg?fm=pjpg\" alt=\"Physical therapist in blue scrubs assists an elderly woman in a wheelchair with a yellow stretch band exercise in a rehab facility.\"\n      >\n    <\/div>\n    <div class=\"column__content\">\n      <h3>Fisioterapia<\/h3>      <p>La atenci\u00f3n especializada est\u00e1 dise\u00f1ada para ayudar a recuperar la amplitud de movimiento del cuerpo, mejorar la fuerza y reducir el dolor causado por una lesi\u00f3n, enfermedad o cirug\u00eda.<\/p>\n              <a href=\"\/es\/short-term-rehab\/physical-therapy\/\">Obtenga m\u00e1s informaci\u00f3n sobre la fisioterapia<\/a>\n          <\/div>\n  <\/div>\n<\/div>\n\n\n\n<div class=\"fifty-fifty-columns \">\n  <div class=\"column column--left column--card\">\n    <div class=\"column__image\">\n      <img decoding=\"async\"\n                  class=\"image-aspect-ratio-16-9\"\n                src=\"https:\/\/mjhs.imgix.net\/2025\/02\/physical-therapist-with-patient-hand-motor-skills.jpg?fm=pjpg\" alt=\"A smiling older man in glasses and a blue polo shirt engages in a occupational therapy exercise with a therapist in a rehab setting.\"\n      >\n    <\/div>\n    <div class=\"column__content\">\n      <h3>Terapia ocupacional<\/h3>      <p>Dise\u00f1ada para ayudar a las personas a recuperar las habilidades motoras finas necesarias para realizar actividades diarias como vestirse, cuidarse y cocinar, para que recuperen la mayor independencia posible.<\/p>\n              <a href=\"\/es\/short-term-rehab\/occupational-therapy\/\">Obtenga m\u00e1s informaci\u00f3n sobre la terapia ocupacional<\/a>\n          <\/div>\n  <\/div>\n<\/div>\n\n\n\n<div class=\"fifty-fifty-columns \">\n  <div class=\"column column--right column--card\">\n    <div class=\"column__image\">\n      <img decoding=\"async\"\n                  class=\"image-aspect-ratio-16-9\"\n                src=\"https:\/\/mjhs.imgix.net\/2025\/02\/nurse-with-patient-speech-therapy-session.jpg?fm=pjpg\" alt=\"A caregiver in blue scrubs and an older woman sit outdoors, engaging in a speech therapy exercise while holding an orange.\"\n      >\n    <\/div>\n    <div class=\"column__content\">\n      <h3>Terapia del habla<\/h3>      <p>Un tipo de atenci\u00f3n especializada dise\u00f1ada para ayudar a las personas a superar los desaf\u00edos con la comunicaci\u00f3n, la degluci\u00f3n y las habilidades cognitivo-ling\u00fc\u00edsticas causados por una lesi\u00f3n, enfermedad o cirug\u00eda.<\/p>\n              <a href=\"\/es\/short-term-rehab\/speech-therapy\/\">Obtenga m\u00e1s informaci\u00f3n sobre la terapia del habla<\/a>\n          <\/div>\n  <\/div>\n<\/div>\n\n\n\n<div class=\"card-section\">\n  <h2>Recursos de apoyo para pacientes y familias<\/h2>\n  <p>Ya sea que lo apoyemos a usted o a un ser querido en el hogar o en uno de nuestros centros especializados para pacientes internados para rehabilitaci\u00f3n y atenci\u00f3n de enfermer\u00eda, entendemos su deseo de recibir m\u00e1s informaci\u00f3n y apoyo. En esta secci\u00f3n, se ofrecen consejos, herramientas y recursos valiosos para ayudarle a atravesar su recuperaci\u00f3n o ayudarle en su rol de cuidador.<\/p>\n  <div class=\"card-section__cards\">\n    <!-- Output up to 3 cards, which grab the most recent Resource posts with the same resource_cagetory as this block's category field -->\n              <div class=\"card\">\n                          <img loading=\"lazy\" decoding=\"async\" width=\"1200\" height=\"627\" src=\"https:\/\/mjhs.imgix.net\/2021\/10\/continuum.jpg?fm=pjpg\" class=\"attachment-post-thumbnail size-post-thumbnail\" alt=\"{:en}Caregiver and Patient Holding Hands{:}{:es}Cuidador y paciente tomados de la mano{:}\" srcset=\"https:\/\/mjhs.imgix.net\/2021\/10\/continuum.jpg?fit=scale&amp;fm=pjpg&amp;h=157&amp;w=300 300w, https:\/\/mjhs.imgix.net\/2021\/10\/continuum.jpg?fit=scale&amp;fm=pjpg&amp;h=535&amp;w=1024 1024w, https:\/\/mjhs.imgix.net\/2021\/10\/continuum.jpg?fit=scale&amp;fm=pjpg&amp;h=401&amp;w=768 768w, https:\/\/mjhs.imgix.net\/2021\/10\/continuum.jpg?fit=scale&amp;fm=pjpg&amp;h=803&amp;w=1536 1536w, https:\/\/mjhs.imgix.net\/2021\/10\/continuum.jpg?fit=scale&amp;fm=pjpg&amp;h=1070&amp;w=2048 2048w, https:\/\/mjhs.imgix.net\/2021\/10\/continuum.jpg?fm=pjpg 1200w\" sizes=\"auto, (max-width: 1200px) 100vw, 1200px\" \/>                        <div class=\"card__content\">\n              <h3>Continuidad de la atenci\u00f3n: la importancia de la atenci\u00f3n fluida y sin interrupciones<\/h3>\n              <p>La continuidad de la atenci\u00f3n a menudo conduce a una mejor\u00eda general de la salud y a la reducci\u00f3n de los costos de la atenci\u00f3n m\u00e9dica.<\/p>\n              <a href=\"https:\/\/www.mjhs.org\/es\/recursos\/atenci\u00f3n-continua-importancia-de-una-atenci\u00f3n-continua-e-ininterrumpida\/\">Learn More<\/a>\n            <\/div>\n          <\/div>\n                      <div class=\"card\">\n                              <img decoding=\"async\" src=\"https:\/\/mjhs.imgix.net\/2025\/03\/nurse-assisting-patient-lifting-weights.jpg?fm=pjpg\" alt=\"Rehabilitaci\u00f3n a corto plazo. Una gu\u00eda.\">\n                            <div class=\"card__content\">\n                <h3>Rehabilitaci\u00f3n a corto plazo. Una gu\u00eda.<\/h3>\n                <p>Short-term rehabilitation, also known as short-term rehab or sub-acute rehab, is a specialized program designed to help individuals regain their maximum possible strength, mobility, and independence.\u00a0<\/p>\n                <a href=\"https:\/\/www.mjhs.org\/es\/recursos\/rehabilitaci\u00f3n-a-corto-plazo.-una-gu\u00eda.\/\">Learn More<\/a>\n              <\/div>\n            <\/div>\n                        <div class=\"card\">\n                              <img decoding=\"async\" src=\"https:\/\/mjhs.imgix.net\/2025\/01\/DSC_7566.jpg?fm=pjpg\" alt=\"Getting Started with Home Care\">\n                            <div class=\"card__content\">\n                <h3>Getting Started with Home Care<\/h3>\n                <p>How you initiate receiving home care support depends on whether you\u2019re at home or about to be discharged from a hospital or inpatient rehab center. <\/p>\n                <a href=\"https:\/\/www.mjhs.org\/es\/recursos\/primeros-pasos-con-los-cuidados-en-el-hogar\/\">Learn More<\/a>\n              <\/div>\n            <\/div>\n              <\/div>\n<\/div>\n","protected":false},"excerpt":{"rendered":"<p>Servicios de rehabilitaci\u00f3n a corto plazo<\/p>\n","protected":false},"author":20,"featured_media":75407,"parent":0,"menu_order":3,"comment_status":"closed","ping_status":"closed","template":"page-overview.php","meta":{"_acf_changed":false,"footnotes":""},"categories":[],"class_list":["post-73462","page","type-page","status-publish","has-post-thumbnail","hentry"],"translation":{"provider":"WPGlobus","version":"3.0.2","language":"es","enabled_languages":["en","es"],"languages":{"en":{"title":true,"content":true,"excerpt":false},"es":{"title":true,"content":true,"excerpt":false}}},"acf":[],"yoast_head":"<title>Rehabilitaci\u00f3n a corto plazo | MJHS Health System<\/title>\n<meta name=\"description\" content=\"Recupere la fuerza, la movilidad y la independencia con programas personalizados de rehabilitaci\u00f3n a corto plazo, disponibles a domicilio o en centros para paciente internado de Brooklyn y Manhattan.\" \/>\n<meta name=\"robots\" content=\"index, follow, max-snippet:-1, max-image-preview:large, max-video-preview:-1\" \/>\n<link rel=\"canonical\" href=\"https:\/\/www.mjhs.org\/es\/short-term-rehab\/\" \/>\n<meta property=\"og:locale\" content=\"es_MX\" \/>\n<meta property=\"og:type\" content=\"article\" \/>\n<meta property=\"og:title\" content=\"Rehabilitaci\u00f3n a corto plazo | MJHS Health System\" \/>\n<meta property=\"og:description\" content=\"Recupere la fuerza, la movilidad y la independencia con programas personalizados de rehabilitaci\u00f3n a corto plazo, disponibles a domicilio o en centros para paciente internado de Brooklyn y Manhattan.\" \/>\n<meta property=\"og:url\" content=\"https:\/\/www.mjhs.org\/short-term-rehab\/\" \/>\n<meta property=\"og:site_name\" content=\"MJHS Health System\" \/>\n<meta property=\"article:publisher\" content=\"https:\/\/www.facebook.com\/MJHS01\/\" \/>\n<meta property=\"article:modified_time\" content=\"2025-09-09T02:00:26+00:00\" \/>\n<meta name=\"twitter:card\" content=\"summary_large_image\" \/>\n<meta name=\"twitter:site\" content=\"@MJHS01\" \/>\n<script type=\"application\/ld+json\" class=\"yoast-schema-graph\">{\"@context\":\"https:\\\/\\\/schema.org\",\"@graph\":[{\"@type\":\"WebPage\",\"@id\":\"https:\\\/\\\/www.mjhs.org\\\/short-term-rehab\\\/\",\"url\":\"https:\\\/\\\/www.mjhs.org\\\/short-term-rehab\\\/\",\"name\":\"Rehabilitaci\u00f3n a corto plazo | MJHS Health System\",\"isPartOf\":{\"@id\":\"https:\\\/\\\/www.mjhs.org\\\/#website\"},\"primaryImageOfPage\":{\"@id\":\"https:\\\/\\\/www.mjhs.org\\\/short-term-rehab\\\/#primaryimage\"},\"image\":{\"@id\":\"https:\\\/\\\/www.mjhs.org\\\/short-term-rehab\\\/#primaryimage\"},\"thumbnailUrl\":\"https:\\\/\\\/mjhs.imgix.net\\\/2025\\\/02\\\/patient-with-physician-physical-therapy-menorah-center.jpg?fm=pjpg\",\"datePublished\":\"2024-12-17T14:31:15+00:00\",\"dateModified\":\"2025-09-09T02:00:26+00:00\",\"description\":\"Recupere la fuerza, la movilidad y la independencia con programas personalizados de rehabilitaci\u00f3n a corto plazo, disponibles a domicilio o en centros para paciente internado de Brooklyn y Manhattan.\",\"breadcrumb\":{\"@id\":\"https:\\\/\\\/www.mjhs.org\\\/short-term-rehab\\\/#breadcrumb\"},\"inLanguage\":\"es\",\"potentialAction\":[{\"@type\":\"ReadAction\",\"target\":[\"https:\\\/\\\/www.mjhs.org\\\/short-term-rehab\\\/\"]}]},{\"@type\":\"ImageObject\",\"inLanguage\":\"es\",\"@id\":\"https:\\\/\\\/www.mjhs.org\\\/short-term-rehab\\\/#primaryimage\",\"url\":\"https:\\\/\\\/mjhs.imgix.net\\\/2025\\\/02\\\/patient-with-physician-physical-therapy-menorah-center.jpg?fm=pjpg\",\"contentUrl\":\"https:\\\/\\\/mjhs.imgix.net\\\/2025\\\/02\\\/patient-with-physician-physical-therapy-menorah-center.jpg?fm=pjpg\",\"width\":2800,\"height\":934,\"caption\":\"Older woman in glasses does physical therapy with a health care professional, holding a blue therapy ball together.\"},{\"@type\":\"BreadcrumbList\",\"@id\":\"https:\\\/\\\/www.mjhs.org\\\/short-term-rehab\\\/#breadcrumb\",\"itemListElement\":[{\"@type\":\"ListItem\",\"position\":1,\"name\":\"Home\",\"item\":\"https:\\\/\\\/www.mjhs.org\\\/\"},{\"@type\":\"ListItem\",\"position\":2,\"name\":\"Short-Term Rehab\"}]},{\"@type\":\"WebSite\",\"@id\":\"https:\\\/\\\/www.mjhs.org\\\/#website\",\"url\":\"https:\\\/\\\/www.mjhs.org\\\/\",\"name\":\"MJHS Health System\",\"description\":\"Abriendo el Camino Hacia un Cuidado de Excelencia\",\"publisher\":{\"@id\":\"https:\\\/\\\/www.mjhs.org\\\/#organization\"},\"potentialAction\":[{\"@type\":\"SearchAction\",\"target\":{\"@type\":\"EntryPoint\",\"urlTemplate\":\"https:\\\/\\\/www.mjhs.org\\\/?s={search_term_string}\"},\"query-input\":{\"@type\":\"PropertyValueSpecification\",\"valueRequired\":true,\"valueName\":\"search_term_string\"}}],\"inLanguage\":\"es\"},{\"@type\":\"Organization\",\"@id\":\"https:\\\/\\\/www.mjhs.org\\\/#organization\",\"name\":\"MJHS Health System\",\"url\":\"https:\\\/\\\/www.mjhs.org\\\/\",\"logo\":{\"@type\":\"ImageObject\",\"inLanguage\":\"es\",\"@id\":\"https:\\\/\\\/www.mjhs.org\\\/#\\\/schema\\\/logo\\\/image\\\/\",\"url\":\"\\\/wp-content\\\/uploads\\\/2019\\\/07\\\/mjhs_logo_for_SEO.png\",\"contentUrl\":\"\\\/wp-content\\\/uploads\\\/2019\\\/07\\\/mjhs_logo_for_SEO.png\",\"width\":700,\"height\":296,\"caption\":\"MJHS Health System\"},\"image\":{\"@id\":\"https:\\\/\\\/www.mjhs.org\\\/#\\\/schema\\\/logo\\\/image\\\/\"},\"sameAs\":[\"https:\\\/\\\/www.facebook.com\\\/MJHS01\\\/\",\"https:\\\/\\\/x.com\\\/MJHS01\"]}]}<\/script>","yoast_head_json":{"title":"Rehabilitaci\u00f3n a corto plazo | MJHS Health System","description":"Recupere la fuerza, la movilidad y la independencia con programas personalizados de rehabilitaci\u00f3n a corto plazo, disponibles a domicilio o en centros para paciente internado de Brooklyn y Manhattan.","robots":{"index":"index","follow":"follow","max-snippet":"max-snippet:-1","max-image-preview":"max-image-preview:large","max-video-preview":"max-video-preview:-1"},"canonical":"https:\/\/www.mjhs.org\/es\/short-term-rehab\/","og_locale":"es_MX","og_type":"article","og_title":"Rehabilitaci\u00f3n a corto plazo | MJHS Health System","og_description":"Recupere la fuerza, la movilidad y la independencia con programas personalizados de rehabilitaci\u00f3n a corto plazo, disponibles a domicilio o en centros para paciente internado de Brooklyn y Manhattan.","og_url":"https:\/\/www.mjhs.org\/short-term-rehab\/","og_site_name":"MJHS Health System","article_publisher":"https:\/\/www.facebook.com\/MJHS01\/","article_modified_time":"2025-09-09T02:00:26+00:00","twitter_card":"summary_large_image","twitter_site":"@MJHS01","schema":{"@context":"https:\/\/schema.org","@graph":[{"@type":"WebPage","@id":"https:\/\/www.mjhs.org\/short-term-rehab\/","url":"https:\/\/www.mjhs.org\/short-term-rehab\/","name":"Rehabilitaci\u00f3n a corto plazo | MJHS Health System","isPartOf":{"@id":"https:\/\/www.mjhs.org\/#website"},"primaryImageOfPage":{"@id":"https:\/\/www.mjhs.org\/short-term-rehab\/#primaryimage"},"image":{"@id":"https:\/\/www.mjhs.org\/short-term-rehab\/#primaryimage"},"thumbnailUrl":"https:\/\/mjhs.imgix.net\/2025\/02\/patient-with-physician-physical-therapy-menorah-center.jpg?fm=pjpg","datePublished":"2024-12-17T14:31:15+00:00","dateModified":"2025-09-09T02:00:26+00:00","description":"Recupere la fuerza, la movilidad y la independencia con programas personalizados de rehabilitaci\u00f3n a corto plazo, disponibles a domicilio o en centros para paciente internado de Brooklyn y Manhattan.","breadcrumb":{"@id":"https:\/\/www.mjhs.org\/short-term-rehab\/#breadcrumb"},"inLanguage":"es","potentialAction":[{"@type":"ReadAction","target":["https:\/\/www.mjhs.org\/short-term-rehab\/"]}]},{"@type":"ImageObject","inLanguage":"es","@id":"https:\/\/www.mjhs.org\/short-term-rehab\/#primaryimage","url":"https:\/\/mjhs.imgix.net\/2025\/02\/patient-with-physician-physical-therapy-menorah-center.jpg?fm=pjpg","contentUrl":"https:\/\/mjhs.imgix.net\/2025\/02\/patient-with-physician-physical-therapy-menorah-center.jpg?fm=pjpg","width":2800,"height":934,"caption":"Older woman in glasses does physical therapy with a health care professional, holding a blue therapy ball together."},{"@type":"BreadcrumbList","@id":"https:\/\/www.mjhs.org\/short-term-rehab\/#breadcrumb","itemListElement":[{"@type":"ListItem","position":1,"name":"Home","item":"https:\/\/www.mjhs.org\/"},{"@type":"ListItem","position":2,"name":"Short-Term Rehab"}]},{"@type":"WebSite","@id":"https:\/\/www.mjhs.org\/#website","url":"https:\/\/www.mjhs.org\/","name":"MJHS Health System","description":"Abriendo el Camino Hacia un Cuidado de Excelencia","publisher":{"@id":"https:\/\/www.mjhs.org\/#organization"},"potentialAction":[{"@type":"SearchAction","target":{"@type":"EntryPoint","urlTemplate":"https:\/\/www.mjhs.org\/?s={search_term_string}"},"query-input":{"@type":"PropertyValueSpecification","valueRequired":true,"valueName":"search_term_string"}}],"inLanguage":"es"},{"@type":"Organization","@id":"https:\/\/www.mjhs.org\/#organization","name":"MJHS Health System","url":"https:\/\/www.mjhs.org\/","logo":{"@type":"ImageObject","inLanguage":"es","@id":"https:\/\/www.mjhs.org\/#\/schema\/logo\/image\/","url":"\/wp-content\/uploads\/2019\/07\/mjhs_logo_for_SEO.png","contentUrl":"\/wp-content\/uploads\/2019\/07\/mjhs_logo_for_SEO.png","width":700,"height":296,"caption":"MJHS Health System"},"image":{"@id":"https:\/\/www.mjhs.org\/#\/schema\/logo\/image\/"},"sameAs":["https:\/\/www.facebook.com\/MJHS01\/","https:\/\/x.com\/MJHS01"]}]}},"jetpack_sharing_enabled":true,"_links":{"self":[{"href":"https:\/\/www.mjhs.org\/es\/wp-json\/wp\/v2\/pages\/73462","targetHints":{"allow":["GET"]}}],"collection":[{"href":"https:\/\/www.mjhs.org\/es\/wp-json\/wp\/v2\/pages"}],"about":[{"href":"https:\/\/www.mjhs.org\/es\/wp-json\/wp\/v2\/types\/page"}],"author":[{"embeddable":true,"href":"https:\/\/www.mjhs.org\/es\/wp-json\/wp\/v2\/users\/20"}],"replies":[{"embeddable":true,"href":"https:\/\/www.mjhs.org\/es\/wp-json\/wp\/v2\/comments?post=73462"}],"version-history":[{"count":0,"href":"https:\/\/www.mjhs.org\/es\/wp-json\/wp\/v2\/pages\/73462\/revisions"}],"wp:featuredmedia":[{"embeddable":true,"href":"https:\/\/www.mjhs.org\/es\/wp-json\/wp\/v2\/media\/75407"}],"wp:attachment":[{"href":"https:\/\/www.mjhs.org\/es\/wp-json\/wp\/v2\/media?parent=73462"}],"wp:term":[{"taxonomy":"category","embeddable":true,"href":"https:\/\/www.mjhs.org\/es\/wp-json\/wp\/v2\/categories?post=73462"}],"curies":[{"name":"wp","href":"https:\/\/api.w.org\/{rel}","templated":true}]}}