{"id":73932,"date":"2025-01-07T18:00:07","date_gmt":"2025-01-07T23:00:07","guid":{"rendered":"https:\/\/mjhs1.wpengine.com\/?page_id=73932"},"modified":"2025-09-08T21:26:30","modified_gmt":"2025-09-09T01:26:30","slug":"cfh","status":"publish","type":"page","link":"https:\/\/www.mjhs.org\/es\/atenci%C3%B3n-en-el-hogar\/enfermedades-espec%C3%ADficas\/insuficiencia-card%C3%ADaca-congestiva\/","title":{"rendered":"Insuficiencia card\u00edaca congestiva"},"content":{"rendered":"<div class=\"fifty-fifty-columns mt-0 mb-0\">\n  <div class=\"column column--right column--default\">\n    <div class=\"column__image\">\n      <img decoding=\"async\"\n                  class=\"image-aspect-ratio-1-1\"\n                src=\"https:\/\/mjhs.imgix.net\/2025\/02\/nurse-writing-notes-for-homecare-patient.jpg?fm=pjpg\" alt=\"Nurse in blue scrubs using a stethoscope to check an elderly woman's heartbeat while she rests in bed, providing home care support.\"\n      >\n    <\/div>\n    <div class=\"column__content\">\n      <h2>Qu\u00e9 puede esperar de nuestro programa\u00a0<\/h2>      <p>Una vez que se inscriba en nuestro programa de cuidados en el hogar, trabajar\u00e1 en estrecha colaboraci\u00f3n con nuestro\u00a0<a href=\"https:\/\/es-us-pkg3aqz4-p.proxy.cqfluency.com\/home-care\/skilled-nursing\/\">equipo de atenci\u00f3n de enfermer\u00eda especializada<\/a><strong>,<\/strong>\u00a0que ayudar\u00e1 a brindarle educaci\u00f3n y gu\u00eda compasiva y experta para que pueda comprender mejor y reducir los s\u00edntomas de la insuficiencia card\u00edaca congestiva.<\/p>\n<p>Recibir\u00e1 educaci\u00f3n y herramientas espec\u00edficas para la enfermedad y adaptadas a sus necesidades y estilo de vida. Su equipo de enfermer\u00eda especializada lo ayudar\u00e1 a comprender su afecci\u00f3n, reconocer y controlar los s\u00edntomas, y le recomendar\u00e1 ajustes necesarios en su estilo de vida diario.\u00a0Desde el manejo de los medicamentos hasta el asesoramiento diet\u00e9tico y la planificaci\u00f3n de actividades, adquirir\u00e1 las habilidades y la confianza necesarias para ayudar a mejorar su calidad de vida mientras controla su CHF en casa de forma segura.<\/p>\n<p><\/p>\n          <\/div>\n  <\/div>\n<\/div>\n\n\n\n\n<p><strong><strong>Podemos brindarle ayuda con lo siguiente:<\/strong><\/strong><\/p>\n\n\n\n<ol class=\"wp-block-list\">\n<li><strong>Comprender la CHF y su impacto<\/strong><strong><br><\/strong>Aprender\u00e1 qu\u00e9 es la CHF, c\u00f3mo afecta a su cuerpo y por qu\u00e9 el control de su afecci\u00f3n es esencial para mejorar su salud y bienestar general.<\/li>\n\n\n\n<li><strong>Reconocer los signos y los s\u00edntomas<\/strong><strong><br><\/strong>La detecci\u00f3n temprana del empeoramiento de los s\u00edntomas es clave. Aprender\u00e1 a identificar las se\u00f1ales de advertencia para que pueda actuar con rapidez y evitar visitas innecesarias al hospital.<\/li>\n\n\n\n<li><strong>Control de los s\u00edntomas<br><\/strong>Puede mejorar la salud diaria de su coraz\u00f3n tomando medidas peque\u00f1as y pr\u00e1cticas. Nuestro personal de enfermer\u00eda le ense\u00f1ar\u00e1 estrategias eficaces para controlar s\u00edntomas como dificultad para respirar, cansancio y retenci\u00f3n de l\u00edquidos.<\/li>\n\n\n\n<li><strong>Cambios en el estilo de vida y en la dieta<\/strong><strong><br><\/strong>Con la gu\u00eda de expertos, aprender\u00e1 a realizar cambios saludables para el coraz\u00f3n en su dieta y su estilo de vida que pueden reducir los s\u00edntomas y ayudar a prevenir complicaciones. Esto incluye consejos sobre c\u00f3mo reducir la ingesta de sodio, mantenerse activo y mantener un peso saludable.<\/li>\n\n\n\n<li><strong>Prevenir la hospitalizaci\u00f3n<br><\/strong>Uno de los objetivos principales del programa es ayudarlo a mantenerse seguro y c\u00f3modo en su hogar. Trabajamos para reducir las posibilidades de hospitalizaci\u00f3n o rehospitalizaci\u00f3n a trav\u00e9s del apoyo continuo, el monitoreo de los s\u00edntomas y la atenci\u00f3n de expertos.<\/li>\n<\/ol>\n\n\n\n<h2 class=\"wp-block-heading\" id=\"h-por-que-elegir-nuestro-programa-de-chf\">\u00bfPor qu\u00e9 elegir nuestro programa de CHF?<\/h2>\n\n\n\n<p>As the first home care agency in the country to receive Joint Commission certification for Heart Failure Disease Management, you can feel safe trusting us to help you manage your CHF diagnosis safely and effectively at home. Nuestros m\u00e9dicos est\u00e1n altamente capacitados en el manejo de la insuficiencia card\u00edaca. At the core of this program is working closely with you in the comfort of your home to better manage your disease and improve symptoms like shortness of breath.<\/p>\n\n\n\n<p>Nuestro programa espec\u00edfico para enfermedades lo ayuda a transitar con confianza la CHF al combinar la experiencia m\u00e9dica con la atenci\u00f3n personalizada. Ya sea para ayudarlo a controlar los s\u00edntomas, ajustar los planes de tratamiento o desarrollar h\u00e1bitos m\u00e1s saludables, estamos aqu\u00ed en cada paso del camino para ayudarlo a sentirse lo mejor posible y, lo que es m\u00e1s importante, ayudarlo a&nbsp;<strong>mantenerse en casa y fuera del hospital.<\/strong><\/p>\n\n\n<div class=\"intro-text\">\n      <h2>Cuidados en el hogar de MJHS<br\/> Estamos aqu\u00ed para apoyar su bienestar<\/h2>\n  <p>Nuestro equipo de expertos est\u00e1 aqu\u00ed para guiarlo en cada paso del camino. Ofrecemos atenci\u00f3n individualizada en el hogar que prioriza sus objetivos, comodidad, independencia y necesidades \u00fanicas. Ya sea que se est\u00e9 recuperando de una sustituci\u00f3n articular, de una enfermedad, controlando una afecci\u00f3n cr\u00f3nica o regresando a su hogar del hospital o centro de rehabilitaci\u00f3n para pacientes internados, en MJHS estamos listos para brindarle la atenci\u00f3n especializada y el apoyo que necesita en la comodidad de su hogar. Cont\u00e1ctenos hoy mismo para saber c\u00f3mo podemos ayudarle a usted o a su ser querido en el camino hacia una mejor salud y bienestar.<\/p>\n    <div class=\"intro-text__buttons\">\n              <a href=\"\/es\/about\/mjhs-home-care\/\">Descubra c\u00f3mo los cuidados en el hogar de MJHS pueden ayudar<\/a>\n          <\/div>\n  <\/div>\n<!-- \/wp:post-content -->","protected":false},"excerpt":{"rendered":"<p>Expert care to help you manage CHF and its associated symptoms. Our team of specialists will help monitor and stabilize your condition, provide education so that you and your family can better manage your chronic illness and related symptoms on an ongoing basis, and adjust treatment plans as needed. Our goal is to help you retain the maximum possible quality of life, remain safely at home and reduce the need for hospital visits.<\/p>\n","protected":false},"author":20,"featured_media":74807,"parent":73926,"menu_order":0,"comment_status":"closed","ping_status":"closed","template":"page-sidebar.php","meta":{"_acf_changed":false,"footnotes":""},"categories":[],"class_list":["post-73932","page","type-page","status-publish","has-post-thumbnail","hentry"],"translation":{"provider":"WPGlobus","version":"3.0.2","language":"es","enabled_languages":["en","es"],"languages":{"en":{"title":true,"content":true,"excerpt":true},"es":{"title":true,"content":true,"excerpt":false}}},"acf":[],"yoast_head":"<title>Insuficiencia card\u00edaca congestiva | MJHS Health System<\/title>\n<meta name=\"description\" content=\"Controle la insuficiencia card\u00edaca congestiva (ICC) con atenci\u00f3n experta a domicilio. MJHS ofrece seguimiento de los s\u00edntomas, educaci\u00f3n y apoyo al estilo de vida para mejorar la salud.\" \/>\n<meta name=\"robots\" content=\"index, follow, max-snippet:-1, max-image-preview:large, max-video-preview:-1\" \/>\n<link rel=\"canonical\" href=\"https:\/\/www.mjhs.org\/es\/home-care\/disease-specific\/cfh\/\" \/>\n<meta property=\"og:locale\" content=\"es_MX\" \/>\n<meta property=\"og:type\" content=\"article\" \/>\n<meta property=\"og:title\" content=\"Insuficiencia card\u00edaca congestiva | MJHS Health System\" \/>\n<meta property=\"og:description\" content=\"Controle la insuficiencia card\u00edaca congestiva (ICC) con atenci\u00f3n experta a domicilio. MJHS ofrece seguimiento de los s\u00edntomas, educaci\u00f3n y apoyo al estilo de vida para mejorar la salud.\" \/>\n<meta property=\"og:url\" content=\"https:\/\/www.mjhs.org\/home-care\/disease-specific\/cfh\/\" \/>\n<meta property=\"og:site_name\" content=\"MJHS Health System\" \/>\n<meta property=\"article:publisher\" content=\"https:\/\/www.facebook.com\/MJHS01\/\" \/>\n<meta property=\"article:modified_time\" content=\"2025-09-09T01:26:30+00:00\" \/>\n<meta name=\"twitter:card\" content=\"summary_large_image\" \/>\n<meta name=\"twitter:site\" content=\"@MJHS01\" \/>\n<script type=\"application\/ld+json\" class=\"yoast-schema-graph\">{\"@context\":\"https:\\\/\\\/schema.org\",\"@graph\":[{\"@type\":\"WebPage\",\"@id\":\"https:\\\/\\\/www.mjhs.org\\\/home-care\\\/disease-specific\\\/cfh\\\/\",\"url\":\"https:\\\/\\\/www.mjhs.org\\\/home-care\\\/disease-specific\\\/cfh\\\/\",\"name\":\"Insuficiencia card\u00edaca congestiva | MJHS Health System\",\"isPartOf\":{\"@id\":\"https:\\\/\\\/www.mjhs.org\\\/#website\"},\"primaryImageOfPage\":{\"@id\":\"https:\\\/\\\/www.mjhs.org\\\/home-care\\\/disease-specific\\\/cfh\\\/#primaryimage\"},\"image\":{\"@id\":\"https:\\\/\\\/www.mjhs.org\\\/home-care\\\/disease-specific\\\/cfh\\\/#primaryimage\"},\"thumbnailUrl\":\"https:\\\/\\\/mjhs.imgix.net\\\/2025\\\/01\\\/nurse-with-senior-patient-stethoscope.jpg?fm=pjpg\",\"datePublished\":\"2025-01-07T23:00:07+00:00\",\"dateModified\":\"2025-09-09T01:26:30+00:00\",\"description\":\"Controle la insuficiencia card\u00edaca congestiva (ICC) con atenci\u00f3n experta a domicilio. MJHS ofrece seguimiento de los s\u00edntomas, educaci\u00f3n y apoyo al estilo de vida para mejorar la salud.\",\"breadcrumb\":{\"@id\":\"https:\\\/\\\/www.mjhs.org\\\/home-care\\\/disease-specific\\\/cfh\\\/#breadcrumb\"},\"inLanguage\":\"es\",\"potentialAction\":[{\"@type\":\"ReadAction\",\"target\":[\"https:\\\/\\\/www.mjhs.org\\\/home-care\\\/disease-specific\\\/cfh\\\/\"]}]},{\"@type\":\"ImageObject\",\"inLanguage\":\"es\",\"@id\":\"https:\\\/\\\/www.mjhs.org\\\/home-care\\\/disease-specific\\\/cfh\\\/#primaryimage\",\"url\":\"https:\\\/\\\/mjhs.imgix.net\\\/2025\\\/01\\\/nurse-with-senior-patient-stethoscope.jpg?fm=pjpg\",\"contentUrl\":\"https:\\\/\\\/mjhs.imgix.net\\\/2025\\\/01\\\/nurse-with-senior-patient-stethoscope.jpg?fm=pjpg\",\"width\":1400,\"height\":934,\"caption\":\"An home care nurse uses a stethoscope to check the heart of a smiling senior woman seated at a table with medication bottles and a laptop.\"},{\"@type\":\"BreadcrumbList\",\"@id\":\"https:\\\/\\\/www.mjhs.org\\\/home-care\\\/disease-specific\\\/cfh\\\/#breadcrumb\",\"itemListElement\":[{\"@type\":\"ListItem\",\"position\":1,\"name\":\"Home\",\"item\":\"https:\\\/\\\/www.mjhs.org\\\/\"},{\"@type\":\"ListItem\",\"position\":2,\"name\":\"Home Care\",\"item\":\"https:\\\/\\\/www.mjhs.org\\\/home-care\\\/\"},{\"@type\":\"ListItem\",\"position\":3,\"name\":\"Disease-Specific Expertise\",\"item\":\"https:\\\/\\\/www.mjhs.org\\\/home-care\\\/disease-specific\\\/\"},{\"@type\":\"ListItem\",\"position\":4,\"name\":\"Congestive Heart Failure\"}]},{\"@type\":\"WebSite\",\"@id\":\"https:\\\/\\\/www.mjhs.org\\\/#website\",\"url\":\"https:\\\/\\\/www.mjhs.org\\\/\",\"name\":\"MJHS Health System\",\"description\":\"Abriendo el Camino Hacia un Cuidado de Excelencia\",\"publisher\":{\"@id\":\"https:\\\/\\\/www.mjhs.org\\\/#organization\"},\"potentialAction\":[{\"@type\":\"SearchAction\",\"target\":{\"@type\":\"EntryPoint\",\"urlTemplate\":\"https:\\\/\\\/www.mjhs.org\\\/?s={search_term_string}\"},\"query-input\":{\"@type\":\"PropertyValueSpecification\",\"valueRequired\":true,\"valueName\":\"search_term_string\"}}],\"inLanguage\":\"es\"},{\"@type\":\"Organization\",\"@id\":\"https:\\\/\\\/www.mjhs.org\\\/#organization\",\"name\":\"MJHS Health System\",\"url\":\"https:\\\/\\\/www.mjhs.org\\\/\",\"logo\":{\"@type\":\"ImageObject\",\"inLanguage\":\"es\",\"@id\":\"https:\\\/\\\/www.mjhs.org\\\/#\\\/schema\\\/logo\\\/image\\\/\",\"url\":\"\\\/wp-content\\\/uploads\\\/2019\\\/07\\\/mjhs_logo_for_SEO.png\",\"contentUrl\":\"\\\/wp-content\\\/uploads\\\/2019\\\/07\\\/mjhs_logo_for_SEO.png\",\"width\":700,\"height\":296,\"caption\":\"MJHS Health System\"},\"image\":{\"@id\":\"https:\\\/\\\/www.mjhs.org\\\/#\\\/schema\\\/logo\\\/image\\\/\"},\"sameAs\":[\"https:\\\/\\\/www.facebook.com\\\/MJHS01\\\/\",\"https:\\\/\\\/x.com\\\/MJHS01\"]}]}<\/script>","yoast_head_json":{"title":"Insuficiencia card\u00edaca congestiva | MJHS Health System","description":"Controle la insuficiencia card\u00edaca congestiva (ICC) con atenci\u00f3n experta a domicilio. MJHS ofrece seguimiento de los s\u00edntomas, educaci\u00f3n y apoyo al estilo de vida para mejorar la salud.","robots":{"index":"index","follow":"follow","max-snippet":"max-snippet:-1","max-image-preview":"max-image-preview:large","max-video-preview":"max-video-preview:-1"},"canonical":"https:\/\/www.mjhs.org\/es\/home-care\/disease-specific\/cfh\/","og_locale":"es_MX","og_type":"article","og_title":"Insuficiencia card\u00edaca congestiva | MJHS Health System","og_description":"Controle la insuficiencia card\u00edaca congestiva (ICC) con atenci\u00f3n experta a domicilio. MJHS ofrece seguimiento de los s\u00edntomas, educaci\u00f3n y apoyo al estilo de vida para mejorar la salud.","og_url":"https:\/\/www.mjhs.org\/home-care\/disease-specific\/cfh\/","og_site_name":"MJHS Health System","article_publisher":"https:\/\/www.facebook.com\/MJHS01\/","article_modified_time":"2025-09-09T01:26:30+00:00","twitter_card":"summary_large_image","twitter_site":"@MJHS01","schema":{"@context":"https:\/\/schema.org","@graph":[{"@type":"WebPage","@id":"https:\/\/www.mjhs.org\/home-care\/disease-specific\/cfh\/","url":"https:\/\/www.mjhs.org\/home-care\/disease-specific\/cfh\/","name":"Insuficiencia card\u00edaca congestiva | MJHS Health System","isPartOf":{"@id":"https:\/\/www.mjhs.org\/#website"},"primaryImageOfPage":{"@id":"https:\/\/www.mjhs.org\/home-care\/disease-specific\/cfh\/#primaryimage"},"image":{"@id":"https:\/\/www.mjhs.org\/home-care\/disease-specific\/cfh\/#primaryimage"},"thumbnailUrl":"https:\/\/mjhs.imgix.net\/2025\/01\/nurse-with-senior-patient-stethoscope.jpg?fm=pjpg","datePublished":"2025-01-07T23:00:07+00:00","dateModified":"2025-09-09T01:26:30+00:00","description":"Controle la insuficiencia card\u00edaca congestiva (ICC) con atenci\u00f3n experta a domicilio. MJHS ofrece seguimiento de los s\u00edntomas, educaci\u00f3n y apoyo al estilo de vida para mejorar la salud.","breadcrumb":{"@id":"https:\/\/www.mjhs.org\/home-care\/disease-specific\/cfh\/#breadcrumb"},"inLanguage":"es","potentialAction":[{"@type":"ReadAction","target":["https:\/\/www.mjhs.org\/home-care\/disease-specific\/cfh\/"]}]},{"@type":"ImageObject","inLanguage":"es","@id":"https:\/\/www.mjhs.org\/home-care\/disease-specific\/cfh\/#primaryimage","url":"https:\/\/mjhs.imgix.net\/2025\/01\/nurse-with-senior-patient-stethoscope.jpg?fm=pjpg","contentUrl":"https:\/\/mjhs.imgix.net\/2025\/01\/nurse-with-senior-patient-stethoscope.jpg?fm=pjpg","width":1400,"height":934,"caption":"An home care nurse uses a stethoscope to check the heart of a smiling senior woman seated at a table with medication bottles and a laptop."},{"@type":"BreadcrumbList","@id":"https:\/\/www.mjhs.org\/home-care\/disease-specific\/cfh\/#breadcrumb","itemListElement":[{"@type":"ListItem","position":1,"name":"Home","item":"https:\/\/www.mjhs.org\/"},{"@type":"ListItem","position":2,"name":"Home Care","item":"https:\/\/www.mjhs.org\/home-care\/"},{"@type":"ListItem","position":3,"name":"Disease-Specific Expertise","item":"https:\/\/www.mjhs.org\/home-care\/disease-specific\/"},{"@type":"ListItem","position":4,"name":"Congestive Heart Failure"}]},{"@type":"WebSite","@id":"https:\/\/www.mjhs.org\/#website","url":"https:\/\/www.mjhs.org\/","name":"MJHS Health System","description":"Abriendo el Camino Hacia un Cuidado de Excelencia","publisher":{"@id":"https:\/\/www.mjhs.org\/#organization"},"potentialAction":[{"@type":"SearchAction","target":{"@type":"EntryPoint","urlTemplate":"https:\/\/www.mjhs.org\/?s={search_term_string}"},"query-input":{"@type":"PropertyValueSpecification","valueRequired":true,"valueName":"search_term_string"}}],"inLanguage":"es"},{"@type":"Organization","@id":"https:\/\/www.mjhs.org\/#organization","name":"MJHS Health System","url":"https:\/\/www.mjhs.org\/","logo":{"@type":"ImageObject","inLanguage":"es","@id":"https:\/\/www.mjhs.org\/#\/schema\/logo\/image\/","url":"\/wp-content\/uploads\/2019\/07\/mjhs_logo_for_SEO.png","contentUrl":"\/wp-content\/uploads\/2019\/07\/mjhs_logo_for_SEO.png","width":700,"height":296,"caption":"MJHS Health System"},"image":{"@id":"https:\/\/www.mjhs.org\/#\/schema\/logo\/image\/"},"sameAs":["https:\/\/www.facebook.com\/MJHS01\/","https:\/\/x.com\/MJHS01"]}]}},"jetpack_sharing_enabled":true,"_links":{"self":[{"href":"https:\/\/www.mjhs.org\/es\/wp-json\/wp\/v2\/pages\/73932","targetHints":{"allow":["GET"]}}],"collection":[{"href":"https:\/\/www.mjhs.org\/es\/wp-json\/wp\/v2\/pages"}],"about":[{"href":"https:\/\/www.mjhs.org\/es\/wp-json\/wp\/v2\/types\/page"}],"author":[{"embeddable":true,"href":"https:\/\/www.mjhs.org\/es\/wp-json\/wp\/v2\/users\/20"}],"replies":[{"embeddable":true,"href":"https:\/\/www.mjhs.org\/es\/wp-json\/wp\/v2\/comments?post=73932"}],"version-history":[{"count":0,"href":"https:\/\/www.mjhs.org\/es\/wp-json\/wp\/v2\/pages\/73932\/revisions"}],"up":[{"embeddable":true,"href":"https:\/\/www.mjhs.org\/es\/wp-json\/wp\/v2\/pages\/73926"}],"wp:featuredmedia":[{"embeddable":true,"href":"https:\/\/www.mjhs.org\/es\/wp-json\/wp\/v2\/media\/74807"}],"wp:attachment":[{"href":"https:\/\/www.mjhs.org\/es\/wp-json\/wp\/v2\/media?parent=73932"}],"wp:term":[{"taxonomy":"category","embeddable":true,"href":"https:\/\/www.mjhs.org\/es\/wp-json\/wp\/v2\/categories?post=73932"}],"curies":[{"name":"wp","href":"https:\/\/api.w.org\/{rel}","templated":true}]}}