{"id":73935,"date":"2025-01-07T18:01:53","date_gmt":"2025-01-07T23:01:53","guid":{"rendered":"https:\/\/mjhs1.wpengine.com\/?page_id=73935"},"modified":"2025-09-08T21:27:40","modified_gmt":"2025-09-09T01:27:40","slug":"copd","status":"publish","type":"page","link":"https:\/\/www.mjhs.org\/es\/atenci%C3%B3n-en-el-hogar\/enfermedades-espec%C3%ADficas\/enfermedad-pulmonar-obstructiva-cr%C3%B3nica\/","title":{"rendered":"Enfermedad pulmonar obstructiva cr\u00f3nica"},"content":{"rendered":"<div class=\"fifty-fifty-columns mt-0 mb-0\">\n  <div class=\"column column--right column--default\">\n    <div class=\"column__image\">\n      <img decoding=\"async\"\n                  class=\"image-aspect-ratio-1-1\"\n                src=\"https:\/\/mjhs.imgix.net\/2025\/01\/nurse-with-patient-breathing-through-inhaler.jpg?fm=pjpg\" alt=\"An elderly woman uses an inhaler for breathing support while a nurse in blue scrubs observes, ensuring proper respiratory care.\"\n      >\n    <\/div>\n    <div class=\"column__content\">\n      <h2>Qu\u00e9 puede esperar de nuestro programa<\/h2>      <p>Una vez que se inscriba en nuestro programa de cuidados en el hogar, trabajar\u00e1 en estrecha colaboraci\u00f3n con uno de nuestros equipos cl\u00ednicos con experiencia en enfermedades espec\u00edficas, que le brindar\u00e1 gu\u00eda personalizada y experta para ayudarlo a controlar su EPOC en el hogar.<\/p>\n<p>Recibir\u00e1 educaci\u00f3n y herramientas espec\u00edficas para la enfermedad y adaptadas a sus necesidades y estilo de vida. Su equipo cl\u00ednico lo ayudar\u00e1 a comprender su afecci\u00f3n, reconocer y controlar los s\u00edntomas, y le recomendar\u00e1 ajustes necesarios en su rutina diaria. Desde el manejo de los medicamentos hasta t\u00e9cnicas de respiraci\u00f3n y la planificaci\u00f3n de actividades, adquirir\u00e1 las habilidades y la confianza necesarias para ayudar a mejorar su calidad de vida mientras controla su EPOC en casa de forma segura.<\/p>\n          <\/div>\n  <\/div>\n<\/div>\n\n\n\n\n<p><strong><strong>Podemos brindarle ayuda con lo siguiente:<\/strong><\/strong><\/p>\n\n\n\n<ol class=\"wp-block-list\">\n<li><strong>Prevenir complicaciones<br><\/strong>Nuestro programa se enfoca en ayudar a reducir el riesgo de complicaciones relacionadas con la EPOC, como infecciones respiratorias u hospitalizaciones. Lo apoyaremos de manera proactiva para mejorar y mantener su salud respiratoria en el hogar a trav\u00e9s de monitoreo, educaci\u00f3n y apoyo continuos.<\/li>\n\n\n\n<li><strong>Comprender la EPOC<br><\/strong>Aprender\u00e1 sobre la EPOC, c\u00f3mo afecta los pulmones y la respiraci\u00f3n, y por qu\u00e9 el manejo adecuado es esencial para mejorar su calidad de vida y su salud en general.<\/li>\n\n\n\n<li><strong>Monitoreo de s\u00edntomas y niveles de ox\u00edgeno<br><\/strong>Nuestro personal de enfermer\u00eda le ense\u00f1ar\u00e1 a monitorear eficazmente sus s\u00edntomas y niveles de saturaci\u00f3n de ox\u00edgeno. Tambi\u00e9n aprender\u00e1 a reconocer los cambios en su afecci\u00f3n y a tomar las medidas necesarias para controlarlos antes de que se agraven.<\/li>\n\n\n\n<li><strong>Reconocer signos de ataques<br><\/strong>La detecci\u00f3n temprana de exacerbaciones en la EPOC puede desempe\u00f1ar un papel importante para ayudarlo a controlar su enfermedad cr\u00f3nica. Su equipo lo ayudar\u00e1 a identificar las se\u00f1ales de alerta, como mayor dificultad para respirar, sibilancias o tos persistente, para que pueda actuar r\u00e1pidamente y evitar visitas innecesarias al hospital.<\/li>\n\n\n\n<li><strong>Administraci\u00f3n de medicamentos<br><\/strong>Ya sea que use inhaladores, reciba oxigenoterapia u otros tratamientos, nuestro personal de enfermer\u00eda lo ayudar\u00e1 a comprender sus medicamentos, le comunicar\u00e1 la importancia del cumplimiento y ajustar\u00e1 su plan de atenci\u00f3n en colaboraci\u00f3n con su m\u00e9dico a medida que evoluciona su afecci\u00f3n.<\/li>\n\n\n\n<li><strong>T\u00e9cnicas de respiraci\u00f3n y planificaci\u00f3n de actividades<br><\/strong>Con el asesoramiento de experto y la gu\u00eda de nuestros especialistas en EPOC, aprender\u00e1 t\u00e9cnicas de respiraci\u00f3n, como la respiraci\u00f3n con los labios fruncidos y formas seguras de mantenerse activo para fortalecer los pulmones y mejorar la resistencia. Nuestro personal de enfermer\u00eda especializado y compasivo tambi\u00e9n lo ayudar\u00e1 a planificar actividades que coincidan con sus niveles de energ\u00eda y estilo de vida.<\/li>\n<\/ol>\n\n\n\n<h2 class=\"wp-block-heading\" id=\"h-por-que-elegir-nuestro-programa-de-epoc\">\u00bfPor qu\u00e9 elegir nuestro programa de EPOC?<\/h2>\n\n\n\n<p>Nuestro programa espec\u00edfico para enfermedades combina la experiencia cl\u00ednica con la atenci\u00f3n individualizada para incentivarlo a tomar el control de su EPOC. Ya sea que est\u00e9 controlando sus s\u00edntomas, mejorando la respiraci\u00f3n o desarrollando h\u00e1bitos m\u00e1s saludables, estamos aqu\u00ed en cada paso del camino para ayudarlo a mantenerse lo m\u00e1s saludable posible;\u00a0<strong>todo en la comodidad de su hogar.<\/strong><\/p>\n\n\n<div class=\"intro-text\">\n      <h2>Cuidados en el hogar de MJHS <br\/>Estamos aqu\u00ed para apoyar su bienestar<\/h2>\n  <p>Nuestro equipo de expertos est\u00e1 aqu\u00ed para guiarlo en cada paso del camino. Ofrecemos atenci\u00f3n individualizada en el hogar que prioriza sus objetivos, comodidad, independencia y necesidades \u00fanicas. Ya sea que se est\u00e9 recuperando de una sustituci\u00f3n articular, de una enfermedad, controlando una afecci\u00f3n cr\u00f3nica o regresando a su hogar del hospital o centro de rehabilitaci\u00f3n para pacientes internados, en MJHS estamos listos para brindarle la atenci\u00f3n especializada y el apoyo que necesita en la comodidad de su hogar. Cont\u00e1ctenos hoy mismo para saber c\u00f3mo podemos ayudarle a usted o a su ser querido en el camino hacia una mejor salud y bienestar.<\/p>\n    <div class=\"intro-text__buttons\">\n              <a href=\"\/es\/about\/mjhs-home-care\/\">Descubra c\u00f3mo los cuidados en el hogar de MJHS pueden ayudar<\/a>\n          <\/div>\n  <\/div>\n","protected":false},"excerpt":{"rendered":"<p>Care to help you manage COPD and its associated symptoms.\u00a0Our program offers specialized care for your COPD plus support for you and your family in monitoring your condition, adjusting treatments as needed, keeping you safe and comfortable at home, and reducing the risk of complications and hospital visits.<\/p>\n","protected":false},"author":20,"featured_media":74809,"parent":73926,"menu_order":1,"comment_status":"closed","ping_status":"closed","template":"page-sidebar.php","meta":{"_acf_changed":false,"footnotes":""},"categories":[],"class_list":["post-73935","page","type-page","status-publish","has-post-thumbnail","hentry"],"translation":{"provider":"WPGlobus","version":"3.0.2","language":"es","enabled_languages":["en","es"],"languages":{"en":{"title":true,"content":true,"excerpt":true},"es":{"title":true,"content":true,"excerpt":false}}},"acf":[],"yoast_head":"<title>Enfermedad pulmonar obstructiva cr\u00f3nica | MJHS Health System<\/title>\n<meta name=\"description\" content=\"Reciba atenci\u00f3n experta para la EPOC en su casa con MJHS. Controle los s\u00edntomas, vigile su estado y ajuste los planes de tratamiento para reducir las complicaciones y las visitas al hospital.\" \/>\n<meta name=\"robots\" content=\"index, follow, max-snippet:-1, max-image-preview:large, max-video-preview:-1\" \/>\n<link rel=\"canonical\" href=\"https:\/\/www.mjhs.org\/es\/home-care\/disease-specific\/copd\/\" \/>\n<meta property=\"og:locale\" content=\"es_MX\" \/>\n<meta property=\"og:type\" content=\"article\" \/>\n<meta property=\"og:title\" content=\"Enfermedad pulmonar obstructiva cr\u00f3nica | MJHS Health System\" \/>\n<meta property=\"og:description\" content=\"Reciba atenci\u00f3n experta para la EPOC en su casa con MJHS. Controle los s\u00edntomas, vigile su estado y ajuste los planes de tratamiento para reducir las complicaciones y las visitas al hospital.\" \/>\n<meta property=\"og:url\" content=\"https:\/\/www.mjhs.org\/home-care\/disease-specific\/copd\/\" \/>\n<meta property=\"og:site_name\" content=\"MJHS Health System\" \/>\n<meta property=\"article:publisher\" content=\"https:\/\/www.facebook.com\/MJHS01\/\" \/>\n<meta property=\"article:modified_time\" content=\"2025-09-09T01:27:40+00:00\" \/>\n<meta name=\"twitter:card\" content=\"summary_large_image\" \/>\n<meta name=\"twitter:site\" content=\"@MJHS01\" \/>\n<script type=\"application\/ld+json\" class=\"yoast-schema-graph\">{\"@context\":\"https:\\\/\\\/schema.org\",\"@graph\":[{\"@type\":\"WebPage\",\"@id\":\"https:\\\/\\\/www.mjhs.org\\\/home-care\\\/disease-specific\\\/copd\\\/\",\"url\":\"https:\\\/\\\/www.mjhs.org\\\/home-care\\\/disease-specific\\\/copd\\\/\",\"name\":\"Enfermedad pulmonar obstructiva cr\u00f3nica | MJHS Health System\",\"isPartOf\":{\"@id\":\"https:\\\/\\\/www.mjhs.org\\\/#website\"},\"primaryImageOfPage\":{\"@id\":\"https:\\\/\\\/www.mjhs.org\\\/home-care\\\/disease-specific\\\/copd\\\/#primaryimage\"},\"image\":{\"@id\":\"https:\\\/\\\/www.mjhs.org\\\/home-care\\\/disease-specific\\\/copd\\\/#primaryimage\"},\"thumbnailUrl\":\"https:\\\/\\\/mjhs.imgix.net\\\/2025\\\/01\\\/nurse-assisting-patient-with-oxygen-mask.jpg?fm=pjpg\",\"datePublished\":\"2025-01-07T23:01:53+00:00\",\"dateModified\":\"2025-09-09T01:27:40+00:00\",\"description\":\"Reciba atenci\u00f3n experta para la EPOC en su casa con MJHS. Controle los s\u00edntomas, vigile su estado y ajuste los planes de tratamiento para reducir las complicaciones y las visitas al hospital.\",\"breadcrumb\":{\"@id\":\"https:\\\/\\\/www.mjhs.org\\\/home-care\\\/disease-specific\\\/copd\\\/#breadcrumb\"},\"inLanguage\":\"es\",\"potentialAction\":[{\"@type\":\"ReadAction\",\"target\":[\"https:\\\/\\\/www.mjhs.org\\\/home-care\\\/disease-specific\\\/copd\\\/\"]}]},{\"@type\":\"ImageObject\",\"inLanguage\":\"es\",\"@id\":\"https:\\\/\\\/www.mjhs.org\\\/home-care\\\/disease-specific\\\/copd\\\/#primaryimage\",\"url\":\"https:\\\/\\\/mjhs.imgix.net\\\/2025\\\/01\\\/nurse-assisting-patient-with-oxygen-mask.jpg?fm=pjpg\",\"contentUrl\":\"https:\\\/\\\/mjhs.imgix.net\\\/2025\\\/01\\\/nurse-assisting-patient-with-oxygen-mask.jpg?fm=pjpg\",\"width\":1400,\"height\":934,\"caption\":\"Elderly Senior Man nursing care wear oxygen inhaler device for helping breath respiratory. Oxygen Concentrator portable.\"},{\"@type\":\"BreadcrumbList\",\"@id\":\"https:\\\/\\\/www.mjhs.org\\\/home-care\\\/disease-specific\\\/copd\\\/#breadcrumb\",\"itemListElement\":[{\"@type\":\"ListItem\",\"position\":1,\"name\":\"Home\",\"item\":\"https:\\\/\\\/www.mjhs.org\\\/\"},{\"@type\":\"ListItem\",\"position\":2,\"name\":\"Home Care\",\"item\":\"https:\\\/\\\/www.mjhs.org\\\/home-care\\\/\"},{\"@type\":\"ListItem\",\"position\":3,\"name\":\"Disease-Specific Expertise\",\"item\":\"https:\\\/\\\/www.mjhs.org\\\/home-care\\\/disease-specific\\\/\"},{\"@type\":\"ListItem\",\"position\":4,\"name\":\"Chronic Obstructive Pulmonary Disease\"}]},{\"@type\":\"WebSite\",\"@id\":\"https:\\\/\\\/www.mjhs.org\\\/#website\",\"url\":\"https:\\\/\\\/www.mjhs.org\\\/\",\"name\":\"MJHS Health System\",\"description\":\"Abriendo el Camino Hacia un Cuidado de Excelencia\",\"publisher\":{\"@id\":\"https:\\\/\\\/www.mjhs.org\\\/#organization\"},\"potentialAction\":[{\"@type\":\"SearchAction\",\"target\":{\"@type\":\"EntryPoint\",\"urlTemplate\":\"https:\\\/\\\/www.mjhs.org\\\/?s={search_term_string}\"},\"query-input\":{\"@type\":\"PropertyValueSpecification\",\"valueRequired\":true,\"valueName\":\"search_term_string\"}}],\"inLanguage\":\"es\"},{\"@type\":\"Organization\",\"@id\":\"https:\\\/\\\/www.mjhs.org\\\/#organization\",\"name\":\"MJHS Health System\",\"url\":\"https:\\\/\\\/www.mjhs.org\\\/\",\"logo\":{\"@type\":\"ImageObject\",\"inLanguage\":\"es\",\"@id\":\"https:\\\/\\\/www.mjhs.org\\\/#\\\/schema\\\/logo\\\/image\\\/\",\"url\":\"\\\/wp-content\\\/uploads\\\/2019\\\/07\\\/mjhs_logo_for_SEO.png\",\"contentUrl\":\"\\\/wp-content\\\/uploads\\\/2019\\\/07\\\/mjhs_logo_for_SEO.png\",\"width\":700,\"height\":296,\"caption\":\"MJHS Health System\"},\"image\":{\"@id\":\"https:\\\/\\\/www.mjhs.org\\\/#\\\/schema\\\/logo\\\/image\\\/\"},\"sameAs\":[\"https:\\\/\\\/www.facebook.com\\\/MJHS01\\\/\",\"https:\\\/\\\/x.com\\\/MJHS01\"]}]}<\/script>","yoast_head_json":{"title":"Enfermedad pulmonar obstructiva cr\u00f3nica | MJHS Health System","description":"Reciba atenci\u00f3n experta para la EPOC en su casa con MJHS. Controle los s\u00edntomas, vigile su estado y ajuste los planes de tratamiento para reducir las complicaciones y las visitas al hospital.","robots":{"index":"index","follow":"follow","max-snippet":"max-snippet:-1","max-image-preview":"max-image-preview:large","max-video-preview":"max-video-preview:-1"},"canonical":"https:\/\/www.mjhs.org\/es\/home-care\/disease-specific\/copd\/","og_locale":"es_MX","og_type":"article","og_title":"Enfermedad pulmonar obstructiva cr\u00f3nica | MJHS Health System","og_description":"Reciba atenci\u00f3n experta para la EPOC en su casa con MJHS. Controle los s\u00edntomas, vigile su estado y ajuste los planes de tratamiento para reducir las complicaciones y las visitas al hospital.","og_url":"https:\/\/www.mjhs.org\/home-care\/disease-specific\/copd\/","og_site_name":"MJHS Health System","article_publisher":"https:\/\/www.facebook.com\/MJHS01\/","article_modified_time":"2025-09-09T01:27:40+00:00","twitter_card":"summary_large_image","twitter_site":"@MJHS01","schema":{"@context":"https:\/\/schema.org","@graph":[{"@type":"WebPage","@id":"https:\/\/www.mjhs.org\/home-care\/disease-specific\/copd\/","url":"https:\/\/www.mjhs.org\/home-care\/disease-specific\/copd\/","name":"Enfermedad pulmonar obstructiva cr\u00f3nica | MJHS Health System","isPartOf":{"@id":"https:\/\/www.mjhs.org\/#website"},"primaryImageOfPage":{"@id":"https:\/\/www.mjhs.org\/home-care\/disease-specific\/copd\/#primaryimage"},"image":{"@id":"https:\/\/www.mjhs.org\/home-care\/disease-specific\/copd\/#primaryimage"},"thumbnailUrl":"https:\/\/mjhs.imgix.net\/2025\/01\/nurse-assisting-patient-with-oxygen-mask.jpg?fm=pjpg","datePublished":"2025-01-07T23:01:53+00:00","dateModified":"2025-09-09T01:27:40+00:00","description":"Reciba atenci\u00f3n experta para la EPOC en su casa con MJHS. Controle los s\u00edntomas, vigile su estado y ajuste los planes de tratamiento para reducir las complicaciones y las visitas al hospital.","breadcrumb":{"@id":"https:\/\/www.mjhs.org\/home-care\/disease-specific\/copd\/#breadcrumb"},"inLanguage":"es","potentialAction":[{"@type":"ReadAction","target":["https:\/\/www.mjhs.org\/home-care\/disease-specific\/copd\/"]}]},{"@type":"ImageObject","inLanguage":"es","@id":"https:\/\/www.mjhs.org\/home-care\/disease-specific\/copd\/#primaryimage","url":"https:\/\/mjhs.imgix.net\/2025\/01\/nurse-assisting-patient-with-oxygen-mask.jpg?fm=pjpg","contentUrl":"https:\/\/mjhs.imgix.net\/2025\/01\/nurse-assisting-patient-with-oxygen-mask.jpg?fm=pjpg","width":1400,"height":934,"caption":"Elderly Senior Man nursing care wear oxygen inhaler device for helping breath respiratory. Oxygen Concentrator portable."},{"@type":"BreadcrumbList","@id":"https:\/\/www.mjhs.org\/home-care\/disease-specific\/copd\/#breadcrumb","itemListElement":[{"@type":"ListItem","position":1,"name":"Home","item":"https:\/\/www.mjhs.org\/"},{"@type":"ListItem","position":2,"name":"Home Care","item":"https:\/\/www.mjhs.org\/home-care\/"},{"@type":"ListItem","position":3,"name":"Disease-Specific Expertise","item":"https:\/\/www.mjhs.org\/home-care\/disease-specific\/"},{"@type":"ListItem","position":4,"name":"Chronic Obstructive Pulmonary Disease"}]},{"@type":"WebSite","@id":"https:\/\/www.mjhs.org\/#website","url":"https:\/\/www.mjhs.org\/","name":"MJHS Health System","description":"Abriendo el Camino Hacia un Cuidado de Excelencia","publisher":{"@id":"https:\/\/www.mjhs.org\/#organization"},"potentialAction":[{"@type":"SearchAction","target":{"@type":"EntryPoint","urlTemplate":"https:\/\/www.mjhs.org\/?s={search_term_string}"},"query-input":{"@type":"PropertyValueSpecification","valueRequired":true,"valueName":"search_term_string"}}],"inLanguage":"es"},{"@type":"Organization","@id":"https:\/\/www.mjhs.org\/#organization","name":"MJHS Health System","url":"https:\/\/www.mjhs.org\/","logo":{"@type":"ImageObject","inLanguage":"es","@id":"https:\/\/www.mjhs.org\/#\/schema\/logo\/image\/","url":"\/wp-content\/uploads\/2019\/07\/mjhs_logo_for_SEO.png","contentUrl":"\/wp-content\/uploads\/2019\/07\/mjhs_logo_for_SEO.png","width":700,"height":296,"caption":"MJHS Health System"},"image":{"@id":"https:\/\/www.mjhs.org\/#\/schema\/logo\/image\/"},"sameAs":["https:\/\/www.facebook.com\/MJHS01\/","https:\/\/x.com\/MJHS01"]}]}},"jetpack_sharing_enabled":true,"_links":{"self":[{"href":"https:\/\/www.mjhs.org\/es\/wp-json\/wp\/v2\/pages\/73935","targetHints":{"allow":["GET"]}}],"collection":[{"href":"https:\/\/www.mjhs.org\/es\/wp-json\/wp\/v2\/pages"}],"about":[{"href":"https:\/\/www.mjhs.org\/es\/wp-json\/wp\/v2\/types\/page"}],"author":[{"embeddable":true,"href":"https:\/\/www.mjhs.org\/es\/wp-json\/wp\/v2\/users\/20"}],"replies":[{"embeddable":true,"href":"https:\/\/www.mjhs.org\/es\/wp-json\/wp\/v2\/comments?post=73935"}],"version-history":[{"count":0,"href":"https:\/\/www.mjhs.org\/es\/wp-json\/wp\/v2\/pages\/73935\/revisions"}],"up":[{"embeddable":true,"href":"https:\/\/www.mjhs.org\/es\/wp-json\/wp\/v2\/pages\/73926"}],"wp:featuredmedia":[{"embeddable":true,"href":"https:\/\/www.mjhs.org\/es\/wp-json\/wp\/v2\/media\/74809"}],"wp:attachment":[{"href":"https:\/\/www.mjhs.org\/es\/wp-json\/wp\/v2\/media?parent=73935"}],"wp:term":[{"taxonomy":"category","embeddable":true,"href":"https:\/\/www.mjhs.org\/es\/wp-json\/wp\/v2\/categories?post=73935"}],"curies":[{"name":"wp","href":"https:\/\/api.w.org\/{rel}","templated":true}]}}