{"id":73937,"date":"2025-01-07T18:05:32","date_gmt":"2025-01-07T23:05:32","guid":{"rendered":"https:\/\/mjhs1.wpengine.com\/?page_id=73937"},"modified":"2025-09-08T21:27:12","modified_gmt":"2025-09-09T01:27:12","slug":"diabetes","status":"publish","type":"page","link":"https:\/\/www.mjhs.org\/es\/atenci%C3%B3n-en-el-hogar\/enfermedades-espec%C3%ADficas\/apoyo-para-el-control-de-la-diabetes\/","title":{"rendered":"Apoyo para el control de la diabetes"},"content":{"rendered":"<div class=\"fifty-fifty-columns mt-0 mb-0\">\n  <div class=\"column column--right column--default\">\n    <div class=\"column__image\">\n      <img decoding=\"async\"\n                  class=\"image-aspect-ratio-1-1\"\n                src=\"https:\/\/mjhs.imgix.net\/2025\/03\/nurse-conversing-with-patient-with-diabetes.jpg?fm=pjpg\" alt=\"Smiling nurse in scrubs holding hands with an elderly woman seated on a couch with a small dog, offering companionship and care.\"\n      >\n    <\/div>\n    <div class=\"column__content\">\n      <h2>Control de la diabetes: Qu\u00e9 puede esperar de nuestro programa<\/h2>      <p>Una vez que se inscriba en nuestro programa de cuidados en el hogar, trabajar\u00e1 en estrecha colaboraci\u00f3n con uno de nuestros equipos cl\u00ednicos experimentados, que le brindar\u00e1 gu\u00eda personalizada y experta sobre el manejo de su diabetes.<\/p>\n<p>Juntos, recibir\u00e1n educaci\u00f3n espec\u00edfica sobre la enfermedad y herramientas dise\u00f1adas para adaptarse a sus necesidades individuales y estilo de vida. Su equipo de enfermer\u00eda especializada lo ayudar\u00e1 a comprender su afecci\u00f3n, reconocer y controlar los s\u00edntomas, y le recomendar\u00e1 ajustes necesarios en su rutina diaria. Desde la administraci\u00f3n de medicamentos hasta el asesoramiento diet\u00e9tico y la planificaci\u00f3n de actividades, adquirir\u00e1 las habilidades y la confianza para controlar su diabetes de manera segura y efectiva en casa.<\/p>\n          <\/div>\n  <\/div>\n<\/div>\n\n\n\n\n<p><strong><strong>Podemos brindarle ayuda con lo siguiente:<\/strong><\/strong><\/p>\n\n\n\n<ol class=\"wp-block-list\">\n<li><strong>Comprender la diabetes y su impacto<\/strong><strong><br><\/strong>Aprender\u00e1 sobre la diabetes, c\u00f3mo afecta su cuerpo y por qu\u00e9 el manejo adecuado es esencial para mejorar y mantener su salud y bienestar general.<\/li>\n\n\n\n<li><strong>Control de los niveles de az\u00facar en la sangre<\/strong><strong><br><\/strong>Nuestro equipo le ense\u00f1ar\u00e1 c\u00f3mo controlar e interpretar los valores de glucosa en sangre de manera efectiva. Aprender\u00e1 a detectar tendencias, comprender su importancia y tomar las acciones adecuadas para prevenir complicaciones.<\/li>\n\n\n\n<li><strong>Reconocer los signos de niveles altos y bajos de az\u00facar en la sangre<br><\/strong>La identificaci\u00f3n temprana de la hipoglucemia (bajo nivel de az\u00facar en la sangre) y la hiperglucemia (alto nivel de az\u00facar en la sangre) es clave. Se le ense\u00f1ar\u00e1 a reconocer ambos s\u00edntomas para que pueda tomar acciones correctivas r\u00e1pidas que lo ayudar\u00e1n a evitar riesgos de salud o visitas al hospital innecesarios.<\/li>\n\n\n\n<li><strong>Administraci\u00f3n de medicamentos<br><\/strong>Ya sea que est\u00e9 tomando medicamentos orales, haciendo terapia con insulina o una combinaci\u00f3n de tratamientos, nuestro personal de enfermer\u00eda lo ayudar\u00e1 a comprender c\u00f3mo y cu\u00e1ndo tomar sus medicamentos, as\u00ed como la importancia del cumplimiento. Tambi\u00e9n colaborar\u00e1 con su m\u00e9dico en posibles cambios en su plan de tratamiento.<\/li>\n\n\n\n<li><strong>Estilo de vida y gu\u00eda alimenticia<\/strong><strong><br><\/strong>Con el asesoramiento de expertos, aprender\u00e1 a realizar cambios pr\u00e1cticos y sostenibles en su dieta y estilo de vida. Esto incluye la planificaci\u00f3n de las comidas, el conteo de carbohidratos, mantenerse activo y lograr un peso saludable para ayudar a controlar los niveles de az\u00facar en la sangre de manera m\u00e1s efectiva.<\/li>\n\n\n\n<li><strong>Prevenir complicaciones<\/strong><strong><br><\/strong>Nuestro programa se enfoca en ayudar a reducir el riesgo de complicaciones graves relacionadas con la diabetes, tales como da\u00f1o a los nervios, problemas de la vista y problemas renales. Lo ayudamos a mantenerse proactivo y saludable en su hogar a trav\u00e9s del monitoreo, la educaci\u00f3n y el apoyo continuos.<\/li>\n<\/ol>\n\n\n\n<h2 class=\"wp-block-heading\" id=\"h-por-que-elegir-nuestro-programa-de-diabetes\">\u00bfPor qu\u00e9 elegir nuestro programa de diabetes?<\/h2>\n\n\n\n<p>Nuestro programa espec\u00edfico para enfermedades le permite tomar el control de la diabetes al combinar la experiencia cl\u00ednica con la atenci\u00f3n personalizada. Ya sea que necesite ayuda para controlar su nivel de az\u00facar en la sangre, ajustar los planes de tratamiento o desarrollar una dieta y h\u00e1bitos de ejercicio m\u00e1s saludables, estamos aqu\u00ed en cada paso del camino para ayudarlo a reducir la exposici\u00f3n a los efectos secundarios y pueda sentirse lo mejor posible.<\/p>\n\n\n<div class=\"intro-text\">\n      <h2>Cuidados en el hogar de MJHS<br\/> Estamos aqu\u00ed para apoyar su bienestar<\/h2>\n  <p>Nuestro equipo de expertos est\u00e1 aqu\u00ed para guiarlo en cada paso del camino. Ofrecemos atenci\u00f3n individualizada en el hogar que prioriza sus objetivos, comodidad, independencia y necesidades \u00fanicas. Ya sea que se est\u00e9 recuperando de una sustituci\u00f3n articular, de una enfermedad, controlando una afecci\u00f3n cr\u00f3nica o regresando a su hogar del hospital o centro de rehabilitaci\u00f3n para pacientes internados, en MJHS estamos listos para brindarle la atenci\u00f3n especializada y el apoyo que necesita en la comodidad de su hogar. Cont\u00e1ctenos hoy mismo para saber c\u00f3mo podemos ayudarle a usted o a su ser querido en el camino hacia una mejor salud y bienestar.<\/p>\n    <div class=\"intro-text__buttons\">\n              <a href=\"\/es\/about\/mjhs-home-care\/\">Descubra c\u00f3mo los cuidados en el hogar de MJHS pueden ayudar<\/a>\n          <\/div>\n  <\/div>\n","protected":false},"excerpt":{"rendered":"<p>Compassionate expert care and education to help you manage diabetes and its associated challenges. Our program offers specialized support to help you effectively monitor glucose levels, understand the role of nutrition and exercise in maintaining your health, and identify and address potentially dangerous symptoms of diabetes before they progress.<\/p>\n","protected":false},"author":20,"featured_media":74808,"parent":73926,"menu_order":2,"comment_status":"closed","ping_status":"closed","template":"page-sidebar.php","meta":{"_acf_changed":false,"footnotes":""},"categories":[],"class_list":["post-73937","page","type-page","status-publish","has-post-thumbnail","hentry"],"translation":{"provider":"WPGlobus","version":"3.0.2","language":"es","enabled_languages":["en","es"],"languages":{"en":{"title":true,"content":true,"excerpt":true},"es":{"title":true,"content":true,"excerpt":false}}},"acf":[],"yoast_head":"<title>Apoyo para el control de la diabetes | MJHS Health System<\/title>\n<meta name=\"description\" content=\"MJHS ofrece atenci\u00f3n especializada a domicilio para la diabetes. Reciba gu\u00eda experta sobre el control de la glucemia, la medicaci\u00f3n, la dieta y los cambios en el estilo de vida para mejorar su calidad de vida.\" \/>\n<meta name=\"robots\" content=\"index, follow, max-snippet:-1, max-image-preview:large, max-video-preview:-1\" \/>\n<link rel=\"canonical\" href=\"https:\/\/www.mjhs.org\/es\/home-care\/disease-specific\/diabetes\/\" \/>\n<meta property=\"og:locale\" content=\"es_MX\" \/>\n<meta property=\"og:type\" content=\"article\" \/>\n<meta property=\"og:title\" content=\"Apoyo para el control de la diabetes | MJHS Health System\" \/>\n<meta property=\"og:description\" content=\"MJHS ofrece atenci\u00f3n especializada a domicilio para la diabetes. Reciba gu\u00eda experta sobre el control de la glucemia, la medicaci\u00f3n, la dieta y los cambios en el estilo de vida para mejorar su calidad de vida.\" \/>\n<meta property=\"og:url\" content=\"https:\/\/www.mjhs.org\/home-care\/disease-specific\/diabetes\/\" \/>\n<meta property=\"og:site_name\" content=\"MJHS Health System\" \/>\n<meta property=\"article:publisher\" content=\"https:\/\/www.facebook.com\/MJHS01\/\" \/>\n<meta property=\"article:modified_time\" content=\"2025-09-09T01:27:12+00:00\" \/>\n<meta name=\"twitter:card\" content=\"summary_large_image\" \/>\n<meta name=\"twitter:site\" content=\"@MJHS01\" \/>\n<script type=\"application\/ld+json\" class=\"yoast-schema-graph\">{\"@context\":\"https:\\\/\\\/schema.org\",\"@graph\":[{\"@type\":\"WebPage\",\"@id\":\"https:\\\/\\\/www.mjhs.org\\\/home-care\\\/disease-specific\\\/diabetes\\\/\",\"url\":\"https:\\\/\\\/www.mjhs.org\\\/home-care\\\/disease-specific\\\/diabetes\\\/\",\"name\":\"Apoyo para el control de la diabetes | MJHS Health System\",\"isPartOf\":{\"@id\":\"https:\\\/\\\/www.mjhs.org\\\/#website\"},\"primaryImageOfPage\":{\"@id\":\"https:\\\/\\\/www.mjhs.org\\\/home-care\\\/disease-specific\\\/diabetes\\\/#primaryimage\"},\"image\":{\"@id\":\"https:\\\/\\\/www.mjhs.org\\\/home-care\\\/disease-specific\\\/diabetes\\\/#primaryimage\"},\"thumbnailUrl\":\"https:\\\/\\\/mjhs.imgix.net\\\/2025\\\/01\\\/nurse-performing-glucose-test-on-patient.jpg?fm=pjpg\",\"datePublished\":\"2025-01-07T23:05:32+00:00\",\"dateModified\":\"2025-09-09T01:27:12+00:00\",\"description\":\"MJHS ofrece atenci\u00f3n especializada a domicilio para la diabetes. Reciba gu\u00eda experta sobre el control de la glucemia, la medicaci\u00f3n, la dieta y los cambios en el estilo de vida para mejorar su calidad de vida.\",\"breadcrumb\":{\"@id\":\"https:\\\/\\\/www.mjhs.org\\\/home-care\\\/disease-specific\\\/diabetes\\\/#breadcrumb\"},\"inLanguage\":\"es\",\"potentialAction\":[{\"@type\":\"ReadAction\",\"target\":[\"https:\\\/\\\/www.mjhs.org\\\/home-care\\\/disease-specific\\\/diabetes\\\/\"]}]},{\"@type\":\"ImageObject\",\"inLanguage\":\"es\",\"@id\":\"https:\\\/\\\/www.mjhs.org\\\/home-care\\\/disease-specific\\\/diabetes\\\/#primaryimage\",\"url\":\"https:\\\/\\\/mjhs.imgix.net\\\/2025\\\/01\\\/nurse-performing-glucose-test-on-patient.jpg?fm=pjpg\",\"contentUrl\":\"https:\\\/\\\/mjhs.imgix.net\\\/2025\\\/01\\\/nurse-performing-glucose-test-on-patient.jpg?fm=pjpg\",\"width\":1400,\"height\":934,\"caption\":\"Young nurse doing a glucose blood test on her senior patient, during a home visit\"},{\"@type\":\"BreadcrumbList\",\"@id\":\"https:\\\/\\\/www.mjhs.org\\\/home-care\\\/disease-specific\\\/diabetes\\\/#breadcrumb\",\"itemListElement\":[{\"@type\":\"ListItem\",\"position\":1,\"name\":\"Home\",\"item\":\"https:\\\/\\\/www.mjhs.org\\\/\"},{\"@type\":\"ListItem\",\"position\":2,\"name\":\"Home Care\",\"item\":\"https:\\\/\\\/www.mjhs.org\\\/home-care\\\/\"},{\"@type\":\"ListItem\",\"position\":3,\"name\":\"Disease-Specific Expertise\",\"item\":\"https:\\\/\\\/www.mjhs.org\\\/home-care\\\/disease-specific\\\/\"},{\"@type\":\"ListItem\",\"position\":4,\"name\":\"Diabetes Management Support\"}]},{\"@type\":\"WebSite\",\"@id\":\"https:\\\/\\\/www.mjhs.org\\\/#website\",\"url\":\"https:\\\/\\\/www.mjhs.org\\\/\",\"name\":\"MJHS Health System\",\"description\":\"Abriendo el Camino Hacia un Cuidado de Excelencia\",\"publisher\":{\"@id\":\"https:\\\/\\\/www.mjhs.org\\\/#organization\"},\"potentialAction\":[{\"@type\":\"SearchAction\",\"target\":{\"@type\":\"EntryPoint\",\"urlTemplate\":\"https:\\\/\\\/www.mjhs.org\\\/?s={search_term_string}\"},\"query-input\":{\"@type\":\"PropertyValueSpecification\",\"valueRequired\":true,\"valueName\":\"search_term_string\"}}],\"inLanguage\":\"es\"},{\"@type\":\"Organization\",\"@id\":\"https:\\\/\\\/www.mjhs.org\\\/#organization\",\"name\":\"MJHS Health System\",\"url\":\"https:\\\/\\\/www.mjhs.org\\\/\",\"logo\":{\"@type\":\"ImageObject\",\"inLanguage\":\"es\",\"@id\":\"https:\\\/\\\/www.mjhs.org\\\/#\\\/schema\\\/logo\\\/image\\\/\",\"url\":\"\\\/wp-content\\\/uploads\\\/2019\\\/07\\\/mjhs_logo_for_SEO.png\",\"contentUrl\":\"\\\/wp-content\\\/uploads\\\/2019\\\/07\\\/mjhs_logo_for_SEO.png\",\"width\":700,\"height\":296,\"caption\":\"MJHS Health System\"},\"image\":{\"@id\":\"https:\\\/\\\/www.mjhs.org\\\/#\\\/schema\\\/logo\\\/image\\\/\"},\"sameAs\":[\"https:\\\/\\\/www.facebook.com\\\/MJHS01\\\/\",\"https:\\\/\\\/x.com\\\/MJHS01\"]}]}<\/script>","yoast_head_json":{"title":"Apoyo para el control de la diabetes | MJHS Health System","description":"MJHS ofrece atenci\u00f3n especializada a domicilio para la diabetes. Reciba gu\u00eda experta sobre el control de la glucemia, la medicaci\u00f3n, la dieta y los cambios en el estilo de vida para mejorar su calidad de vida.","robots":{"index":"index","follow":"follow","max-snippet":"max-snippet:-1","max-image-preview":"max-image-preview:large","max-video-preview":"max-video-preview:-1"},"canonical":"https:\/\/www.mjhs.org\/es\/home-care\/disease-specific\/diabetes\/","og_locale":"es_MX","og_type":"article","og_title":"Apoyo para el control de la diabetes | MJHS Health System","og_description":"MJHS ofrece atenci\u00f3n especializada a domicilio para la diabetes. Reciba gu\u00eda experta sobre el control de la glucemia, la medicaci\u00f3n, la dieta y los cambios en el estilo de vida para mejorar su calidad de vida.","og_url":"https:\/\/www.mjhs.org\/home-care\/disease-specific\/diabetes\/","og_site_name":"MJHS Health System","article_publisher":"https:\/\/www.facebook.com\/MJHS01\/","article_modified_time":"2025-09-09T01:27:12+00:00","twitter_card":"summary_large_image","twitter_site":"@MJHS01","schema":{"@context":"https:\/\/schema.org","@graph":[{"@type":"WebPage","@id":"https:\/\/www.mjhs.org\/home-care\/disease-specific\/diabetes\/","url":"https:\/\/www.mjhs.org\/home-care\/disease-specific\/diabetes\/","name":"Apoyo para el control de la diabetes | MJHS Health System","isPartOf":{"@id":"https:\/\/www.mjhs.org\/#website"},"primaryImageOfPage":{"@id":"https:\/\/www.mjhs.org\/home-care\/disease-specific\/diabetes\/#primaryimage"},"image":{"@id":"https:\/\/www.mjhs.org\/home-care\/disease-specific\/diabetes\/#primaryimage"},"thumbnailUrl":"https:\/\/mjhs.imgix.net\/2025\/01\/nurse-performing-glucose-test-on-patient.jpg?fm=pjpg","datePublished":"2025-01-07T23:05:32+00:00","dateModified":"2025-09-09T01:27:12+00:00","description":"MJHS ofrece atenci\u00f3n especializada a domicilio para la diabetes. Reciba gu\u00eda experta sobre el control de la glucemia, la medicaci\u00f3n, la dieta y los cambios en el estilo de vida para mejorar su calidad de vida.","breadcrumb":{"@id":"https:\/\/www.mjhs.org\/home-care\/disease-specific\/diabetes\/#breadcrumb"},"inLanguage":"es","potentialAction":[{"@type":"ReadAction","target":["https:\/\/www.mjhs.org\/home-care\/disease-specific\/diabetes\/"]}]},{"@type":"ImageObject","inLanguage":"es","@id":"https:\/\/www.mjhs.org\/home-care\/disease-specific\/diabetes\/#primaryimage","url":"https:\/\/mjhs.imgix.net\/2025\/01\/nurse-performing-glucose-test-on-patient.jpg?fm=pjpg","contentUrl":"https:\/\/mjhs.imgix.net\/2025\/01\/nurse-performing-glucose-test-on-patient.jpg?fm=pjpg","width":1400,"height":934,"caption":"Young nurse doing a glucose blood test on her senior patient, during a home visit"},{"@type":"BreadcrumbList","@id":"https:\/\/www.mjhs.org\/home-care\/disease-specific\/diabetes\/#breadcrumb","itemListElement":[{"@type":"ListItem","position":1,"name":"Home","item":"https:\/\/www.mjhs.org\/"},{"@type":"ListItem","position":2,"name":"Home Care","item":"https:\/\/www.mjhs.org\/home-care\/"},{"@type":"ListItem","position":3,"name":"Disease-Specific Expertise","item":"https:\/\/www.mjhs.org\/home-care\/disease-specific\/"},{"@type":"ListItem","position":4,"name":"Diabetes Management Support"}]},{"@type":"WebSite","@id":"https:\/\/www.mjhs.org\/#website","url":"https:\/\/www.mjhs.org\/","name":"MJHS Health System","description":"Abriendo el Camino Hacia un Cuidado de Excelencia","publisher":{"@id":"https:\/\/www.mjhs.org\/#organization"},"potentialAction":[{"@type":"SearchAction","target":{"@type":"EntryPoint","urlTemplate":"https:\/\/www.mjhs.org\/?s={search_term_string}"},"query-input":{"@type":"PropertyValueSpecification","valueRequired":true,"valueName":"search_term_string"}}],"inLanguage":"es"},{"@type":"Organization","@id":"https:\/\/www.mjhs.org\/#organization","name":"MJHS Health System","url":"https:\/\/www.mjhs.org\/","logo":{"@type":"ImageObject","inLanguage":"es","@id":"https:\/\/www.mjhs.org\/#\/schema\/logo\/image\/","url":"\/wp-content\/uploads\/2019\/07\/mjhs_logo_for_SEO.png","contentUrl":"\/wp-content\/uploads\/2019\/07\/mjhs_logo_for_SEO.png","width":700,"height":296,"caption":"MJHS Health System"},"image":{"@id":"https:\/\/www.mjhs.org\/#\/schema\/logo\/image\/"},"sameAs":["https:\/\/www.facebook.com\/MJHS01\/","https:\/\/x.com\/MJHS01"]}]}},"jetpack_sharing_enabled":true,"_links":{"self":[{"href":"https:\/\/www.mjhs.org\/es\/wp-json\/wp\/v2\/pages\/73937","targetHints":{"allow":["GET"]}}],"collection":[{"href":"https:\/\/www.mjhs.org\/es\/wp-json\/wp\/v2\/pages"}],"about":[{"href":"https:\/\/www.mjhs.org\/es\/wp-json\/wp\/v2\/types\/page"}],"author":[{"embeddable":true,"href":"https:\/\/www.mjhs.org\/es\/wp-json\/wp\/v2\/users\/20"}],"replies":[{"embeddable":true,"href":"https:\/\/www.mjhs.org\/es\/wp-json\/wp\/v2\/comments?post=73937"}],"version-history":[{"count":0,"href":"https:\/\/www.mjhs.org\/es\/wp-json\/wp\/v2\/pages\/73937\/revisions"}],"up":[{"embeddable":true,"href":"https:\/\/www.mjhs.org\/es\/wp-json\/wp\/v2\/pages\/73926"}],"wp:featuredmedia":[{"embeddable":true,"href":"https:\/\/www.mjhs.org\/es\/wp-json\/wp\/v2\/media\/74808"}],"wp:attachment":[{"href":"https:\/\/www.mjhs.org\/es\/wp-json\/wp\/v2\/media?parent=73937"}],"wp:term":[{"taxonomy":"category","embeddable":true,"href":"https:\/\/www.mjhs.org\/es\/wp-json\/wp\/v2\/categories?post=73937"}],"curies":[{"name":"wp","href":"https:\/\/api.w.org\/{rel}","templated":true}]}}