{"id":74918,"date":"2025-01-29T18:29:49","date_gmt":"2025-01-29T23:29:49","guid":{"rendered":"https:\/\/mjhs1.wpengine.com\/?page_id=74918"},"modified":"2025-09-08T15:08:52","modified_gmt":"2025-09-08T19:08:52","slug":"norc-programs","status":"publish","type":"page","link":"https:\/\/www.mjhs.org\/es\/acerca-de-mjhs\/mjhs-isabella-center\/programas-comunitarios\/norc\/","title":{"rendered":"Programas de servicios de apoyo de NORC"},"content":{"rendered":"\n<h2 class=\"wp-block-heading\" id=\"h-ayudando-a-nuestra-comunidad-a-envejecer-en-casa\">Ayudando a nuestra comunidad a envejecer en casa<\/h2>\n\n\n\n<p>Una comunidad de retiro natural (NORC) es un edificio o grupo de edificios en un vecindario donde residen muchos adultos mayores. Estas comunidades se desarrollan naturalmente a medida que los residentes envejecen en sus hogares en lugar de mudarse a viviendas tradicionales para personas mayores.<\/p>\n\n\n\n<p>MJHS Isabella brinda apoyo a tres NORC en el norte de Manhattan:<\/p>\n\n\n\n<ul class=\"wp-block-list\">\n<li><a href=\"https:\/\/es-us-pkg3aqz4-p.proxy.cqfluency.com\/about\/mjhs-isabella-center\/community-programs\/norc-programs\/#fort-george\">Fort George VISTAS<\/a><\/li>\n\n\n\n<li><a href=\"https:\/\/es-us-pkg3aqz4-p.proxy.cqfluency.com\/about\/mjhs-isabella-center\/community-programs\/norc-programs\/#el-corazon\">El Coraz\u00f3n<\/a><\/li>\n\n\n\n<li><a href=\"https:\/\/es-us-pkg3aqz4-p.proxy.cqfluency.com\/about\/mjhs-isabella-center\/community-programs\/norc-programs\/#river-terrace\">River Terrace<\/a><\/li>\n<\/ul>\n\n\n\n<p>Financiados por contratos de la ciudad y el estado, nuestros programas de NORC ayudan a los adultos de 60 a\u00f1os o m\u00e1s a envejecer satisfactoriamente en su hogar al brindar atenci\u00f3n m\u00e9dica, servicios sociales y actividades recreativas en un entorno comunitario de apoyo. Cada programa de NORC funciona en edificios espec\u00edficos dentro de un \u00e1rea designada y colaboramos con organizaciones internas y externas para crear un s\u00f3lido sistema de apoyo mutuo para los adultos mayores.<\/p>\n\n\n\n<p><strong>No hay ning\u00fan costo para unirse y no hay requisitos de ingresos.<\/strong><\/p>\n\n\n\n<h3 class=\"wp-block-heading\" id=\"h-programas-y-servicios-ofrecidos-en-norc\">Programas y servicios ofrecidos en NORC<\/h3>\n\n\n\n<p><strong>Apoyo de trabajo social:&nbsp;<\/strong>Un&nbsp;<strong>trabajador social<\/strong>&nbsp;dedicado brinda asistencia continua, que incluye lo siguiente:<\/p>\n\n\n\n<ul class=\"wp-block-list\">\n<li>Administraci\u00f3n de casos y ayuda con las solicitudes para la exenci\u00f3n de aumento de alquiler para personas mayores (SCRIE), Medicaid\/Medicare, Programa de asistencia nutricional suplementaria (SNAP) y otros beneficios.<\/li>\n\n\n\n<li>Asesoramiento, remisi\u00f3n e intervenci\u00f3n en crisis<strong>.<\/strong><\/li>\n<\/ul>\n\n\n\n<p><strong>Servicios de salud:<\/strong>&nbsp;Un enfermero certificado de salud p\u00fablica brinda apoyo de salud y bienestar dos veces por semana y ofrece lo siguiente:<\/p>\n\n\n\n<ul class=\"wp-block-list\">\n<li>Asesoramiento m\u00e9dico y de salud.<\/li>\n\n\n\n<li>Educaci\u00f3n para la salud y controles.<\/li>\n\n\n\n<li>Visitas domiciliarias para quienes lo necesitan.<\/li>\n<\/ul>\n\n\n\n<p><strong>Promoci\u00f3n de la salud<\/strong><\/p>\n\n\n\n<ul class=\"wp-block-list\">\n<li>Clases semanales gratuitas de ejercicio y yoga.<\/li>\n\n\n\n<li>Presentaciones de salud en el lugar sobre diversos temas de bienestar.<\/li>\n<\/ul>\n\n\n\n<p><strong>Talleres educativos y sesiones informativas que cubren lo siguiente:<\/strong><\/p>\n\n\n\n<ul class=\"wp-block-list\">\n<li>Seguro social, asesoramiento jur\u00eddico, recursos disponibles y prevenci\u00f3n de estafas.<\/li>\n<\/ul>\n\n\n\n<p><strong>Actividades sociales y recreativas:&nbsp;<\/strong>Una variedad de actividades para fomentar el compromiso y la conexi\u00f3n, que incluyen las siguientes:<\/p>\n\n\n\n<ul class=\"wp-block-list\">\n<li>Viajes, celebraciones, juegos, clases de arte y m\u00e1s.<\/li>\n<\/ul>\n","protected":false},"excerpt":{"rendered":"<p>Ayudando a nuestra comunidad a envejecer en casa Una comunidad de retiro natural (NORC) es un edificio o grupo de edificios en un vecindario donde residen muchos adultos mayores. Estas [&hellip;]<\/p>\n","protected":false},"author":20,"featured_media":77590,"parent":7589,"menu_order":0,"comment_status":"closed","ping_status":"closed","template":"page-sidebar.php","meta":{"_acf_changed":false,"footnotes":""},"categories":[],"class_list":["post-74918","page","type-page","status-publish","has-post-thumbnail","hentry"],"translation":{"provider":"WPGlobus","version":"3.0.2","language":"es","enabled_languages":["en","es"],"languages":{"en":{"title":true,"content":true,"excerpt":false},"es":{"title":true,"content":true,"excerpt":false}}},"acf":[],"yoast_head":"<title>Programas de servicios de apoyo de NORC | MJHS Health System<\/title>\n<meta name=\"description\" content=\"Los programas NORC de MJHS Isabella Center en el norte de Manhattan ofrecen atenci\u00f3n m\u00e9dica gratuita, servicios sociales y actividades atractivas para ayudar a los adultos mayores de 60 a\u00f1os a envejecer de forma segura y c\u00f3moda en su lugar de residencia.\" \/>\n<meta name=\"robots\" content=\"index, follow, max-snippet:-1, max-image-preview:large, max-video-preview:-1\" \/>\n<link rel=\"canonical\" href=\"https:\/\/www.mjhs.org\/es\/about\/mjhs-isabella-center\/community-programs\/norc-programs\/\" \/>\n<meta property=\"og:locale\" content=\"es_MX\" \/>\n<meta property=\"og:type\" content=\"article\" \/>\n<meta property=\"og:title\" content=\"Programas de servicios de apoyo de NORC | MJHS Health System\" \/>\n<meta property=\"og:description\" content=\"Los programas NORC de MJHS Isabella Center en el norte de Manhattan ofrecen atenci\u00f3n m\u00e9dica gratuita, servicios sociales y actividades atractivas para ayudar a los adultos mayores de 60 a\u00f1os a envejecer de forma segura y c\u00f3moda en su lugar de residencia.\" \/>\n<meta property=\"og:url\" content=\"https:\/\/www.mjhs.org\/about\/mjhs-isabella-center\/community-programs\/norc-programs\/\" \/>\n<meta property=\"og:site_name\" content=\"MJHS Health System\" \/>\n<meta property=\"article:publisher\" content=\"https:\/\/www.facebook.com\/MJHS01\/\" \/>\n<meta property=\"article:modified_time\" content=\"2025-09-08T19:08:52+00:00\" \/>\n<meta name=\"twitter:card\" content=\"summary_large_image\" \/>\n<meta name=\"twitter:site\" content=\"@MJHS01\" \/>\n<script type=\"application\/ld+json\" class=\"yoast-schema-graph\">{\"@context\":\"https:\\\/\\\/schema.org\",\"@graph\":[{\"@type\":\"WebPage\",\"@id\":\"https:\\\/\\\/www.mjhs.org\\\/about\\\/mjhs-isabella-center\\\/community-programs\\\/norc-programs\\\/\",\"url\":\"https:\\\/\\\/www.mjhs.org\\\/about\\\/mjhs-isabella-center\\\/community-programs\\\/norc-programs\\\/\",\"name\":\"Programas de servicios de apoyo de NORC | MJHS Health System\",\"isPartOf\":{\"@id\":\"https:\\\/\\\/www.mjhs.org\\\/#website\"},\"primaryImageOfPage\":{\"@id\":\"https:\\\/\\\/www.mjhs.org\\\/about\\\/mjhs-isabella-center\\\/community-programs\\\/norc-programs\\\/#primaryimage\"},\"image\":{\"@id\":\"https:\\\/\\\/www.mjhs.org\\\/about\\\/mjhs-isabella-center\\\/community-programs\\\/norc-programs\\\/#primaryimage\"},\"thumbnailUrl\":\"https:\\\/\\\/mjhs.imgix.net\\\/2025\\\/03\\\/woman-in-wheelchair-at-home.jpg?fm=pjpg\",\"datePublished\":\"2025-01-29T23:29:49+00:00\",\"dateModified\":\"2025-09-08T19:08:52+00:00\",\"description\":\"Los programas NORC de MJHS Isabella Center en el norte de Manhattan ofrecen atenci\u00f3n m\u00e9dica gratuita, servicios sociales y actividades atractivas para ayudar a los adultos mayores de 60 a\u00f1os a envejecer de forma segura y c\u00f3moda en su lugar de residencia.\",\"breadcrumb\":{\"@id\":\"https:\\\/\\\/www.mjhs.org\\\/about\\\/mjhs-isabella-center\\\/community-programs\\\/norc-programs\\\/#breadcrumb\"},\"inLanguage\":\"es\",\"potentialAction\":[{\"@type\":\"ReadAction\",\"target\":[\"https:\\\/\\\/www.mjhs.org\\\/about\\\/mjhs-isabella-center\\\/community-programs\\\/norc-programs\\\/\"]}]},{\"@type\":\"ImageObject\",\"inLanguage\":\"es\",\"@id\":\"https:\\\/\\\/www.mjhs.org\\\/about\\\/mjhs-isabella-center\\\/community-programs\\\/norc-programs\\\/#primaryimage\",\"url\":\"https:\\\/\\\/mjhs.imgix.net\\\/2025\\\/03\\\/woman-in-wheelchair-at-home.jpg?fm=pjpg\",\"contentUrl\":\"https:\\\/\\\/mjhs.imgix.net\\\/2025\\\/03\\\/woman-in-wheelchair-at-home.jpg?fm=pjpg\",\"width\":1400,\"height\":934,\"caption\":\"Wheelchair woman smiling in the room\"},{\"@type\":\"BreadcrumbList\",\"@id\":\"https:\\\/\\\/www.mjhs.org\\\/about\\\/mjhs-isabella-center\\\/community-programs\\\/norc-programs\\\/#breadcrumb\",\"itemListElement\":[{\"@type\":\"ListItem\",\"position\":1,\"name\":\"Home\",\"item\":\"https:\\\/\\\/www.mjhs.org\\\/\"},{\"@type\":\"ListItem\",\"position\":2,\"name\":\"About MJHS\",\"item\":\"https:\\\/\\\/www.mjhs.org\\\/about\\\/\"},{\"@type\":\"ListItem\",\"position\":3,\"name\":\"MJHS Isabella Center for Rehabilitation and Nursing Care\",\"item\":\"https:\\\/\\\/www.mjhs.org\\\/about\\\/mjhs-isabella-center\\\/\"},{\"@type\":\"ListItem\",\"position\":4,\"name\":\"Community Programs\",\"item\":\"https:\\\/\\\/www.mjhs.org\\\/about\\\/mjhs-isabella-center\\\/community-programs\\\/\"},{\"@type\":\"ListItem\",\"position\":5,\"name\":\"NORC Supportive Service Programs\"}]},{\"@type\":\"WebSite\",\"@id\":\"https:\\\/\\\/www.mjhs.org\\\/#website\",\"url\":\"https:\\\/\\\/www.mjhs.org\\\/\",\"name\":\"MJHS Health System\",\"description\":\"Abriendo el Camino Hacia un Cuidado de Excelencia\",\"publisher\":{\"@id\":\"https:\\\/\\\/www.mjhs.org\\\/#organization\"},\"potentialAction\":[{\"@type\":\"SearchAction\",\"target\":{\"@type\":\"EntryPoint\",\"urlTemplate\":\"https:\\\/\\\/www.mjhs.org\\\/?s={search_term_string}\"},\"query-input\":{\"@type\":\"PropertyValueSpecification\",\"valueRequired\":true,\"valueName\":\"search_term_string\"}}],\"inLanguage\":\"es\"},{\"@type\":\"Organization\",\"@id\":\"https:\\\/\\\/www.mjhs.org\\\/#organization\",\"name\":\"MJHS Health System\",\"url\":\"https:\\\/\\\/www.mjhs.org\\\/\",\"logo\":{\"@type\":\"ImageObject\",\"inLanguage\":\"es\",\"@id\":\"https:\\\/\\\/www.mjhs.org\\\/#\\\/schema\\\/logo\\\/image\\\/\",\"url\":\"\\\/wp-content\\\/uploads\\\/2019\\\/07\\\/mjhs_logo_for_SEO.png\",\"contentUrl\":\"\\\/wp-content\\\/uploads\\\/2019\\\/07\\\/mjhs_logo_for_SEO.png\",\"width\":700,\"height\":296,\"caption\":\"MJHS Health System\"},\"image\":{\"@id\":\"https:\\\/\\\/www.mjhs.org\\\/#\\\/schema\\\/logo\\\/image\\\/\"},\"sameAs\":[\"https:\\\/\\\/www.facebook.com\\\/MJHS01\\\/\",\"https:\\\/\\\/x.com\\\/MJHS01\"]}]}<\/script>","yoast_head_json":{"title":"Programas de servicios de apoyo de NORC | MJHS Health System","description":"Los programas NORC de MJHS Isabella Center en el norte de Manhattan ofrecen atenci\u00f3n m\u00e9dica gratuita, servicios sociales y actividades atractivas para ayudar a los adultos mayores de 60 a\u00f1os a envejecer de forma segura y c\u00f3moda en su lugar de residencia.","robots":{"index":"index","follow":"follow","max-snippet":"max-snippet:-1","max-image-preview":"max-image-preview:large","max-video-preview":"max-video-preview:-1"},"canonical":"https:\/\/www.mjhs.org\/es\/about\/mjhs-isabella-center\/community-programs\/norc-programs\/","og_locale":"es_MX","og_type":"article","og_title":"Programas de servicios de apoyo de NORC | MJHS Health System","og_description":"Los programas NORC de MJHS Isabella Center en el norte de Manhattan ofrecen atenci\u00f3n m\u00e9dica gratuita, servicios sociales y actividades atractivas para ayudar a los adultos mayores de 60 a\u00f1os a envejecer de forma segura y c\u00f3moda en su lugar de residencia.","og_url":"https:\/\/www.mjhs.org\/about\/mjhs-isabella-center\/community-programs\/norc-programs\/","og_site_name":"MJHS Health System","article_publisher":"https:\/\/www.facebook.com\/MJHS01\/","article_modified_time":"2025-09-08T19:08:52+00:00","twitter_card":"summary_large_image","twitter_site":"@MJHS01","schema":{"@context":"https:\/\/schema.org","@graph":[{"@type":"WebPage","@id":"https:\/\/www.mjhs.org\/about\/mjhs-isabella-center\/community-programs\/norc-programs\/","url":"https:\/\/www.mjhs.org\/about\/mjhs-isabella-center\/community-programs\/norc-programs\/","name":"Programas de servicios de apoyo de NORC | MJHS Health System","isPartOf":{"@id":"https:\/\/www.mjhs.org\/#website"},"primaryImageOfPage":{"@id":"https:\/\/www.mjhs.org\/about\/mjhs-isabella-center\/community-programs\/norc-programs\/#primaryimage"},"image":{"@id":"https:\/\/www.mjhs.org\/about\/mjhs-isabella-center\/community-programs\/norc-programs\/#primaryimage"},"thumbnailUrl":"https:\/\/mjhs.imgix.net\/2025\/03\/woman-in-wheelchair-at-home.jpg?fm=pjpg","datePublished":"2025-01-29T23:29:49+00:00","dateModified":"2025-09-08T19:08:52+00:00","description":"Los programas NORC de MJHS Isabella Center en el norte de Manhattan ofrecen atenci\u00f3n m\u00e9dica gratuita, servicios sociales y actividades atractivas para ayudar a los adultos mayores de 60 a\u00f1os a envejecer de forma segura y c\u00f3moda en su lugar de residencia.","breadcrumb":{"@id":"https:\/\/www.mjhs.org\/about\/mjhs-isabella-center\/community-programs\/norc-programs\/#breadcrumb"},"inLanguage":"es","potentialAction":[{"@type":"ReadAction","target":["https:\/\/www.mjhs.org\/about\/mjhs-isabella-center\/community-programs\/norc-programs\/"]}]},{"@type":"ImageObject","inLanguage":"es","@id":"https:\/\/www.mjhs.org\/about\/mjhs-isabella-center\/community-programs\/norc-programs\/#primaryimage","url":"https:\/\/mjhs.imgix.net\/2025\/03\/woman-in-wheelchair-at-home.jpg?fm=pjpg","contentUrl":"https:\/\/mjhs.imgix.net\/2025\/03\/woman-in-wheelchair-at-home.jpg?fm=pjpg","width":1400,"height":934,"caption":"Wheelchair woman smiling in the room"},{"@type":"BreadcrumbList","@id":"https:\/\/www.mjhs.org\/about\/mjhs-isabella-center\/community-programs\/norc-programs\/#breadcrumb","itemListElement":[{"@type":"ListItem","position":1,"name":"Home","item":"https:\/\/www.mjhs.org\/"},{"@type":"ListItem","position":2,"name":"About MJHS","item":"https:\/\/www.mjhs.org\/about\/"},{"@type":"ListItem","position":3,"name":"MJHS Isabella Center for Rehabilitation and Nursing Care","item":"https:\/\/www.mjhs.org\/about\/mjhs-isabella-center\/"},{"@type":"ListItem","position":4,"name":"Community Programs","item":"https:\/\/www.mjhs.org\/about\/mjhs-isabella-center\/community-programs\/"},{"@type":"ListItem","position":5,"name":"NORC Supportive Service Programs"}]},{"@type":"WebSite","@id":"https:\/\/www.mjhs.org\/#website","url":"https:\/\/www.mjhs.org\/","name":"MJHS Health System","description":"Abriendo el Camino Hacia un Cuidado de Excelencia","publisher":{"@id":"https:\/\/www.mjhs.org\/#organization"},"potentialAction":[{"@type":"SearchAction","target":{"@type":"EntryPoint","urlTemplate":"https:\/\/www.mjhs.org\/?s={search_term_string}"},"query-input":{"@type":"PropertyValueSpecification","valueRequired":true,"valueName":"search_term_string"}}],"inLanguage":"es"},{"@type":"Organization","@id":"https:\/\/www.mjhs.org\/#organization","name":"MJHS Health System","url":"https:\/\/www.mjhs.org\/","logo":{"@type":"ImageObject","inLanguage":"es","@id":"https:\/\/www.mjhs.org\/#\/schema\/logo\/image\/","url":"\/wp-content\/uploads\/2019\/07\/mjhs_logo_for_SEO.png","contentUrl":"\/wp-content\/uploads\/2019\/07\/mjhs_logo_for_SEO.png","width":700,"height":296,"caption":"MJHS Health System"},"image":{"@id":"https:\/\/www.mjhs.org\/#\/schema\/logo\/image\/"},"sameAs":["https:\/\/www.facebook.com\/MJHS01\/","https:\/\/x.com\/MJHS01"]}]}},"jetpack_sharing_enabled":true,"_links":{"self":[{"href":"https:\/\/www.mjhs.org\/es\/wp-json\/wp\/v2\/pages\/74918","targetHints":{"allow":["GET"]}}],"collection":[{"href":"https:\/\/www.mjhs.org\/es\/wp-json\/wp\/v2\/pages"}],"about":[{"href":"https:\/\/www.mjhs.org\/es\/wp-json\/wp\/v2\/types\/page"}],"author":[{"embeddable":true,"href":"https:\/\/www.mjhs.org\/es\/wp-json\/wp\/v2\/users\/20"}],"replies":[{"embeddable":true,"href":"https:\/\/www.mjhs.org\/es\/wp-json\/wp\/v2\/comments?post=74918"}],"version-history":[{"count":0,"href":"https:\/\/www.mjhs.org\/es\/wp-json\/wp\/v2\/pages\/74918\/revisions"}],"up":[{"embeddable":true,"href":"https:\/\/www.mjhs.org\/es\/wp-json\/wp\/v2\/pages\/7589"}],"wp:featuredmedia":[{"embeddable":true,"href":"https:\/\/www.mjhs.org\/es\/wp-json\/wp\/v2\/media\/77590"}],"wp:attachment":[{"href":"https:\/\/www.mjhs.org\/es\/wp-json\/wp\/v2\/media?parent=74918"}],"wp:term":[{"taxonomy":"category","embeddable":true,"href":"https:\/\/www.mjhs.org\/es\/wp-json\/wp\/v2\/categories?post=74918"}],"curies":[{"name":"wp","href":"https:\/\/api.w.org\/{rel}","templated":true}]}}