{"id":74923,"date":"2025-01-29T18:31:21","date_gmt":"2025-01-29T23:31:21","guid":{"rendered":"https:\/\/mjhs1.wpengine.com\/?page_id=74923"},"modified":"2025-09-08T15:08:16","modified_gmt":"2025-09-08T19:08:16","slug":"educational-programs","status":"publish","type":"page","link":"https:\/\/www.mjhs.org\/es\/acerca-de-mjhs\/mjhs-isabella-center\/programas-comunitarios\/programas-para-j%C3%B3venes-adultos\/","title":{"rendered":"Programas para j\u00f3venes adultos"},"content":{"rendered":"\n<h2 class=\"wp-block-heading\" id=\"h-abra-su-mundo\">Abra su mundo<\/h2>\n\n\n\n<p>Estos programas son ideales para estudiantes de secundaria que cumplen con los requisitos de servicio comunitario. Tambi\u00e9n son una gran oportunidad para introducir a los estudiantes de secundaria en el campo de la atenci\u00f3n m\u00e9dica, como una posible carrera profesional.<\/p>\n\n\n\n<h3 class=\"wp-block-heading\" id=\"h-programa-de-empleo-de-verano-para-jovenes\">Programa de empleo de verano para j\u00f3venes<\/h3>\n\n\n\n<ul class=\"wp-block-list\">\n<li>Este programa ofrece oportunidades de trabajo de verano para j\u00f3venes de 14 a 21 a\u00f1os. Se invita a los estudiantes del norte de Manhattan a presentar su solicitud.<br><strong>Para obtener m\u00e1s informaci\u00f3n,\u00a0<\/strong>visite el Departamento de Desarrollo Comunitario y de la Juventud de la Ciudad de Nueva York (DYCD).<\/li>\n<\/ul>\n\n\n\n<h3 class=\"wp-block-heading\" id=\"h-programas-de-mentoria-de-verano\">Programas de mentor\u00eda de verano<\/h3>\n\n\n\n<ol class=\"wp-block-list\">\n<li><strong>Hijos de empleados no sindicalizados<\/strong>: Durante el verano, los estudiantes de secundaria de 14 a 18\u00a0a\u00f1os reciben experiencia laboral remunerada en MJHS Isabella Center. P\u00f3ngase en contacto con nuestro Departamento de Voluntarios al\u00a0<a href=\"tel:2123429351\">212-342-9351<\/a><\/li>\n\n\n\n<li><strong>Hijos de empleados sindicalizados<\/strong>: Disponible para estudiantes cuyos padres son miembros del sindicato 1199 SEIU. Comun\u00edquese con el Programa de mentor\u00eda juvenil de 1199 SEIU al\u00a0<a href=\"tel:6464736921\">646-473-6921<\/a>.<\/li>\n<\/ol>\n","protected":false},"excerpt":{"rendered":"<p>Abra su mundo Estos programas son ideales para estudiantes de secundaria que cumplen con los requisitos de servicio comunitario. Tambi\u00e9n son una gran oportunidad para introducir a los estudiantes de [&hellip;]<\/p>\n","protected":false},"author":20,"featured_media":77711,"parent":7589,"menu_order":0,"comment_status":"closed","ping_status":"closed","template":"page-sidebar.php","meta":{"_acf_changed":false,"footnotes":""},"categories":[],"class_list":["post-74923","page","type-page","status-publish","has-post-thumbnail","hentry"],"translation":{"provider":"WPGlobus","version":"3.0.2","language":"es","enabled_languages":["en","es"],"languages":{"en":{"title":true,"content":true,"excerpt":false},"es":{"title":true,"content":true,"excerpt":false}}},"acf":[],"yoast_head":"<title>Programas para j\u00f3venes adultos | MJHS Health System<\/title>\n<meta name=\"description\" content=\"Los programas del MJHS Isabella Center inspiran a adolescentes y j\u00f3venes adultos a trav\u00e9s del servicio comunitario, la tutor\u00eda y las carreras profesionales en el \u00e1mbito de la atenci\u00f3n m\u00e9dica. Trabajos de verano disponibles para personas de 14 a 21 a\u00f1os.\" \/>\n<meta name=\"robots\" content=\"index, follow, max-snippet:-1, max-image-preview:large, max-video-preview:-1\" \/>\n<link rel=\"canonical\" href=\"https:\/\/www.mjhs.org\/es\/about\/mjhs-isabella-center\/community-programs\/educational-programs\/\" \/>\n<meta property=\"og:locale\" content=\"es_MX\" \/>\n<meta property=\"og:type\" content=\"article\" \/>\n<meta property=\"og:title\" content=\"Programas para j\u00f3venes adultos | MJHS Health System\" \/>\n<meta property=\"og:description\" content=\"Los programas del MJHS Isabella Center inspiran a adolescentes y j\u00f3venes adultos a trav\u00e9s del servicio comunitario, la tutor\u00eda y las carreras profesionales en el \u00e1mbito de la atenci\u00f3n m\u00e9dica. Trabajos de verano disponibles para personas de 14 a 21 a\u00f1os.\" \/>\n<meta property=\"og:url\" content=\"https:\/\/www.mjhs.org\/about\/mjhs-isabella-center\/community-programs\/educational-programs\/\" \/>\n<meta property=\"og:site_name\" content=\"MJHS Health System\" \/>\n<meta property=\"article:publisher\" content=\"https:\/\/www.facebook.com\/MJHS01\/\" \/>\n<meta property=\"article:modified_time\" content=\"2025-09-08T19:08:16+00:00\" \/>\n<meta name=\"twitter:card\" content=\"summary_large_image\" \/>\n<meta name=\"twitter:site\" content=\"@MJHS01\" \/>\n<script type=\"application\/ld+json\" class=\"yoast-schema-graph\">{\"@context\":\"https:\\\/\\\/schema.org\",\"@graph\":[{\"@type\":\"WebPage\",\"@id\":\"https:\\\/\\\/www.mjhs.org\\\/about\\\/mjhs-isabella-center\\\/community-programs\\\/educational-programs\\\/\",\"url\":\"https:\\\/\\\/www.mjhs.org\\\/about\\\/mjhs-isabella-center\\\/community-programs\\\/educational-programs\\\/\",\"name\":\"Programas para j\u00f3venes adultos | MJHS Health System\",\"isPartOf\":{\"@id\":\"https:\\\/\\\/www.mjhs.org\\\/#website\"},\"primaryImageOfPage\":{\"@id\":\"https:\\\/\\\/www.mjhs.org\\\/about\\\/mjhs-isabella-center\\\/community-programs\\\/educational-programs\\\/#primaryimage\"},\"image\":{\"@id\":\"https:\\\/\\\/www.mjhs.org\\\/about\\\/mjhs-isabella-center\\\/community-programs\\\/educational-programs\\\/#primaryimage\"},\"thumbnailUrl\":\"https:\\\/\\\/mjhs.imgix.net\\\/2025\\\/04\\\/patient-with-physician-physical-therapy-menorah-center.jpg?fm=pjpg\",\"datePublished\":\"2025-01-29T23:31:21+00:00\",\"dateModified\":\"2025-09-08T19:08:16+00:00\",\"description\":\"Los programas del MJHS Isabella Center inspiran a adolescentes y j\u00f3venes adultos a trav\u00e9s del servicio comunitario, la tutor\u00eda y las carreras profesionales en el \u00e1mbito de la atenci\u00f3n m\u00e9dica. Trabajos de verano disponibles para personas de 14 a 21 a\u00f1os.\",\"breadcrumb\":{\"@id\":\"https:\\\/\\\/www.mjhs.org\\\/about\\\/mjhs-isabella-center\\\/community-programs\\\/educational-programs\\\/#breadcrumb\"},\"inLanguage\":\"es\",\"potentialAction\":[{\"@type\":\"ReadAction\",\"target\":[\"https:\\\/\\\/www.mjhs.org\\\/about\\\/mjhs-isabella-center\\\/community-programs\\\/educational-programs\\\/\"]}]},{\"@type\":\"ImageObject\",\"inLanguage\":\"es\",\"@id\":\"https:\\\/\\\/www.mjhs.org\\\/about\\\/mjhs-isabella-center\\\/community-programs\\\/educational-programs\\\/#primaryimage\",\"url\":\"https:\\\/\\\/mjhs.imgix.net\\\/2025\\\/04\\\/patient-with-physician-physical-therapy-menorah-center.jpg?fm=pjpg\",\"contentUrl\":\"https:\\\/\\\/mjhs.imgix.net\\\/2025\\\/04\\\/patient-with-physician-physical-therapy-menorah-center.jpg?fm=pjpg\",\"width\":2800,\"height\":934,\"caption\":\"Smiling patient working with a healthcare provider in an inpatient rehab gym, using a blue therapy ball for physical therapy.\"},{\"@type\":\"BreadcrumbList\",\"@id\":\"https:\\\/\\\/www.mjhs.org\\\/about\\\/mjhs-isabella-center\\\/community-programs\\\/educational-programs\\\/#breadcrumb\",\"itemListElement\":[{\"@type\":\"ListItem\",\"position\":1,\"name\":\"Home\",\"item\":\"https:\\\/\\\/www.mjhs.org\\\/\"},{\"@type\":\"ListItem\",\"position\":2,\"name\":\"About MJHS\",\"item\":\"https:\\\/\\\/www.mjhs.org\\\/about\\\/\"},{\"@type\":\"ListItem\",\"position\":3,\"name\":\"MJHS Isabella Center for Rehabilitation and Nursing Care\",\"item\":\"https:\\\/\\\/www.mjhs.org\\\/about\\\/mjhs-isabella-center\\\/\"},{\"@type\":\"ListItem\",\"position\":4,\"name\":\"Community Programs\",\"item\":\"https:\\\/\\\/www.mjhs.org\\\/about\\\/mjhs-isabella-center\\\/community-programs\\\/\"},{\"@type\":\"ListItem\",\"position\":5,\"name\":\"Programs for Young Adults\"}]},{\"@type\":\"WebSite\",\"@id\":\"https:\\\/\\\/www.mjhs.org\\\/#website\",\"url\":\"https:\\\/\\\/www.mjhs.org\\\/\",\"name\":\"MJHS Health System\",\"description\":\"Abriendo el Camino Hacia un Cuidado de Excelencia\",\"publisher\":{\"@id\":\"https:\\\/\\\/www.mjhs.org\\\/#organization\"},\"potentialAction\":[{\"@type\":\"SearchAction\",\"target\":{\"@type\":\"EntryPoint\",\"urlTemplate\":\"https:\\\/\\\/www.mjhs.org\\\/?s={search_term_string}\"},\"query-input\":{\"@type\":\"PropertyValueSpecification\",\"valueRequired\":true,\"valueName\":\"search_term_string\"}}],\"inLanguage\":\"es\"},{\"@type\":\"Organization\",\"@id\":\"https:\\\/\\\/www.mjhs.org\\\/#organization\",\"name\":\"MJHS Health System\",\"url\":\"https:\\\/\\\/www.mjhs.org\\\/\",\"logo\":{\"@type\":\"ImageObject\",\"inLanguage\":\"es\",\"@id\":\"https:\\\/\\\/www.mjhs.org\\\/#\\\/schema\\\/logo\\\/image\\\/\",\"url\":\"\\\/wp-content\\\/uploads\\\/2019\\\/07\\\/mjhs_logo_for_SEO.png\",\"contentUrl\":\"\\\/wp-content\\\/uploads\\\/2019\\\/07\\\/mjhs_logo_for_SEO.png\",\"width\":700,\"height\":296,\"caption\":\"MJHS Health System\"},\"image\":{\"@id\":\"https:\\\/\\\/www.mjhs.org\\\/#\\\/schema\\\/logo\\\/image\\\/\"},\"sameAs\":[\"https:\\\/\\\/www.facebook.com\\\/MJHS01\\\/\",\"https:\\\/\\\/x.com\\\/MJHS01\"]}]}<\/script>","yoast_head_json":{"title":"Programas para j\u00f3venes adultos | MJHS Health System","description":"Los programas del MJHS Isabella Center inspiran a adolescentes y j\u00f3venes adultos a trav\u00e9s del servicio comunitario, la tutor\u00eda y las carreras profesionales en el \u00e1mbito de la atenci\u00f3n m\u00e9dica. Trabajos de verano disponibles para personas de 14 a 21 a\u00f1os.","robots":{"index":"index","follow":"follow","max-snippet":"max-snippet:-1","max-image-preview":"max-image-preview:large","max-video-preview":"max-video-preview:-1"},"canonical":"https:\/\/www.mjhs.org\/es\/about\/mjhs-isabella-center\/community-programs\/educational-programs\/","og_locale":"es_MX","og_type":"article","og_title":"Programas para j\u00f3venes adultos | MJHS Health System","og_description":"Los programas del MJHS Isabella Center inspiran a adolescentes y j\u00f3venes adultos a trav\u00e9s del servicio comunitario, la tutor\u00eda y las carreras profesionales en el \u00e1mbito de la atenci\u00f3n m\u00e9dica. Trabajos de verano disponibles para personas de 14 a 21 a\u00f1os.","og_url":"https:\/\/www.mjhs.org\/about\/mjhs-isabella-center\/community-programs\/educational-programs\/","og_site_name":"MJHS Health System","article_publisher":"https:\/\/www.facebook.com\/MJHS01\/","article_modified_time":"2025-09-08T19:08:16+00:00","twitter_card":"summary_large_image","twitter_site":"@MJHS01","schema":{"@context":"https:\/\/schema.org","@graph":[{"@type":"WebPage","@id":"https:\/\/www.mjhs.org\/about\/mjhs-isabella-center\/community-programs\/educational-programs\/","url":"https:\/\/www.mjhs.org\/about\/mjhs-isabella-center\/community-programs\/educational-programs\/","name":"Programas para j\u00f3venes adultos | MJHS Health System","isPartOf":{"@id":"https:\/\/www.mjhs.org\/#website"},"primaryImageOfPage":{"@id":"https:\/\/www.mjhs.org\/about\/mjhs-isabella-center\/community-programs\/educational-programs\/#primaryimage"},"image":{"@id":"https:\/\/www.mjhs.org\/about\/mjhs-isabella-center\/community-programs\/educational-programs\/#primaryimage"},"thumbnailUrl":"https:\/\/mjhs.imgix.net\/2025\/04\/patient-with-physician-physical-therapy-menorah-center.jpg?fm=pjpg","datePublished":"2025-01-29T23:31:21+00:00","dateModified":"2025-09-08T19:08:16+00:00","description":"Los programas del MJHS Isabella Center inspiran a adolescentes y j\u00f3venes adultos a trav\u00e9s del servicio comunitario, la tutor\u00eda y las carreras profesionales en el \u00e1mbito de la atenci\u00f3n m\u00e9dica. Trabajos de verano disponibles para personas de 14 a 21 a\u00f1os.","breadcrumb":{"@id":"https:\/\/www.mjhs.org\/about\/mjhs-isabella-center\/community-programs\/educational-programs\/#breadcrumb"},"inLanguage":"es","potentialAction":[{"@type":"ReadAction","target":["https:\/\/www.mjhs.org\/about\/mjhs-isabella-center\/community-programs\/educational-programs\/"]}]},{"@type":"ImageObject","inLanguage":"es","@id":"https:\/\/www.mjhs.org\/about\/mjhs-isabella-center\/community-programs\/educational-programs\/#primaryimage","url":"https:\/\/mjhs.imgix.net\/2025\/04\/patient-with-physician-physical-therapy-menorah-center.jpg?fm=pjpg","contentUrl":"https:\/\/mjhs.imgix.net\/2025\/04\/patient-with-physician-physical-therapy-menorah-center.jpg?fm=pjpg","width":2800,"height":934,"caption":"Smiling patient working with a healthcare provider in an inpatient rehab gym, using a blue therapy ball for physical therapy."},{"@type":"BreadcrumbList","@id":"https:\/\/www.mjhs.org\/about\/mjhs-isabella-center\/community-programs\/educational-programs\/#breadcrumb","itemListElement":[{"@type":"ListItem","position":1,"name":"Home","item":"https:\/\/www.mjhs.org\/"},{"@type":"ListItem","position":2,"name":"About MJHS","item":"https:\/\/www.mjhs.org\/about\/"},{"@type":"ListItem","position":3,"name":"MJHS Isabella Center for Rehabilitation and Nursing Care","item":"https:\/\/www.mjhs.org\/about\/mjhs-isabella-center\/"},{"@type":"ListItem","position":4,"name":"Community Programs","item":"https:\/\/www.mjhs.org\/about\/mjhs-isabella-center\/community-programs\/"},{"@type":"ListItem","position":5,"name":"Programs for Young Adults"}]},{"@type":"WebSite","@id":"https:\/\/www.mjhs.org\/#website","url":"https:\/\/www.mjhs.org\/","name":"MJHS Health System","description":"Abriendo el Camino Hacia un Cuidado de Excelencia","publisher":{"@id":"https:\/\/www.mjhs.org\/#organization"},"potentialAction":[{"@type":"SearchAction","target":{"@type":"EntryPoint","urlTemplate":"https:\/\/www.mjhs.org\/?s={search_term_string}"},"query-input":{"@type":"PropertyValueSpecification","valueRequired":true,"valueName":"search_term_string"}}],"inLanguage":"es"},{"@type":"Organization","@id":"https:\/\/www.mjhs.org\/#organization","name":"MJHS Health System","url":"https:\/\/www.mjhs.org\/","logo":{"@type":"ImageObject","inLanguage":"es","@id":"https:\/\/www.mjhs.org\/#\/schema\/logo\/image\/","url":"\/wp-content\/uploads\/2019\/07\/mjhs_logo_for_SEO.png","contentUrl":"\/wp-content\/uploads\/2019\/07\/mjhs_logo_for_SEO.png","width":700,"height":296,"caption":"MJHS Health System"},"image":{"@id":"https:\/\/www.mjhs.org\/#\/schema\/logo\/image\/"},"sameAs":["https:\/\/www.facebook.com\/MJHS01\/","https:\/\/x.com\/MJHS01"]}]}},"jetpack_sharing_enabled":true,"_links":{"self":[{"href":"https:\/\/www.mjhs.org\/es\/wp-json\/wp\/v2\/pages\/74923","targetHints":{"allow":["GET"]}}],"collection":[{"href":"https:\/\/www.mjhs.org\/es\/wp-json\/wp\/v2\/pages"}],"about":[{"href":"https:\/\/www.mjhs.org\/es\/wp-json\/wp\/v2\/types\/page"}],"author":[{"embeddable":true,"href":"https:\/\/www.mjhs.org\/es\/wp-json\/wp\/v2\/users\/20"}],"replies":[{"embeddable":true,"href":"https:\/\/www.mjhs.org\/es\/wp-json\/wp\/v2\/comments?post=74923"}],"version-history":[{"count":0,"href":"https:\/\/www.mjhs.org\/es\/wp-json\/wp\/v2\/pages\/74923\/revisions"}],"up":[{"embeddable":true,"href":"https:\/\/www.mjhs.org\/es\/wp-json\/wp\/v2\/pages\/7589"}],"wp:featuredmedia":[{"embeddable":true,"href":"https:\/\/www.mjhs.org\/es\/wp-json\/wp\/v2\/media\/77711"}],"wp:attachment":[{"href":"https:\/\/www.mjhs.org\/es\/wp-json\/wp\/v2\/media?parent=74923"}],"wp:term":[{"taxonomy":"category","embeddable":true,"href":"https:\/\/www.mjhs.org\/es\/wp-json\/wp\/v2\/categories?post=74923"}],"curies":[{"name":"wp","href":"https:\/\/api.w.org\/{rel}","templated":true}]}}