{"id":74929,"date":"2025-01-29T18:33:31","date_gmt":"2025-01-29T23:33:31","guid":{"rendered":"https:\/\/mjhs1.wpengine.com\/?page_id=74929"},"modified":"2025-09-08T15:07:37","modified_gmt":"2025-09-08T19:07:37","slug":"case-management-for-seniors-umpsi","status":"publish","type":"page","link":"https:\/\/www.mjhs.org\/es\/acerca-de-mjhs\/mjhs-isabella-center\/programas-comunitarios\/umpsi\/","title":{"rendered":"Asociaci\u00f3n para la Independencia de los Adultos Mayores de Upper Manhattan (UMPSI)"},"content":{"rendered":"\n<h2 class=\"wp-block-heading\" id=\"h-apoyo-a-la-independencia-de-las-personas-mayores-en-upper-manhattan\">Apoyo a la independencia de las personas mayores en Upper Manhattan<\/h2>\n\n\n\n<p>Ya sea para usted o para alguien que conoce, nuestro apoyo garantiza el acceso a los recursos necesarios para vivir de manera segura y c\u00f3moda en su hogar.&nbsp;<strong>La Asociaci\u00f3n para la Independencia de los Adultos Mayores de Upper Manhattan<\/strong>&nbsp;se cre\u00f3 como una&nbsp;<strong>colaboraci\u00f3n comunitaria<\/strong>&nbsp;entre los principales proveedores de servicios dedicados a cuidar a la poblaci\u00f3n de edad avanzada en nuestra comunidad.<\/p>\n\n\n\n<h3 class=\"wp-block-heading\" id=\"h-como-podemos-ayudar\">\u00bfC\u00f3mo podemos ayudar?<\/h3>\n\n\n\n<p>Nuestro objetivo principal es brindar el apoyo necesario para ayudarlo a usted, a un ser querido o a un amigo a disfrutar de una vida m\u00e1s saludable y satisfactoria en la comodidad de su hogar de las siguientes maneras:<\/p>\n\n\n\n<ul class=\"wp-block-list\">\n<li>Ofrecemos administraci\u00f3n de casos<\/li>\n\n\n\n<li>Coordinamos la entrega de comidas a trav\u00e9s de Meals on Wheels<\/li>\n\n\n\n<li>Proporcionamos una evaluaci\u00f3n en el hogar para ver si califica para el Programa Ampliado de Servicios en el Hogar para las Personas de Edad Avanzada (EISEP Home Care)<\/li>\n\n\n\n<li>Usamos HomeMeds, un programa de seguridad de medicamentos<\/li>\n\n\n\n<li>Lo conectamos con programas de atenci\u00f3n social diurna en su \u00e1rea\u00a0<\/li>\n\n\n\n<li>Hacemos remisiones a recursos de la comunidad y proporcionamos informaci\u00f3n<\/li>\n<\/ul>\n\n\n\n<h3 class=\"wp-block-heading\" id=\"h-pongase-en-contacto-con-nosotros-hoy-mismo-nbsp\">\u00a1P\u00f3ngase en contacto con nosotros hoy mismo!&nbsp;<\/h3>\n\n\n\n<p>Si le interesa obtener m\u00e1s informaci\u00f3n,&nbsp;cont\u00e1ctese con nosotros en:<\/p>\n\n\n\n<p><strong>Upper Manhattan Partnership for Senior Independence<\/strong><br>515 Audubon Avenue<br>New York, New York 10040<br>Tel\u00e9fono:\u00a0<a href=\"tel:2123429735\">212-342-9735<\/a><br>De lunes a viernes, de 9:00\u00a0a.m. a 5:00\u00a0p.m.<\/p>\n\n\n\n<hr class=\"wp-block-separator has-alpha-channel-opacity\"\/>\n\n\n\n<div class=\"wp-block-columns is-layout-flex wp-container-core-columns-is-layout-9d6595d7 wp-block-columns-is-layout-flex\">\n<div class=\"wp-block-column is-layout-flow wp-block-column-is-layout-flow\">\n<p><\/p>\n\n\n\n<p class=\"has-text-align-right\"><strong><em><strong><em>Financiado en parte por<\/em><\/strong><\/em><\/strong><\/p>\n<\/div>\n\n\n\n<div class=\"wp-block-column is-layout-flow wp-block-column-is-layout-flow\">\n<figure class=\"wp-block-image size-large\"><a href=\"https:\/\/www.nyc.gov\/site\/dfta\/index.page\"><img loading=\"lazy\" decoding=\"async\" width=\"413\" height=\"122\" src=\"https:\/\/mjhs.imgix.net\/2025\/04\/NYC-Department-of-Aging.png?fm=png\" alt=\"NYC Department of Aging\" class=\"wp-image-77733\" srcset=\"https:\/\/mjhs.imgix.net\/2025\/04\/NYC-Department-of-Aging.png?fit=scale&amp;fm=png&amp;h=89&amp;w=300 300w, https:\/\/mjhs.imgix.net\/2025\/04\/NYC-Department-of-Aging.png?fit=scale&amp;fm=png&amp;h=302&amp;w=1024 1024w, https:\/\/mjhs.imgix.net\/2025\/04\/NYC-Department-of-Aging.png?fit=scale&amp;fm=png&amp;h=454&amp;w=1536 1536w, https:\/\/mjhs.imgix.net\/2025\/04\/NYC-Department-of-Aging.png?fit=scale&amp;fm=png&amp;h=605&amp;w=2048 2048w, https:\/\/mjhs.imgix.net\/2025\/04\/NYC-Department-of-Aging.png?fm=png 413w\" sizes=\"auto, (max-width: 413px) 100vw, 413px\" \/><\/a><\/figure>\n<\/div>\n\n\n\n<div class=\"wp-block-column is-layout-flow wp-block-column-is-layout-flow\"><\/div>\n<\/div>\n\n\n\n<p><\/p>\n","protected":false},"excerpt":{"rendered":"<p>Apoyo a la independencia de las personas mayores en Upper Manhattan Ya sea para usted o para alguien que conoce, nuestro apoyo garantiza el acceso a los recursos necesarios para [&hellip;]<\/p>\n","protected":false},"author":20,"featured_media":77589,"parent":7589,"menu_order":0,"comment_status":"closed","ping_status":"closed","template":"page-sidebar.php","meta":{"_acf_changed":false,"footnotes":""},"categories":[],"class_list":["post-74929","page","type-page","status-publish","has-post-thumbnail","hentry"],"translation":{"provider":"WPGlobus","version":"3.0.2","language":"es","enabled_languages":["en","es"],"languages":{"en":{"title":true,"content":true,"excerpt":false},"es":{"title":true,"content":true,"excerpt":false}}},"acf":[],"yoast_head":"<title>Asociaci\u00f3n para la Independencia de los Adultos Mayores de Upper Manhattan (UMPSI) | MJHS Health System<\/title>\n<meta name=\"description\" content=\"Obtenga el apoyo que necesita para vivir de forma segura y c\u00f3moda en casa con la Asociaci\u00f3n para la Independencia de los Adultos Mayores de Upper Manhattan (UMPSI), una iniciativa de base que apoya a las personas mayores.\" \/>\n<meta name=\"robots\" content=\"index, follow, max-snippet:-1, max-image-preview:large, max-video-preview:-1\" \/>\n<link rel=\"canonical\" href=\"https:\/\/www.mjhs.org\/es\/about\/mjhs-isabella-center\/community-programs\/case-management-for-seniors-umpsi\/\" \/>\n<meta property=\"og:locale\" content=\"es_MX\" \/>\n<meta property=\"og:type\" content=\"article\" \/>\n<meta property=\"og:title\" content=\"Asociaci\u00f3n para la Independencia de los Adultos Mayores de Upper Manhattan (UMPSI) | MJHS Health System\" \/>\n<meta property=\"og:description\" content=\"Obtenga el apoyo que necesita para vivir de forma segura y c\u00f3moda en casa con la Asociaci\u00f3n para la Independencia de los Adultos Mayores de Upper Manhattan (UMPSI), una iniciativa de base que apoya a las personas mayores.\" \/>\n<meta property=\"og:url\" content=\"https:\/\/www.mjhs.org\/about\/mjhs-isabella-center\/community-programs\/case-management-for-seniors-umpsi\/\" \/>\n<meta property=\"og:site_name\" content=\"MJHS Health System\" \/>\n<meta property=\"article:publisher\" content=\"https:\/\/www.facebook.com\/MJHS01\/\" \/>\n<meta property=\"article:modified_time\" content=\"2025-09-08T19:07:37+00:00\" \/>\n<meta property=\"og:image\" content=\"https:\/\/mjhs.imgix.net\/2025\/04\/NYC-Department-of-Aging.png?fit=scale&amp;fm=png&amp;h=302&amp;w=1024\" \/>\n<meta name=\"twitter:card\" content=\"summary_large_image\" \/>\n<meta name=\"twitter:site\" content=\"@MJHS01\" \/>\n<script type=\"application\/ld+json\" class=\"yoast-schema-graph\">{\"@context\":\"https:\\\/\\\/schema.org\",\"@graph\":[{\"@type\":\"WebPage\",\"@id\":\"https:\\\/\\\/www.mjhs.org\\\/about\\\/mjhs-isabella-center\\\/community-programs\\\/case-management-for-seniors-umpsi\\\/\",\"url\":\"https:\\\/\\\/www.mjhs.org\\\/about\\\/mjhs-isabella-center\\\/community-programs\\\/case-management-for-seniors-umpsi\\\/\",\"name\":\"Asociaci\u00f3n para la Independencia de los Adultos Mayores de Upper Manhattan (UMPSI) | MJHS Health System\",\"isPartOf\":{\"@id\":\"https:\\\/\\\/www.mjhs.org\\\/#website\"},\"primaryImageOfPage\":{\"@id\":\"https:\\\/\\\/www.mjhs.org\\\/about\\\/mjhs-isabella-center\\\/community-programs\\\/case-management-for-seniors-umpsi\\\/#primaryimage\"},\"image\":{\"@id\":\"https:\\\/\\\/www.mjhs.org\\\/about\\\/mjhs-isabella-center\\\/community-programs\\\/case-management-for-seniors-umpsi\\\/#primaryimage\"},\"thumbnailUrl\":\"https:\\\/\\\/mjhs.imgix.net\\\/2025\\\/03\\\/woman-learning-about-benefits.jpg?fm=pjpg\",\"datePublished\":\"2025-01-29T23:33:31+00:00\",\"dateModified\":\"2025-09-08T19:07:37+00:00\",\"description\":\"Obtenga el apoyo que necesita para vivir de forma segura y c\u00f3moda en casa con la Asociaci\u00f3n para la Independencia de los Adultos Mayores de Upper Manhattan (UMPSI), una iniciativa de base que apoya a las personas mayores.\",\"breadcrumb\":{\"@id\":\"https:\\\/\\\/www.mjhs.org\\\/about\\\/mjhs-isabella-center\\\/community-programs\\\/case-management-for-seniors-umpsi\\\/#breadcrumb\"},\"inLanguage\":\"es\",\"potentialAction\":[{\"@type\":\"ReadAction\",\"target\":[\"https:\\\/\\\/www.mjhs.org\\\/about\\\/mjhs-isabella-center\\\/community-programs\\\/case-management-for-seniors-umpsi\\\/\"]}]},{\"@type\":\"ImageObject\",\"inLanguage\":\"es\",\"@id\":\"https:\\\/\\\/www.mjhs.org\\\/about\\\/mjhs-isabella-center\\\/community-programs\\\/case-management-for-seniors-umpsi\\\/#primaryimage\",\"url\":\"https:\\\/\\\/mjhs.imgix.net\\\/2025\\\/03\\\/woman-learning-about-benefits.jpg?fm=pjpg\",\"contentUrl\":\"https:\\\/\\\/mjhs.imgix.net\\\/2025\\\/03\\\/woman-learning-about-benefits.jpg?fm=pjpg\",\"width\":1400,\"height\":934,\"caption\":\"Managing your insurance policies has never been easier\"},{\"@type\":\"BreadcrumbList\",\"@id\":\"https:\\\/\\\/www.mjhs.org\\\/about\\\/mjhs-isabella-center\\\/community-programs\\\/case-management-for-seniors-umpsi\\\/#breadcrumb\",\"itemListElement\":[{\"@type\":\"ListItem\",\"position\":1,\"name\":\"Home\",\"item\":\"https:\\\/\\\/www.mjhs.org\\\/\"},{\"@type\":\"ListItem\",\"position\":2,\"name\":\"About MJHS\",\"item\":\"https:\\\/\\\/www.mjhs.org\\\/about\\\/\"},{\"@type\":\"ListItem\",\"position\":3,\"name\":\"MJHS Isabella Center for Rehabilitation and Nursing Care\",\"item\":\"https:\\\/\\\/www.mjhs.org\\\/about\\\/mjhs-isabella-center\\\/\"},{\"@type\":\"ListItem\",\"position\":4,\"name\":\"Community Programs\",\"item\":\"https:\\\/\\\/www.mjhs.org\\\/about\\\/mjhs-isabella-center\\\/community-programs\\\/\"},{\"@type\":\"ListItem\",\"position\":5,\"name\":\"The Upper Manhattan Partnership for Senior Independence (UMPSI)\"}]},{\"@type\":\"WebSite\",\"@id\":\"https:\\\/\\\/www.mjhs.org\\\/#website\",\"url\":\"https:\\\/\\\/www.mjhs.org\\\/\",\"name\":\"MJHS Health System\",\"description\":\"Abriendo el Camino Hacia un Cuidado de Excelencia\",\"publisher\":{\"@id\":\"https:\\\/\\\/www.mjhs.org\\\/#organization\"},\"potentialAction\":[{\"@type\":\"SearchAction\",\"target\":{\"@type\":\"EntryPoint\",\"urlTemplate\":\"https:\\\/\\\/www.mjhs.org\\\/?s={search_term_string}\"},\"query-input\":{\"@type\":\"PropertyValueSpecification\",\"valueRequired\":true,\"valueName\":\"search_term_string\"}}],\"inLanguage\":\"es\"},{\"@type\":\"Organization\",\"@id\":\"https:\\\/\\\/www.mjhs.org\\\/#organization\",\"name\":\"MJHS Health System\",\"url\":\"https:\\\/\\\/www.mjhs.org\\\/\",\"logo\":{\"@type\":\"ImageObject\",\"inLanguage\":\"es\",\"@id\":\"https:\\\/\\\/www.mjhs.org\\\/#\\\/schema\\\/logo\\\/image\\\/\",\"url\":\"\\\/wp-content\\\/uploads\\\/2019\\\/07\\\/mjhs_logo_for_SEO.png\",\"contentUrl\":\"\\\/wp-content\\\/uploads\\\/2019\\\/07\\\/mjhs_logo_for_SEO.png\",\"width\":700,\"height\":296,\"caption\":\"MJHS Health System\"},\"image\":{\"@id\":\"https:\\\/\\\/www.mjhs.org\\\/#\\\/schema\\\/logo\\\/image\\\/\"},\"sameAs\":[\"https:\\\/\\\/www.facebook.com\\\/MJHS01\\\/\",\"https:\\\/\\\/x.com\\\/MJHS01\"]}]}<\/script>","yoast_head_json":{"title":"Asociaci\u00f3n para la Independencia de los Adultos Mayores de Upper Manhattan (UMPSI) | MJHS Health System","description":"Obtenga el apoyo que necesita para vivir de forma segura y c\u00f3moda en casa con la Asociaci\u00f3n para la Independencia de los Adultos Mayores de Upper Manhattan (UMPSI), una iniciativa de base que apoya a las personas mayores.","robots":{"index":"index","follow":"follow","max-snippet":"max-snippet:-1","max-image-preview":"max-image-preview:large","max-video-preview":"max-video-preview:-1"},"canonical":"https:\/\/www.mjhs.org\/es\/about\/mjhs-isabella-center\/community-programs\/case-management-for-seniors-umpsi\/","og_locale":"es_MX","og_type":"article","og_title":"Asociaci\u00f3n para la Independencia de los Adultos Mayores de Upper Manhattan (UMPSI) | MJHS Health System","og_description":"Obtenga el apoyo que necesita para vivir de forma segura y c\u00f3moda en casa con la Asociaci\u00f3n para la Independencia de los Adultos Mayores de Upper Manhattan (UMPSI), una iniciativa de base que apoya a las personas mayores.","og_url":"https:\/\/www.mjhs.org\/about\/mjhs-isabella-center\/community-programs\/case-management-for-seniors-umpsi\/","og_site_name":"MJHS Health System","article_publisher":"https:\/\/www.facebook.com\/MJHS01\/","article_modified_time":"2025-09-08T19:07:37+00:00","og_image":[{"url":"https:\/\/mjhs.imgix.net\/2025\/04\/NYC-Department-of-Aging.png?fit=scale&amp;fm=png&amp;h=302&amp;w=1024","type":"","width":"","height":""}],"twitter_card":"summary_large_image","twitter_site":"@MJHS01","schema":{"@context":"https:\/\/schema.org","@graph":[{"@type":"WebPage","@id":"https:\/\/www.mjhs.org\/about\/mjhs-isabella-center\/community-programs\/case-management-for-seniors-umpsi\/","url":"https:\/\/www.mjhs.org\/about\/mjhs-isabella-center\/community-programs\/case-management-for-seniors-umpsi\/","name":"Asociaci\u00f3n para la Independencia de los Adultos Mayores de Upper Manhattan (UMPSI) | MJHS Health System","isPartOf":{"@id":"https:\/\/www.mjhs.org\/#website"},"primaryImageOfPage":{"@id":"https:\/\/www.mjhs.org\/about\/mjhs-isabella-center\/community-programs\/case-management-for-seniors-umpsi\/#primaryimage"},"image":{"@id":"https:\/\/www.mjhs.org\/about\/mjhs-isabella-center\/community-programs\/case-management-for-seniors-umpsi\/#primaryimage"},"thumbnailUrl":"https:\/\/mjhs.imgix.net\/2025\/03\/woman-learning-about-benefits.jpg?fm=pjpg","datePublished":"2025-01-29T23:33:31+00:00","dateModified":"2025-09-08T19:07:37+00:00","description":"Obtenga el apoyo que necesita para vivir de forma segura y c\u00f3moda en casa con la Asociaci\u00f3n para la Independencia de los Adultos Mayores de Upper Manhattan (UMPSI), una iniciativa de base que apoya a las personas mayores.","breadcrumb":{"@id":"https:\/\/www.mjhs.org\/about\/mjhs-isabella-center\/community-programs\/case-management-for-seniors-umpsi\/#breadcrumb"},"inLanguage":"es","potentialAction":[{"@type":"ReadAction","target":["https:\/\/www.mjhs.org\/about\/mjhs-isabella-center\/community-programs\/case-management-for-seniors-umpsi\/"]}]},{"@type":"ImageObject","inLanguage":"es","@id":"https:\/\/www.mjhs.org\/about\/mjhs-isabella-center\/community-programs\/case-management-for-seniors-umpsi\/#primaryimage","url":"https:\/\/mjhs.imgix.net\/2025\/03\/woman-learning-about-benefits.jpg?fm=pjpg","contentUrl":"https:\/\/mjhs.imgix.net\/2025\/03\/woman-learning-about-benefits.jpg?fm=pjpg","width":1400,"height":934,"caption":"Managing your insurance policies has never been easier"},{"@type":"BreadcrumbList","@id":"https:\/\/www.mjhs.org\/about\/mjhs-isabella-center\/community-programs\/case-management-for-seniors-umpsi\/#breadcrumb","itemListElement":[{"@type":"ListItem","position":1,"name":"Home","item":"https:\/\/www.mjhs.org\/"},{"@type":"ListItem","position":2,"name":"About MJHS","item":"https:\/\/www.mjhs.org\/about\/"},{"@type":"ListItem","position":3,"name":"MJHS Isabella Center for Rehabilitation and Nursing Care","item":"https:\/\/www.mjhs.org\/about\/mjhs-isabella-center\/"},{"@type":"ListItem","position":4,"name":"Community Programs","item":"https:\/\/www.mjhs.org\/about\/mjhs-isabella-center\/community-programs\/"},{"@type":"ListItem","position":5,"name":"The Upper Manhattan Partnership for Senior Independence (UMPSI)"}]},{"@type":"WebSite","@id":"https:\/\/www.mjhs.org\/#website","url":"https:\/\/www.mjhs.org\/","name":"MJHS Health System","description":"Abriendo el Camino Hacia un Cuidado de Excelencia","publisher":{"@id":"https:\/\/www.mjhs.org\/#organization"},"potentialAction":[{"@type":"SearchAction","target":{"@type":"EntryPoint","urlTemplate":"https:\/\/www.mjhs.org\/?s={search_term_string}"},"query-input":{"@type":"PropertyValueSpecification","valueRequired":true,"valueName":"search_term_string"}}],"inLanguage":"es"},{"@type":"Organization","@id":"https:\/\/www.mjhs.org\/#organization","name":"MJHS Health System","url":"https:\/\/www.mjhs.org\/","logo":{"@type":"ImageObject","inLanguage":"es","@id":"https:\/\/www.mjhs.org\/#\/schema\/logo\/image\/","url":"\/wp-content\/uploads\/2019\/07\/mjhs_logo_for_SEO.png","contentUrl":"\/wp-content\/uploads\/2019\/07\/mjhs_logo_for_SEO.png","width":700,"height":296,"caption":"MJHS Health System"},"image":{"@id":"https:\/\/www.mjhs.org\/#\/schema\/logo\/image\/"},"sameAs":["https:\/\/www.facebook.com\/MJHS01\/","https:\/\/x.com\/MJHS01"]}]}},"jetpack_sharing_enabled":true,"_links":{"self":[{"href":"https:\/\/www.mjhs.org\/es\/wp-json\/wp\/v2\/pages\/74929","targetHints":{"allow":["GET"]}}],"collection":[{"href":"https:\/\/www.mjhs.org\/es\/wp-json\/wp\/v2\/pages"}],"about":[{"href":"https:\/\/www.mjhs.org\/es\/wp-json\/wp\/v2\/types\/page"}],"author":[{"embeddable":true,"href":"https:\/\/www.mjhs.org\/es\/wp-json\/wp\/v2\/users\/20"}],"replies":[{"embeddable":true,"href":"https:\/\/www.mjhs.org\/es\/wp-json\/wp\/v2\/comments?post=74929"}],"version-history":[{"count":0,"href":"https:\/\/www.mjhs.org\/es\/wp-json\/wp\/v2\/pages\/74929\/revisions"}],"up":[{"embeddable":true,"href":"https:\/\/www.mjhs.org\/es\/wp-json\/wp\/v2\/pages\/7589"}],"wp:featuredmedia":[{"embeddable":true,"href":"https:\/\/www.mjhs.org\/es\/wp-json\/wp\/v2\/media\/77589"}],"wp:attachment":[{"href":"https:\/\/www.mjhs.org\/es\/wp-json\/wp\/v2\/media?parent=74929"}],"wp:term":[{"taxonomy":"category","embeddable":true,"href":"https:\/\/www.mjhs.org\/es\/wp-json\/wp\/v2\/categories?post=74929"}],"curies":[{"name":"wp","href":"https:\/\/api.w.org\/{rel}","templated":true}]}}