{"id":75723,"date":"2025-02-11T15:30:16","date_gmt":"2025-02-11T20:30:16","guid":{"rendered":"https:\/\/mjhs1.wpengine.com\/?page_id=75723"},"modified":"2025-09-08T15:22:58","modified_gmt":"2025-09-08T19:22:58","slug":"skillspring-young-adult-program","status":"publish","type":"page","link":"https:\/\/www.mjhs.org\/es\/acerca-de-mjhs\/mjhs-isabella-center\/programas-comunitarios\/programa-skill-spring-para-j%C3%B3venes-adultos\/","title":{"rendered":"Programa SkillSpring para J\u00f3venes Adultos"},"content":{"rendered":"\n<h2 class=\"wp-block-heading\" id=\"h-aprendizaje-practico-y-experiencia-en-el-mundo-real\">Aprendizaje pr\u00e1ctico y experiencia en el mundo real<\/h2>\n\n\n\n<p>El Programa para J\u00f3venes Adultos de SkillSpring ofrece un programa gratuito de capacitaci\u00f3n ocupacional y tutor\u00eda de tres meses dise\u00f1ado para ayudar a los adultos j\u00f3venes a comenzar una carrera gratificante en la atenci\u00f3n m\u00e9dica como Asistentes de Enfermer\u00eda Certificados (CNA), proporcionando lo siguiente:<\/p>\n\n\n\n<ul class=\"wp-block-list\">\n<li>Instrucci\u00f3n presencial en el aula en MJHS Isabella Center<\/li>\n\n\n\n<li>Formaci\u00f3n pr\u00e1ctica supervisada con profesionales experimentados<\/li>\n\n\n\n<li>Tutor\u00eda por parte de personal de atenci\u00f3n m\u00e9dica dedicado.<\/li>\n\n\n\n<li>Experiencia directa en una comunidad de apoyo para la atenci\u00f3n m\u00e9dica<\/li>\n<\/ul>\n\n\n\n<h3 class=\"wp-block-heading\" id=\"h-apoyamos-su-exito\">Apoyamos su \u00e9xito<\/h3>\n\n\n\n<p>Entendemos que unirse a un programa de capacitaci\u00f3n puede conllevar desaf\u00edos, por lo que brindamos apoyo adicional para ayudarlo a concentrarse en su futuro:<\/p>\n\n\n\n<ul class=\"wp-block-list\">\n<li>Asistencia uniforme<\/li>\n\n\n\n<li>Ayuda con el transporte p\u00fablico<\/li>\n\n\n\n<li>Entrega de comidas<\/li>\n\n\n\n<li>Estipendios disponibles<\/li>\n<\/ul>\n\n\n\n<h3 class=\"wp-block-heading\" id=\"h-esta-listo-para-comenzar\">\u00bfEst\u00e1 listo para comenzar?<\/h3>\n\n\n\n<p>Llame al&nbsp;<strong><a href=\"tel:2123429650\">212-342-9650<\/a><\/strong>&nbsp;hoy para obtener m\u00e1s informaci\u00f3n<\/p>\n","protected":false},"excerpt":{"rendered":"<p>Aprendizaje pr\u00e1ctico y experiencia en el mundo real El Programa para J\u00f3venes Adultos de SkillSpring ofrece un programa gratuito de capacitaci\u00f3n ocupacional y tutor\u00eda de tres meses dise\u00f1ado para ayudar [&hellip;]<\/p>\n","protected":false},"author":20,"featured_media":0,"parent":7589,"menu_order":0,"comment_status":"closed","ping_status":"closed","template":"page-sidebar.php","meta":{"_acf_changed":false,"footnotes":""},"categories":[],"class_list":["post-75723","page","type-page","status-publish","hentry"],"translation":{"provider":"WPGlobus","version":"3.0.2","language":"es","enabled_languages":["en","es"],"languages":{"en":{"title":true,"content":true,"excerpt":false},"es":{"title":true,"content":true,"excerpt":false}}},"acf":[],"yoast_head":"<title>Programa SkillSpring para J\u00f3venes Adultos | MJHS Health System<\/title>\n<meta name=\"description\" content=\"Inicie su carrera en la atenci\u00f3n m\u00e9dica con entrenamiento gratuito de CNA, tutor\u00eda y apoyo pagado a trav\u00e9s del Programa SkillSpring para J\u00f3venes Adultos en MJHS Isabella Center.\" \/>\n<meta name=\"robots\" content=\"index, follow, max-snippet:-1, max-image-preview:large, max-video-preview:-1\" \/>\n<link rel=\"canonical\" href=\"https:\/\/www.mjhs.org\/es\/about\/mjhs-isabella-center\/community-programs\/skillspring-young-adult-program\/\" \/>\n<meta property=\"og:locale\" content=\"es_MX\" \/>\n<meta property=\"og:type\" content=\"article\" \/>\n<meta property=\"og:title\" content=\"Programa SkillSpring para J\u00f3venes Adultos | MJHS Health System\" \/>\n<meta property=\"og:description\" content=\"Inicie su carrera en la atenci\u00f3n m\u00e9dica con entrenamiento gratuito de CNA, tutor\u00eda y apoyo pagado a trav\u00e9s del Programa SkillSpring para J\u00f3venes Adultos en MJHS Isabella Center.\" \/>\n<meta property=\"og:url\" content=\"https:\/\/www.mjhs.org\/about\/mjhs-isabella-center\/community-programs\/skillspring-young-adult-program\/\" \/>\n<meta property=\"og:site_name\" content=\"MJHS Health System\" \/>\n<meta property=\"article:publisher\" content=\"https:\/\/www.facebook.com\/MJHS01\/\" \/>\n<meta property=\"article:modified_time\" content=\"2025-09-08T19:22:58+00:00\" \/>\n<meta name=\"twitter:card\" content=\"summary_large_image\" \/>\n<meta name=\"twitter:site\" content=\"@MJHS01\" \/>\n<script type=\"application\/ld+json\" class=\"yoast-schema-graph\">{\"@context\":\"https:\\\/\\\/schema.org\",\"@graph\":[{\"@type\":\"WebPage\",\"@id\":\"https:\\\/\\\/www.mjhs.org\\\/about\\\/mjhs-isabella-center\\\/community-programs\\\/skillspring-young-adult-program\\\/\",\"url\":\"https:\\\/\\\/www.mjhs.org\\\/about\\\/mjhs-isabella-center\\\/community-programs\\\/skillspring-young-adult-program\\\/\",\"name\":\"Programa SkillSpring para J\u00f3venes Adultos | MJHS Health System\",\"isPartOf\":{\"@id\":\"https:\\\/\\\/www.mjhs.org\\\/#website\"},\"datePublished\":\"2025-02-11T20:30:16+00:00\",\"dateModified\":\"2025-09-08T19:22:58+00:00\",\"description\":\"Inicie su carrera en la atenci\u00f3n m\u00e9dica con entrenamiento gratuito de CNA, tutor\u00eda y apoyo pagado a trav\u00e9s del Programa SkillSpring para J\u00f3venes Adultos en MJHS Isabella Center.\",\"breadcrumb\":{\"@id\":\"https:\\\/\\\/www.mjhs.org\\\/about\\\/mjhs-isabella-center\\\/community-programs\\\/skillspring-young-adult-program\\\/#breadcrumb\"},\"inLanguage\":\"es\",\"potentialAction\":[{\"@type\":\"ReadAction\",\"target\":[\"https:\\\/\\\/www.mjhs.org\\\/about\\\/mjhs-isabella-center\\\/community-programs\\\/skillspring-young-adult-program\\\/\"]}]},{\"@type\":\"BreadcrumbList\",\"@id\":\"https:\\\/\\\/www.mjhs.org\\\/about\\\/mjhs-isabella-center\\\/community-programs\\\/skillspring-young-adult-program\\\/#breadcrumb\",\"itemListElement\":[{\"@type\":\"ListItem\",\"position\":1,\"name\":\"Home\",\"item\":\"https:\\\/\\\/www.mjhs.org\\\/\"},{\"@type\":\"ListItem\",\"position\":2,\"name\":\"About MJHS\",\"item\":\"https:\\\/\\\/www.mjhs.org\\\/about\\\/\"},{\"@type\":\"ListItem\",\"position\":3,\"name\":\"MJHS Isabella Center for Rehabilitation and Nursing Care\",\"item\":\"https:\\\/\\\/www.mjhs.org\\\/about\\\/mjhs-isabella-center\\\/\"},{\"@type\":\"ListItem\",\"position\":4,\"name\":\"Community Programs\",\"item\":\"https:\\\/\\\/www.mjhs.org\\\/about\\\/mjhs-isabella-center\\\/community-programs\\\/\"},{\"@type\":\"ListItem\",\"position\":5,\"name\":\"SkillSpring Young Adult Program\"}]},{\"@type\":\"WebSite\",\"@id\":\"https:\\\/\\\/www.mjhs.org\\\/#website\",\"url\":\"https:\\\/\\\/www.mjhs.org\\\/\",\"name\":\"MJHS Health System\",\"description\":\"Abriendo el Camino Hacia un Cuidado de Excelencia\",\"publisher\":{\"@id\":\"https:\\\/\\\/www.mjhs.org\\\/#organization\"},\"potentialAction\":[{\"@type\":\"SearchAction\",\"target\":{\"@type\":\"EntryPoint\",\"urlTemplate\":\"https:\\\/\\\/www.mjhs.org\\\/?s={search_term_string}\"},\"query-input\":{\"@type\":\"PropertyValueSpecification\",\"valueRequired\":true,\"valueName\":\"search_term_string\"}}],\"inLanguage\":\"es\"},{\"@type\":\"Organization\",\"@id\":\"https:\\\/\\\/www.mjhs.org\\\/#organization\",\"name\":\"MJHS Health System\",\"url\":\"https:\\\/\\\/www.mjhs.org\\\/\",\"logo\":{\"@type\":\"ImageObject\",\"inLanguage\":\"es\",\"@id\":\"https:\\\/\\\/www.mjhs.org\\\/#\\\/schema\\\/logo\\\/image\\\/\",\"url\":\"\\\/wp-content\\\/uploads\\\/2019\\\/07\\\/mjhs_logo_for_SEO.png\",\"contentUrl\":\"\\\/wp-content\\\/uploads\\\/2019\\\/07\\\/mjhs_logo_for_SEO.png\",\"width\":700,\"height\":296,\"caption\":\"MJHS Health System\"},\"image\":{\"@id\":\"https:\\\/\\\/www.mjhs.org\\\/#\\\/schema\\\/logo\\\/image\\\/\"},\"sameAs\":[\"https:\\\/\\\/www.facebook.com\\\/MJHS01\\\/\",\"https:\\\/\\\/x.com\\\/MJHS01\"]}]}<\/script>","yoast_head_json":{"title":"Programa SkillSpring para J\u00f3venes Adultos | MJHS Health System","description":"Inicie su carrera en la atenci\u00f3n m\u00e9dica con entrenamiento gratuito de CNA, tutor\u00eda y apoyo pagado a trav\u00e9s del Programa SkillSpring para J\u00f3venes Adultos en MJHS Isabella Center.","robots":{"index":"index","follow":"follow","max-snippet":"max-snippet:-1","max-image-preview":"max-image-preview:large","max-video-preview":"max-video-preview:-1"},"canonical":"https:\/\/www.mjhs.org\/es\/about\/mjhs-isabella-center\/community-programs\/skillspring-young-adult-program\/","og_locale":"es_MX","og_type":"article","og_title":"Programa SkillSpring para J\u00f3venes Adultos | MJHS Health System","og_description":"Inicie su carrera en la atenci\u00f3n m\u00e9dica con entrenamiento gratuito de CNA, tutor\u00eda y apoyo pagado a trav\u00e9s del Programa SkillSpring para J\u00f3venes Adultos en MJHS Isabella Center.","og_url":"https:\/\/www.mjhs.org\/about\/mjhs-isabella-center\/community-programs\/skillspring-young-adult-program\/","og_site_name":"MJHS Health System","article_publisher":"https:\/\/www.facebook.com\/MJHS01\/","article_modified_time":"2025-09-08T19:22:58+00:00","twitter_card":"summary_large_image","twitter_site":"@MJHS01","schema":{"@context":"https:\/\/schema.org","@graph":[{"@type":"WebPage","@id":"https:\/\/www.mjhs.org\/about\/mjhs-isabella-center\/community-programs\/skillspring-young-adult-program\/","url":"https:\/\/www.mjhs.org\/about\/mjhs-isabella-center\/community-programs\/skillspring-young-adult-program\/","name":"Programa SkillSpring para J\u00f3venes Adultos | MJHS Health System","isPartOf":{"@id":"https:\/\/www.mjhs.org\/#website"},"datePublished":"2025-02-11T20:30:16+00:00","dateModified":"2025-09-08T19:22:58+00:00","description":"Inicie su carrera en la atenci\u00f3n m\u00e9dica con entrenamiento gratuito de CNA, tutor\u00eda y apoyo pagado a trav\u00e9s del Programa SkillSpring para J\u00f3venes Adultos en MJHS Isabella Center.","breadcrumb":{"@id":"https:\/\/www.mjhs.org\/about\/mjhs-isabella-center\/community-programs\/skillspring-young-adult-program\/#breadcrumb"},"inLanguage":"es","potentialAction":[{"@type":"ReadAction","target":["https:\/\/www.mjhs.org\/about\/mjhs-isabella-center\/community-programs\/skillspring-young-adult-program\/"]}]},{"@type":"BreadcrumbList","@id":"https:\/\/www.mjhs.org\/about\/mjhs-isabella-center\/community-programs\/skillspring-young-adult-program\/#breadcrumb","itemListElement":[{"@type":"ListItem","position":1,"name":"Home","item":"https:\/\/www.mjhs.org\/"},{"@type":"ListItem","position":2,"name":"About MJHS","item":"https:\/\/www.mjhs.org\/about\/"},{"@type":"ListItem","position":3,"name":"MJHS Isabella Center for Rehabilitation and Nursing Care","item":"https:\/\/www.mjhs.org\/about\/mjhs-isabella-center\/"},{"@type":"ListItem","position":4,"name":"Community Programs","item":"https:\/\/www.mjhs.org\/about\/mjhs-isabella-center\/community-programs\/"},{"@type":"ListItem","position":5,"name":"SkillSpring Young Adult Program"}]},{"@type":"WebSite","@id":"https:\/\/www.mjhs.org\/#website","url":"https:\/\/www.mjhs.org\/","name":"MJHS Health System","description":"Abriendo el Camino Hacia un Cuidado de Excelencia","publisher":{"@id":"https:\/\/www.mjhs.org\/#organization"},"potentialAction":[{"@type":"SearchAction","target":{"@type":"EntryPoint","urlTemplate":"https:\/\/www.mjhs.org\/?s={search_term_string}"},"query-input":{"@type":"PropertyValueSpecification","valueRequired":true,"valueName":"search_term_string"}}],"inLanguage":"es"},{"@type":"Organization","@id":"https:\/\/www.mjhs.org\/#organization","name":"MJHS Health System","url":"https:\/\/www.mjhs.org\/","logo":{"@type":"ImageObject","inLanguage":"es","@id":"https:\/\/www.mjhs.org\/#\/schema\/logo\/image\/","url":"\/wp-content\/uploads\/2019\/07\/mjhs_logo_for_SEO.png","contentUrl":"\/wp-content\/uploads\/2019\/07\/mjhs_logo_for_SEO.png","width":700,"height":296,"caption":"MJHS Health System"},"image":{"@id":"https:\/\/www.mjhs.org\/#\/schema\/logo\/image\/"},"sameAs":["https:\/\/www.facebook.com\/MJHS01\/","https:\/\/x.com\/MJHS01"]}]}},"jetpack_sharing_enabled":true,"_links":{"self":[{"href":"https:\/\/www.mjhs.org\/es\/wp-json\/wp\/v2\/pages\/75723","targetHints":{"allow":["GET"]}}],"collection":[{"href":"https:\/\/www.mjhs.org\/es\/wp-json\/wp\/v2\/pages"}],"about":[{"href":"https:\/\/www.mjhs.org\/es\/wp-json\/wp\/v2\/types\/page"}],"author":[{"embeddable":true,"href":"https:\/\/www.mjhs.org\/es\/wp-json\/wp\/v2\/users\/20"}],"replies":[{"embeddable":true,"href":"https:\/\/www.mjhs.org\/es\/wp-json\/wp\/v2\/comments?post=75723"}],"version-history":[{"count":0,"href":"https:\/\/www.mjhs.org\/es\/wp-json\/wp\/v2\/pages\/75723\/revisions"}],"up":[{"embeddable":true,"href":"https:\/\/www.mjhs.org\/es\/wp-json\/wp\/v2\/pages\/7589"}],"wp:attachment":[{"href":"https:\/\/www.mjhs.org\/es\/wp-json\/wp\/v2\/media?parent=75723"}],"wp:term":[{"taxonomy":"category","embeddable":true,"href":"https:\/\/www.mjhs.org\/es\/wp-json\/wp\/v2\/categories?post=75723"}],"curies":[{"name":"wp","href":"https:\/\/api.w.org\/{rel}","templated":true}]}}