{"id":7589,"date":"2019-03-01T17:27:49","date_gmt":"2019-03-01T17:27:49","guid":{"rendered":"https:\/\/mjhs.wpengine.com\/?page_id=7589"},"modified":"2025-09-08T15:06:41","modified_gmt":"2025-09-08T19:06:41","slug":"community-programs","status":"publish","type":"page","link":"https:\/\/www.mjhs.org\/es\/acerca-de-mjhs\/mjhs-isabella-center\/programas-comunitarios\/","title":{"rendered":"Programas comunitarios"},"content":{"rendered":"<div class=\"intro-text\">\n      <h2>Construyendo una comunidad conectada<\/h2>\n  <div class=\"intro-text\">\n<p>Creemos que una comunidad fuerte se basa en conexiones significativas y acceso a servicios esenciales. Nuestros programas est\u00e1n dise\u00f1ados para satisfacer las necesidades \u00fanicas de los adultos mayores que buscan envejecer en su lugar de residencia y de los adultos j\u00f3venes que buscan desarrollo profesional en la atenci\u00f3n m\u00e9dica.<\/p>\n<\/div>\n<\/div>\n\n\n\n<h2 class=\"wp-block-heading has-text-align-left\" id=\"h-para-adultos-mayores\">Para adultos mayores:<\/h2>\n\n\n<div class=\"fifty-fifty-columns \">\n  <div class=\"column column--right column--card\">\n    <div class=\"column__image\">\n      <img decoding=\"async\"\n                  class=\"image-aspect-ratio-16-9\"\n                src=\"https:\/\/mjhs.imgix.net\/2025\/01\/studio-apartment-isabella-house.jpg?fm=pjpg\" alt=\"A cozy independent living studio with a tufted gray bed, sofa, modern decor, and a window view of a historic tower and cityscape.\"\n      >\n    <\/div>\n    <div class=\"column__content\">\n      <h3>Vida independiente en Isabella House<\/h3>      <p>Ubicado en los terrenos de MJHS Isabella Center, Isabella House es un vibrante complejo de apartamentos de gran altura dise\u00f1ado para adultos de 62 a\u00f1os o m\u00e1s. Con estudios y apartamentos de una habitaci\u00f3n a precios moderados, los residentes disfrutan de impresionantes vistas del horizonte de la ciudad de Nueva York y un entorno de apoyo que promueve la vida independiente.<\/p>\n              <a href=\"\/es\/about\/mjhs-isabella-center\/isabella-house\/\">Conoce m\u00e1s sobre Isabella House<\/a>\n          <\/div>\n  <\/div>\n<\/div>\n\n\n\n<div class=\"fifty-fifty-columns \">\n  <div class=\"column column--left column--card\">\n    <div class=\"column__image\">\n      <img decoding=\"async\"\n                  class=\"image-aspect-ratio-16-9\"\n                src=\"https:\/\/mjhs.imgix.net\/2025\/03\/woman-in-wheelchair-at-home.jpg?fm=pjpg\" alt=\"Smiling older woman wearing glasses sitting in a wheelchair at home, turned slightly to the side, with a relaxed and cheerful expression in a well-lit living space.\"\n      >\n    <\/div>\n    <div class=\"column__content\">\n      <h3>Apoyo integral para adultos mayores<\/h3>      <p>MJHS Isabella Center brinda atenci\u00f3n m\u00e9dica, servicios sociales y actividades recreativas para apoyar a los adultos mayores que viven en tres comunidades de retiro naturales (NORC) en Upper Manhattan, ayud\u00e1ndolos a permanecer seguros en sus hogares. Con fondos de la ciudad y del estado, tenemos el orgullo de ofrecer estos servicios de forma gratuita a los residentes de los NORC Fort George VISTAS, El Coraz\u00f3n y River Terrace.<\/p>\n              <a href=\"\/es\/about\/mjhs-isabella-center\/community-programs\/norc-programs\/\">Obtenga m\u00e1s informaci\u00f3n<\/a>\n          <\/div>\n  <\/div>\n<\/div>\n\n\n\n<div class=\"fifty-fifty-columns \">\n  <div class=\"column column--right column--card\">\n    <div class=\"column__image\">\n      <img decoding=\"async\"\n                  class=\"image-aspect-ratio-16-9\"\n                src=\"https:\/\/mjhs.imgix.net\/2025\/03\/woman-learning-about-benefits.jpg?fm=pjpg\" alt=\"Older woman smiling while sitting at a table with a younger woman who is showing her something on a laptop, in a warm kitchen setting, suggesting a supportive conversation about services or benefits.\"\n      >\n    <\/div>\n    <div class=\"column__content\">\n      <h3>Ayud\u00e1ndole a usted o a su ser querido a mantener su independencia<\/h3>      <p>A trav\u00e9s de la Asociaci\u00f3n para la Independencia de los Adultos Mayores de Upper Manhattan (UMPSI), brindamos apoyo esencial para ayudar a los adultos mayores a vivir vidas m\u00e1s saludables y satisfactorias en el hogar. UMPSI est\u00e1 financiada en parte por el Departamento para las Personas Mayores de la Ciudad de Nueva York.<\/p>\n              <a href=\"\/es\/about\/mjhs-isabella-center\/community-programs\/case-management-for-seniors-umpsi\/\">Obtenga m\u00e1s informaci\u00f3n<\/a>\n          <\/div>\n  <\/div>\n<\/div>\n\n\n\n\n<h2 class=\"wp-block-heading\" id=\"h-para-adultos-jovenes-tutoria-y-desarrollo-profesional\">Para adultos j\u00f3venes: Tutor\u00eda y desarrollo profesional<\/h2>\n\n\n<div class=\"fifty-fifty-columns \">\n  <div class=\"column column--left column--card\">\n    <div class=\"column__image\">\n      <img decoding=\"async\"\n                  class=\"image-aspect-ratio-16-9\"\n                src=\"https:\/\/mjhs.imgix.net\/2024\/07\/certified-nurse-aide-training.jpg?fm=pjpg\" alt=\"A woman glances at her peer's laptop in an occupied classroom.\"\n      >\n    <\/div>\n    <div class=\"column__content\">\n      <h3>Tutor\u00eda para adultos j\u00f3venes<\/h3>      <p>MJHS Isabella tambi\u00e9n ofrece programas de tutor\u00eda y empleo para adultos j\u00f3venes que buscan adquirir una valiosa experiencia laboral y habilidades para la vida. A trav\u00e9s de nuestros programas de empleo de verano (para personas de 14 a 21 a\u00f1os) y programas de tutor\u00eda dedicados, los participantes reciben gu\u00eda y apoyo profesional para ayudarlos a crecer personal y profesionalmente.<\/p>\n              <a href=\"\/es\/about\/mjhs-isabella-center\/community-programs\/educational-programs\/\">Obtenga m\u00e1s informaci\u00f3n<\/a>\n          <\/div>\n  <\/div>\n<\/div>\n\n","protected":false},"excerpt":{"rendered":"<p>Para adultos mayores: Para adultos j\u00f3venes: Tutor\u00eda y desarrollo profesional<\/p>\n","protected":false},"author":14,"featured_media":77591,"parent":7574,"menu_order":6,"comment_status":"closed","ping_status":"closed","template":"page-sidebar.php","meta":{"_acf_changed":false,"footnotes":""},"categories":[],"class_list":["post-7589","page","type-page","status-publish","has-post-thumbnail","hentry"],"translation":{"provider":"WPGlobus","version":"3.0.2","language":"es","enabled_languages":["en","es"],"languages":{"en":{"title":true,"content":true,"excerpt":false},"es":{"title":true,"content":true,"excerpt":false}}},"acf":[],"yoast_head":"<title>{:en}Community Programs at Isabella Center | MJHS Health System<\/title>\n<meta name=\"robots\" content=\"index, follow, max-snippet:-1, max-image-preview:large, max-video-preview:-1\" \/>\n<link rel=\"canonical\" href=\"https:\/\/www.mjhs.org\/es\/about\/mjhs-isabella-center\/community-programs\/\" \/>\n<meta property=\"og:locale\" content=\"es_MX\" \/>\n<meta property=\"og:type\" content=\"article\" \/>\n<meta property=\"og:title\" content=\"Programas comunitarios | MJHS Health System\" \/>\n<meta property=\"og:url\" content=\"https:\/\/www.mjhs.org\/about\/mjhs-isabella-center\/community-programs\/\" \/>\n<meta property=\"og:site_name\" content=\"MJHS Health System\" \/>\n<meta property=\"article:publisher\" content=\"https:\/\/www.facebook.com\/MJHS01\/\" \/>\n<meta property=\"article:modified_time\" content=\"2025-09-08T19:06:41+00:00\" \/>\n<meta name=\"twitter:card\" content=\"summary_large_image\" \/>\n<meta name=\"twitter:site\" content=\"@MJHS01\" \/>\n<script type=\"application\/ld+json\" class=\"yoast-schema-graph\">{\"@context\":\"https:\\\/\\\/schema.org\",\"@graph\":[{\"@type\":\"WebPage\",\"@id\":\"https:\\\/\\\/www.mjhs.org\\\/about\\\/mjhs-isabella-center\\\/community-programs\\\/\",\"url\":\"https:\\\/\\\/www.mjhs.org\\\/about\\\/mjhs-isabella-center\\\/community-programs\\\/\",\"name\":\"{:en}Community Programs at Isabella Center | MJHS Health System\",\"isPartOf\":{\"@id\":\"https:\\\/\\\/www.mjhs.org\\\/#website\"},\"primaryImageOfPage\":{\"@id\":\"https:\\\/\\\/www.mjhs.org\\\/about\\\/mjhs-isabella-center\\\/community-programs\\\/#primaryimage\"},\"image\":{\"@id\":\"https:\\\/\\\/www.mjhs.org\\\/about\\\/mjhs-isabella-center\\\/community-programs\\\/#primaryimage\"},\"thumbnailUrl\":\"https:\\\/\\\/mjhs.imgix.net\\\/2025\\\/03\\\/woman-leading-outdoor-exercise.jpg?fm=pjpg\",\"datePublished\":\"2019-03-01T17:27:49+00:00\",\"dateModified\":\"2025-09-08T19:06:41+00:00\",\"breadcrumb\":{\"@id\":\"https:\\\/\\\/www.mjhs.org\\\/about\\\/mjhs-isabella-center\\\/community-programs\\\/#breadcrumb\"},\"inLanguage\":\"es\",\"potentialAction\":[{\"@type\":\"ReadAction\",\"target\":[\"https:\\\/\\\/www.mjhs.org\\\/about\\\/mjhs-isabella-center\\\/community-programs\\\/\"]}]},{\"@type\":\"ImageObject\",\"inLanguage\":\"es\",\"@id\":\"https:\\\/\\\/www.mjhs.org\\\/about\\\/mjhs-isabella-center\\\/community-programs\\\/#primaryimage\",\"url\":\"https:\\\/\\\/mjhs.imgix.net\\\/2025\\\/03\\\/woman-leading-outdoor-exercise.jpg?fm=pjpg\",\"contentUrl\":\"https:\\\/\\\/mjhs.imgix.net\\\/2025\\\/03\\\/woman-leading-outdoor-exercise.jpg?fm=pjpg\",\"width\":1400,\"height\":934,\"caption\":\"A small group of seniors stand outside together as they participate in a Tai Chi class. They are each wearing comfortable t-shirts and focused on their hand movements.\"},{\"@type\":\"BreadcrumbList\",\"@id\":\"https:\\\/\\\/www.mjhs.org\\\/about\\\/mjhs-isabella-center\\\/community-programs\\\/#breadcrumb\",\"itemListElement\":[{\"@type\":\"ListItem\",\"position\":1,\"name\":\"Home\",\"item\":\"https:\\\/\\\/www.mjhs.org\\\/\"},{\"@type\":\"ListItem\",\"position\":2,\"name\":\"About MJHS\",\"item\":\"https:\\\/\\\/www.mjhs.org\\\/about\\\/\"},{\"@type\":\"ListItem\",\"position\":3,\"name\":\"MJHS Isabella Center for Rehabilitation and Nursing Care\",\"item\":\"https:\\\/\\\/www.mjhs.org\\\/about\\\/mjhs-isabella-center\\\/\"},{\"@type\":\"ListItem\",\"position\":4,\"name\":\"Community Programs\"}]},{\"@type\":\"WebSite\",\"@id\":\"https:\\\/\\\/www.mjhs.org\\\/#website\",\"url\":\"https:\\\/\\\/www.mjhs.org\\\/\",\"name\":\"MJHS Health System\",\"description\":\"Abriendo el Camino Hacia un Cuidado de Excelencia\",\"publisher\":{\"@id\":\"https:\\\/\\\/www.mjhs.org\\\/#organization\"},\"potentialAction\":[{\"@type\":\"SearchAction\",\"target\":{\"@type\":\"EntryPoint\",\"urlTemplate\":\"https:\\\/\\\/www.mjhs.org\\\/?s={search_term_string}\"},\"query-input\":{\"@type\":\"PropertyValueSpecification\",\"valueRequired\":true,\"valueName\":\"search_term_string\"}}],\"inLanguage\":\"es\"},{\"@type\":\"Organization\",\"@id\":\"https:\\\/\\\/www.mjhs.org\\\/#organization\",\"name\":\"MJHS Health System\",\"url\":\"https:\\\/\\\/www.mjhs.org\\\/\",\"logo\":{\"@type\":\"ImageObject\",\"inLanguage\":\"es\",\"@id\":\"https:\\\/\\\/www.mjhs.org\\\/#\\\/schema\\\/logo\\\/image\\\/\",\"url\":\"\\\/wp-content\\\/uploads\\\/2019\\\/07\\\/mjhs_logo_for_SEO.png\",\"contentUrl\":\"\\\/wp-content\\\/uploads\\\/2019\\\/07\\\/mjhs_logo_for_SEO.png\",\"width\":700,\"height\":296,\"caption\":\"MJHS Health System\"},\"image\":{\"@id\":\"https:\\\/\\\/www.mjhs.org\\\/#\\\/schema\\\/logo\\\/image\\\/\"},\"sameAs\":[\"https:\\\/\\\/www.facebook.com\\\/MJHS01\\\/\",\"https:\\\/\\\/x.com\\\/MJHS01\"]}]}<\/script>","yoast_head_json":{"title":"{:en}Community Programs at Isabella Center | MJHS Health System","robots":{"index":"index","follow":"follow","max-snippet":"max-snippet:-1","max-image-preview":"max-image-preview:large","max-video-preview":"max-video-preview:-1"},"canonical":"https:\/\/www.mjhs.org\/es\/about\/mjhs-isabella-center\/community-programs\/","og_locale":"es_MX","og_type":"article","og_title":"Programas comunitarios | MJHS Health System","og_url":"https:\/\/www.mjhs.org\/about\/mjhs-isabella-center\/community-programs\/","og_site_name":"MJHS Health System","article_publisher":"https:\/\/www.facebook.com\/MJHS01\/","article_modified_time":"2025-09-08T19:06:41+00:00","twitter_card":"summary_large_image","twitter_site":"@MJHS01","schema":{"@context":"https:\/\/schema.org","@graph":[{"@type":"WebPage","@id":"https:\/\/www.mjhs.org\/about\/mjhs-isabella-center\/community-programs\/","url":"https:\/\/www.mjhs.org\/about\/mjhs-isabella-center\/community-programs\/","name":"{:en}Community Programs at Isabella Center | MJHS Health System","isPartOf":{"@id":"https:\/\/www.mjhs.org\/#website"},"primaryImageOfPage":{"@id":"https:\/\/www.mjhs.org\/about\/mjhs-isabella-center\/community-programs\/#primaryimage"},"image":{"@id":"https:\/\/www.mjhs.org\/about\/mjhs-isabella-center\/community-programs\/#primaryimage"},"thumbnailUrl":"https:\/\/mjhs.imgix.net\/2025\/03\/woman-leading-outdoor-exercise.jpg?fm=pjpg","datePublished":"2019-03-01T17:27:49+00:00","dateModified":"2025-09-08T19:06:41+00:00","breadcrumb":{"@id":"https:\/\/www.mjhs.org\/about\/mjhs-isabella-center\/community-programs\/#breadcrumb"},"inLanguage":"es","potentialAction":[{"@type":"ReadAction","target":["https:\/\/www.mjhs.org\/about\/mjhs-isabella-center\/community-programs\/"]}]},{"@type":"ImageObject","inLanguage":"es","@id":"https:\/\/www.mjhs.org\/about\/mjhs-isabella-center\/community-programs\/#primaryimage","url":"https:\/\/mjhs.imgix.net\/2025\/03\/woman-leading-outdoor-exercise.jpg?fm=pjpg","contentUrl":"https:\/\/mjhs.imgix.net\/2025\/03\/woman-leading-outdoor-exercise.jpg?fm=pjpg","width":1400,"height":934,"caption":"A small group of seniors stand outside together as they participate in a Tai Chi class. They are each wearing comfortable t-shirts and focused on their hand movements."},{"@type":"BreadcrumbList","@id":"https:\/\/www.mjhs.org\/about\/mjhs-isabella-center\/community-programs\/#breadcrumb","itemListElement":[{"@type":"ListItem","position":1,"name":"Home","item":"https:\/\/www.mjhs.org\/"},{"@type":"ListItem","position":2,"name":"About MJHS","item":"https:\/\/www.mjhs.org\/about\/"},{"@type":"ListItem","position":3,"name":"MJHS Isabella Center for Rehabilitation and Nursing Care","item":"https:\/\/www.mjhs.org\/about\/mjhs-isabella-center\/"},{"@type":"ListItem","position":4,"name":"Community Programs"}]},{"@type":"WebSite","@id":"https:\/\/www.mjhs.org\/#website","url":"https:\/\/www.mjhs.org\/","name":"MJHS Health System","description":"Abriendo el Camino Hacia un Cuidado de Excelencia","publisher":{"@id":"https:\/\/www.mjhs.org\/#organization"},"potentialAction":[{"@type":"SearchAction","target":{"@type":"EntryPoint","urlTemplate":"https:\/\/www.mjhs.org\/?s={search_term_string}"},"query-input":{"@type":"PropertyValueSpecification","valueRequired":true,"valueName":"search_term_string"}}],"inLanguage":"es"},{"@type":"Organization","@id":"https:\/\/www.mjhs.org\/#organization","name":"MJHS Health System","url":"https:\/\/www.mjhs.org\/","logo":{"@type":"ImageObject","inLanguage":"es","@id":"https:\/\/www.mjhs.org\/#\/schema\/logo\/image\/","url":"\/wp-content\/uploads\/2019\/07\/mjhs_logo_for_SEO.png","contentUrl":"\/wp-content\/uploads\/2019\/07\/mjhs_logo_for_SEO.png","width":700,"height":296,"caption":"MJHS Health System"},"image":{"@id":"https:\/\/www.mjhs.org\/#\/schema\/logo\/image\/"},"sameAs":["https:\/\/www.facebook.com\/MJHS01\/","https:\/\/x.com\/MJHS01"]}]}},"jetpack_sharing_enabled":true,"_links":{"self":[{"href":"https:\/\/www.mjhs.org\/es\/wp-json\/wp\/v2\/pages\/7589","targetHints":{"allow":["GET"]}}],"collection":[{"href":"https:\/\/www.mjhs.org\/es\/wp-json\/wp\/v2\/pages"}],"about":[{"href":"https:\/\/www.mjhs.org\/es\/wp-json\/wp\/v2\/types\/page"}],"author":[{"embeddable":true,"href":"https:\/\/www.mjhs.org\/es\/wp-json\/wp\/v2\/users\/14"}],"replies":[{"embeddable":true,"href":"https:\/\/www.mjhs.org\/es\/wp-json\/wp\/v2\/comments?post=7589"}],"version-history":[{"count":0,"href":"https:\/\/www.mjhs.org\/es\/wp-json\/wp\/v2\/pages\/7589\/revisions"}],"up":[{"embeddable":true,"href":"https:\/\/www.mjhs.org\/es\/wp-json\/wp\/v2\/pages\/7574"}],"wp:featuredmedia":[{"embeddable":true,"href":"https:\/\/www.mjhs.org\/es\/wp-json\/wp\/v2\/media\/77591"}],"wp:attachment":[{"href":"https:\/\/www.mjhs.org\/es\/wp-json\/wp\/v2\/media?parent=7589"}],"wp:term":[{"taxonomy":"category","embeddable":true,"href":"https:\/\/www.mjhs.org\/es\/wp-json\/wp\/v2\/categories?post=7589"}],"curies":[{"name":"wp","href":"https:\/\/api.w.org\/{rel}","templated":true}]}}