{"id":75960,"date":"2025-02-17T12:48:41","date_gmt":"2025-02-17T17:48:41","guid":{"rendered":"https:\/\/mjhs1.wpengine.com\/?page_id=75960"},"modified":"2025-09-08T21:48:23","modified_gmt":"2025-09-09T01:48:23","slug":"activities-of-daily-living","status":"publish","type":"page","link":"https:\/\/www.mjhs.org\/es\/atenci%C3%B3n-a-largo-plazo\/actividades-de-la-vida-diaria\/","title":{"rendered":"Actividades de la vida diaria"},"content":{"rendered":"<div class=\"fifty-fifty-columns mt-0 mb-0\">\n  <div class=\"column column--right column--default\">\n    <div class=\"column__image\">\n      <img decoding=\"async\"\n                  class=\"image-aspect-ratio-1-1\"\n                src=\"https:\/\/mjhs.imgix.net\/2025\/02\/nurse-helping-patient-eat.jpg?fm=pjpg\" alt=\"A caregiver in blue scrubs smiles while assisting an elderly woman with glasses as she enjoys a meal on a tray in a cozy living room.\"\n      >\n    <\/div>\n    <div class=\"column__content\">\n      <h2>Estamos aqu\u00ed para apoyar con atenci\u00f3n compasiva<\/h2>      <p>A medida que envejecemos o controlamos afecciones de salud cr\u00f3nicas, las tareas cotidianas como ba\u00f1arse, vestirse y comer pueden volverse m\u00e1s desafiantes. Si usted o su ser querido viven en su hogar, recibir asistencia con estas actividades puede ser esencial para mantener la independencia y la calidad de vida.<\/p>\n<p>Para aquellos en un centro especializado, el apoyo las 24 horas del d\u00eda con las actividades de la vida diaria (ADL) suele ser fundamental para la seguridad y el bienestar. Ya sea en casa a trav\u00e9s de nuestros planes de atenci\u00f3n a largo plazo o en uno de nuestros dos centros especializados de rehabilitaci\u00f3n y enfermer\u00eda, brindamos la atenci\u00f3n y el apoyo que usted o su ser querido necesitan.<\/p>\n<p>Nuestro objetivo es aumentar la independencia y mejorar la calidad de vida siempre que sea posible.<\/p>\n          <\/div>\n  <\/div>\n<\/div>\n\n\n\n\n<h2 class=\"wp-block-heading\" id=\"h-que-son-las-adl\">\u00bfQu\u00e9 son las ADL?<\/h2>\n\n\n\n<p>Las ADL son actividades rutinarias de cuidado personal que pueden resultar dif\u00edciles para las personas con discapacidades cr\u00f3nicas. Por lo general, se dividen en dos categor\u00edas:<\/p>\n\n\n\n<h3 class=\"wp-block-heading\" id=\"h-adl-basicas\">ADL b\u00e1sicas<\/h3>\n\n\n\n<p>Ayudamos con todas estas actividades esenciales:<\/p>\n\n\n<div class=\"text-columns\">\n  <!-- Go through each column field and output the text field -->\n            <div class=\"text-columns__column\">\n        <ul>\n<li>Ba\u00f1arse<\/li>\n<li>Vestirse<\/li>\n<li>Asearse<\/li>\n<\/ul>\n      <\/div>\n          <div class=\"text-columns__column\">\n        <ul>\n<li>Comer<\/li>\n<li>Movilidad<\/li>\n<li>Ir al ba\u00f1o<\/li>\n<\/ul>\n      <\/div>\n      <\/div>\n\n\n<h3 class=\"wp-block-heading\" id=\"h-actividades-instrumentales-de-la-vida-diaria-iadl\">Actividades instrumentales de la vida diaria (IADL)<\/h3>\n\n\n\n<p>Podemos brindarle asistencia con todas las siguientes actividades:<\/p>\n\n\n<div class=\"text-columns\">\n  <!-- Go through each column field and output the text field -->\n            <div class=\"text-columns__column\">\n        <ul>\n<li>Preparaci\u00f3n de comidas<\/li>\n<li>Administraci\u00f3n de medicamentos<\/li>\n<\/ul>\n      <\/div>\n          <div class=\"text-columns__column\">\n        <ul>\n<li>Servicio de empleada dom\u00e9stica<\/li>\n<li>Coordinaci\u00f3n del transporte<\/li>\n<\/ul>\n      <\/div>\n      <\/div>\n\n\n<p>Para obtener m\u00e1s informaci\u00f3n sobre nuestros&nbsp;<strong>dos planes de atenci\u00f3n a largo plazo<\/strong>&nbsp;que pueden brindar a los beneficiarios elegibles estos servicios esenciales en el hogar,&nbsp;<a href=\"\/es\/about\/elderplan-homefirst\/\">haga clic aqu\u00ed<\/a>.<\/p>\n\n\n\n<p>Si&nbsp;<strong>usted o su ser querido<\/strong>&nbsp;ya no pueden vivir de manera segura en su hogar, nuestros dos centros especializados brindan una atenci\u00f3n a largo plazo excepcional en un entorno seguro y c\u00f3modo. Obtenga m\u00e1s informaci\u00f3n sobre nuestros&nbsp;<a href=\"\/es\/centers-rehab-nursing\/\">centros de enfermer\u00eda especializada<\/a>.<\/p>\n","protected":false},"excerpt":{"rendered":"<p>\u00bfQu\u00e9 son las ADL? Las ADL son actividades rutinarias de cuidado personal que pueden resultar dif\u00edciles para las personas con discapacidades cr\u00f3nicas. Por lo general, se dividen en dos categor\u00edas: [&hellip;]<\/p>\n","protected":false},"author":20,"featured_media":76016,"parent":101,"menu_order":0,"comment_status":"closed","ping_status":"closed","template":"page-sidebar.php","meta":{"_acf_changed":false,"footnotes":""},"categories":[],"class_list":["post-75960","page","type-page","status-publish","has-post-thumbnail","hentry"],"translation":{"provider":"WPGlobus","version":"3.0.2","language":"es","enabled_languages":["en","es"],"languages":{"en":{"title":true,"content":true,"excerpt":false},"es":{"title":true,"content":true,"excerpt":false}}},"acf":[],"yoast_head":"<title>Actividades de la vida diaria | MJHS Health System<\/title>\n<meta name=\"description\" content=\"\u00bfNecesita ayuda con las actividades de la vida diaria? Con la atenci\u00f3n a largo plazo recibir\u00e1 apoyo esencial en su domicilio o en nuestros centros de enfermer\u00eda especializada, mejorando su independencia y calidad de vida.\" \/>\n<meta name=\"robots\" content=\"index, follow, max-snippet:-1, max-image-preview:large, max-video-preview:-1\" \/>\n<link rel=\"canonical\" href=\"https:\/\/www.mjhs.org\/es\/long-term-care\/activities-of-daily-living\/\" \/>\n<meta property=\"og:locale\" content=\"es_MX\" \/>\n<meta property=\"og:type\" content=\"article\" \/>\n<meta property=\"og:title\" content=\"Actividades de la vida diaria | MJHS Health System\" \/>\n<meta property=\"og:description\" content=\"\u00bfNecesita ayuda con las actividades de la vida diaria? Con la atenci\u00f3n a largo plazo recibir\u00e1 apoyo esencial en su domicilio o en nuestros centros de enfermer\u00eda especializada, mejorando su independencia y calidad de vida.\" \/>\n<meta property=\"og:url\" content=\"https:\/\/www.mjhs.org\/long-term-care\/activities-of-daily-living\/\" \/>\n<meta property=\"og:site_name\" content=\"MJHS Health System\" \/>\n<meta property=\"article:publisher\" content=\"https:\/\/www.facebook.com\/MJHS01\/\" \/>\n<meta property=\"article:modified_time\" content=\"2025-09-09T01:48:23+00:00\" \/>\n<meta name=\"twitter:card\" content=\"summary_large_image\" \/>\n<meta name=\"twitter:site\" content=\"@MJHS01\" \/>\n<script type=\"application\/ld+json\" class=\"yoast-schema-graph\">{\"@context\":\"https:\\\/\\\/schema.org\",\"@graph\":[{\"@type\":\"WebPage\",\"@id\":\"https:\\\/\\\/www.mjhs.org\\\/long-term-care\\\/activities-of-daily-living\\\/\",\"url\":\"https:\\\/\\\/www.mjhs.org\\\/long-term-care\\\/activities-of-daily-living\\\/\",\"name\":\"Actividades de la vida diaria | MJHS Health System\",\"isPartOf\":{\"@id\":\"https:\\\/\\\/www.mjhs.org\\\/#website\"},\"primaryImageOfPage\":{\"@id\":\"https:\\\/\\\/www.mjhs.org\\\/long-term-care\\\/activities-of-daily-living\\\/#primaryimage\"},\"image\":{\"@id\":\"https:\\\/\\\/www.mjhs.org\\\/long-term-care\\\/activities-of-daily-living\\\/#primaryimage\"},\"thumbnailUrl\":\"https:\\\/\\\/mjhs.imgix.net\\\/2025\\\/02\\\/nurse-helping-patient-button-shirt.jpg?fm=pjpg\",\"datePublished\":\"2025-02-17T17:48:41+00:00\",\"dateModified\":\"2025-09-09T01:48:23+00:00\",\"description\":\"\u00bfNecesita ayuda con las actividades de la vida diaria? Con la atenci\u00f3n a largo plazo recibir\u00e1 apoyo esencial en su domicilio o en nuestros centros de enfermer\u00eda especializada, mejorando su independencia y calidad de vida.\",\"breadcrumb\":{\"@id\":\"https:\\\/\\\/www.mjhs.org\\\/long-term-care\\\/activities-of-daily-living\\\/#breadcrumb\"},\"inLanguage\":\"es\",\"potentialAction\":[{\"@type\":\"ReadAction\",\"target\":[\"https:\\\/\\\/www.mjhs.org\\\/long-term-care\\\/activities-of-daily-living\\\/\"]}]},{\"@type\":\"ImageObject\",\"inLanguage\":\"es\",\"@id\":\"https:\\\/\\\/www.mjhs.org\\\/long-term-care\\\/activities-of-daily-living\\\/#primaryimage\",\"url\":\"https:\\\/\\\/mjhs.imgix.net\\\/2025\\\/02\\\/nurse-helping-patient-button-shirt.jpg?fm=pjpg\",\"contentUrl\":\"https:\\\/\\\/mjhs.imgix.net\\\/2025\\\/02\\\/nurse-helping-patient-button-shirt.jpg?fm=pjpg\",\"width\":1400,\"height\":934,\"caption\":\"Now don't you look handsome\"},{\"@type\":\"BreadcrumbList\",\"@id\":\"https:\\\/\\\/www.mjhs.org\\\/long-term-care\\\/activities-of-daily-living\\\/#breadcrumb\",\"itemListElement\":[{\"@type\":\"ListItem\",\"position\":1,\"name\":\"Home\",\"item\":\"https:\\\/\\\/www.mjhs.org\\\/\"},{\"@type\":\"ListItem\",\"position\":2,\"name\":\"Long-Term Care\",\"item\":\"https:\\\/\\\/www.mjhs.org\\\/long-term-care\\\/\"},{\"@type\":\"ListItem\",\"position\":3,\"name\":\"Activities of Daily Living\"}]},{\"@type\":\"WebSite\",\"@id\":\"https:\\\/\\\/www.mjhs.org\\\/#website\",\"url\":\"https:\\\/\\\/www.mjhs.org\\\/\",\"name\":\"MJHS Health System\",\"description\":\"Abriendo el Camino Hacia un Cuidado de Excelencia\",\"publisher\":{\"@id\":\"https:\\\/\\\/www.mjhs.org\\\/#organization\"},\"potentialAction\":[{\"@type\":\"SearchAction\",\"target\":{\"@type\":\"EntryPoint\",\"urlTemplate\":\"https:\\\/\\\/www.mjhs.org\\\/?s={search_term_string}\"},\"query-input\":{\"@type\":\"PropertyValueSpecification\",\"valueRequired\":true,\"valueName\":\"search_term_string\"}}],\"inLanguage\":\"es\"},{\"@type\":\"Organization\",\"@id\":\"https:\\\/\\\/www.mjhs.org\\\/#organization\",\"name\":\"MJHS Health System\",\"url\":\"https:\\\/\\\/www.mjhs.org\\\/\",\"logo\":{\"@type\":\"ImageObject\",\"inLanguage\":\"es\",\"@id\":\"https:\\\/\\\/www.mjhs.org\\\/#\\\/schema\\\/logo\\\/image\\\/\",\"url\":\"\\\/wp-content\\\/uploads\\\/2019\\\/07\\\/mjhs_logo_for_SEO.png\",\"contentUrl\":\"\\\/wp-content\\\/uploads\\\/2019\\\/07\\\/mjhs_logo_for_SEO.png\",\"width\":700,\"height\":296,\"caption\":\"MJHS Health System\"},\"image\":{\"@id\":\"https:\\\/\\\/www.mjhs.org\\\/#\\\/schema\\\/logo\\\/image\\\/\"},\"sameAs\":[\"https:\\\/\\\/www.facebook.com\\\/MJHS01\\\/\",\"https:\\\/\\\/x.com\\\/MJHS01\"]}]}<\/script>","yoast_head_json":{"title":"Actividades de la vida diaria | MJHS Health System","description":"\u00bfNecesita ayuda con las actividades de la vida diaria? Con la atenci\u00f3n a largo plazo recibir\u00e1 apoyo esencial en su domicilio o en nuestros centros de enfermer\u00eda especializada, mejorando su independencia y calidad de vida.","robots":{"index":"index","follow":"follow","max-snippet":"max-snippet:-1","max-image-preview":"max-image-preview:large","max-video-preview":"max-video-preview:-1"},"canonical":"https:\/\/www.mjhs.org\/es\/long-term-care\/activities-of-daily-living\/","og_locale":"es_MX","og_type":"article","og_title":"Actividades de la vida diaria | MJHS Health System","og_description":"\u00bfNecesita ayuda con las actividades de la vida diaria? Con la atenci\u00f3n a largo plazo recibir\u00e1 apoyo esencial en su domicilio o en nuestros centros de enfermer\u00eda especializada, mejorando su independencia y calidad de vida.","og_url":"https:\/\/www.mjhs.org\/long-term-care\/activities-of-daily-living\/","og_site_name":"MJHS Health System","article_publisher":"https:\/\/www.facebook.com\/MJHS01\/","article_modified_time":"2025-09-09T01:48:23+00:00","twitter_card":"summary_large_image","twitter_site":"@MJHS01","schema":{"@context":"https:\/\/schema.org","@graph":[{"@type":"WebPage","@id":"https:\/\/www.mjhs.org\/long-term-care\/activities-of-daily-living\/","url":"https:\/\/www.mjhs.org\/long-term-care\/activities-of-daily-living\/","name":"Actividades de la vida diaria | MJHS Health System","isPartOf":{"@id":"https:\/\/www.mjhs.org\/#website"},"primaryImageOfPage":{"@id":"https:\/\/www.mjhs.org\/long-term-care\/activities-of-daily-living\/#primaryimage"},"image":{"@id":"https:\/\/www.mjhs.org\/long-term-care\/activities-of-daily-living\/#primaryimage"},"thumbnailUrl":"https:\/\/mjhs.imgix.net\/2025\/02\/nurse-helping-patient-button-shirt.jpg?fm=pjpg","datePublished":"2025-02-17T17:48:41+00:00","dateModified":"2025-09-09T01:48:23+00:00","description":"\u00bfNecesita ayuda con las actividades de la vida diaria? Con la atenci\u00f3n a largo plazo recibir\u00e1 apoyo esencial en su domicilio o en nuestros centros de enfermer\u00eda especializada, mejorando su independencia y calidad de vida.","breadcrumb":{"@id":"https:\/\/www.mjhs.org\/long-term-care\/activities-of-daily-living\/#breadcrumb"},"inLanguage":"es","potentialAction":[{"@type":"ReadAction","target":["https:\/\/www.mjhs.org\/long-term-care\/activities-of-daily-living\/"]}]},{"@type":"ImageObject","inLanguage":"es","@id":"https:\/\/www.mjhs.org\/long-term-care\/activities-of-daily-living\/#primaryimage","url":"https:\/\/mjhs.imgix.net\/2025\/02\/nurse-helping-patient-button-shirt.jpg?fm=pjpg","contentUrl":"https:\/\/mjhs.imgix.net\/2025\/02\/nurse-helping-patient-button-shirt.jpg?fm=pjpg","width":1400,"height":934,"caption":"Now don't you look handsome"},{"@type":"BreadcrumbList","@id":"https:\/\/www.mjhs.org\/long-term-care\/activities-of-daily-living\/#breadcrumb","itemListElement":[{"@type":"ListItem","position":1,"name":"Home","item":"https:\/\/www.mjhs.org\/"},{"@type":"ListItem","position":2,"name":"Long-Term Care","item":"https:\/\/www.mjhs.org\/long-term-care\/"},{"@type":"ListItem","position":3,"name":"Activities of Daily Living"}]},{"@type":"WebSite","@id":"https:\/\/www.mjhs.org\/#website","url":"https:\/\/www.mjhs.org\/","name":"MJHS Health System","description":"Abriendo el Camino Hacia un Cuidado de Excelencia","publisher":{"@id":"https:\/\/www.mjhs.org\/#organization"},"potentialAction":[{"@type":"SearchAction","target":{"@type":"EntryPoint","urlTemplate":"https:\/\/www.mjhs.org\/?s={search_term_string}"},"query-input":{"@type":"PropertyValueSpecification","valueRequired":true,"valueName":"search_term_string"}}],"inLanguage":"es"},{"@type":"Organization","@id":"https:\/\/www.mjhs.org\/#organization","name":"MJHS Health System","url":"https:\/\/www.mjhs.org\/","logo":{"@type":"ImageObject","inLanguage":"es","@id":"https:\/\/www.mjhs.org\/#\/schema\/logo\/image\/","url":"\/wp-content\/uploads\/2019\/07\/mjhs_logo_for_SEO.png","contentUrl":"\/wp-content\/uploads\/2019\/07\/mjhs_logo_for_SEO.png","width":700,"height":296,"caption":"MJHS Health System"},"image":{"@id":"https:\/\/www.mjhs.org\/#\/schema\/logo\/image\/"},"sameAs":["https:\/\/www.facebook.com\/MJHS01\/","https:\/\/x.com\/MJHS01"]}]}},"jetpack_sharing_enabled":true,"_links":{"self":[{"href":"https:\/\/www.mjhs.org\/es\/wp-json\/wp\/v2\/pages\/75960","targetHints":{"allow":["GET"]}}],"collection":[{"href":"https:\/\/www.mjhs.org\/es\/wp-json\/wp\/v2\/pages"}],"about":[{"href":"https:\/\/www.mjhs.org\/es\/wp-json\/wp\/v2\/types\/page"}],"author":[{"embeddable":true,"href":"https:\/\/www.mjhs.org\/es\/wp-json\/wp\/v2\/users\/20"}],"replies":[{"embeddable":true,"href":"https:\/\/www.mjhs.org\/es\/wp-json\/wp\/v2\/comments?post=75960"}],"version-history":[{"count":0,"href":"https:\/\/www.mjhs.org\/es\/wp-json\/wp\/v2\/pages\/75960\/revisions"}],"up":[{"embeddable":true,"href":"https:\/\/www.mjhs.org\/es\/wp-json\/wp\/v2\/pages\/101"}],"wp:featuredmedia":[{"embeddable":true,"href":"https:\/\/www.mjhs.org\/es\/wp-json\/wp\/v2\/media\/76016"}],"wp:attachment":[{"href":"https:\/\/www.mjhs.org\/es\/wp-json\/wp\/v2\/media?parent=75960"}],"wp:term":[{"taxonomy":"category","embeddable":true,"href":"https:\/\/www.mjhs.org\/es\/wp-json\/wp\/v2\/categories?post=75960"}],"curies":[{"name":"wp","href":"https:\/\/api.w.org\/{rel}","templated":true}]}}