{"id":75963,"date":"2025-02-17T12:53:41","date_gmt":"2025-02-17T17:53:41","guid":{"rendered":"https:\/\/mjhs1.wpengine.com\/?page_id=75963"},"modified":"2025-09-08T21:59:36","modified_gmt":"2025-09-09T01:59:36","slug":"medication-management","status":"publish","type":"page","link":"https:\/\/www.mjhs.org\/es\/atenci%C3%B3n-a-largo-plazo\/administraci%C3%B3n-de-medicamentos\/","title":{"rendered":"Administraci\u00f3n de medicamentos"},"content":{"rendered":"<div class=\"fifty-fifty-columns mt-0 mb-0\">\n  <div class=\"column column-- column--default\">\n    <div class=\"column__image\">\n      <img decoding=\"async\"\n                src=\"\" alt=\"\"\n      >\n    <\/div>\n    <div class=\"column__content\">\n      <h2>Estamos aqu\u00ed para ayudarle con una administraci\u00f3n experta de los medicamentos<\/h2>      <p>La administraci\u00f3n de medicamentos es una parte fundamental de la atenci\u00f3n a largo plazo que ofrecemos.\u00a0Si recibe atenci\u00f3n en el hogar, su equipo puede ayudarlo a conciliar los medicamentos (para evitar interacciones farmacol\u00f3gicas peligrosas o sobremedicaci\u00f3n), programar sus medicamentos, brindar educaci\u00f3n sobre el prop\u00f3sito de cada medicamento con receta y sus posibles efectos secundarios, y la importancia de tomar los medicamentos seg\u00fan lo recetado.<\/p>\n<p>Para los residentes de nuestros dos centros especializados, las farmacias en el lugar concilian y proporcionan medicamentos, que son administrados por un miembro del equipo de enfermer\u00eda para garantizar la seguridad y optimizar los resultados de salud.<\/p>\n          <\/div>\n  <\/div>\n<\/div>\n\n\n\n\n<h2 class=\"wp-block-heading\" id=\"h-que-es-la-administracion-de-medicamentos\">\u00bfQu\u00e9 es la administraci\u00f3n de medicamentos?<\/h2>\n\n\n\n<p>Medication management involves a coordinated approach to ensuring individuals take their medications safely and as prescribed. Esto incluye lo siguiente:<\/p>\n\n\n\n<ul class=\"wp-block-list\">\n<li><strong>Revisi\u00f3n y conciliaci\u00f3n de medicamentos:<\/strong>\u00a0garantizar que todos los medicamentos recetados sean precisos, necesarios y seguros para tomar juntos.<\/li>\n\n\n\n<li><strong>Programaci\u00f3n y recordatorios:<\/strong>\u00a0establecer horarios de medicaci\u00f3n y, para las personas que viven en casa, un proceso para recordar a los pacientes o a sus cuidadores cu\u00e1ndo es el momento de tomar un medicamento.<\/li>\n\n\n\n<li><strong>Monitoreo de efectos secundarios e interacciones:<\/strong>\u00a0identificar posibles reacciones adversas, asesorar al m\u00e9dico tratante y facilitar los ajustes necesarios.<\/li>\n\n\n\n<li><strong>Educaci\u00f3n y apoyo:<\/strong>\u00a0proporcionar a los miembros y a sus cuidadores informaci\u00f3n sobre el uso adecuado de los medicamentos, los posibles efectos secundarios y la importancia de tomar los medicamentos seg\u00fan las indicaciones.<\/li>\n<\/ul>\n","protected":false},"excerpt":{"rendered":"<p>\u00bfQu\u00e9 es la administraci\u00f3n de medicamentos? Medication management involves a coordinated approach to ensuring individuals take their medications safely and as prescribed. Esto incluye lo siguiente:<\/p>\n","protected":false},"author":20,"featured_media":76023,"parent":101,"menu_order":0,"comment_status":"closed","ping_status":"closed","template":"page-sidebar.php","meta":{"_acf_changed":false,"footnotes":""},"categories":[],"class_list":["post-75963","page","type-page","status-publish","has-post-thumbnail","hentry"],"translation":{"provider":"WPGlobus","version":"3.0.2","language":"es","enabled_languages":["en","es"],"languages":{"en":{"title":true,"content":true,"excerpt":false},"es":{"title":true,"content":true,"excerpt":false}}},"acf":[],"yoast_head":"<title>Administraci\u00f3n de medicamentos | MJHS Health System<\/title>\n<meta name=\"description\" content=\"La administraci\u00f3n segura y eficaz de medicamentos est\u00e1 a su disposici\u00f3n para garantizar un uso adecuado, evitar interacciones perjudiciales y apoyar su salud con una atenci\u00f3n experta en casa o en centros especializados.\" \/>\n<meta name=\"robots\" content=\"index, follow, max-snippet:-1, max-image-preview:large, max-video-preview:-1\" \/>\n<link rel=\"canonical\" href=\"https:\/\/www.mjhs.org\/es\/long-term-care\/medication-management\/\" \/>\n<meta property=\"og:locale\" content=\"es_MX\" \/>\n<meta property=\"og:type\" content=\"article\" \/>\n<meta property=\"og:title\" content=\"Administraci\u00f3n de medicamentos | MJHS Health System\" \/>\n<meta property=\"og:description\" content=\"La administraci\u00f3n segura y eficaz de medicamentos est\u00e1 a su disposici\u00f3n para garantizar un uso adecuado, evitar interacciones perjudiciales y apoyar su salud con una atenci\u00f3n experta en casa o en centros especializados.\" \/>\n<meta property=\"og:url\" content=\"https:\/\/www.mjhs.org\/long-term-care\/medication-management\/\" \/>\n<meta property=\"og:site_name\" content=\"MJHS Health System\" \/>\n<meta property=\"article:publisher\" content=\"https:\/\/www.facebook.com\/MJHS01\/\" \/>\n<meta property=\"article:modified_time\" content=\"2025-09-09T01:59:36+00:00\" \/>\n<meta name=\"twitter:card\" content=\"summary_large_image\" \/>\n<meta name=\"twitter:site\" content=\"@MJHS01\" \/>\n<script type=\"application\/ld+json\" class=\"yoast-schema-graph\">{\"@context\":\"https:\\\/\\\/schema.org\",\"@graph\":[{\"@type\":\"WebPage\",\"@id\":\"https:\\\/\\\/www.mjhs.org\\\/long-term-care\\\/medication-management\\\/\",\"url\":\"https:\\\/\\\/www.mjhs.org\\\/long-term-care\\\/medication-management\\\/\",\"name\":\"Administraci\u00f3n de medicamentos | MJHS Health System\",\"isPartOf\":{\"@id\":\"https:\\\/\\\/www.mjhs.org\\\/#website\"},\"primaryImageOfPage\":{\"@id\":\"https:\\\/\\\/www.mjhs.org\\\/long-term-care\\\/medication-management\\\/#primaryimage\"},\"image\":{\"@id\":\"https:\\\/\\\/www.mjhs.org\\\/long-term-care\\\/medication-management\\\/#primaryimage\"},\"thumbnailUrl\":\"https:\\\/\\\/mjhs.imgix.net\\\/2025\\\/02\\\/patient-and-nurse-discussing-medication.jpg?fm=pjpg\",\"datePublished\":\"2025-02-17T17:53:41+00:00\",\"dateModified\":\"2025-09-09T01:59:36+00:00\",\"description\":\"La administraci\u00f3n segura y eficaz de medicamentos est\u00e1 a su disposici\u00f3n para garantizar un uso adecuado, evitar interacciones perjudiciales y apoyar su salud con una atenci\u00f3n experta en casa o en centros especializados.\",\"breadcrumb\":{\"@id\":\"https:\\\/\\\/www.mjhs.org\\\/long-term-care\\\/medication-management\\\/#breadcrumb\"},\"inLanguage\":\"es\",\"potentialAction\":[{\"@type\":\"ReadAction\",\"target\":[\"https:\\\/\\\/www.mjhs.org\\\/long-term-care\\\/medication-management\\\/\"]}]},{\"@type\":\"ImageObject\",\"inLanguage\":\"es\",\"@id\":\"https:\\\/\\\/www.mjhs.org\\\/long-term-care\\\/medication-management\\\/#primaryimage\",\"url\":\"https:\\\/\\\/mjhs.imgix.net\\\/2025\\\/02\\\/patient-and-nurse-discussing-medication.jpg?fm=pjpg\",\"contentUrl\":\"https:\\\/\\\/mjhs.imgix.net\\\/2025\\\/02\\\/patient-and-nurse-discussing-medication.jpg?fm=pjpg\",\"width\":1400,\"height\":934,\"caption\":\"Caring, Latin descent home healthcare nurse discusses prescription medications with African descent senior adult patient at home, assisted living, or nursing home setting. She holds a clipboard as she explains the medication information. Kitchen background.\"},{\"@type\":\"BreadcrumbList\",\"@id\":\"https:\\\/\\\/www.mjhs.org\\\/long-term-care\\\/medication-management\\\/#breadcrumb\",\"itemListElement\":[{\"@type\":\"ListItem\",\"position\":1,\"name\":\"Home\",\"item\":\"https:\\\/\\\/www.mjhs.org\\\/\"},{\"@type\":\"ListItem\",\"position\":2,\"name\":\"Long-Term Care\",\"item\":\"https:\\\/\\\/www.mjhs.org\\\/long-term-care\\\/\"},{\"@type\":\"ListItem\",\"position\":3,\"name\":\"Medication Management\"}]},{\"@type\":\"WebSite\",\"@id\":\"https:\\\/\\\/www.mjhs.org\\\/#website\",\"url\":\"https:\\\/\\\/www.mjhs.org\\\/\",\"name\":\"MJHS Health System\",\"description\":\"Abriendo el Camino Hacia un Cuidado de Excelencia\",\"publisher\":{\"@id\":\"https:\\\/\\\/www.mjhs.org\\\/#organization\"},\"potentialAction\":[{\"@type\":\"SearchAction\",\"target\":{\"@type\":\"EntryPoint\",\"urlTemplate\":\"https:\\\/\\\/www.mjhs.org\\\/?s={search_term_string}\"},\"query-input\":{\"@type\":\"PropertyValueSpecification\",\"valueRequired\":true,\"valueName\":\"search_term_string\"}}],\"inLanguage\":\"es\"},{\"@type\":\"Organization\",\"@id\":\"https:\\\/\\\/www.mjhs.org\\\/#organization\",\"name\":\"MJHS Health System\",\"url\":\"https:\\\/\\\/www.mjhs.org\\\/\",\"logo\":{\"@type\":\"ImageObject\",\"inLanguage\":\"es\",\"@id\":\"https:\\\/\\\/www.mjhs.org\\\/#\\\/schema\\\/logo\\\/image\\\/\",\"url\":\"\\\/wp-content\\\/uploads\\\/2019\\\/07\\\/mjhs_logo_for_SEO.png\",\"contentUrl\":\"\\\/wp-content\\\/uploads\\\/2019\\\/07\\\/mjhs_logo_for_SEO.png\",\"width\":700,\"height\":296,\"caption\":\"MJHS Health System\"},\"image\":{\"@id\":\"https:\\\/\\\/www.mjhs.org\\\/#\\\/schema\\\/logo\\\/image\\\/\"},\"sameAs\":[\"https:\\\/\\\/www.facebook.com\\\/MJHS01\\\/\",\"https:\\\/\\\/x.com\\\/MJHS01\"]}]}<\/script>","yoast_head_json":{"title":"Administraci\u00f3n de medicamentos | MJHS Health System","description":"La administraci\u00f3n segura y eficaz de medicamentos est\u00e1 a su disposici\u00f3n para garantizar un uso adecuado, evitar interacciones perjudiciales y apoyar su salud con una atenci\u00f3n experta en casa o en centros especializados.","robots":{"index":"index","follow":"follow","max-snippet":"max-snippet:-1","max-image-preview":"max-image-preview:large","max-video-preview":"max-video-preview:-1"},"canonical":"https:\/\/www.mjhs.org\/es\/long-term-care\/medication-management\/","og_locale":"es_MX","og_type":"article","og_title":"Administraci\u00f3n de medicamentos | MJHS Health System","og_description":"La administraci\u00f3n segura y eficaz de medicamentos est\u00e1 a su disposici\u00f3n para garantizar un uso adecuado, evitar interacciones perjudiciales y apoyar su salud con una atenci\u00f3n experta en casa o en centros especializados.","og_url":"https:\/\/www.mjhs.org\/long-term-care\/medication-management\/","og_site_name":"MJHS Health System","article_publisher":"https:\/\/www.facebook.com\/MJHS01\/","article_modified_time":"2025-09-09T01:59:36+00:00","twitter_card":"summary_large_image","twitter_site":"@MJHS01","schema":{"@context":"https:\/\/schema.org","@graph":[{"@type":"WebPage","@id":"https:\/\/www.mjhs.org\/long-term-care\/medication-management\/","url":"https:\/\/www.mjhs.org\/long-term-care\/medication-management\/","name":"Administraci\u00f3n de medicamentos | MJHS Health System","isPartOf":{"@id":"https:\/\/www.mjhs.org\/#website"},"primaryImageOfPage":{"@id":"https:\/\/www.mjhs.org\/long-term-care\/medication-management\/#primaryimage"},"image":{"@id":"https:\/\/www.mjhs.org\/long-term-care\/medication-management\/#primaryimage"},"thumbnailUrl":"https:\/\/mjhs.imgix.net\/2025\/02\/patient-and-nurse-discussing-medication.jpg?fm=pjpg","datePublished":"2025-02-17T17:53:41+00:00","dateModified":"2025-09-09T01:59:36+00:00","description":"La administraci\u00f3n segura y eficaz de medicamentos est\u00e1 a su disposici\u00f3n para garantizar un uso adecuado, evitar interacciones perjudiciales y apoyar su salud con una atenci\u00f3n experta en casa o en centros especializados.","breadcrumb":{"@id":"https:\/\/www.mjhs.org\/long-term-care\/medication-management\/#breadcrumb"},"inLanguage":"es","potentialAction":[{"@type":"ReadAction","target":["https:\/\/www.mjhs.org\/long-term-care\/medication-management\/"]}]},{"@type":"ImageObject","inLanguage":"es","@id":"https:\/\/www.mjhs.org\/long-term-care\/medication-management\/#primaryimage","url":"https:\/\/mjhs.imgix.net\/2025\/02\/patient-and-nurse-discussing-medication.jpg?fm=pjpg","contentUrl":"https:\/\/mjhs.imgix.net\/2025\/02\/patient-and-nurse-discussing-medication.jpg?fm=pjpg","width":1400,"height":934,"caption":"Caring, Latin descent home healthcare nurse discusses prescription medications with African descent senior adult patient at home, assisted living, or nursing home setting. She holds a clipboard as she explains the medication information. Kitchen background."},{"@type":"BreadcrumbList","@id":"https:\/\/www.mjhs.org\/long-term-care\/medication-management\/#breadcrumb","itemListElement":[{"@type":"ListItem","position":1,"name":"Home","item":"https:\/\/www.mjhs.org\/"},{"@type":"ListItem","position":2,"name":"Long-Term Care","item":"https:\/\/www.mjhs.org\/long-term-care\/"},{"@type":"ListItem","position":3,"name":"Medication Management"}]},{"@type":"WebSite","@id":"https:\/\/www.mjhs.org\/#website","url":"https:\/\/www.mjhs.org\/","name":"MJHS Health System","description":"Abriendo el Camino Hacia un Cuidado de Excelencia","publisher":{"@id":"https:\/\/www.mjhs.org\/#organization"},"potentialAction":[{"@type":"SearchAction","target":{"@type":"EntryPoint","urlTemplate":"https:\/\/www.mjhs.org\/?s={search_term_string}"},"query-input":{"@type":"PropertyValueSpecification","valueRequired":true,"valueName":"search_term_string"}}],"inLanguage":"es"},{"@type":"Organization","@id":"https:\/\/www.mjhs.org\/#organization","name":"MJHS Health System","url":"https:\/\/www.mjhs.org\/","logo":{"@type":"ImageObject","inLanguage":"es","@id":"https:\/\/www.mjhs.org\/#\/schema\/logo\/image\/","url":"\/wp-content\/uploads\/2019\/07\/mjhs_logo_for_SEO.png","contentUrl":"\/wp-content\/uploads\/2019\/07\/mjhs_logo_for_SEO.png","width":700,"height":296,"caption":"MJHS Health System"},"image":{"@id":"https:\/\/www.mjhs.org\/#\/schema\/logo\/image\/"},"sameAs":["https:\/\/www.facebook.com\/MJHS01\/","https:\/\/x.com\/MJHS01"]}]}},"jetpack_sharing_enabled":true,"_links":{"self":[{"href":"https:\/\/www.mjhs.org\/es\/wp-json\/wp\/v2\/pages\/75963","targetHints":{"allow":["GET"]}}],"collection":[{"href":"https:\/\/www.mjhs.org\/es\/wp-json\/wp\/v2\/pages"}],"about":[{"href":"https:\/\/www.mjhs.org\/es\/wp-json\/wp\/v2\/types\/page"}],"author":[{"embeddable":true,"href":"https:\/\/www.mjhs.org\/es\/wp-json\/wp\/v2\/users\/20"}],"replies":[{"embeddable":true,"href":"https:\/\/www.mjhs.org\/es\/wp-json\/wp\/v2\/comments?post=75963"}],"version-history":[{"count":0,"href":"https:\/\/www.mjhs.org\/es\/wp-json\/wp\/v2\/pages\/75963\/revisions"}],"up":[{"embeddable":true,"href":"https:\/\/www.mjhs.org\/es\/wp-json\/wp\/v2\/pages\/101"}],"wp:featuredmedia":[{"embeddable":true,"href":"https:\/\/www.mjhs.org\/es\/wp-json\/wp\/v2\/media\/76023"}],"wp:attachment":[{"href":"https:\/\/www.mjhs.org\/es\/wp-json\/wp\/v2\/media?parent=75963"}],"wp:term":[{"taxonomy":"category","embeddable":true,"href":"https:\/\/www.mjhs.org\/es\/wp-json\/wp\/v2\/categories?post=75963"}],"curies":[{"name":"wp","href":"https:\/\/api.w.org\/{rel}","templated":true}]}}