{"id":75995,"date":"2025-02-19T14:29:25","date_gmt":"2025-02-19T19:29:25","guid":{"rendered":"https:\/\/mjhs1.wpengine.com\/?page_id=75995"},"modified":"2025-09-08T14:53:33","modified_gmt":"2025-09-08T18:53:33","slug":"healthcare-professionals","status":"publish","type":"page","link":"https:\/\/www.mjhs.org\/es\/profesionales-de-la-salud\/","title":{"rendered":"Profesionales de la salud"},"content":{"rendered":"<div class=\"fifty-fifty-columns \">\n  <div class=\"column column--right column--default\">\n    <div class=\"column__image\">\n      <img decoding=\"async\"\n                  class=\"image-aspect-ratio-16-9\"\n                src=\"https:\/\/mjhs.imgix.net\/2025\/01\/palliative-care-doctor-with-patient.jpg?fm=pjpg\" alt=\"A palliative care doctor smiles while reviewing notes with a senior patient, fostering trust and collaboration during care.\"\n      >\n    <\/div>\n    <div class=\"column__content\">\n      <h2>Proporciona a sus pacientes una atenci\u00f3n excepcional<\/h2>      <p>En el Sistema de Salud de MJHS, entendemos que derivar a sus pacientes al proveedor de atenci\u00f3n adecuado es esencial para su bienestar. Como uno de los sistemas de salud sin fines de lucro m\u00e1s grandes de New York, estamos comprometidos a brindar atenci\u00f3n compasiva y de alta calidad en servicios de hospicio, atenci\u00f3n domiciliaria, cuidados paliativos, rehabilitaci\u00f3n y enfermer\u00eda especializada. Nuestro equipo especializado colabora estrechamente con los proveedores para garantizar transiciones sin problemas, planes de tratamiento personalizados y apoyo integral para los pacientes y sus familias. Cuando hace remisiones a MJHS, puede confiar en que sus pacientes recibir\u00e1n atenci\u00f3n experta y centrada en el paciente adaptada a sus necesidades \u00fanicas.<\/p>\n          <\/div>\n  <\/div>\n<\/div>\n\n\n\n\n<h2 class=\"wp-block-heading\" id=\"h-mas-informacion-sobre-como-hacer-una-remision-a-mjhs\">M\u00e1s informaci\u00f3n sobre c\u00f3mo hacer una remisi\u00f3n a MJHS<\/h2>\n\n\n<div class=\"fifty-fifty-columns \">\n  <div class=\"column column--left column--card\">\n    <div class=\"column__image\">\n      <img decoding=\"async\"\n                  class=\"image-aspect-ratio-16-9\"\n                src=\"https:\/\/mjhs.imgix.net\/2025\/01\/palliative-care-patient-with-nurse-practitioner.jpg?fm=pjpg\" alt=\"A nurse practitioner reviews information on a tablet with a senior patient, fostering understanding and personalized care.\"\n      >\n    <\/div>\n    <div class=\"column__content\">\n      <h3>Atenci\u00f3n en el hogar<\/h3>      <p>Obtenga m\u00e1s informaci\u00f3n sobre c\u00f3mo solicitar una consulta de atenci\u00f3n en el hogar para su paciente a trav\u00e9s de Cuidados en el hogar de MJHS.<\/p>\n              <a href=\"\/es\/healthcare-professionals\/home-care\/\">Solicitar una evaluaci\u00f3n para Cuidados en el hogar<\/a>\n          <\/div>\n  <\/div>\n<\/div>\n\n\n\n<div class=\"fifty-fifty-columns \">\n  <div class=\"column column--right column--card\">\n    <div class=\"column__image\">\n      <img decoding=\"async\"\n                  class=\"image-aspect-ratio-16-9\"\n                src=\"https:\/\/mjhs.imgix.net\/2025\/04\/doctor-with-patient-in-office-taking-notes.jpg?fm=pjpg\" alt=\"male doctor in office smiles as he speaks with elderly patient and take notes\"\n      >\n    <\/div>\n    <div class=\"column__content\">\n      <h3>Hospicio<\/h3>      <p>Informaci\u00f3n sobre c\u00f3mo hacer una remisi\u00f3n a Hospicio de MJHS.<\/p>\n              <a href=\"\/es\/healthcare-professionals\/hospice\/\">Solicitar una remisi\u00f3n a un hospicio<\/a>\n          <\/div>\n  <\/div>\n<\/div>\n\n\n\n<div class=\"intro-text\">\n      <h2>Acceda a un portal de proveedores<\/h2>\n      <div class=\"intro-text__buttons\">\n              <a href=\"https:\/\/physiciansportal.mjhs.org\/\">Portal de Cuidados en el hogar<\/a>\n              <a href=\"https:\/\/hospiceportal.mjhs.org\/\">Portal de hospicio<\/a>\n          <\/div>\n  <\/div>\n","protected":false},"excerpt":{"rendered":"<p>M\u00e1s informaci\u00f3n sobre c\u00f3mo hacer una remisi\u00f3n a MJHS<\/p>\n","protected":false},"author":20,"featured_media":75040,"parent":0,"menu_order":0,"comment_status":"closed","ping_status":"closed","template":"page-overview.php","meta":{"_acf_changed":false,"footnotes":""},"categories":[],"class_list":["post-75995","page","type-page","status-publish","has-post-thumbnail","hentry"],"translation":{"provider":"WPGlobus","version":"3.0.2","language":"es","enabled_languages":["en","es"],"languages":{"en":{"title":true,"content":true,"excerpt":false},"es":{"title":true,"content":true,"excerpt":false}}},"acf":[],"yoast_head":"<title>Profesionales de la salud | MJHS Health System<\/title>\n<meta name=\"description\" content=\"Recursos y apoyo para los profesionales de atenci\u00f3n m\u00e9dica que colaboran con el Sistema de Salud de MJHS, incluidas herramientas de remisi\u00f3n, detalles del programa y oportunidades de colaboraci\u00f3n cl\u00ednica.\" \/>\n<meta name=\"robots\" content=\"index, follow, max-snippet:-1, max-image-preview:large, max-video-preview:-1\" \/>\n<link rel=\"canonical\" href=\"https:\/\/www.mjhs.org\/es\/healthcare-professionals\/\" \/>\n<meta property=\"og:locale\" content=\"es_MX\" \/>\n<meta property=\"og:type\" content=\"article\" \/>\n<meta property=\"og:title\" content=\"Profesionales de la salud | MJHS Health System\" \/>\n<meta property=\"og:description\" content=\"Recursos y apoyo para los profesionales de atenci\u00f3n m\u00e9dica que colaboran con el Sistema de Salud de MJHS, incluidas herramientas de remisi\u00f3n, detalles del programa y oportunidades de colaboraci\u00f3n cl\u00ednica.\" \/>\n<meta property=\"og:url\" content=\"https:\/\/www.mjhs.org\/healthcare-professionals\/\" \/>\n<meta property=\"og:site_name\" content=\"MJHS Health System\" \/>\n<meta property=\"article:publisher\" content=\"https:\/\/www.facebook.com\/MJHS01\/\" \/>\n<meta property=\"article:modified_time\" content=\"2025-09-08T18:53:33+00:00\" \/>\n<meta name=\"twitter:card\" content=\"summary_large_image\" \/>\n<meta name=\"twitter:site\" content=\"@MJHS01\" \/>\n<script type=\"application\/ld+json\" class=\"yoast-schema-graph\">{\"@context\":\"https:\\\/\\\/schema.org\",\"@graph\":[{\"@type\":\"WebPage\",\"@id\":\"https:\\\/\\\/www.mjhs.org\\\/healthcare-professionals\\\/\",\"url\":\"https:\\\/\\\/www.mjhs.org\\\/healthcare-professionals\\\/\",\"name\":\"Profesionales de la salud | MJHS Health System\",\"isPartOf\":{\"@id\":\"https:\\\/\\\/www.mjhs.org\\\/#website\"},\"primaryImageOfPage\":{\"@id\":\"https:\\\/\\\/www.mjhs.org\\\/healthcare-professionals\\\/#primaryimage\"},\"image\":{\"@id\":\"https:\\\/\\\/www.mjhs.org\\\/healthcare-professionals\\\/#primaryimage\"},\"thumbnailUrl\":\"https:\\\/\\\/mjhs.imgix.net\\\/2025\\\/01\\\/team-of-doctors-and-nurses.jpg?fm=pjpg\",\"datePublished\":\"2025-02-19T19:29:25+00:00\",\"dateModified\":\"2025-09-08T18:53:33+00:00\",\"description\":\"Recursos y apoyo para los profesionales de atenci\u00f3n m\u00e9dica que colaboran con el Sistema de Salud de MJHS, incluidas herramientas de remisi\u00f3n, detalles del programa y oportunidades de colaboraci\u00f3n cl\u00ednica.\",\"breadcrumb\":{\"@id\":\"https:\\\/\\\/www.mjhs.org\\\/healthcare-professionals\\\/#breadcrumb\"},\"inLanguage\":\"es\",\"potentialAction\":[{\"@type\":\"ReadAction\",\"target\":[\"https:\\\/\\\/www.mjhs.org\\\/healthcare-professionals\\\/\"]}]},{\"@type\":\"ImageObject\",\"inLanguage\":\"es\",\"@id\":\"https:\\\/\\\/www.mjhs.org\\\/healthcare-professionals\\\/#primaryimage\",\"url\":\"https:\\\/\\\/mjhs.imgix.net\\\/2025\\\/01\\\/team-of-doctors-and-nurses.jpg?fm=pjpg\",\"contentUrl\":\"https:\\\/\\\/mjhs.imgix.net\\\/2025\\\/01\\\/team-of-doctors-and-nurses.jpg?fm=pjpg\",\"width\":2800,\"height\":934,\"caption\":\"A small group of four medical professionals sit around a boardroom table as they meet to discuss patient cases. They are each dressed professionally in scrubs and lab coats as they focus on working together.\"},{\"@type\":\"BreadcrumbList\",\"@id\":\"https:\\\/\\\/www.mjhs.org\\\/healthcare-professionals\\\/#breadcrumb\",\"itemListElement\":[{\"@type\":\"ListItem\",\"position\":1,\"name\":\"Home\",\"item\":\"https:\\\/\\\/www.mjhs.org\\\/\"},{\"@type\":\"ListItem\",\"position\":2,\"name\":\"Health Care Professionals\"}]},{\"@type\":\"WebSite\",\"@id\":\"https:\\\/\\\/www.mjhs.org\\\/#website\",\"url\":\"https:\\\/\\\/www.mjhs.org\\\/\",\"name\":\"MJHS Health System\",\"description\":\"Abriendo el Camino Hacia un Cuidado de Excelencia\",\"publisher\":{\"@id\":\"https:\\\/\\\/www.mjhs.org\\\/#organization\"},\"potentialAction\":[{\"@type\":\"SearchAction\",\"target\":{\"@type\":\"EntryPoint\",\"urlTemplate\":\"https:\\\/\\\/www.mjhs.org\\\/?s={search_term_string}\"},\"query-input\":{\"@type\":\"PropertyValueSpecification\",\"valueRequired\":true,\"valueName\":\"search_term_string\"}}],\"inLanguage\":\"es\"},{\"@type\":\"Organization\",\"@id\":\"https:\\\/\\\/www.mjhs.org\\\/#organization\",\"name\":\"MJHS Health System\",\"url\":\"https:\\\/\\\/www.mjhs.org\\\/\",\"logo\":{\"@type\":\"ImageObject\",\"inLanguage\":\"es\",\"@id\":\"https:\\\/\\\/www.mjhs.org\\\/#\\\/schema\\\/logo\\\/image\\\/\",\"url\":\"\\\/wp-content\\\/uploads\\\/2019\\\/07\\\/mjhs_logo_for_SEO.png\",\"contentUrl\":\"\\\/wp-content\\\/uploads\\\/2019\\\/07\\\/mjhs_logo_for_SEO.png\",\"width\":700,\"height\":296,\"caption\":\"MJHS Health System\"},\"image\":{\"@id\":\"https:\\\/\\\/www.mjhs.org\\\/#\\\/schema\\\/logo\\\/image\\\/\"},\"sameAs\":[\"https:\\\/\\\/www.facebook.com\\\/MJHS01\\\/\",\"https:\\\/\\\/x.com\\\/MJHS01\"]}]}<\/script>","yoast_head_json":{"title":"Profesionales de la salud | MJHS Health System","description":"Recursos y apoyo para los profesionales de atenci\u00f3n m\u00e9dica que colaboran con el Sistema de Salud de MJHS, incluidas herramientas de remisi\u00f3n, detalles del programa y oportunidades de colaboraci\u00f3n cl\u00ednica.","robots":{"index":"index","follow":"follow","max-snippet":"max-snippet:-1","max-image-preview":"max-image-preview:large","max-video-preview":"max-video-preview:-1"},"canonical":"https:\/\/www.mjhs.org\/es\/healthcare-professionals\/","og_locale":"es_MX","og_type":"article","og_title":"Profesionales de la salud | MJHS Health System","og_description":"Recursos y apoyo para los profesionales de atenci\u00f3n m\u00e9dica que colaboran con el Sistema de Salud de MJHS, incluidas herramientas de remisi\u00f3n, detalles del programa y oportunidades de colaboraci\u00f3n cl\u00ednica.","og_url":"https:\/\/www.mjhs.org\/healthcare-professionals\/","og_site_name":"MJHS Health System","article_publisher":"https:\/\/www.facebook.com\/MJHS01\/","article_modified_time":"2025-09-08T18:53:33+00:00","twitter_card":"summary_large_image","twitter_site":"@MJHS01","schema":{"@context":"https:\/\/schema.org","@graph":[{"@type":"WebPage","@id":"https:\/\/www.mjhs.org\/healthcare-professionals\/","url":"https:\/\/www.mjhs.org\/healthcare-professionals\/","name":"Profesionales de la salud | MJHS Health System","isPartOf":{"@id":"https:\/\/www.mjhs.org\/#website"},"primaryImageOfPage":{"@id":"https:\/\/www.mjhs.org\/healthcare-professionals\/#primaryimage"},"image":{"@id":"https:\/\/www.mjhs.org\/healthcare-professionals\/#primaryimage"},"thumbnailUrl":"https:\/\/mjhs.imgix.net\/2025\/01\/team-of-doctors-and-nurses.jpg?fm=pjpg","datePublished":"2025-02-19T19:29:25+00:00","dateModified":"2025-09-08T18:53:33+00:00","description":"Recursos y apoyo para los profesionales de atenci\u00f3n m\u00e9dica que colaboran con el Sistema de Salud de MJHS, incluidas herramientas de remisi\u00f3n, detalles del programa y oportunidades de colaboraci\u00f3n cl\u00ednica.","breadcrumb":{"@id":"https:\/\/www.mjhs.org\/healthcare-professionals\/#breadcrumb"},"inLanguage":"es","potentialAction":[{"@type":"ReadAction","target":["https:\/\/www.mjhs.org\/healthcare-professionals\/"]}]},{"@type":"ImageObject","inLanguage":"es","@id":"https:\/\/www.mjhs.org\/healthcare-professionals\/#primaryimage","url":"https:\/\/mjhs.imgix.net\/2025\/01\/team-of-doctors-and-nurses.jpg?fm=pjpg","contentUrl":"https:\/\/mjhs.imgix.net\/2025\/01\/team-of-doctors-and-nurses.jpg?fm=pjpg","width":2800,"height":934,"caption":"A small group of four medical professionals sit around a boardroom table as they meet to discuss patient cases. They are each dressed professionally in scrubs and lab coats as they focus on working together."},{"@type":"BreadcrumbList","@id":"https:\/\/www.mjhs.org\/healthcare-professionals\/#breadcrumb","itemListElement":[{"@type":"ListItem","position":1,"name":"Home","item":"https:\/\/www.mjhs.org\/"},{"@type":"ListItem","position":2,"name":"Health Care Professionals"}]},{"@type":"WebSite","@id":"https:\/\/www.mjhs.org\/#website","url":"https:\/\/www.mjhs.org\/","name":"MJHS Health System","description":"Abriendo el Camino Hacia un Cuidado de Excelencia","publisher":{"@id":"https:\/\/www.mjhs.org\/#organization"},"potentialAction":[{"@type":"SearchAction","target":{"@type":"EntryPoint","urlTemplate":"https:\/\/www.mjhs.org\/?s={search_term_string}"},"query-input":{"@type":"PropertyValueSpecification","valueRequired":true,"valueName":"search_term_string"}}],"inLanguage":"es"},{"@type":"Organization","@id":"https:\/\/www.mjhs.org\/#organization","name":"MJHS Health System","url":"https:\/\/www.mjhs.org\/","logo":{"@type":"ImageObject","inLanguage":"es","@id":"https:\/\/www.mjhs.org\/#\/schema\/logo\/image\/","url":"\/wp-content\/uploads\/2019\/07\/mjhs_logo_for_SEO.png","contentUrl":"\/wp-content\/uploads\/2019\/07\/mjhs_logo_for_SEO.png","width":700,"height":296,"caption":"MJHS Health System"},"image":{"@id":"https:\/\/www.mjhs.org\/#\/schema\/logo\/image\/"},"sameAs":["https:\/\/www.facebook.com\/MJHS01\/","https:\/\/x.com\/MJHS01"]}]}},"jetpack_sharing_enabled":true,"_links":{"self":[{"href":"https:\/\/www.mjhs.org\/es\/wp-json\/wp\/v2\/pages\/75995","targetHints":{"allow":["GET"]}}],"collection":[{"href":"https:\/\/www.mjhs.org\/es\/wp-json\/wp\/v2\/pages"}],"about":[{"href":"https:\/\/www.mjhs.org\/es\/wp-json\/wp\/v2\/types\/page"}],"author":[{"embeddable":true,"href":"https:\/\/www.mjhs.org\/es\/wp-json\/wp\/v2\/users\/20"}],"replies":[{"embeddable":true,"href":"https:\/\/www.mjhs.org\/es\/wp-json\/wp\/v2\/comments?post=75995"}],"version-history":[{"count":0,"href":"https:\/\/www.mjhs.org\/es\/wp-json\/wp\/v2\/pages\/75995\/revisions"}],"wp:featuredmedia":[{"embeddable":true,"href":"https:\/\/www.mjhs.org\/es\/wp-json\/wp\/v2\/media\/75040"}],"wp:attachment":[{"href":"https:\/\/www.mjhs.org\/es\/wp-json\/wp\/v2\/media?parent=75995"}],"wp:term":[{"taxonomy":"category","embeddable":true,"href":"https:\/\/www.mjhs.org\/es\/wp-json\/wp\/v2\/categories?post=75995"}],"curies":[{"name":"wp","href":"https:\/\/api.w.org\/{rel}","templated":true}]}}