{"id":76024,"date":"2025-02-20T15:08:29","date_gmt":"2025-02-20T20:08:29","guid":{"rendered":"https:\/\/mjhs1.wpengine.com\/?page_id=76024"},"modified":"2025-09-08T21:59:01","modified_gmt":"2025-09-09T01:59:01","slug":"long-term-care-at-home","status":"publish","type":"page","link":"https:\/\/www.mjhs.org\/es\/atenci%C3%B3n-a-largo-plazo\/cuidados-a-largo-plazo-en-el-hogar\/","title":{"rendered":"Atenci\u00f3n a largo plazo en el hogar"},"content":{"rendered":"\n<p>Si usted o un ser querido necesita asistencia con las actividades de la vida diaria, la coordinaci\u00f3n de la atenci\u00f3n y el manejo de los medicamentos para permanecer de manera segura en su hogar, y tiene o es elegible para Medicare y Medicaid o solo Medicaid, nuestra agencia participante, Elderplan\/HomeFirst, ofrece dos opciones de planes de atenci\u00f3n a largo plazo que pueden ayudarlo a lograr ese objetivo.<\/p>\n\n\n\n<p><a href=\"https:\/\/www.elderplan.org\/medicare-advantage-plan-options\/long-term-care-plan-options\/\">Obtenga m\u00e1s informaci\u00f3n sobre las opciones de planes de atenci\u00f3n a largo plazo<\/a><\/p>\n\n\n<div class=\"fifty-fifty-columns \">\n  <div class=\"column column--left column--card\">\n    <div class=\"column__image\">\n      <img decoding=\"async\"\n                  class=\"image-aspect-ratio-16-9\"\n                src=\"https:\/\/mjhs.imgix.net\/2023\/09\/ENG_LTC2024.jpg?fm=pjpg\" alt=\"A nurse in magenta scrubs sits on a couch with an older patient and hands him a cup of tea\"\n      >\n    <\/div>\n    <div class=\"column__content\">\n      <h3>Elderplan Plus Long-Term Care (HMO-POS D-SNP)<\/h3>      <p>Cubre servicios m\u00e9dicos, hospitalarios, medicamentos con receta y atenci\u00f3n a largo plazo en un solo plan conveniente.<\/p>\n              <a href=\"https:\/\/www.elderplan.org\/medicare-advantage-plan-options\/2025-options\/2025-elderplan-plus-long-term-care\/\">Obtenga m\u00e1s informaci\u00f3n sobre la atenci\u00f3n a largo plazo de Elderplan<\/a>\n          <\/div>\n  <\/div>\n<\/div>\n\n\n\n<div class=\"fifty-fifty-columns mb-0\">\n  <div class=\"column column--left column--card\">\n    <div class=\"column__image\">\n      <img decoding=\"async\"\n                  class=\"image-aspect-ratio-16-9\"\n                src=\"https:\/\/mjhs.imgix.net\/2023\/09\/homefirst_615x409.jpg?fm=pjpg\" alt=\"A smiling nurse in blue scrubs assists an older woman in a bathrobe in front of a mirror, providing support in a bathroom.\"\n      >\n    <\/div>\n    <div class=\"column__content\">\n      <h3>HomeFirst Plan de Atenci\u00f3n Administrada a Largo Plazo (MLTC)<\/h3>      <p>Dise\u00f1ada para personas que califican para Medicaid y que sufren de afecciones que requieren atenci\u00f3n continua en el hogar. Puede conservar sus coberturas m\u00e9dicas y de medicamentos con receta existentes.<\/p>\n              <a href=\"https:\/\/www.elderplan.org\/about-us\/homefirst-managed-long-term-care\/\">Conozca m\u00e1s sobre HomeFirst<\/a>\n          <\/div>\n  <\/div>\n<\/div>\n\n","protected":false},"excerpt":{"rendered":"<p>Si usted o un ser querido necesita asistencia con las actividades de la vida diaria, la coordinaci\u00f3n de la atenci\u00f3n y el manejo de los medicamentos para permanecer de manera [&hellip;]<\/p>\n","protected":false},"author":20,"featured_media":76025,"parent":101,"menu_order":0,"comment_status":"closed","ping_status":"closed","template":"page-sidebar.php","meta":{"_acf_changed":false,"footnotes":""},"categories":[],"class_list":["post-76024","page","type-page","status-publish","has-post-thumbnail","hentry"],"translation":{"provider":"WPGlobus","version":"3.0.2","language":"es","enabled_languages":["en","es"],"languages":{"en":{"title":true,"content":true,"excerpt":false},"es":{"title":true,"content":true,"excerpt":false}}},"acf":[],"yoast_head":"<title>Atenci\u00f3n a largo plazo en el hogar | MJHS Health System<\/title>\n<meta name=\"robots\" content=\"index, follow, max-snippet:-1, max-image-preview:large, max-video-preview:-1\" \/>\n<link rel=\"canonical\" href=\"https:\/\/www.mjhs.org\/es\/long-term-care\/long-term-care-at-home\/\" \/>\n<meta property=\"og:locale\" content=\"es_MX\" \/>\n<meta property=\"og:type\" content=\"article\" \/>\n<meta property=\"og:title\" content=\"Atenci\u00f3n a largo plazo en el hogar | MJHS Health System\" \/>\n<meta property=\"og:url\" content=\"https:\/\/www.mjhs.org\/long-term-care\/long-term-care-at-home\/\" \/>\n<meta property=\"og:site_name\" content=\"MJHS Health System\" \/>\n<meta property=\"article:publisher\" content=\"https:\/\/www.facebook.com\/MJHS01\/\" \/>\n<meta property=\"article:modified_time\" content=\"2025-09-09T01:59:01+00:00\" \/>\n<meta name=\"twitter:card\" content=\"summary_large_image\" \/>\n<meta name=\"twitter:site\" content=\"@MJHS01\" \/>\n<script type=\"application\/ld+json\" class=\"yoast-schema-graph\">{\"@context\":\"https:\\\/\\\/schema.org\",\"@graph\":[{\"@type\":\"WebPage\",\"@id\":\"https:\\\/\\\/www.mjhs.org\\\/long-term-care\\\/long-term-care-at-home\\\/\",\"url\":\"https:\\\/\\\/www.mjhs.org\\\/long-term-care\\\/long-term-care-at-home\\\/\",\"name\":\"Atenci\u00f3n a largo plazo en el hogar | MJHS Health System\",\"isPartOf\":{\"@id\":\"https:\\\/\\\/www.mjhs.org\\\/#website\"},\"primaryImageOfPage\":{\"@id\":\"https:\\\/\\\/www.mjhs.org\\\/long-term-care\\\/long-term-care-at-home\\\/#primaryimage\"},\"image\":{\"@id\":\"https:\\\/\\\/www.mjhs.org\\\/long-term-care\\\/long-term-care-at-home\\\/#primaryimage\"},\"thumbnailUrl\":\"https:\\\/\\\/mjhs.imgix.net\\\/2025\\\/02\\\/nurse-helping-patient-get-dressed.jpg?fm=pjpg\",\"datePublished\":\"2025-02-20T20:08:29+00:00\",\"dateModified\":\"2025-09-09T01:59:01+00:00\",\"breadcrumb\":{\"@id\":\"https:\\\/\\\/www.mjhs.org\\\/long-term-care\\\/long-term-care-at-home\\\/#breadcrumb\"},\"inLanguage\":\"es\",\"potentialAction\":[{\"@type\":\"ReadAction\",\"target\":[\"https:\\\/\\\/www.mjhs.org\\\/long-term-care\\\/long-term-care-at-home\\\/\"]}]},{\"@type\":\"ImageObject\",\"inLanguage\":\"es\",\"@id\":\"https:\\\/\\\/www.mjhs.org\\\/long-term-care\\\/long-term-care-at-home\\\/#primaryimage\",\"url\":\"https:\\\/\\\/mjhs.imgix.net\\\/2025\\\/02\\\/nurse-helping-patient-get-dressed.jpg?fm=pjpg\",\"contentUrl\":\"https:\\\/\\\/mjhs.imgix.net\\\/2025\\\/02\\\/nurse-helping-patient-get-dressed.jpg?fm=pjpg\",\"width\":1400,\"height\":934,\"caption\":\"A caregiver in blue scrubs helps an elderly man sitting on a bed put on his shoes, sharing a warm smile in a bright bedroom.\"},{\"@type\":\"BreadcrumbList\",\"@id\":\"https:\\\/\\\/www.mjhs.org\\\/long-term-care\\\/long-term-care-at-home\\\/#breadcrumb\",\"itemListElement\":[{\"@type\":\"ListItem\",\"position\":1,\"name\":\"Home\",\"item\":\"https:\\\/\\\/www.mjhs.org\\\/\"},{\"@type\":\"ListItem\",\"position\":2,\"name\":\"Long-Term Care\",\"item\":\"https:\\\/\\\/www.mjhs.org\\\/long-term-care\\\/\"},{\"@type\":\"ListItem\",\"position\":3,\"name\":\"Long-Term Care at Home\"}]},{\"@type\":\"WebSite\",\"@id\":\"https:\\\/\\\/www.mjhs.org\\\/#website\",\"url\":\"https:\\\/\\\/www.mjhs.org\\\/\",\"name\":\"MJHS Health System\",\"description\":\"Abriendo el Camino Hacia un Cuidado de Excelencia\",\"publisher\":{\"@id\":\"https:\\\/\\\/www.mjhs.org\\\/#organization\"},\"potentialAction\":[{\"@type\":\"SearchAction\",\"target\":{\"@type\":\"EntryPoint\",\"urlTemplate\":\"https:\\\/\\\/www.mjhs.org\\\/?s={search_term_string}\"},\"query-input\":{\"@type\":\"PropertyValueSpecification\",\"valueRequired\":true,\"valueName\":\"search_term_string\"}}],\"inLanguage\":\"es\"},{\"@type\":\"Organization\",\"@id\":\"https:\\\/\\\/www.mjhs.org\\\/#organization\",\"name\":\"MJHS Health System\",\"url\":\"https:\\\/\\\/www.mjhs.org\\\/\",\"logo\":{\"@type\":\"ImageObject\",\"inLanguage\":\"es\",\"@id\":\"https:\\\/\\\/www.mjhs.org\\\/#\\\/schema\\\/logo\\\/image\\\/\",\"url\":\"\\\/wp-content\\\/uploads\\\/2019\\\/07\\\/mjhs_logo_for_SEO.png\",\"contentUrl\":\"\\\/wp-content\\\/uploads\\\/2019\\\/07\\\/mjhs_logo_for_SEO.png\",\"width\":700,\"height\":296,\"caption\":\"MJHS Health System\"},\"image\":{\"@id\":\"https:\\\/\\\/www.mjhs.org\\\/#\\\/schema\\\/logo\\\/image\\\/\"},\"sameAs\":[\"https:\\\/\\\/www.facebook.com\\\/MJHS01\\\/\",\"https:\\\/\\\/x.com\\\/MJHS01\"]}]}<\/script>","yoast_head_json":{"title":"Atenci\u00f3n a largo plazo en el hogar | MJHS Health System","robots":{"index":"index","follow":"follow","max-snippet":"max-snippet:-1","max-image-preview":"max-image-preview:large","max-video-preview":"max-video-preview:-1"},"canonical":"https:\/\/www.mjhs.org\/es\/long-term-care\/long-term-care-at-home\/","og_locale":"es_MX","og_type":"article","og_title":"Atenci\u00f3n a largo plazo en el hogar | MJHS Health System","og_url":"https:\/\/www.mjhs.org\/long-term-care\/long-term-care-at-home\/","og_site_name":"MJHS Health System","article_publisher":"https:\/\/www.facebook.com\/MJHS01\/","article_modified_time":"2025-09-09T01:59:01+00:00","twitter_card":"summary_large_image","twitter_site":"@MJHS01","schema":{"@context":"https:\/\/schema.org","@graph":[{"@type":"WebPage","@id":"https:\/\/www.mjhs.org\/long-term-care\/long-term-care-at-home\/","url":"https:\/\/www.mjhs.org\/long-term-care\/long-term-care-at-home\/","name":"Atenci\u00f3n a largo plazo en el hogar | MJHS Health System","isPartOf":{"@id":"https:\/\/www.mjhs.org\/#website"},"primaryImageOfPage":{"@id":"https:\/\/www.mjhs.org\/long-term-care\/long-term-care-at-home\/#primaryimage"},"image":{"@id":"https:\/\/www.mjhs.org\/long-term-care\/long-term-care-at-home\/#primaryimage"},"thumbnailUrl":"https:\/\/mjhs.imgix.net\/2025\/02\/nurse-helping-patient-get-dressed.jpg?fm=pjpg","datePublished":"2025-02-20T20:08:29+00:00","dateModified":"2025-09-09T01:59:01+00:00","breadcrumb":{"@id":"https:\/\/www.mjhs.org\/long-term-care\/long-term-care-at-home\/#breadcrumb"},"inLanguage":"es","potentialAction":[{"@type":"ReadAction","target":["https:\/\/www.mjhs.org\/long-term-care\/long-term-care-at-home\/"]}]},{"@type":"ImageObject","inLanguage":"es","@id":"https:\/\/www.mjhs.org\/long-term-care\/long-term-care-at-home\/#primaryimage","url":"https:\/\/mjhs.imgix.net\/2025\/02\/nurse-helping-patient-get-dressed.jpg?fm=pjpg","contentUrl":"https:\/\/mjhs.imgix.net\/2025\/02\/nurse-helping-patient-get-dressed.jpg?fm=pjpg","width":1400,"height":934,"caption":"A caregiver in blue scrubs helps an elderly man sitting on a bed put on his shoes, sharing a warm smile in a bright bedroom."},{"@type":"BreadcrumbList","@id":"https:\/\/www.mjhs.org\/long-term-care\/long-term-care-at-home\/#breadcrumb","itemListElement":[{"@type":"ListItem","position":1,"name":"Home","item":"https:\/\/www.mjhs.org\/"},{"@type":"ListItem","position":2,"name":"Long-Term Care","item":"https:\/\/www.mjhs.org\/long-term-care\/"},{"@type":"ListItem","position":3,"name":"Long-Term Care at Home"}]},{"@type":"WebSite","@id":"https:\/\/www.mjhs.org\/#website","url":"https:\/\/www.mjhs.org\/","name":"MJHS Health System","description":"Abriendo el Camino Hacia un Cuidado de Excelencia","publisher":{"@id":"https:\/\/www.mjhs.org\/#organization"},"potentialAction":[{"@type":"SearchAction","target":{"@type":"EntryPoint","urlTemplate":"https:\/\/www.mjhs.org\/?s={search_term_string}"},"query-input":{"@type":"PropertyValueSpecification","valueRequired":true,"valueName":"search_term_string"}}],"inLanguage":"es"},{"@type":"Organization","@id":"https:\/\/www.mjhs.org\/#organization","name":"MJHS Health System","url":"https:\/\/www.mjhs.org\/","logo":{"@type":"ImageObject","inLanguage":"es","@id":"https:\/\/www.mjhs.org\/#\/schema\/logo\/image\/","url":"\/wp-content\/uploads\/2019\/07\/mjhs_logo_for_SEO.png","contentUrl":"\/wp-content\/uploads\/2019\/07\/mjhs_logo_for_SEO.png","width":700,"height":296,"caption":"MJHS Health System"},"image":{"@id":"https:\/\/www.mjhs.org\/#\/schema\/logo\/image\/"},"sameAs":["https:\/\/www.facebook.com\/MJHS01\/","https:\/\/x.com\/MJHS01"]}]}},"jetpack_sharing_enabled":true,"_links":{"self":[{"href":"https:\/\/www.mjhs.org\/es\/wp-json\/wp\/v2\/pages\/76024","targetHints":{"allow":["GET"]}}],"collection":[{"href":"https:\/\/www.mjhs.org\/es\/wp-json\/wp\/v2\/pages"}],"about":[{"href":"https:\/\/www.mjhs.org\/es\/wp-json\/wp\/v2\/types\/page"}],"author":[{"embeddable":true,"href":"https:\/\/www.mjhs.org\/es\/wp-json\/wp\/v2\/users\/20"}],"replies":[{"embeddable":true,"href":"https:\/\/www.mjhs.org\/es\/wp-json\/wp\/v2\/comments?post=76024"}],"version-history":[{"count":0,"href":"https:\/\/www.mjhs.org\/es\/wp-json\/wp\/v2\/pages\/76024\/revisions"}],"up":[{"embeddable":true,"href":"https:\/\/www.mjhs.org\/es\/wp-json\/wp\/v2\/pages\/101"}],"wp:featuredmedia":[{"embeddable":true,"href":"https:\/\/www.mjhs.org\/es\/wp-json\/wp\/v2\/media\/76025"}],"wp:attachment":[{"href":"https:\/\/www.mjhs.org\/es\/wp-json\/wp\/v2\/media?parent=76024"}],"wp:term":[{"taxonomy":"category","embeddable":true,"href":"https:\/\/www.mjhs.org\/es\/wp-json\/wp\/v2\/categories?post=76024"}],"curies":[{"name":"wp","href":"https:\/\/api.w.org\/{rel}","templated":true}]}}